{"id":566,"date":"2020-02-19T17:30:55","date_gmt":"2020-02-19T22:30:55","guid":{"rendered":"https:\/\/www.dawsoncollege.qc.ca\/active-learning\/?page_id=566"},"modified":"2023-02-06T15:33:00","modified_gmt":"2023-02-06T20:33:00","slug":"fr","status":"publish","type":"page","link":"https:\/\/www.dawsoncollege.qc.ca\/active-learning\/dawson-active-learning-community-dalc\/fr\/","title":{"rendered":"Communaut\u00e9 D\u2019Apprentissage Actif de Dawson"},"content":{"rendered":"\n\t\t<style>\n\t\t\t.dc_btn_wrap.inline-block {\n\t\t\t\tmargin-right: 25px;\n\t\t\t}\n\n\t\t\t.buttons-group {\n\t\t\t\tdisplay: flex;\n\t\t\t\tflex-flow: column;\n\t\t\t}\n\n\t\t\t@media only screen and (min-width: 740px) {\n\n\t\t\t\t.buttons-group {\n\t\t\t\t\tdisplay: flex;\n\t\t\t\t\tflex-flow: row wrap;\n\t\t\t\t\tjustify-content: flex-start;\n\t\t\t\t}\n\t\t\t\t.buttons-group.justify-space-between {\n\t\t\t\t\tdisplay: flex;\n\t\t\t\t\tflex-flow: row wrap;\n\t\t\t\t\tjustify-content: space-between;\n\t\t\t\t}\n\n\t\t\t\t.buttons-group.columns-2>div {\n\n\t\t\t\t\twidth: 48%;\n\t\t\t\t}\n\n\t\t\t\t.buttons-group.columns-3>div {\n\n\t\t\t\t\twidth: 32%;\n\t\t\t\t}\n\n\t\t\t\t.buttons-group.columns-4>div {\n\n\t\t\t\t\twidth: 24%;\n\t\t\t\t}\n\t\t\t}\n\n\t\t\t.buttons-group>div {\n\t\t\t\t\/* width: 100%; *\/\n\t\t\t\talign-items: stretch;\n\t\t\t\tdisplay: flex;\n\t\t\t}\n\n\t\t\t.buttons-group.inline-block>div {\n\t\t\t\tdisplay: inline-block;\n\t\t\t\twidth: auto;\n\t\t\t}\n\n\t\t\t.buttons-group .dc_btn {\n\n\t\t\t\tjustify-content: center;\n\t\t\t\twidth: 100%;\n\t\t\t\tflex-direction: initial;\n\t\t\t\tpadding: 20% 10%;\n\n\t\t\t}\n\n\t\t\t.dc_btn {\n\t\t\t\tcursor: pointer;\n\t\t\t\tpadding: 20px;\n\t\t\t\tpadding: 1rem;\n\t\t\t\tcolor: #000;\n\t\t\t\ttext-decoration: none !important;\n\t\t\t\tdisplay: inline-block;\n\t\t\t\tmargin: 2px 2px 0px 0px;\n\t\t\t\tfont-weight: normal !important;\n\t\t\t\t\/*display: flex;\n\t\t\t\talign-items: center;*\/\n\t\t\t\t\/*flex-direction: row-reverse;*\/\n\t\t\t\tfont-family: \"Open Sans\", Arial, sans-serif;\n\t\t\t\t\/**  Oswald,  *\/\n\t\t\t\tletter-spacing: 0.6px;\n\t\t\t\t\/* text-transform: uppercase; *\/\n\t\t\t\tborder-radius: 30px;\n\t\t\t}\n\n\t\t\t.buttons-group .dc_btn {\n\t\t\t\tdisplay: flex;\n\t\t\t\talign-items: center;\n\t\t\t}\n\n\t\t\t.content a.dc_btn::before {\n\t\t\t\tcontent: \"\";\n\t\t\t\tmargin: 0;\n\t\t\t}\n\n\t\t\t.dc_btn i.fa {\n\t\t\t\tmargin-left: -5px;\n\t\t\t\tfont-size: 2rem;\n\t\t\t\tdisplay: inline-block;\n\t\t\t\t\/* vertical-align: middle; *\/\n\t\t\t}\n\n\t\t\t.dc_btn.dcmc_btn i.fa {\n\t\t\t\tmargin-right: -2px;\n\t\t\t\tmargin-left: 0;\n\t\t\t}\n\n\t\t\t.dc_btn.blue {\n\t\t\t\tbackground: #548ec4;\n\t\t\t\tbackground-color: #3D77AE;\n\t\t\t\tcolor: #fff;\n\t\t\t}\n\n\t\t\t.dc_btn.red {\n\t\t\t\tbackground: #bd5276;\n\t\t\t\tcolor: #fff;\n\t\t\t}\n\n\t\t\t.dc_btn.green {\n\t\t\t\tbackground: #41a849;\n\t\t\t\tcolor: #fff;\n\t\t\t}\n\n\t\t\t.dc_btn.orange {\n\t\t\t\tbackground: #e6882a;\n\t\t\t\tcolor: #fff;\n\t\t\t}\n\n\t\t\t.dc_btn.purple {\n\t\t\t\tbackground: #7248ae;\n\t\t\t\tcolor: #fff;\n\t\t\t}\n\n\t\t\t.dc_btn.black {\n\t\t\t\tbackground: #000000;\n\t\t\t\tcolor: #fff;\n\t\t\t\tborder: 1px solid #000;\n\t\t\t}\n\n\t\t\ta.dc_btn.black:hover {\n\t\t\t\tbackground: #fff;\n\t\t\t\tborder: 1px solid #000;\n\t\t\t\tcolor: #000 !important;\n\t\t\t}\n\n\t\t\t.clear-both {\n\t\t\t\tclear: both;\n\t\t\t}\n\n\t\t\ta.dc_btn:hover {\n\t\t\t\tbackground: #000;\n\t\t\t\tcolor: #fff !important;\n\t\t\t}\n\n\t\t\ta.dc_btn:visited {\n\t\t\t\tcolor: #fff !important;\n\t\t\t}\n\n\t\t\ta.dc_btn:active {\n\t\t\t\tcolor: #fff !important;\n\t\t\t}\n\n\t\t\t.dc_btn.big,\n\t\t\t.dc_btn.large {\n\t\t\t\twidth: 100%;\n\t\t\t\ttext-align: center;\n\t\t\t\tfont-size: 30px;\n\t\t\t\tpadding: 15px 20px;\n\t\t\t\tcolor: #fff;\n\t\t\t}\n\n\t\t\t.dc_btn.icon_only {\n\t\t\t\tbackground: transparent;\n\t\t\t\tpadding: 5px 10px;\n\t\t\t\tmargin: 0 auto;\n\t\t\t\tborder-radius: 10px;\n\t\t\t}\n\n\t\t\t.dc_btn.icon_only i.fa {\n\t\t\t\tmargin-left: 0;\n\t\t\t}\n\n\t\t\t.dc_btn i {}\n\n\t\t\t.icon_only i {\n\t\t\t\tpadding: 0;\n\t\t\t\tmargin: 0;\n\t\t\t\tcolor: inherit;\n\t\t\t\tfont-size: 32px;\n\t\t\t}\n\n\t\t\t.dcmc_btn {\n\t\t\t\tcursor: auto;\n\t\t\t\tline-height: 30px;\n\t\t\t\tdisplay: block;\n\t\t\t\tdisplay: flex;\n\t\t\t\tbackground: #222;\n\t\t\t\tbox-shadow: -10px 0 0 rgb(47, 146, 56), -20px 0 0 rgb(93, 40, 128), -30px 0 0 rgb(218, 129, 25), -40px 0 0 rgb(24, 131, 199);\n\t\t\t\tcolor: #fff;\n\t\t\t\tmargin-left: 40px;\n\t\t\t\tmargin-bottom: 20px;\n\t\t\t\ttext-decoration: none !important;\n\t\t\t\tcursor: pointer;\n\t\t\t}\n\n\t\t\t\/*a.dcmc_btn[href$=pdf]{ display: block; display: flex; }*\/\n\t\t\t\/*.dcmc_title{ font-size:30px; line-height: 35px; font-family:Oswald, \"Open Sans\", Arial, sans-serif; display:block; letter-spacing:1px; text-transform: uppercase;}*\/\n\t\t\t\/*.dcmc_desc{ font-size:16px; letter-spacing:0.7px; font-family:Oswald, \"Open Sans\", Arial, sans-serif; display:block; text-transform: uppercase; padding: 0 1rem;}*\/\n\t\t\t\/*.dcmc_btn i{ float: right; font-size: 3em; }*\/\n\t\t\t\/*a.dcmc_btn::before{ content: \"\"; display: none;}*\/\n\t\t\t\/*.dcmc_btn.small{ padding: 20px 20px 15px 20px; line-height: 22px; box-shadow: -10px 0 0 #2f9238,-20px 0 0 #5d2880,-30px 0 0 #da8119,-40px 0 0 #1883c7; margin-left:40px; margin-bottom: 10px;}*\/\n\t\t\t\/*.dcmc_btn.small .dcmc_title{ font-size: 20px; line-height: 22px; font-weight: 400;}*\/\n\t\t\t\/*.dcmc_btn.small .dcmc_desc{ font-size: 13px;}*\/\n\t\t\t\/*.dcmc_btn.small i{ font-size: 2em;}*\/\n\n\t\t\t\/*.dcmc_btn.light{ !* Permalink - use to edit and share this gradient: http:\/\/colorzilla.com\/gradient-editor\/#ffffff+0,dddddd+100 *!*\/\n\t\t\t\/*background: #ffffff; !* Old browsers *!*\/\n\t\t\t\/*background: -moz-linear-gradient(top,  #ffffff 0%, #dddddd 100%); !* FF3.6-15 *!*\/\n\t\t\t\/*background: -webkit-linear-gradient(top,  #ffffff 0%,#dddddd 100%); !* Chrome10-25,Safari5.1-6 *!*\/\n\t\t\t\/*background: linear-gradient(to bottom,  #ffffff 0%,#dddddd 100%); !* W3C, IE10+, FF16+, Chrome26+, Opera12+, Safari7+ *!*\/\n\t\t\t\/*filter: progid:DXImageTransform.Microsoft.gradient( startColorstr='#ffffff', endColorstr='#dddddd',GradientType=0 ); !* IE6-9 *!*\/\n\t\t\t\/*border: 1px solid #C7C7C7;*\/\n\t\t\t\/*border-left: none;*\/\n\t\t\t\/*color: #000;*\/\n\t\t\t\/*}*\/\n\t\t\t\/*.dcmc_btn i{ float: right; font-size: 3em; }*\/\n\t\t\t\/*.dcmc_btn.light i{ }*\/\n\n\t\t\t\/*.dcmc_btn.round20{ border-radius: 20px; }*\/\n\t\t\t\/*.dcmc_btn.round10{ border-radius: 10px; }*\/\n\t\t\t\/*.dcmc_btn.round5{ border-radius: 5px; }*\/\n\n\n\t\t\t.btn-dc-light {\n\t\t\t\tdisplay: inline-block;\n\t\t\t\tbackground-color: #fff;\n\t\t\t\tpadding: 12px 14px;\n\t\t\t\tborder-top-left-radius: 5px;\n\t\t\t\tborder-bottom-left-radius: 5px;\n\t\t\t\tposition: relative;\n\t\t\t\ttext-decoration: none !important;\n\t\t\t\tcolor: #3878c2 !important;\n\t\t\t\tbox-shadow: rgba(0, 0, 0, 0.05) 0px 6px 24px 0px, rgba(0, 0, 0, 0.08) 0px 0px 0px 1px;\n\t\t\t\tposition: relative;\n\t\t\t\tz-index: 1;\n\t\t\t\tfont-weight: 400 !important;\n\t\t\t\tfont-size: 14px !important;\n\t\t\t\tfont-size: 1.4rem !important;\n\t\t\t\tmargin-bottom: 10px;\n\t\t\t}\n\n\t\t\t.btn-dc-light:after {\n\t\t\t\tbackground-color: #4fc2c4;\n\t\t\t\tdisplay: inline-block;\n\t\t\t\tcontent: \"\";\n\t\t\t\tposition: absolute;\n\t\t\t\ttop: 0;\n\t\t\t\tleft: 100%;\n\t\t\t\theight: 100%;\n\t\t\t\twidth: 50px;\n\t\t\t\tbackground-image: url('\/wp-content\/themes\/dawson-college-2022\/images\/2022\/icons\/right-arrow-white.svg');\n\t\t\t\tbackground-repeat: no-repeat;\n\t\t\t\tbackground-position: center;\n\t\t\t\tbackground-size: 75%;\n\t\t\t\tborder-top-right-radius: 5px;\n\t\t\t\tborder-bottom-right-radius: 5px;\n\n\t\t\t}\n\n\t\t\t.btn-dc-dark span {\n\t\t\t\tbackground-color: #0b58b4;\n\t\t\t\tpadding: 12px 14px;\n\t\t\t\tborder-top-left-radius: 5px;\n\t\t\t\tborder-bottom-left-radius: 5px;\n\t\t\t}\n\n\t\t\t.btn-dc-dark {\n\t\t\t\tdisplay: inline-block;\n\t\t\t\tposition: relative;\n\t\t\t\ttext-decoration: none !important;\n\t\t\t\tcolor: #fff !important;\n\t\t\t\t\/* box-shadow: rgba(0, 0, 0, 0.05) 0px 6px 24px 0px, rgba(0, 0, 0, 0.08) 0px 0px 0px 1px; *\/\n\t\t\t\tposition: relative;\n\t\t\t\tz-index: 1;\n\t\t\t\tfont-weight: 400 !important;\n\t\t\t\tfont-size: 14px !important;\n\t\t\t\tfont-size: 1.4rem !important;\n\t\t\t\tmargin-bottom: 10px;\n\t\t\t\tpadding-right: 50px;\n\t\t\t}\n\n\t\t\ta.btn-dc-dark::before {\n\t\t\t\tcontent: \"\";\n\t\t\t}\n\n\t\t\t.btn-dc-dark span{\n\t\t\t\tposition: relative;\n\t\t\t\tdisplay: inline-block!important;\n\t\t\t}\n\t\t\t\n\t\t\t.btn-dc-dark span:after {\n\t\t\t\tbackground-color: #4fc2c4;\n\t\t\t\tdisplay: inline-block;\n\t\t\t\tcontent: \"\";\n\t\t\t\tposition: absolute;\n\t\t\t\ttop: 0;\n\t\t\t\tleft: 100%;\n\t\t\t\theight: 100%;\n\t\t\t\twidth: 50px;\n\t\t\t\tbackground-image: url('\/wp-content\/themes\/dawson-college-2022\/images\/2022\/icons\/right-arrow-white.svg');\n\t\t\t\tbackground-repeat: no-repeat;\n\t\t\t\tbackground-position: center;\n\t\t\t\tbackground-size: 75%;\n\t\t\t\tborder-top-right-radius: 5px;\n\t\t\t\tborder-bottom-right-radius: 5px;\n\t\t\t\ttransition: all 0.1s ease;\n\t\t\t}\n\n\t\t\t.btn-dc-dark:hover span {\n\t\t\t\tbox-shadow: -1px 0 0 #4fc2c4, inset 0 -1px 0 #4fc2c4, inset 0px 0 0 #4fc2c4, inset 0 1px 0 #4fc2c4;\n\t\t\t\tbackground-color: #fff!important;\n\t\t\t\tcolor: #0b58b4;\n\t\t\t}\n\n\t\t\t\/* .btn-dc-dark:hover{\n\t\t\tbackground-color: #fff;\n\t\t\tcolor: #0b58b4!important;\n\t\t} *\/\n\n\t\t\t@media only screen and (max-width: 740px) {\n\t\t\t\t.dcmc_btn {\n\t\t\t\t\tline-height: 22px;\n\t\t\t\t\tbox-shadow: -12px 0 0 rgb(47, 146, 56), -24px 0 0 rgb(93, 40, 128), -36px 0 0 rgb(218, 129, 25), -48px 0 0 rgb(24, 131, 199);\n\t\t\t\t\tpadding: 15px 15px 12px;\n\t\t\t\t\tmargin-left: 48px;\n\t\t\t\t}\n\n\t\t\t\t.dcmc_title {\n\t\t\t\t\tfont-size: 22px;\n\t\t\t\t}\n\n\t\t\t\t.dcmc_desc {\n\t\t\t\t\tfont-size: 12px;\n\t\t\t\t}\n\t\t\t}\n\n\t\t\t@media only screen and (max-width: 500px) {\n\t\t\t\t.dcmc_btn {\n\t\t\t\t\tbox-shadow: -8px 0 0 rgb(47, 146, 56), -16px 0 0 rgb(93, 40, 128), -24px 0 0 rgb(218, 129, 25), -32px 0 0 rgb(24, 131, 199);\n\t\t\t\t\tpadding: 10px 10px;\n\t\t\t\t\tmargin-left: 32px;\n\t\t\t\t\tline-height: 16px;\n\t\t\t\t}\n\n\t\t\t\t.dcmc_title {\n\t\t\t\t\tfont-size: 15px;\n\t\t\t\t}\n\n\t\t\t\t.dcmc_desc {\n\t\t\t\t\tfont-size: 10px;\n\t\t\t\t}\n\t\t\t}\n\t\t<\/style>\n\n\t\t<div class=\"dc_btn_wrap \" style=\"text-align:left; display:block;\"><a  style=\"  font-size:1.4rem;  \" class=\"btn-dc-dark blue  \" href=\"\/active-learning\/dawson-active-learning-community-dalc\/\"><span style=\"display:block; align-items:center; height:100%;\">English<\/span><\/a><\/div>\n<p><iframe loading=\"lazy\" title=\"Une d\u00e9cennie \u00e0 cultiver l&#039;apprentissage actif \u00e0 Dawson.mp4\" src=\"https:\/\/player.vimeo.com\/video\/781894709?h=2331673b39&amp;dnt=1&amp;app_id=122963\" width=\"500\" height=\"281\" frameborder=\"0\" allow=\"autoplay; fullscreen; picture-in-picture; clipboard-write; encrypted-media; web-share\" referrerpolicy=\"strict-origin-when-cross-origin\"><\/iframe><\/p>\n<h2>Des enseignants aident d\u2019autres enseignants \u00e0 am\u00e9liorer l\u2019apprentissage au Coll\u00e8ge Dawson<\/h2>\n<p>Dans le paysage \u00e9ducationnel moderne, l\u2019information est omnipr\u00e9sente et les technologies offrent des possibilit\u00e9s extraordinaires d\u2019am\u00e9liorer l\u2019enseignement et l\u2019apprentissage. Le d\u00e9fi consiste \u00e0 d\u00e9velopper les ressources et les capacit\u00e9s permettant de saisir ces occasions. Au Coll\u00e8ge Dawson, les communaut\u00e9s de pratique sont le moteur du changement et de l\u2019innovation depuis plus de dix ans.<\/p>\n<p>Le soutien aux enseignants visant \u00e0 am\u00e9liorer l\u2019exp\u00e9rience en classe et \u00e0 enrichir l\u2019apprentissage de leurs \u00e9tudiants est un \u00e9l\u00e9ment cl\u00e9 d\u2019une communaut\u00e9 de pratique. Les membres de la communaut\u00e9 de pratique mettent en commun leurs connaissances sur les pratiques fond\u00e9es sur des donn\u00e9es probantes et sur leur exp\u00e9rience des techniques, des m\u00e9thodes p\u00e9dagogiques et des technologies.<\/p>\n<p>Les enseignants du Coll\u00e8ge Dawson qui sont passionn\u00e9s par les meilleures pratiques ont cr\u00e9\u00e9 des communaut\u00e9s de pratique. Le Coll\u00e8ge soutient ces communaut\u00e9s dirig\u00e9es par les enseignants et a r\u00e9cemment mis en place le Faculty Hub [carrefour des enseignants], un lieu d\u2019accueil pour les communaut\u00e9s de pratique et un site web qui centralise les ressources pour aider tous les enseignants.<\/p>\n<p>&nbsp;<\/p>\n<h2>Qu\u2019est-ce que la DALC?<\/h2>\n<img loading=\"lazy\" decoding=\"async\" class=\"wp-image-579 alignleft\" src=\"https:\/\/www.dawsoncollege.qc.ca\/active-learning\/wp-content\/uploads\/sites\/83\/dalc-logo.png\" alt=\"dalc-logo\" width=\"195\" height=\"84\" \/>\n<p>La Dawson Active Learning Community (DALC) [communaut\u00e9 d\u2019apprentissage actif de Dawson] est l\u2019une de ces communaut\u00e9s de pratique. La DALC a d\u00e9but\u00e9 en tant que petit groupe d\u2019enseignants il y a presque dix ans. Aujourd\u2019hui, elle compte plus de 100\u00a0enseignants dans les domaines des arts, des sciences sociales et des sciences.<\/p>\n<p>La DALC a pour but d\u2019am\u00e9liorer l\u2019enseignement et l\u2019apprentissage par des pratiques p\u00e9dagogiques relatives \u00e0 l\u2019apprentissage actif (AA) fond\u00e9es sur des donn\u00e9es probantes, le d\u00e9veloppement et la conception de technologies \u00e9ducationnelles compl\u00e9mentaires, et la capacit\u00e9 \u00e0 les utiliser de mani\u00e8re efficace et durable.<\/p>\n<p>Le Coll\u00e8ge Dawson dispose de 16\u00a0salles de classe et laboratoires d\u2019AA comprenant divers am\u00e9nagements et technologies. Tout enseignant qui souhaite apprendre \u00e0 utiliser ces espaces d\u2019apprentissage peut trouver du soutien aupr\u00e8s de la DALC.<\/p>\n<p>&nbsp;<\/p>\n<h2>Les trois composantes de la Communaut\u00e9 d\u2019apprentissage actif de Dawson sont les suivantes\u00a0:<\/h2>\n<ul>\n<li>Les coordonnateurs et les chercheurs associ\u00e9s;<\/li>\n<li>La communaut\u00e9 de pratique;<\/li>\n<li>Des salles de classe innovantes en mati\u00e8re d\u2019AA.<\/li>\n<\/ul>\n<p>La DALC est coordonn\u00e9e par des coordonnateurs appartenant au corps enseignant et par quatre chercheurs, qui sont lib\u00e9r\u00e9s d\u2019une partie de leurs t\u00e2ches d\u2019enseignement habituelles. En collaboration avec les coordonnateurs de la DALC, les chercheurs coordonnent les activit\u00e9s, \u00e9laborent des projets individuels avec un objectif\/produit pr\u00e9cis et s\u2019engagent dans un processus de r\u00e9flexion bas\u00e9 sur une analyse de la recherche et de la litt\u00e9rature sur les m\u00e9thodes p\u00e9dagogiques qui \u00e9clairera leur enseignement et enrichira les activit\u00e9s de la DALC.<\/p>\n<p>Chaque trimestre, la DALC organise une s\u00e9rie de r\u00e9unions, d\u2019ateliers et d\u2019activit\u00e9s visant \u00e0 d\u00e9velopper les capacit\u00e9s et l\u2019expertise en mati\u00e8re de p\u00e9dagogie relative \u00e0 l\u2019AA.<\/p>\n<p>&nbsp;<\/p>\n<h2>Espaces d\u2019apprentissage de l\u2019AA<\/h2>\n<p>Les salles de classe de l\u2019AA de Dawson sont des environnements d\u2019apprentissage soigneusement con\u00e7us qui servent d\u2019amplificateurs technologiques pour les pratiques p\u00e9dagogiques relatives \u00e0 l\u2019AA. Ces salles sont utilis\u00e9es par les professeurs, les d\u00e9partements et les programmes de l\u2019ensemble du Coll\u00e8ge. Il est important de noter que la vari\u00e9t\u00e9, le nombre et le type de salles de classe d\u2019AA \u00e0 Dawson ont augment\u00e9 au m\u00eame rythme que la demande de tels espaces, la capacit\u00e9 \u00e0 les utiliser efficacement et les donn\u00e9es probantes issues des recherches. Ce cycle de d\u00e9veloppement est un effort int\u00e9gr\u00e9 et coop\u00e9ratif qui est men\u00e9 par la DALC, mais qui comprend aussi des syst\u00e8mes institutionnels comme la gestion des installations, le bureau du registraire, les technologies des syst\u00e8mes d\u2019information et le bureau du d\u00e9veloppement p\u00e9dagogique.<\/p>\n<p><strong>Communiquez avec les coordonnateurs<\/strong> Chris Whittaker et Selma Hamdani \u00e0 <a  href=\"mailto:da&#108;&#99;&#64;daws&#111;&#110;&#99;&#111;l&#108;&#101;&#103;&#101;&#46;&#113;&#99;&#46;&#99;&#97;\">&#100;&#97;&#108;&#99;&#64;&#100;aws&#111;&#110;c&#111;&#108;&#108;&#101;&#103;e.&#113;&#99;&#46;&#99;a<\/a>\n","protected":false},"excerpt":{"rendered":"<p>Des enseignants aident d\u2019autres enseignants \u00e0 am\u00e9liorer l\u2019apprentissage au Coll\u00e8ge Dawson Dans le paysage \u00e9ducationnel moderne, l\u2019information est omnipr\u00e9sente et les technologies offrent des possibilit\u00e9s extraordinaires d\u2019am\u00e9liorer l\u2019enseignement et l\u2019apprentissage. Le d\u00e9fi consiste \u00e0 d\u00e9velopper les ressources et les capacit\u00e9s permettant de saisir ces occasions. Au Coll\u00e8ge Dawson, les communaut\u00e9s de pratique sont le moteur&#8230;<\/p>\n","protected":false},"author":1,"featured_media":0,"parent":201,"menu_order":0,"comment_status":"closed","ping_status":"closed","template":"","meta":{"footnotes":""},"class_list":["post-566","page","type-page","status-publish","hentry"],"_links":{"self":[{"href":"https:\/\/www.dawsoncollege.qc.ca\/active-learning\/wp-json\/wp\/v2\/pages\/566","targetHints":{"allow":["GET"]}}],"collection":[{"href":"https:\/\/www.dawsoncollege.qc.ca\/active-learning\/wp-json\/wp\/v2\/pages"}],"about":[{"href":"https:\/\/www.dawsoncollege.qc.ca\/active-learning\/wp-json\/wp\/v2\/types\/page"}],"author":[{"embeddable":true,"href":"https:\/\/www.dawsoncollege.qc.ca\/active-learning\/wp-json\/wp\/v2\/users\/1"}],"replies":[{"embeddable":true,"href":"https:\/\/www.dawsoncollege.qc.ca\/active-learning\/wp-json\/wp\/v2\/comments?post=566"}],"version-history":[{"count":9,"href":"https:\/\/www.dawsoncollege.qc.ca\/active-learning\/wp-json\/wp\/v2\/pages\/566\/revisions"}],"predecessor-version":[{"id":835,"href":"https:\/\/www.dawsoncollege.qc.ca\/active-learning\/wp-json\/wp\/v2\/pages\/566\/revisions\/835"}],"up":[{"embeddable":true,"href":"https:\/\/www.dawsoncollege.qc.ca\/active-learning\/wp-json\/wp\/v2\/pages\/201"}],"wp:attachment":[{"href":"https:\/\/www.dawsoncollege.qc.ca\/active-learning\/wp-json\/wp\/v2\/media?parent=566"}],"curies":[{"name":"wp","href":"https:\/\/api.w.org\/{rel}","templated":true}]}}