{"id":1314,"date":"2024-03-06T14:23:59","date_gmt":"2024-03-06T19:23:59","guid":{"rendered":"https:\/\/www.dawsoncollege.qc.ca\/ai\/?page_id=1314"},"modified":"2024-10-21T17:05:32","modified_gmt":"2024-10-21T21:05:32","slug":"dai-expo24","status":"publish","type":"page","link":"https:\/\/www.dawsoncollege.qc.ca\/ai\/dai-expo24\/","title":{"rendered":"D.AI Expo&#8217;24"},"content":{"rendered":"<img loading=\"lazy\" decoding=\"async\" class=\"alignnone size-full wp-image-1324\" src=\"https:\/\/www.dawsoncollege.qc.ca\/ai\/wp-content\/uploads\/sites\/180\/Dark-Blue-Network-Technology-YouTube-Intro.gif\" alt=\"\" width=\"1920\" height=\"1080\" \/>\n<h4 style=\"font-weight: 400;text-align: center\"><strong>Featuring Student Talks and AI Projects<\/strong><\/h4>\n<h5>2 Years of Innovation\u00a0 \u00a0 \u00a0 \u00a0 \u00a0 \u00a0 \u00a0 Over 300 students\u00a0 \u00a0 \u00a0 \u00a0 \u00a0 \u00a020 Dynamic AI Projects<\/h5>\n<h3><strong>D.AI Expo &#8217;24<\/strong> at Dawson College | April 5<\/h3>\n<p>Register to attend here:<b> <a href=\"https:\/\/www.dawsoncollege.qc.ca\/ai\/regexpo24\/\">https:\/\/www.dawsoncollege.qc.ca\/ai\/regexpo24\/<\/a><\/b><\/p>\n<p class=\"p1\">Join us at Dawson College for a student-centered expo on Friday, April 5, 2024, showcasing innovative AI and data storytelling projects.<\/p>\n<p class=\"p1\">D.AI Expo \u201924 will feature presentations from Dawson students and faculty, alongside contributions from our partner organizations AI Launch Lab and Mitacs. It is a unique opportunity to explore a spectrum of AI topics undertaken by students in and out of the classroom and to expose how AI can be integrated into education.<\/p>\n<blockquote>\n<p class=\"p1\"><strong>Applications from students to present<\/strong> their work in a dynamic lightning talk (10-12 minutes) or through an interactive digital poster format are still open. For students not part of an AI Launch Lab cohort, apply here: <a href=\"https:\/\/www.dawsoncollege.qc.ca\/ai\/applyexpo24\/\">APPLY!<\/a><br \/>\n<span style=\"text-decoration: underline\">APPLICATIONS CLOSED<\/span><b><\/b><\/p>\n<\/blockquote>\n<p class=\"p1\">Attendees can look forward to a day filled with talks, demonstrations, poster presentations and informal exchange. D.AI Expo \u201924 aims to celebrate student engagement and to provide a platform for fostering partnerships and collaboration with all stakeholders.<\/p>\n<p>The schedule will be updated as the final slate of presenters confirm their participation.<\/p>\n<h3>Expo Schedule &#8211; Friday, April 5<\/h3>\n<p>&nbsp;<\/p>\n<table>\n<tbody>\n<tr>\n<td width=\"92\"><strong>9:30-10:00<\/strong><\/td>\n<td colspan=\"2\" width=\"496\"><strong>[rm 3F.43] <\/strong>Welcome and networking<\/td>\n<\/tr>\n<tr>\n<td width=\"92\"><strong>10:00-10:20<\/strong><\/td>\n<td colspan=\"2\" width=\"496\"><strong>[rm 3F.43]<\/strong> \u00a0 <em>Joel Trudeau &amp; Robert Stephens &#8212; <\/em>DawsonAI: An Overview of AI Initiatives for Education<\/td>\n<\/tr>\n<tr>\n<td width=\"92\"><strong>10:20-10:30<\/strong><\/td>\n<td colspan=\"2\" width=\"496\"><strong>[rm 3F.43]<\/strong>\u00a0 <strong>Student Success Stories<\/strong><em>\u00a0&#8212; <\/em>AI Projects\/AI Collaborations<\/td>\n<\/tr>\n<tr>\n<td width=\"92\"><strong>10:30-10:50<\/strong><\/td>\n<td colspan=\"2\" width=\"496\"><strong>[rm 3F.43] Mitacs\u00a0<\/strong><em>Sourour Ben Cheikh &amp; Bernard Duval &#8212; <\/em>Mitacs Internship Opportunities at the College Level<\/td>\n<\/tr>\n<tr>\n<td width=\"92\"><strong>10:50-11:10<\/strong><\/td>\n<td colspan=\"2\" width=\"496\"><strong>[rm 3F.43] AI Launch Lab\u00a0<\/strong><em>Timothy Pereira<\/em> &#8212; R&amp;D Programs for College Students<\/td>\n<\/tr>\n<tr>\n<td width=\"92\"><strong>11:10-12:00<\/strong><\/td>\n<td colspan=\"2\" width=\"496\"><strong>[rm 3F.43] <\/strong>Open-ended discussion about internship opportunities<\/td>\n<\/tr>\n<tr>\n<td width=\"92\"><strong>12:00-12:45<\/strong><\/td>\n<td colspan=\"2\" width=\"496\"><strong>[rm 3F.43] <\/strong>Lunch and networking<\/td>\n<\/tr>\n<tr>\n<td width=\"92\"><strong>13:30-17:00<\/strong><\/td>\n<td colspan=\"2\" width=\"496\"><strong>[rm 3F.43]\u00a0<\/strong>AI Launch Lab Student Project Presentations<\/td>\n<\/tr>\n<tr>\n<td width=\"92\"><strong>14:30-16:30\u00a0<\/strong><\/td>\n<td colspan=\"2\" width=\"496\"><strong>[A, rm 3F.38]<\/strong> <em>Robert Stephens leads a ChatGPT <strong>4<\/strong> Live Session<\/em>. Take a test drive of the current capacities of the publicly released Large Language Models.<\/td>\n<\/tr>\n<tr>\n<td width=\"92\"><strong>14:30-16:30\u00a0<\/strong><\/td>\n<td colspan=\"2\" width=\"496\"><strong>[B, rm 3F.37] <em>G<\/em><\/strong><i><strong>allery walk<\/strong> lead by Victor Ponce &#8211; <\/i>Digital posters, demos and video presentations of student projects<\/td>\n<\/tr>\n<tr>\n<td width=\"92\"><strong>17:00-18:00<\/strong><\/td>\n<td colspan=\"2\" width=\"496\"><strong>[rm 3F.43]<\/strong> Networking<\/td>\n<\/tr>\n<\/tbody>\n<\/table>\n<img loading=\"lazy\" decoding=\"async\" class=\"size-full wp-image-1412 aligncenter\" src=\"https:\/\/www.dawsoncollege.qc.ca\/ai\/wp-content\/uploads\/sites\/180\/QUEBEC_Participation_Web_Coul_ANG.png\" alt=\"\" width=\"497\" height=\"211\" \/>\n<img loading=\"lazy\" decoding=\"async\" class=\"alignnone size-full wp-image-1324\" src=\"https:\/\/www.dawsoncollege.qc.ca\/ai\/wp-content\/uploads\/sites\/180\/Dark-Blue-Network-Technology-YouTube-Intro.gif\" alt=\"\" width=\"1920\" height=\"1080\" \/>\n<h4 style=\"font-weight: 400;text-align: center\"><strong>Pr\u00e9sentations \u00e9tudiantes et projets d&#8217;IA<\/strong><\/h4>\n<h5>2 ans d&#8217;innovation\u00a0 \u00a0 \u00a0 \u00a0 \u00a0 \u00a0 \u00a0 Plus de 300 \u00e9tudiants\u00a0 \u00a0 \u00a0 \u00a0 \u00a0 \u00a020 projets dynamiques en IA<\/h5>\n<h3><strong>D.AI Expo &#8217;24<\/strong> au Coll\u00e8ge Dawson | 5 avril<\/h3>\n<p>Inscrivez-vous pour participer ici :<b> <a href=\"https:\/\/www.dawsoncollege.qc.ca\/ai\/regexpo24\/\">https:\/\/www.dawsoncollege.qc.ca\/ai\/regexpo24\/<\/a><\/b><\/p>\n<p class=\"p1\">Rejoignez-nous au Coll\u00e8ge Dawson pour une exposition centr\u00e9e sur les \u00e9tudiants le vendredi 5 avril 2024, mettant en valeur des projets innovants en IA et en narration de donn\u00e9es.<\/p>\n<p class=\"p1\">D.AI Expo &#8217;24 mettra en avant des pr\u00e9sentations d&#8217;\u00e9tudiants et de professeurs de Dawson, ainsi que des contributions de nos organisations partenaires AI Launch Lab et Mitacs. C&#8217;est une occasion unique d&#8217;explorer une vari\u00e9t\u00e9 de sujets en IA entrepris par les \u00e9tudiants, en classe ou en dehors, et de montrer comment l&#8217;IA peut \u00eatre int\u00e9gr\u00e9e dans l&#8217;\u00e9ducation.<\/p>\n<blockquote>\n<p class=\"p1\"><strong>Les candidatures des \u00e9tudiants pour pr\u00e9senter<\/strong> leur travail dans un lightning talk dynamique (10-12 minutes) ou via un poster num\u00e9rique interactif sont toujours ouvertes. Pour les \u00e9tudiants ne faisant pas partie d&#8217;une cohorte d&#8217;AI Launch Lab, postulez ici : <a href=\"https:\/\/www.dawsoncollege.qc.ca\/ai\/applyexpo24\/\">POSTULEZ !<\/a><\/p>\n<p><span style=\"text-decoration: underline\"><strong>Candidatures Ferm\u00e9es<\/strong><\/span><br \/>\n<b><\/b><\/p>\n<\/blockquote>\n<p class=\"p1\">Les participants peuvent s&#8217;attendre \u00e0 une journ\u00e9e remplie de pr\u00e9sentations, d\u00e9monstrations, posters et \u00e9changes informels. D.AI Expo &#8217;24 vise \u00e0 c\u00e9l\u00e9brer l&#8217;engagement des \u00e9tudiants et \u00e0 fournir une plateforme pour encourager les partenariats et la collaboration avec toutes les parties prenantes.<\/p>\n<p>Le programme sera mis \u00e0 jour au fur et \u00e0 mesure que la liste finale des pr\u00e9sentateurs confirmera leur participation.<\/p>\n<h3>Programme de l&#8217;Expo &#8211; Vendredi 5 avril<\/h3>\n<p>&nbsp;<\/p>\n<table>\n<tbody>\n<tr>\n<td width=\"92\"><strong>9:30-10:00<\/strong><\/td>\n<td colspan=\"2\" width=\"496\"><strong>[salle 3F.43] <\/strong>Accueil et r\u00e9seautage<\/td>\n<\/tr>\n<tr>\n<td width=\"92\"><strong>10:00-10:20<\/strong><\/td>\n<td colspan=\"2\" width=\"496\"><strong>[salle 3F.43]<\/strong> \u00a0 <em>Joel Trudeau &amp; Robert Stephens &#8212; <\/em>DawsonAI : Un aper\u00e7u des initiatives en IA pour l&#8217;\u00e9ducation<\/td>\n<\/tr>\n<tr>\n<td width=\"92\"><strong>10:20-10:30<\/strong><\/td>\n<td colspan=\"2\" width=\"496\"><strong>[salle 3F.43]<\/strong>\u00a0<strong>Histoires de r\u00e9ussite des \u00e9tudiants<\/strong><em>\u00a0&#8212; <\/em>Projets IA\/Collaborations IA<\/td>\n<\/tr>\n<tr>\n<td width=\"92\"><strong>10:30-10:50<\/strong><\/td>\n<td colspan=\"2\" width=\"496\"><strong>[salle 3F.43] Mitacs\u00a0<\/strong><em>Sourour Ben Cheikh &amp; Bernard Duval &#8212; <\/em>Opportunit\u00e9s de stage Mitacs au niveau coll\u00e9gial<\/td>\n<\/tr>\n<tr>\n<td width=\"92\"><strong>10:50-11:10<\/strong><\/td>\n<td colspan=\"2\" width=\"496\"><strong>[salle 3F.43] AI Launch Lab\u00a0<\/strong><em>Timothy Pereira<\/em> &#8212; Programmes de R&amp;D pour les \u00e9tudiants coll\u00e9giaux<\/td>\n<\/tr>\n<tr>\n<td width=\"92\"><strong>11:10-12:00<\/strong><\/td>\n<td colspan=\"2\" width=\"496\"><strong>[salle 3F.43] <\/strong>Discussion ouverte sur les opportunit\u00e9s de stage<\/td>\n<\/tr>\n<tr>\n<td width=\"92\"><strong>12:00-12:45<\/strong><\/td>\n<td colspan=\"2\" width=\"496\"><strong>[salle 3F.43] <\/strong>D\u00e9jeuner et r\u00e9seautage<\/td>\n<\/tr>\n<tr>\n<td width=\"92\"><strong>13:30-17:00<\/strong><\/td>\n<td colspan=\"2\" width=\"496\"><strong>[salle 3F.43]\u00a0<\/strong>Pr\u00e9sentations de projets \u00e9tudiants du AI Launch Lab<\/td>\n<\/tr>\n<tr>\n<td width=\"92\"><strong>14:30-16:30\u00a0<\/strong><\/td>\n<td colspan=\"2\" width=\"496\"><strong>[A, salle 3F.38]<\/strong> <em>Robert Stephens dirige une session en direct sur ChatGPT <strong>4<\/strong><\/em>. Faites l&#8217;essai des capacit\u00e9s actuelles des mod\u00e8les de langage de grande taille publiquement disponibles.<\/td>\n<\/tr>\n<tr>\n<td width=\"92\"><strong>14:30-16:30\u00a0<\/strong><\/td>\n<td colspan=\"2\" width=\"496\"><strong>[B, salle 3F.37] <em>Galerie de projets<\/em><\/strong><i><strong> dirig\u00e9e par Victor Ponce &#8211; <\/strong><\/i>Posters num\u00e9riques, d\u00e9monstrations et pr\u00e9sentations vid\u00e9o des projets \u00e9tudiants<\/td>\n<\/tr>\n<tr>\n<td width=\"92\"><strong>17:00-18:00<\/strong><\/td>\n<td colspan=\"2\" width=\"496\"><strong>[salle 3F.43]<\/strong> R\u00e9seautage<\/td>\n<\/tr>\n<\/tbody>\n<\/table>\n<p>&nbsp;<\/p>\n<p>Pour plus d&#8217;informations, contactez-nous \u00e0 \/ For more information, contact us at <a  href=\"mailto:&#115;&#98;ha&#110;&#100;a&#114;i&#64;&#100;&#97;ws&#111;nco&#108;leg&#101;.&#113;c.c&#97;\">s&#98;&#104;&#97;&#110;d&#97;&#114;&#105;&#64;d&#97;&#119;&#115;&#111;n&#99;&#111;&#108;&#108;&#101;&#103;&#101;&#46;&#113;&#99;.ca<\/a>.<\/p>\n","protected":false},"excerpt":{"rendered":"<p>Featuring Student Talks and AI Projects 2 Years of Innovation\u00a0 \u00a0 \u00a0 \u00a0 \u00a0 \u00a0 \u00a0 Over 300 students\u00a0 \u00a0 \u00a0 \u00a0 \u00a0 \u00a020 Dynamic AI Projects D.AI Expo &#8217;24 at Dawson College | April 5 Register to attend here: https:\/\/www.dawsoncollege.qc.ca\/ai\/regexpo24\/ Join us at Dawson College for a student-centered expo on Friday, April 5, 2024,&#8230;<\/p>\n","protected":false},"author":145,"featured_media":0,"parent":0,"menu_order":0,"comment_status":"closed","ping_status":"closed","template":"","meta":{"footnotes":""},"class_list":["post-1314","page","type-page","status-publish","hentry"],"_links":{"self":[{"href":"https:\/\/www.dawsoncollege.qc.ca\/ai\/wp-json\/wp\/v2\/pages\/1314","targetHints":{"allow":["GET"]}}],"collection":[{"href":"https:\/\/www.dawsoncollege.qc.ca\/ai\/wp-json\/wp\/v2\/pages"}],"about":[{"href":"https:\/\/www.dawsoncollege.qc.ca\/ai\/wp-json\/wp\/v2\/types\/page"}],"author":[{"embeddable":true,"href":"https:\/\/www.dawsoncollege.qc.ca\/ai\/wp-json\/wp\/v2\/users\/145"}],"replies":[{"embeddable":true,"href":"https:\/\/www.dawsoncollege.qc.ca\/ai\/wp-json\/wp\/v2\/comments?post=1314"}],"version-history":[{"count":10,"href":"https:\/\/www.dawsoncollege.qc.ca\/ai\/wp-json\/wp\/v2\/pages\/1314\/revisions"}],"predecessor-version":[{"id":1429,"href":"https:\/\/www.dawsoncollege.qc.ca\/ai\/wp-json\/wp\/v2\/pages\/1314\/revisions\/1429"}],"wp:attachment":[{"href":"https:\/\/www.dawsoncollege.qc.ca\/ai\/wp-json\/wp\/v2\/media?parent=1314"}],"curies":[{"name":"wp","href":"https:\/\/api.w.org\/{rel}","templated":true}]}}