{"id":1350,"date":"2024-05-06T12:01:32","date_gmt":"2024-05-06T16:01:32","guid":{"rendered":"https:\/\/www.dawsoncollege.qc.ca\/ai\/?page_id=1350"},"modified":"2024-10-04T07:57:28","modified_gmt":"2024-10-04T11:57:28","slug":"dawsonai-ai-launch-lab","status":"publish","type":"page","link":"https:\/\/www.dawsoncollege.qc.ca\/ai\/dawsonai-ai-launch-lab\/","title":{"rendered":"DawsonAI + AI Launch Lab + Mitacs"},"content":{"rendered":"<img loading=\"lazy\" decoding=\"async\" class=\"alignnone size-medium wp-image-1352\" src=\"https:\/\/www.dawsoncollege.qc.ca\/ai\/wp-content\/uploads\/sites\/180\/Website-Banner_AI-Accelerator-Programs-Website-800x450.jpg\" alt=\"\" width=\"800\" height=\"450\" srcset=\"https:\/\/www.dawsoncollege.qc.ca\/ai\/wp-content\/uploads\/sites\/180\/Website-Banner_AI-Accelerator-Programs-Website-800x450.jpg 800w, https:\/\/www.dawsoncollege.qc.ca\/ai\/wp-content\/uploads\/sites\/180\/Website-Banner_AI-Accelerator-Programs-Website-1200x675.jpg 1200w, https:\/\/www.dawsoncollege.qc.ca\/ai\/wp-content\/uploads\/sites\/180\/Website-Banner_AI-Accelerator-Programs-Website-768x432.jpg 768w, https:\/\/www.dawsoncollege.qc.ca\/ai\/wp-content\/uploads\/sites\/180\/Website-Banner_AI-Accelerator-Programs-Website.jpg 1366w\" sizes=\"auto, (max-width: 800px) 100vw, 800px\" \/>\n<div class=\"w-full text-token-text-primary\" dir=\"auto\" data-testid=\"conversation-turn-45\" data-scroll-anchor=\"false\">\n<div class=\"px-4 py-2 justify-center text-base md:gap-6 m-auto\">\n<div class=\"flex flex-1 text-base mx-auto gap-3 juice:gap-4 juice:md:gap-6 md:px-5 lg:px-1 xl:px-5 md:max-w-3xl lg:max-w-[40rem] xl:max-w-[48rem]\">\n<div class=\"relative flex w-full min-w-0 flex-col agent-turn\">\n<div class=\"flex-col gap-1 md:gap-3\">\n<div class=\"flex flex-grow flex-col max-w-full\">\n<div class=\"min-h-[20px] text-message flex flex-col items-start gap-3 whitespace-pre-wrap break-words [.text-message+&amp;]:mt-5 overflow-x-auto\" dir=\"auto\" data-message-author-role=\"assistant\" data-message-id=\"beedf4cc-bf89-4817-83d9-5bb8caba691f\">\n<div class=\"markdown prose w-full break-words dark:prose-invert light\"><\/div>\n<\/div>\n<\/div>\n<\/div>\n<\/div>\n<\/div>\n<\/div>\n<\/div>\n<p>&nbsp;<\/p>\n<p>Launching this summer in partnership with AI Launch Lab and Mitacs, the AI \u200b\u200bAccelerator Program represents the next step in R&amp;D program initiatives, providing students with the opportunity to work on real-world projects. The new 8-week online program provides the tools and exposure needed to enable students from all disciplines to launch their careers in AI. In addition, the program could be followed by a paid internship by Mitacs in collaboration with organizations or companies.<\/p>\n<p>*As this unique opportunity is new, the number of paid internships available is limited at this time.<\/p>\n<p><b>The 8-week AI Accelerator Program starts Saturday, June 22, 2024<\/b><span style=\"font-weight: 400\">. Many of the meetings will be virtual and take place from 10:00 AM-1:30 PM on Saturdays. Once registered, further information about the schedule and activity details will be provided.<\/span><\/p>\n<p>APPLY NOW AT THIS <a href=\"https:\/\/forms.gle\/rf6cVVxGVfBfmccA6\">LINK<\/a>!\u00a0<strong><span style=\"text-decoration: underline\"><em>Applications are now closed.<\/em><\/span><\/strong><\/p>\n<p><b>AI Cohort Kick-off and brief orientation session on Saturday, June 22, 2024 from 10:00 AM to 1:30 PM<\/b><\/p>\n<p><strong>Why join?<\/strong><\/p>\n<ul>\n<li>Create your own AI project with fellow students<\/li>\n<li>Work alongside AI experts<\/li>\n<li>Delve into diverse AI topics<\/li>\n<li>Explore ethical considerations<\/li>\n<li>Present your AI project with your team<\/li>\n<li>Kickstart a career in AI, with professional mentorship<\/li>\n<\/ul>\n<h5>Program Overview<\/h5>\n<p><b>Program Timeline\u00a0<\/b><\/p>\n<img loading=\"lazy\" decoding=\"async\" class=\"alignnone size-medium wp-image-1354\" src=\"https:\/\/www.dawsoncollege.qc.ca\/ai\/wp-content\/uploads\/sites\/180\/Timeline_AI-Accelerator-Programs-10-x-4-in-1-800x320.jpg\" alt=\"\" width=\"800\" height=\"320\" srcset=\"https:\/\/www.dawsoncollege.qc.ca\/ai\/wp-content\/uploads\/sites\/180\/Timeline_AI-Accelerator-Programs-10-x-4-in-1-800x320.jpg 800w, https:\/\/www.dawsoncollege.qc.ca\/ai\/wp-content\/uploads\/sites\/180\/Timeline_AI-Accelerator-Programs-10-x-4-in-1-1200x480.jpg 1200w, https:\/\/www.dawsoncollege.qc.ca\/ai\/wp-content\/uploads\/sites\/180\/Timeline_AI-Accelerator-Programs-10-x-4-in-1-768x307.jpg 768w, https:\/\/www.dawsoncollege.qc.ca\/ai\/wp-content\/uploads\/sites\/180\/Timeline_AI-Accelerator-Programs-10-x-4-in-1-1536x614.jpg 1536w, https:\/\/www.dawsoncollege.qc.ca\/ai\/wp-content\/uploads\/sites\/180\/Timeline_AI-Accelerator-Programs-10-x-4-in-1-scaled.jpg 1920w\" sizes=\"auto, (max-width: 800px) 100vw, 800px\" \/>\n<p><b>Week 1:<\/b><\/p>\n<ul>\n<li style=\"font-weight: 400\"><span style=\"font-weight: 400\">Orientation and introduction to self-learning tools<\/span><\/li>\n<li style=\"font-weight: 400\"><span style=\"font-weight: 400\">Introduction to AI, Machine Learning and Ethical AI<\/span><\/li>\n<\/ul>\n<p><b>Weeks 2 &#8211; 8:<\/b><\/p>\n<ul>\n<li>Through workshops covering a wide range of AI topics like data manipulation, fundamental machine learning models, deep learning, reinforcement learning, AI ethics and other advanced topics, you will have the opportunity to learn about AI and how to apply it.<\/li>\n<li>Using your new AI skills, you&#8217;ll have the chance to embark on your very own AI project alongside your team.<\/li>\n<li>Along the way, you will have support from AI specialists to help guide you in exploring new tools.<\/li>\n<li>Upon completing the program, you will be required to present your project and learnings.<\/li>\n<\/ul>\n<h5>Additional Information:<\/h5>\n<p><b>Workshops<\/b><\/p>\n<ul>\n<li>Workshops will be given in English<\/li>\n<li>All workshops are interactive and include Q&amp;A sessions<\/li>\n<li>The duration of each workshop is approximately 3 to 3.5 hours<\/li>\n<\/ul>\n<p><em><strong>* During the workshop on each Saturday, students will have an opportunity to collaborate with their teammates to work on their AI project.<\/strong><\/em><\/p>\n<p><span style=\"font-weight: 400\">If you were wondering whether AI is everywhere, it is! The skills that you gain from AI training programs are applicable to almost any field and give you the opportunity to gain real experience.<\/span><\/p>\n<p><span style=\"font-weight: 400\">This program aims to fill that gap by helping C\u00c9GEP students. If you apply now, you are taking a step forward to get ahead in your industry.<\/span><\/p>\n<p><span style=\"font-weight: 400\">Don&#8217;t miss your chance!<\/span><\/p>\n<h5>AI Accelerator Programs Summer 2024 Application:<\/h5>\n<p>APPLY NOW AT THIS\u00a0<a href=\"https:\/\/forms.gle\/rf6cVVxGVfBfmccA6\">LINK<\/a>! <span style=\"text-decoration: underline\"><strong><em>Les inscriptions sont maintenant ferm\u00e9es.<\/em><\/strong><\/span><\/p>\n<p><em>Thank you to the Quebec NovaScience program for funds that helped to develop a college student program as a testbed for a training and internship model.<\/em><\/p>\n<p>&nbsp;<\/p>\n<img loading=\"lazy\" decoding=\"async\" class=\"size-full wp-image-1420 aligncenter\" src=\"https:\/\/www.dawsoncollege.qc.ca\/ai\/wp-content\/uploads\/sites\/180\/QUEBEC_Web_Coul_ANG.png\" alt=\"\" width=\"414\" height=\"82\" \/>\n<p class=\"p1\"><em><br \/>\nMerci au programme NovaScience du Qu\u00e9bec pour les fonds qui ont contribu\u00e9 au d\u00e9veloppement d&#8217;un programme pour \u00e9tudiants coll\u00e9giaux servant de banc d&#8217;essai pour ce mod\u00e8le de formation et de stage.<\/em><\/p>\n<p>&nbsp;<\/p>\n<div class=\"w-full text-token-text-primary\" dir=\"auto\" data-testid=\"conversation-turn-45\" data-scroll-anchor=\"false\">\n<div class=\"px-4 py-2 justify-center text-base md:gap-6 m-auto\">\n<div class=\"flex flex-1 text-base mx-auto gap-3 juice:gap-4 juice:md:gap-6 md:px-5 lg:px-1 xl:px-5 md:max-w-3xl lg:max-w-[40rem] xl:max-w-[48rem]\">\n<div class=\"relative flex w-full min-w-0 flex-col agent-turn\">\n<div class=\"flex-col gap-1 md:gap-3\">\n<div class=\"flex flex-grow flex-col max-w-full\">\n<div class=\"min-h-[20px] text-message flex flex-col items-start gap-3 whitespace-pre-wrap break-words [.text-message+&amp;]:mt-5 overflow-x-auto\" dir=\"auto\" data-message-author-role=\"assistant\" data-message-id=\"beedf4cc-bf89-4817-83d9-5bb8caba691f\">\n<div class=\"markdown prose w-full break-words dark:prose-invert light\"><span style=\"font-size: 1.4rem\">Lanc\u00e9 cet \u00e9t\u00e9 en partenariat avec AI Launch Lab et Mitacs, le programme Acc\u00e9l\u00e9rateur IA repr\u00e9sente la prochaine \u00e9tape dans les initiatives de programmes de R&amp;D, offrant aux \u00e9tudiants l&#8217;opportunit\u00e9 de travailler sur des projets concrets. Le nouveau programme en ligne de 8 semaines fournit les outils et l&#8217;exposition n\u00e9cessaires pour permettre aux \u00e9tudiants de toutes disciplines de lancer leur carri\u00e8re en IA. De plus, le programme pourrait \u00eatre suivi d&#8217;un stage r\u00e9mun\u00e9r\u00e9 par Mitacs en collaboration avec des organisations ou des entreprises.<\/span><\/div>\n<\/div>\n<\/div>\n<\/div>\n<\/div>\n<\/div>\n<\/div>\n<\/div>\n<p>*\u00c9tant donn\u00e9 que cette opportunit\u00e9 unique est nouvelle, le nombre de stages r\u00e9mun\u00e9r\u00e9s disponibles est actuellement limit\u00e9.<\/p>\n<p><b>Le programme Acc\u00e9l\u00e9rateur IA de 8 semaines commence le samedi 22 juin 2024<\/b><span style=\"font-weight: 400\">. De nombreuses r\u00e9unions seront virtuelles et auront lieu de 10h00 \u00e0 13h30 les samedis. Une fois inscrit, des informations suppl\u00e9mentaires sur le calendrier et les d\u00e9tails des activit\u00e9s seront fournies.<\/span><\/p>\n<p>POSTULEZ MAINTENANT \u00c0 CE <a href=\"https:\/\/forms.gle\/rf6cVVxGVfBfmccA6\">LIEN<\/a> !\u00a0 <strong><span style=\"text-decoration: underline\"><em>Les inscriptions sont maintenant ferm\u00e9es.<\/em><\/span><\/strong><\/p>\n<p><b>Lancement de la cohorte IA et session d&#8217;orientation le samedi 22 juin 2024 de 10h00 \u00e0 13h30<\/b><\/p>\n<p><strong>Pourquoi participer ?<\/strong><\/p>\n<ul>\n<li>Cr\u00e9ez votre propre projet d&#8217;IA avec d&#8217;autres \u00e9tudiants<\/li>\n<li>Travaillez aux c\u00f4t\u00e9s d&#8217;experts en IA<\/li>\n<li>Explorez divers sujets en IA<\/li>\n<li>D\u00e9couvrez les consid\u00e9rations \u00e9thiques<\/li>\n<li>Pr\u00e9sentez votre projet d&#8217;IA avec votre \u00e9quipe<\/li>\n<li>Lancez votre carri\u00e8re en IA, avec un mentorat professionnel<\/li>\n<\/ul>\n<h5>Aper\u00e7u du programme<\/h5>\n<p><b>Calendrier du programme<\/b><\/p>\n<img loading=\"lazy\" decoding=\"async\" class=\"alignnone size-medium wp-image-1354\" src=\"https:\/\/www.dawsoncollege.qc.ca\/ai\/wp-content\/uploads\/sites\/180\/Timeline_AI-Accelerator-Programs-10-x-4-in-1-800x320.jpg\" alt=\"\" width=\"800\" height=\"320\" srcset=\"https:\/\/www.dawsoncollege.qc.ca\/ai\/wp-content\/uploads\/sites\/180\/Timeline_AI-Accelerator-Programs-10-x-4-in-1-800x320.jpg 800w, https:\/\/www.dawsoncollege.qc.ca\/ai\/wp-content\/uploads\/sites\/180\/Timeline_AI-Accelerator-Programs-10-x-4-in-1-1200x480.jpg 1200w, https:\/\/www.dawsoncollege.qc.ca\/ai\/wp-content\/uploads\/sites\/180\/Timeline_AI-Accelerator-Programs-10-x-4-in-1-768x307.jpg 768w, https:\/\/www.dawsoncollege.qc.ca\/ai\/wp-content\/uploads\/sites\/180\/Timeline_AI-Accelerator-Programs-10-x-4-in-1-1536x614.jpg 1536w, https:\/\/www.dawsoncollege.qc.ca\/ai\/wp-content\/uploads\/sites\/180\/Timeline_AI-Accelerator-Programs-10-x-4-in-1-scaled.jpg 1920w\" sizes=\"auto, (max-width: 800px) 100vw, 800px\" \/>\n<p><b>Semaine 1 :<\/b><\/p>\n<ul>\n<li style=\"font-weight: 400\"><span style=\"font-weight: 400\">Orientation et introduction aux outils d&#8217;auto-apprentissage<\/span><\/li>\n<li style=\"font-weight: 400\"><span style=\"font-weight: 400\">Introduction \u00e0 l&#8217;IA, \u00e0 l&#8217;apprentissage automatique et \u00e0 l&#8217;\u00e9thique de l&#8217;IA<\/span><\/li>\n<\/ul>\n<p><b>Semaines 2 &#8211; 8 :<\/b><\/p>\n<ul>\n<li>\u00c0 travers des ateliers couvrant un large \u00e9ventail de sujets en IA, tels que la manipulation des donn\u00e9es, les mod\u00e8les fondamentaux d&#8217;apprentissage automatique, l&#8217;apprentissage profond, l&#8217;apprentissage par renforcement, l&#8217;\u00e9thique de l&#8217;IA et d&#8217;autres sujets avanc\u00e9s, vous aurez l&#8217;opportunit\u00e9 d&#8217;en apprendre davantage sur l&#8217;IA et comment l&#8217;appliquer.<\/li>\n<li>En utilisant vos nouvelles comp\u00e9tences en IA, vous aurez la chance de vous lancer dans votre propre projet d&#8217;IA avec votre \u00e9quipe.<\/li>\n<li>Tout au long du parcours, vous b\u00e9n\u00e9ficierez du soutien de sp\u00e9cialistes en IA pour vous guider dans l&#8217;exploration de nouveaux outils.<\/li>\n<li>\u00c0 la fin du programme, vous devrez pr\u00e9senter votre projet et les connaissances acquises.<\/li>\n<\/ul>\n<h5>Informations suppl\u00e9mentaires :<\/h5>\n<p><b>Ateliers<\/b><\/p>\n<ul>\n<li>Les ateliers seront donn\u00e9s en anglais<\/li>\n<li>Tous les ateliers sont interactifs et incluent des sessions de questions\/r\u00e9ponses<\/li>\n<li>La dur\u00e9e de chaque atelier est d&#8217;environ 3 \u00e0 3,5 heures<\/li>\n<\/ul>\n<p><em><strong>* Lors de chaque atelier le samedi, les \u00e9tudiants auront l&#8217;occasion de collaborer avec leurs co\u00e9quipiers sur leur projet d&#8217;IA.<\/strong><\/em><\/p>\n<p><span style=\"font-weight: 400\">Si vous vous demandiez si l&#8217;IA est partout, c&#8217;est le cas ! Les comp\u00e9tences que vous acqu\u00e9rez gr\u00e2ce aux programmes de formation en IA sont applicables \u00e0 presque tous les domaines et vous offrent l&#8217;opportunit\u00e9 d&#8217;acqu\u00e9rir une exp\u00e9rience r\u00e9elle.<\/span><\/p>\n<p><span style=\"font-weight: 400\">Ce programme vise \u00e0 combler cette lacune en aidant les \u00e9tudiants des C\u00c9GEPs. Si vous postulez maintenant, vous faites un pas en avant pour prendre de l&#8217;avance dans votre secteur.<\/span><\/p>\n<p><span style=\"font-weight: 400\">Ne manquez pas votre chance !<\/span><\/p>\n<h5>Demande d&#8217;admission pour le programme Acc\u00e9l\u00e9rateur IA \u00e9t\u00e9 2024 :<\/h5>\n<p>POSTULEZ MAINTENANT \u00c0 CE <a href=\"https:\/\/forms.gle\/rf6cVVxGVfBfmccA6\">LIEN<\/a> !<\/p>\n","protected":false},"excerpt":{"rendered":"<p>&nbsp; Launching this summer in partnership with AI Launch Lab and Mitacs, the AI \u200b\u200bAccelerator Program represents the next step in R&amp;D program initiatives, providing students with the opportunity to work on real-world projects. The new 8-week online program provides the tools and exposure needed to enable students from all disciplines to launch their careers&#8230;<\/p>\n","protected":false},"author":358,"featured_media":0,"parent":0,"menu_order":0,"comment_status":"closed","ping_status":"closed","template":"","meta":{"footnotes":""},"class_list":["post-1350","page","type-page","status-publish","hentry"],"_links":{"self":[{"href":"https:\/\/www.dawsoncollege.qc.ca\/ai\/wp-json\/wp\/v2\/pages\/1350","targetHints":{"allow":["GET"]}}],"collection":[{"href":"https:\/\/www.dawsoncollege.qc.ca\/ai\/wp-json\/wp\/v2\/pages"}],"about":[{"href":"https:\/\/www.dawsoncollege.qc.ca\/ai\/wp-json\/wp\/v2\/types\/page"}],"author":[{"embeddable":true,"href":"https:\/\/www.dawsoncollege.qc.ca\/ai\/wp-json\/wp\/v2\/users\/358"}],"replies":[{"embeddable":true,"href":"https:\/\/www.dawsoncollege.qc.ca\/ai\/wp-json\/wp\/v2\/comments?post=1350"}],"version-history":[{"count":11,"href":"https:\/\/www.dawsoncollege.qc.ca\/ai\/wp-json\/wp\/v2\/pages\/1350\/revisions"}],"predecessor-version":[{"id":1427,"href":"https:\/\/www.dawsoncollege.qc.ca\/ai\/wp-json\/wp\/v2\/pages\/1350\/revisions\/1427"}],"wp:attachment":[{"href":"https:\/\/www.dawsoncollege.qc.ca\/ai\/wp-json\/wp\/v2\/media?parent=1350"}],"curies":[{"name":"wp","href":"https:\/\/api.w.org\/{rel}","templated":true}]}}