{"id":12,"date":"2014-04-16T16:46:35","date_gmt":"2014-04-16T16:46:35","guid":{"rendered":"https:\/\/www.dawsoncollege.qc.ca\/awards-scholarships\/?page_id=12"},"modified":"2025-04-01T10:47:19","modified_gmt":"2025-04-01T14:47:19","slug":"women","status":"publish","type":"page","link":"https:\/\/www.dawsoncollege.qc.ca\/awards-scholarships\/external-awards\/women\/","title":{"rendered":"Women"},"content":{"rendered":"<h2>Brilliant Minded Women Foundation Scholarship<\/h2>\n<p>The Brilliant Minded Women Foundation Scholarship is a transformative initiative designed to provide financial support, mentorship, and a solid foundation to students currently enrolled in or planning to attend post-secondary programs.<\/p>\n<p><a href=\"https:\/\/brilliantmindedwomen.ca\/scholarship\/\">https:\/\/brilliantmindedwomen.ca\/scholarship\/<\/a><\/p>\n<hr \/>\n<h2>Canadian Women&#8217;s Foundation &#8211; Michele Landsberg Award<\/h2>\n<p>The Landsberg Award is proudly presented by The Canadian Journalism Foundation in association with the Canadian Women\u2019s Foundation. The annual award celebrates a journalist who is raising awareness about gender equality and justice issues in Canada and seeks to inspire an increase in feminist media coverage and voices of women in Canada.<\/p>\n<p><a href=\"https:\/\/cjf-fjc.ca\/awards\/landsberg-award\">https:\/\/cjf-fjc.ca\/awards\/landsberg-award<\/a><\/p>\n<hr \/>\n<h2 class=\"has-text-align-center\" style=\"text-align: left\">EHRC Bursary for women in STEM<\/h2>\n<p>As well as providing financial support, the bursary will provide recipients with access to mentorship and networking opportunities through free access to Electricity Human Resources Canada \u2019s two signature events, Agents of Change and Awards of Excellence.<\/p>\n<p><a href=\"https:\/\/ehrc.ca\/programs\/bursaries-women-entering-the-electricity-industry\/\">https:\/\/ehrc.ca\/programs\/bursaries-women-entering-the-electricity-industry\/<\/a><\/p>\n<hr \/>\n<h2 class=\"has-text-align-center\" style=\"text-align: left\">Elles font plus que la job<\/h2>\n<p>L&#8217;objectif du Service d\u2019orientation et de recherche d\u2019emploi pour l\u2019int\u00e9gration des femmes au travail (SORIF) est de soutenir les femmes \u00e9tudiant dans les m\u00e9tiers traditionnellement masculins en remettant des bourses.<\/p>\n<p><a href=\"https:\/\/sorif.org\/bourse-detude-elles-font-plus-que-la-job\/\">https:\/\/sorif.org\/bourse-detude-elles-font-plus-que-la-job\/<\/a><\/p>\n<hr \/>\n<h2 class=\"has-text-align-center\" style=\"text-align: left\">Empowered Woman Scholarship Award<\/h2>\n<p>The Empowered Woman Scholarship Award sponsored by author Alvina Ryan is dedicated to empowering, supporting, and promoting the achievement and academic excellence of a female Black student. To be eligible for this award, the student must be a Canadian citizen or permanent resident, and a bona fide resident of the Greater Montreal Area.<\/p>\n<p><a href=\"https:\/\/wibca.org\/scholarships\">https:\/\/wibca.org\/scholarships<\/a><\/p>\n<hr \/>\n<h2>Hats Off to You! and its Excellence in Science segment<\/h2>\n<p>The Hats Off to You! and Excellence in Science contest showcase the determination and work of women enrolled in a vocational training or technical training program, or a bachelor\u2019s program in science or engineering that leads to a career in a traditionally male-dominated occupation.<\/p>\n<p><a href=\"https:\/\/www.quebec.ca\/en\/government\/recognition-awards\/education\/hats-off-to-you-excellence-science\/overview\">https:\/\/www.quebec.ca\/en\/government\/recognition-awards\/education\/hats-off-to-you-excellence-science\/overview<\/a><\/p>\n<hr \/>\n<h2>Lea Roback Foundation Scholarships<\/h2>\n<p>The Lea Roback Foundation seeks to promote education as a means of self-fulfilment for all and to financially support women who are economically disadvantaged and socially active in their communities, and who wish to pursue their education.<br \/>\nEvery year, the Foundation awards scholarships to women. The eligibility criteria are in line with the spirit and notion of perpetuating the ideals cherished by Lea Roback, as a trade unionist and feminist.<br \/>\nIt grants its scholarships to women, who live in the province of Quebec, who have financial needs and who are socially committed.<\/p>\n<p><a href=\"https:\/\/www.fondationlearoback.org\/en\/lea-roback-foundation-scholarships\/\">https:\/\/www.fondationlearoback.org\/en\/lea-roback-foundation-scholarships\/<\/a><\/p>\n<hr \/>\n<h2>Mayor Andr\u00e9e Boucher Memorial Scholarship<\/h2>\n<p>To encourage women to consider entering public office.<strong>\u00a0 <\/strong>Significant Community\/campus involvement related to women&#8217;s issues.<\/p>\n<p><a href=\"https:\/\/www.fcm.ca\/en\/about-fcm\/awards\/mayor-andree-p-boucher-memorial-scholarship\">https:\/\/www.fcm.ca\/en\/about-fcm\/awards\/mayor-andree-p-boucher-memorial-scholarship<\/a><\/p>\n<hr \/>\n<h2>Montreal Lakeshore University Women\u2019s Club<\/h2>\n<p>The Montreal Lakeshore University Women\u2019s Club is offering two $2,000 scholarships to female university students who reside in the West Island. To be eligible, students must have high academic standing, be accepted to a Quebec university for the upcoming school year, and demonstrate financial need.<\/p>\n<p><a href=\"https:\/\/www.mluwc.com\/scholarships.html\">https:\/\/www.mluwc.com\/scholarships.html<\/a><\/p>\n<hr \/>\n<h2>Bourse Pilote &amp; Filles<\/h2>\n<p>Les \u00e9tudiantes inscrites \u00e0 une formation menant \u00e0 l\u2019exercice d\u2019un m\u00e9tier traditionnellement masculin sont \u00e9ligibles \u00e0 la bourse Pilote &amp; Filles. Les programmes vis\u00e9s sont: Technique du design industriel, Technique de l\u2019informatique, Technique de g\u00e9nie m\u00e9canique, Technologie de l\u2019\u00e9lectronique (ordinateurs et r\u00e9seaux), Technologie du g\u00e9nie civil.<\/p>\n<p><a href=\"https:\/\/piloteetfilles.com\/bourse2023\/\">https:\/\/piloteetfilles.com\/bourse2023\/<\/a><\/p>\n<hr \/>\n<h2>Prix \u00c9galit\u00e9 Th\u00e9r\u00e8se-Casgrain<\/h2>\n<p>Fid\u00e8le \u00e0 l\u2019esprit de la Strat\u00e9gie \u00e9galit\u00e9, le prix \u00c9galit\u00e9 Th\u00e9r\u00e8se-Casgrain vise, d\u2019une part, \u00e0 inciter les filles et les femmes \u00e0 poursuivre leurs ambitions, qu\u2019elles soient personnelles, professionnelles, sociales ou politiques. Il vise, d\u2019autre part, \u00e0 encourager les gar\u00e7ons et les hommes \u00e0 agir comme alli\u00e9s des femmes dans une qu\u00eate commune de l\u2019\u00e9galit\u00e9 de fait.<\/p>\n<p><a href=\"https:\/\/www.quebec.ca\/gouvernement\/reconnaissance-prix\/prix-therese-casgrain\/a-propos\">https:\/\/www.quebec.ca\/gouvernement\/reconnaissance-prix\/prix-therese-casgrain\/a-propos<\/a><\/p>\n<hr \/>\n<h2>Soroptimist Live Your Dream Award<\/h2>\n<p>The Live Your Dream Awards give women the resources they need to improve their education, skills and employment prospects.<\/p>\n<p><a href=\"https:\/\/www.soroptimist.org\/our-work\/live-your-dream-awards\/apply-for-the-live-your-dream-awards.html\">https:\/\/www.soroptimist.org\/our-work\/live-your-dream-awards\/apply-for-the-live-your-dream-awards.html\u00a0<\/a><\/p>\n","protected":false},"excerpt":{"rendered":"<p>Brilliant Minded Women Foundation Scholarship The Brilliant Minded Women Foundation Scholarship is a transformative initiative designed to provide financial support, mentorship, and a solid foundation to students currently enrolled in or planning to attend post-secondary programs. https:\/\/brilliantmindedwomen.ca\/scholarship\/ Canadian Women&#8217;s Foundation &#8211; Michele Landsberg Award The Landsberg Award is proudly presented by The Canadian Journalism Foundation&#8230;<\/p>\n","protected":false},"author":17,"featured_media":0,"parent":9,"menu_order":0,"comment_status":"closed","ping_status":"closed","template":"","meta":{"footnotes":""},"class_list":["post-12","page","type-page","status-publish","hentry"],"_links":{"self":[{"href":"https:\/\/www.dawsoncollege.qc.ca\/awards-scholarships\/wp-json\/wp\/v2\/pages\/12","targetHints":{"allow":["GET"]}}],"collection":[{"href":"https:\/\/www.dawsoncollege.qc.ca\/awards-scholarships\/wp-json\/wp\/v2\/pages"}],"about":[{"href":"https:\/\/www.dawsoncollege.qc.ca\/awards-scholarships\/wp-json\/wp\/v2\/types\/page"}],"author":[{"embeddable":true,"href":"https:\/\/www.dawsoncollege.qc.ca\/awards-scholarships\/wp-json\/wp\/v2\/users\/17"}],"replies":[{"embeddable":true,"href":"https:\/\/www.dawsoncollege.qc.ca\/awards-scholarships\/wp-json\/wp\/v2\/comments?post=12"}],"version-history":[{"count":12,"href":"https:\/\/www.dawsoncollege.qc.ca\/awards-scholarships\/wp-json\/wp\/v2\/pages\/12\/revisions"}],"predecessor-version":[{"id":3190,"href":"https:\/\/www.dawsoncollege.qc.ca\/awards-scholarships\/wp-json\/wp\/v2\/pages\/12\/revisions\/3190"}],"up":[{"embeddable":true,"href":"https:\/\/www.dawsoncollege.qc.ca\/awards-scholarships\/wp-json\/wp\/v2\/pages\/9"}],"wp:attachment":[{"href":"https:\/\/www.dawsoncollege.qc.ca\/awards-scholarships\/wp-json\/wp\/v2\/media?parent=12"}],"curies":[{"name":"wp","href":"https:\/\/api.w.org\/{rel}","templated":true}]}}