{"id":15,"date":"2014-04-16T16:51:33","date_gmt":"2014-04-16T16:51:33","guid":{"rendered":"https:\/\/www.dawsoncollege.qc.ca\/awards-scholarships\/?page_id=15"},"modified":"2026-02-04T15:25:15","modified_gmt":"2026-02-04T20:25:15","slug":"program-of-study-and-extra-curricular-activities","status":"publish","type":"page","link":"https:\/\/www.dawsoncollege.qc.ca\/awards-scholarships\/external-awards\/program-of-study-and-extra-curricular-activities\/","title":{"rendered":"Program of study and Extra-curricular activities"},"content":{"rendered":"<h2>ACLS Scholarship for Healthcare Providers<\/h2>\n<p>The Pacific Medical Training conducts an annual ACLS Scholarship for Healthcare Providers to financially support studies, help students complete medical school, and get a head start on their careers. Granting a scholarship to the author of the winning essay, and complimentary access to any of their courses for three runner ups, their goal is to give assistance to students in the medical field and to promote a higher standard in the healthcare profession.<\/p>\n<p><a href=\"https:\/\/pacificmedicaltraining.com\/college\">https:\/\/pacificmedicaltraining.com\/college<\/a><\/p>\n<hr \/>\n<h2>Ad Standards Scholarship<\/h2>\n<p>Each year, Ad Standards offers two scholarships for post-secondary students. To apply, students must be enrolled in an undergraduate advertising or marketing program at a Canadian university or college. Successful applicants display a commitment to volunteerism, a record of academic excellence, and an interest in pursuing a career in advertising or marketing.<\/p>\n<p><a href=\"http:\/\/www.adstandards.ca\/scholarship\">www.adstandards.ca\/scholarship<\/a><\/p>\n<hr \/>\n<h2>Allied Van Lines<\/h2>\n<p>These scholarships are intended for students across the areas of business, logistics, and similar fields.\u00a0 The company offers this scholarship in order to alleviate some of the financial burden that a college tuition presents.<\/p>\n<p><a href=\"http:\/\/www.alliedvanlines.ca\/scholarship\" target=\"_blank\" rel=\"noopener noreferrer\">http:\/\/www.alliedvanlines.ca\/scholarship<\/a><\/p>\n<hr \/>\n<h2>\u00c0 vous de jouer les gars<\/h2>\n<p>Le Collectif des Hommes Unis pour une Masculinit\u00e9 Saine \/ Les Chums believe that it is high time that young men receive support when they pave the way for a non-traditional profession for their gender. Seeing more men engaging in traditionally female occupations creates wonderful positive impacts that improve the social fabric and enrich masculinity.<\/p>\n<p><a href=\"https:\/\/www.leschums.org\/bourse\">https:\/\/www.leschums.org\/bourse<\/a><\/p>\n<hr \/>\n<h2>Bourse Fernand-Seguin<\/h2>\n<p>For students pursuing scientific journalism.<\/p>\n<p><a href=\"https:\/\/www.acs.qc.ca\/bourse-fernand-seguin.html\">https:\/\/www.acs.qc.ca\/bourse-fernand-seguin.html<\/a><\/p>\n<hr \/>\n<h2>Canadian Hospitality Foundation Scholarships<\/h2>\n<p>Retail as a Career Scholarship Program Retail Education Scholarship Program Several scholarships available for students who are enrolled in or applying to retail, business, marketing or any other program that has ties to the retail industry post-secondary programs.<\/p>\n<p><a href=\"http:\/\/www.thechf.ca\/scholarships\" target=\"_blank\" rel=\"noopener noreferrer\">http:\/\/www.thechf.ca\/scholarships<\/a><\/p>\n<hr \/>\n<h2>Canadian Nurses Foundation Scholarships<\/h2>\n<div class=\"elementor-element elementor-element-4875076 elementor-widget elementor-widget-text-editor\" data-id=\"4875076\">\n<div class=\"elementor-widget-container\">\n<div class=\"elementor-text-editor elementor-clearfix\">\n<p>The Canadian Nurses Foundation provides scholarships for nursing students across Canada at the baccalaureate, masters and Ph.D. levels. These scholarships are awarded based on merit.<\/p>\n<p><a href=\"https:\/\/cnf-fiic.ca\/scholarships\/\">https:\/\/cnf-fiic.ca\/scholarships\/<\/a><\/p>\n<\/div>\n<\/div>\n<\/div>\n<hr \/>\n<h2>Canadian Printing Industries Scholarship<\/h2>\n<p>Successful scholarship applicants must demonstrate a commitment to the graphic communications industry and to academic excellence in all years of their post-secondary education.<\/p>\n<p><a href=\"https:\/\/www.printscholarships.ca\/eligibility\/\">https:\/\/www.printscholarships.ca\/eligibility\/<\/a><\/p>\n<hr \/>\n<h2>CICAN Student Art Contest<\/h2>\n<p>Students are invited to submit in one of the following five categories: Photography, Painting, Drawing, Textile, mixed media, sculpture or printmaking, Digital illustration or animation. The winners in each category of the contest will receive a cash prize and will have their artwork on display at the Colleges &amp; Institutes Canada national headquarters in Ottawa where it can be viewed by visiting college and institute leaders, government representatives, and industry partners.<\/p>\n<p><a href=\"https:\/\/www.collegesinstitutes.ca\/opportunity\/2023-student-art-contest\/\">https:\/\/www.collegesinstitutes.ca\/opportunity\/2023-student-art-contest\/<\/a><\/p>\n<hr \/>\n<h2>Corporate Office Interiors Scholarship Contest<\/h2>\n<p>This scholarship is designed to encourage innovative thinking about the importance and future of office furniture in creating productive work environments.<\/p>\n<p><a href=\"https:\/\/www.corporateofficeint.com\/blog\/Corporate-Office-Interiors-Scholarship-Contest\/\">https:\/\/www.corporateofficeint.com\/blog\/Corporate-Office-Interiors-Scholarship-Contest\/<\/a><\/p>\n<hr \/>\n<h2>CPA Order of Quebec Foundation<\/h2>\n<p>This scholarship program is intended for students who are in the process of registering for one of the bachelor&#8217;s degrees recognized by the Quebec CPA Order starting in the fall of 2024 AND need financial aid to help them cover the costs involved for their first term of university or show exceptional persistence in their studies.<\/p>\n<p><a href=\"https:\/\/cpaquebec.ca\/en\/cpa-foundation\/scholarships-and-awards\/\">cpaquebec.ca\/foundation-scholarships<\/a><\/p>\n<hr \/>\n<h2>CTAA Applied Technology Scholarship<\/h2>\n<p>The CTAA Applied Technology Scholarship will be presented to a student who has been admitted into, or is currently enrolled in, Canadian technical college or a community college program leading to a diploma which contributes to advances in any facet of asphalt technology. Eligible fields of study include chemistry, chemical engineering, and construction or civil engineering. Other areas of study may be considered provided the applicant clearly notes the relevance of their curriculum towards asphalt technology. Applicants with industrial experience in asphalt technology are encouraged to apply.<\/p>\n<p><a href=\"https:\/\/www.ctaa.ca\/awards-scholarships\/scholarships\/\">https:\/\/www.ctaa.ca\/awards-scholarships\/scholarships\/<\/a><\/p>\n<hr \/>\n<h2>Dialogue McGill Community Network Bursary Program<\/h2>\n<p>The Community Network Bursary Program provides financial support to students in health and social services programs; it is designed to respond to regional and local priorities for access to health and social services in English. Community network partners are funded by Dialogue McGill to administer the Bursary Program in their region. The Bursary Program is part of Dialogue McGill\u2019s Retention Program.<\/p>\n<p>Bursary amounts depend on the level of study and whether the educational institution is located within or outside the student\u2019s home region. For each bursary awarded, recipients commit to working in their home region, or the catchment area of the sponsoring community network, following the successful completion of their studies for a minimum of one (1) year full-time in a public health and social services institution.<\/p>\n<p><a href=\"https:\/\/www.dialoguemcgill.ca\/en\/community-network-bursary-program\">https:\/\/www.dialoguemcgill.ca\/en\/community-network-bursary-program<\/a><\/p>\n<hr \/>\n<h2>Electro-Federation Canada Scholarship Program<\/h2>\n<p>The EFC Scholarship program provides post-secondary students who are interested in pursuing a career in the Electrical industry, with funding to support their academics.<\/p>\n<p>Several scholarships available for students pursuing a career in Electrical Engineering, Electrical Technologist\/Technician, Industrial Distribution, Sales, Marketing, Finance, Human Resources, Supply Chain\/Operations, Logistics, Data Analytics Management or Information Technology \u2013 then consider a career in an industry that is committed to a safer, more environmentally-sustainable future for Canadians.<\/p>\n<p><a href=\"https:\/\/scholarship.electrofed.com\/\">https:\/\/scholarship.electrofed.com\/<\/a><\/p>\n<hr \/>\n<h2>FOIQ Bourses de l\u2019Avenir<\/h2>\n<p>La Fondation de l\u2019Ordre des ing\u00e9nieurs du Qu\u00e9bec encourage les \u00e9tudiant.e.s du coll\u00e9gial \u00e0 choisir le g\u00e9nie! Nous reconnaissons qu\u2019il faut travailler fort pour y arriver et que plusieurs \u00e9tudiant.e.s ont besoin d\u2019un coup de pouce financier pour y parvenir.<\/p>\n<p><a href=\"https:\/\/foiq.qc.ca\/espace-etudiants\/\">https:\/\/foiq.qc.ca\/espace-etudiants\/<\/a><\/p>\n<hr \/>\n<h2>Elizabeth Greenshields Foundation Visual Arts Grants<\/h2>\n<p>For non-commercial artists in the early stages of their careers who are working in representational style in painting, drawing, sculpture and printmaking. Must have already started or completed training in an established school of art and\/or who can demonstrate a commitment to making art a lifelong career.<\/p>\n<p><a id=\"Link\" href=\"https:\/\/www.elizabethgreenshieldsfoundation.org\/\" target=\"_blank\" rel=\"noopener noreferrer\" name=\"Link\">https:\/\/www.elizabethgreenshieldsfoundation.org\/<\/a><\/p>\n<hr \/>\n<h2>HR Mavericks Scholarship<\/h2>\n<p>HR Mavericks is a free community of HR professionals sharing knowledge and best practices to build healthier workplaces. Each scholarship will involve learning more about the Human Resources industry and providing valuable research and insights surrounding HR topics.<\/p>\n<p><a href=\"https:\/\/eddy.com\/eddy-scholarship\/\">https:\/\/eddy.com\/eddy-scholarship\/<\/a><\/p>\n<hr \/>\n<h2 class=\"scholarshipHeading heading-no-line ut-text-transform-none\">Jackie G. Tabac Award Scholarship for Nursing and Medical Caregivers<\/h2>\n<p>University or CEGEP student who is interested in pursuing nursing as a career.<\/p>\n<p>Every year, a one-year scholarship is presented to a deserving student enrolled in the Career Program of Nursing and who wishes to pursue post-secondary studies in this field. A worthy candidate should also convey their commitment to community service by conveying their community service history.<\/p>\n<p><a href=\"https:\/\/jcfmontreal.org\/grants\/scholarships\/cegep\/the-jackie-g-tabac-award-scholarship-for-nursing-and-medical-caregivers\/\">https:\/\/jcfmontreal.org\/grants\/scholarships\/cegep\/the-jackie-g-tabac-award-scholarship-for-nursing-and-medical-caregivers\/<\/a><\/p>\n<hr \/>\n<h2>James Lee Foundation Scholarship<\/h2>\n<p>The scholarship is open to emerging creative talent from across Canada wanting to enter the advertising industry. Entrants must be non-professional Canadian residents over the age of 16. All fields of creativity related to the advertising community will be considered (e.g. writers, art directors, film makers, recording artists, illustrators, digital artists, etc.).<\/p>\n<p><a href=\"https:\/\/jamesleefoundation.com\/scholarship\/\">https:\/\/jamesleefoundation.com\/scholarship\/<\/a><\/p>\n<hr \/>\n<h2>Je Pense Tech Scholarship<\/h2>\n<p>Created by and for technology industry professionals, the Caisse Desjardins des Technologies is a sector caisse that supports people who are studying in a technology field. The Caisse\u2019s mission is to help the next generation of tech professionals to grow and develop in an environment teeming with local talent, and to contribute to the wealth of local expertise.<\/p>\n<p><a href=\"https:\/\/caissetech.com\/en\/scholarships-i-think-tech\/\">https:\/\/caissetech.com\/en\/scholarships-i-think-tech\/<\/a><\/p>\n<hr \/>\n<h2>Looking to the Future Diagnostic Medical Sonography Scholarship<\/h2>\n<p>Any recently accepted or currently enrolled student in a CAAHEP-accredited certificate\/diploma, associate, bachelor\u2019s, or post-degree certificate program in sonography (e.g., cardiovascular, vascular, obstetric\/gynecological\/fetal, pediatric, musculoskeletal, echocardiography, etc.) is eligible to apply for this scholarship.<\/p>\n<p><a href=\"https:\/\/www.ultrasoundtechnicianschools.com\/scholarships\/\">https:\/\/www.ultrasoundtechnicianschools.com\/scholarships\/<\/a><\/p>\n<hr \/>\n<h2>North America Van Lines<\/h2>\n<p>North American Van Lines firmly believes in helping to improve the future of students since education is key in fostering our nation with skilled professionals for years to come. All students majoring (or planning to major) in logistics, business, or management.<\/p>\n<p><a href=\"http:\/\/www.northamericanvanlines.ca\/scholarship\" target=\"_blank\" rel=\"noopener noreferrer\">http:\/\/www.northamericanvanlines.ca\/scholarship<\/a><\/p>\n<hr \/>\n<h2>Orville Erickson Memorial Scholarships<\/h2>\n<p>The Orville Erickson Memorial Scholarships are awarded once per year to post-secondary students in the field of conservation. The fund is administered by the Canadian Wildlife Foundation.<\/p>\n<p><a href=\"http:\/\/cwf-fcf.org\/en\/about-cwf\/funding\/scholarships\/\" target=\"_blank\" rel=\"noopener noreferrer\" name=\"Link\">http:\/\/cwf-fcf.org\/en\/about-cwf\/funding\/scholarships\/<\/a><\/p>\n<hr \/>\n<h2>Retail Education Scholarship Program<\/h2>\n<p>Several scholarships available for students who are enrolled in or applying to retail, business, marketing or any other program that has ties to the retail industry post-secondary programs.<\/p>\n<p><a href=\"https:\/\/www.retailcouncil.org\/resources\/education\/retail-education-scholarship-program\/\">https:\/\/www.retailcouncil.org\/resources\/education\/retail-education-scholarship-program\/\u00a0\u00a0 <\/a><\/p>\n<hr \/>\n<h2>Schulich Leader Scholarship<\/h2>\n<p>Up to one hundred scholarships are awarded to entrepreneurial-minded high school graduates enrolling in a Science, Technology, Engineering or Math program at partner universities across Canada.<\/p>\n<p><a href=\"https:\/\/schulichleaders.com\/\">https:\/\/schulichleaders.com\/<\/a><\/p>\n<hr \/>\n<h2>SixSurgery Scholarship<\/h2>\n<p>SixSurgery will award a scholarship to one deserving student who has demonstrated leadership in medical or health related fields. A winner will be selected according to their academic achievements, and their submission of a short essay or video presentation.<\/p>\n<p><a href=\"https:\/\/torontosurgery.com\/scholarship\">https:\/\/torontosurgery.com\/scholarship <\/a><\/p>\n<hr \/>\n<h2>Sprak Design Scholarship Program For Marketing<\/h2>\n<p>Sprak Design are excited to announce the company&#8217;s annual scholarship, which is available to college students of all majors who are enrolled or been accepted for enrollment as a full-time student at an accredited college or university within Australia, United States of America and Canada.<\/p>\n<p><a href=\"https:\/\/www.sprakdesign.com\/marketing-scholarship-program-usa-canada\/\">https:\/\/www.sprakdesign.com\/marketing-scholarship-program-usa-canada\/<\/a><\/p>\n<hr \/>\n<h2>Stephen Bronfman Scholarship in Environmental Studies<\/h2>\n<p>This award, going entirely to offset tuition fees, assists first-year undergraduate students pursuing environmental studies. No restrictions for course of study in a recognized environmental studies program. Open to all permanent Quebec residents.<\/p>\n<p><a href=\"https:\/\/jcfmontreal.org\/grants\/scholarships\/undergraduate\/stephen-bronfman-scholarship-in-undergraduate-environmental-studies\/\">https:\/\/jcfmontreal.org\/grants\/scholarships\/undergraduate\/stephen-bronfman-scholarship-in-undergraduate-environmental-studies\/<\/a><\/p>\n<hr \/>\n<h2>Transport Association of Canada Scholarships<\/h2>\n<p>The TAC Foundation offers students the opportunity to apply for scholarships that are intended to help support their post-secondary education in transportation-related studies. The scholarships are competitive and based on the applicant\u2019s specific transportation goals, academic record and transportation-related activities or job skills.<\/p>\n<p><a href=\"https:\/\/www.tac-atc.ca\/en\/tac-foundation\/scholarships-internships\/scholarships\">https:\/\/www.tac-atc.ca\/en\/tac-foundation\/scholarships-internships\/scholarships<\/a><\/p>\n<hr \/>\n<h2>TC Energy Scholarship Program<\/h2>\n<p><span class=\"HwtZe\" lang=\"en\"><span class=\"jCAhz ChMk0b\"><span class=\"ryNqvb\">TC Energy offers a<\/span><\/span><span class=\"jCAhz ChMk0b\"><span class=\"ryNqvb\"> STEM Scholarship<\/span><\/span> <span class=\"jCAhz ChMk0b\"><span class=\"ryNqvb\">to support students studying science, engineering, technology or math in academic disciplines related to the energy industry,\u00a0 a<\/span><\/span><span class=\"jCAhz ChMk0b\"><span class=\"ryNqvb\">n\u00a0<\/span><\/span>Indigenous Legacy Scholarship <span class=\"jCAhz ChMk0b\"><span class=\"ryNqvb\">to support Indigenous students (First Nations, M\u00e9tis, Inuit, Native American, or Non-Status) pursuing a full-time post-secondary program at an accredited educational institution, and a\u00a0<\/span><\/span>Trades Scholarship <span class=\"jCAhz ChMk0b\"><span class=\"ryNqvb\">in support of students enrolled in a qualifying trades program at an accredited educational institution.<\/span><\/span> <span class=\"jCAhz ChMk0b\"><span class=\"ryNqvb\">This includes but is not limited to positions related to mechanical, electrical, instrumentation, welding, piping, etc.<\/span><\/span><\/span><\/p>\n<p><a href=\"https:\/\/www.tcenergy.com\/community-giving\/scholarships\/Canada-En\/\">https:\/\/www.tcenergy.com\/community-giving\/scholarships\/Canada-En\/<\/a><\/p>\n<hr \/>\n<h2 class=\"scholarshipHeading heading-no-line ut-text-transform-none\">Walter Joachim Scholarship<\/h2>\n<p><span class=\"HwtZe\" lang=\"en\">This scholarship is to be awarded to a post-secondary student who demonstrates a great love of music through composing, conducting, singing, or playing an instrument.<br \/>\n<\/span><\/p>\n<p><a href=\"https:\/\/jcfmontreal.org\/grants\/scholarships\/cegep\/walter-joachim-scholarship-in-music\/\">https:\/\/jcfmontreal.org\/grants\/scholarships\/cegep\/walter-joachim-scholarship-in-music\/<\/a><\/p>\n","protected":false},"excerpt":{"rendered":"<p>ACLS Scholarship for Healthcare Providers The Pacific Medical Training conducts an annual ACLS Scholarship for Healthcare Providers to financially support studies, help students complete medical school, and get a head start on their careers. Granting a scholarship to the author of the winning essay, and complimentary access to any of their courses for three runner&#8230;<\/p>\n","protected":false},"author":17,"featured_media":0,"parent":9,"menu_order":0,"comment_status":"closed","ping_status":"closed","template":"","meta":{"footnotes":""},"class_list":["post-15","page","type-page","status-publish","hentry"],"_links":{"self":[{"href":"https:\/\/www.dawsoncollege.qc.ca\/awards-scholarships\/wp-json\/wp\/v2\/pages\/15","targetHints":{"allow":["GET"]}}],"collection":[{"href":"https:\/\/www.dawsoncollege.qc.ca\/awards-scholarships\/wp-json\/wp\/v2\/pages"}],"about":[{"href":"https:\/\/www.dawsoncollege.qc.ca\/awards-scholarships\/wp-json\/wp\/v2\/types\/page"}],"author":[{"embeddable":true,"href":"https:\/\/www.dawsoncollege.qc.ca\/awards-scholarships\/wp-json\/wp\/v2\/users\/17"}],"replies":[{"embeddable":true,"href":"https:\/\/www.dawsoncollege.qc.ca\/awards-scholarships\/wp-json\/wp\/v2\/comments?post=15"}],"version-history":[{"count":16,"href":"https:\/\/www.dawsoncollege.qc.ca\/awards-scholarships\/wp-json\/wp\/v2\/pages\/15\/revisions"}],"predecessor-version":[{"id":3444,"href":"https:\/\/www.dawsoncollege.qc.ca\/awards-scholarships\/wp-json\/wp\/v2\/pages\/15\/revisions\/3444"}],"up":[{"embeddable":true,"href":"https:\/\/www.dawsoncollege.qc.ca\/awards-scholarships\/wp-json\/wp\/v2\/pages\/9"}],"wp:attachment":[{"href":"https:\/\/www.dawsoncollege.qc.ca\/awards-scholarships\/wp-json\/wp\/v2\/media?parent=15"}],"curies":[{"name":"wp","href":"https:\/\/api.w.org\/{rel}","templated":true}]}}