{"id":17,"date":"2014-04-16T16:53:04","date_gmt":"2014-04-16T16:53:04","guid":{"rendered":"https:\/\/www.dawsoncollege.qc.ca\/awards-scholarships\/?page_id=17"},"modified":"2023-05-11T15:03:34","modified_gmt":"2023-05-11T19:03:34","slug":"athletes","status":"publish","type":"page","link":"https:\/\/www.dawsoncollege.qc.ca\/awards-scholarships\/external-awards\/athletes\/","title":{"rendered":"Athletes"},"content":{"rendered":"<h2>Ed Bitz Scholarship<\/h2>\n<p>This scholarship is for umpire members of a Provincial\/Territorial (P\/T) Association who are registered with Softball Canada and who are entering the first, second year or subsequent year of a post-secondary educational institution.<\/p>\n<p><a href=\"https:\/\/softball.ca\/programs\/umpires\/awards\/edbitz\">https:\/\/softball.ca\/programs\/umpires\/awards\/edbitz<\/a><\/p>\n<hr \/>\n<h2>La Fondation de l&#8217;athl\u00e8te d&#8217;excellence du Qu\u00e9bec<\/h2>\n<p>La Fondation de l\u2019athl\u00e8te d\u2019excellence du Qu\u00e9bec: La Fondation de l\u2019athl\u00e8te d\u2019excellence offre des services d\u2019accompagnement \u00e0 ses boursiers afin de favoriser leur \u00e9panouissement global et favoriser la poursuite des \u00e9tudes et du sport.<\/p>\n<p><a href=\"https:\/\/fondationaleo.ca\/bourses-et-services\/\">https:\/\/fondationaleo.ca\/bourses-et-services\/<\/a><\/p>\n<hr \/>\n<h2>Ringette Canada Scholarships<\/h2>\n<p>Ringette Canada provides several scholarships towards post-secondary education for ringette players, coaches and\/or officials who have demonstrated a strong commitment to the sport of ringette.<\/p>\n<p><a href=\"https:\/\/www.ringette.ca\/\">https:\/\/www.ringette.ca\/<\/a><\/p>\n","protected":false},"excerpt":{"rendered":"<p>Ed Bitz Scholarship This scholarship is for umpire members of a Provincial\/Territorial (P\/T) Association who are registered with Softball Canada and who are entering the first, second year or subsequent year of a post-secondary educational institution. https:\/\/softball.ca\/programs\/umpires\/awards\/edbitz La Fondation de l&#8217;athl\u00e8te d&#8217;excellence du Qu\u00e9bec La Fondation de l\u2019athl\u00e8te d\u2019excellence du Qu\u00e9bec: La Fondation de l\u2019athl\u00e8te&#8230;<\/p>\n","protected":false},"author":17,"featured_media":0,"parent":9,"menu_order":0,"comment_status":"closed","ping_status":"closed","template":"","meta":{"footnotes":""},"class_list":["post-17","page","type-page","status-publish","hentry"],"_links":{"self":[{"href":"https:\/\/www.dawsoncollege.qc.ca\/awards-scholarships\/wp-json\/wp\/v2\/pages\/17","targetHints":{"allow":["GET"]}}],"collection":[{"href":"https:\/\/www.dawsoncollege.qc.ca\/awards-scholarships\/wp-json\/wp\/v2\/pages"}],"about":[{"href":"https:\/\/www.dawsoncollege.qc.ca\/awards-scholarships\/wp-json\/wp\/v2\/types\/page"}],"author":[{"embeddable":true,"href":"https:\/\/www.dawsoncollege.qc.ca\/awards-scholarships\/wp-json\/wp\/v2\/users\/17"}],"replies":[{"embeddable":true,"href":"https:\/\/www.dawsoncollege.qc.ca\/awards-scholarships\/wp-json\/wp\/v2\/comments?post=17"}],"version-history":[{"count":11,"href":"https:\/\/www.dawsoncollege.qc.ca\/awards-scholarships\/wp-json\/wp\/v2\/pages\/17\/revisions"}],"predecessor-version":[{"id":2581,"href":"https:\/\/www.dawsoncollege.qc.ca\/awards-scholarships\/wp-json\/wp\/v2\/pages\/17\/revisions\/2581"}],"up":[{"embeddable":true,"href":"https:\/\/www.dawsoncollege.qc.ca\/awards-scholarships\/wp-json\/wp\/v2\/pages\/9"}],"wp:attachment":[{"href":"https:\/\/www.dawsoncollege.qc.ca\/awards-scholarships\/wp-json\/wp\/v2\/media?parent=17"}],"curies":[{"name":"wp","href":"https:\/\/api.w.org\/{rel}","templated":true}]}}