{"id":20,"date":"2014-04-16T20:34:32","date_gmt":"2014-04-16T20:34:32","guid":{"rendered":"https:\/\/www.dawsoncollege.qc.ca\/bookstore\/?page_id=20"},"modified":"2025-12-18T08:50:29","modified_gmt":"2025-12-18T13:50:29","slug":"copyright-information","status":"publish","type":"page","link":"https:\/\/www.dawsoncollege.qc.ca\/books-course-materials\/copyright-information\/","title":{"rendered":"Copyright Information"},"content":{"rendered":"<h2>Reproduction of copyrighted works by CEGEPs and colleges<\/h2>\n<p>COPIBEC, acting on behalf of authors and publishers, has concluded an <strong>agreement <\/strong>with the <em>F\u00e9d\u00e9ration des c\u00e9geps du Qu\u00e9bec <\/em>and the <em>Association qu\u00e9b\u00e9coise des coll\u00e8ges priv\u00e9s <\/em>concerning the reproduction of literary works in Quebec <strong>CEGEPs and colleges <\/strong>between 2025 and 2028.<\/p>\n<h3>Terms of the agreement:<\/h3>\n<p>Users in CEGEPs and colleges have been issued a <strong>comprehensive license <\/strong>to reproduce excerpts from a wide range of copyrighted works from Canada and other countries.<\/p>\n<p>CEGEPs and colleges have to respect <strong>copying limits <\/strong>and <strong>pay royalties <\/strong>to rights holders for the reproduction of their works.<\/p>\n<h2>Types of copying allowed<\/h2>\n<p>The COPIBEC license gives CEGEPs and colleges access to a wide range of copyrighted works such as <strong>books, newspapers and periodicals. <\/strong>However, the license does not authorize the reproduction of unpublished works, sheet music, exercise books or manuals. ln addition, works and categories listed in COPIBEC&#8217;s <strong><u>Exclusions list<\/u> <\/strong>are not covered <a href=\"https:\/\/www.copibec.ca\/en\/repertoire-exclusion-cegep\" target=\"_blank\" rel=\"noopener\">https:\/\/www.copibec.ca\/en\/repertoire-exclusion-cegep<\/a><\/p>\n<p>ln this context, the word <strong>&#8220;reproduction&#8221; <\/strong>refers to the copying of works by means of photocopying, xerography, stencil duplication, manual transcription, drawing (including tracing) or any similar process, fax or a &#8220;smart copier&#8221; such as a Xerox Docutech and Kodak 1500. However, the license does not allow copyrighted works to be adapted, performed in public or communicated to the public by means of telecommunication.<\/p>\n<p>The license refers only to <strong>reproductions made for educational purposes <\/strong>(pedagogical, educational or similar activities, including information sessions, workshops, correspondence courses, televised teaching, seminars, examinations, conferences and symposiums.)<\/p>\n<p>Under the COPIBEC license, users in CEGEPs and universities are authorized to reproduce a certain portion of a work. Please abide by the usage reproduction limits allowed by <a href=\"https:\/\/www.copibec.ca\/en\/licence-college-cegep#target-usage-limits\" target=\"_blank\" rel=\"noopener\">COPIBEC<\/a>.<\/p>\n<h2>Digital reproduction<\/h2>\n<p>The 2025-2028 agreement also authorizes CEGEPs and colleges users to reproduce works electronically. lt is allowed to put protected material on a course management system (access limited to the students and personel \u2013 ex.: Omnivox, Moodle, TEAMS, Google Classroom, etc.) and to present material to a class on a PowerPoint presentation or on an interactive smart board. All the digital uses must be reported to Copibec. However, reproducing material on an Internet site {public access) or sending it by external e-mail (such as Gmail, Hotmail or Yahoo) is prohibited<\/p>\n<h2>Specific authorization for reproduction<\/h2>\n<p>ln order to make copies <strong>beyond the authorized limits, <\/strong>users in CEGEPs and colleges have to obtain <strong>specific authorization <\/strong>from COPIBEC in advance. Any request to copy more than 20% of a copyrighted work is referred to the rights holder.<\/p>\n<h2>Collecting data on copied works<\/h2>\n<h3>Reports are submitted by the Printshop<\/h3>\n<p>ln order to ensure that the royalties paid by CEGEPs and colleges are distributed fairly to authors and publishers, COPIBEC and users&#8217; representatives have agreed on a <strong>data collection <\/strong>method based on a statistical model adapted to the institutions&#8217; profile.<\/p>\n<p>From July 2025 to June 2028, CEGEPs and college that have more than 700 full-time students have to report their copies every year.<\/p>\n<h3>Copies not included<\/h3>\n<p>Copying data should not include loose-leaf handouts, copies made under a specific authorization and copies made from <strong>a work in the public domain. <\/strong>ln this context, &#8220;loose-leaf handouts&#8221; means reproductions made on paper sheets which are not bound, grouped together or inserted in course packs or course notes and which are distributed to students in the same course group occasionally or on an ad hoc basis.<\/p>\n<h3>What is a work in the public domain?<\/h3>\n<p>A literary work is considered in the public domain at the end of a 70 year period following the death of the author or, in the case of joint authorship, at the end of a 70 year period following the death of the last living author. For instance, the poems of Verlaine, Nelligan and Hector de Saint-Denys Garneau are in the public domain. However, a Shakespeare play translated by Antonine Maillet is not considered in the public domain since the translation is recent. ln addition, the critical or commentary portions of critical editions or anthologies are not considered in the public domain even if the works they contain are no longer protected by the Copyright Act.<\/p>\n<p>Prior to January 2023, copyright protection lasted 50 years following the death of the author, instead of 70. Works that became part of the public domain before December 31, 2022 remain in the public domain.<\/p>\n<h2>Checking contents of course packs<\/h2>\n<p>On request and at its own expense, COPIBEC may acquire copies of course packs or course notes prepared by CEGEPs and colleges in order to <strong>check compliance <\/strong>with the copying limits specified in the license. By doing so, COPIBEC is also able to obtain data on the reproduction of visual materials (drawings, maps, photos, etc.) so that royalties can be distributed to rights holders.<\/p>\n<h2>Other requirements of the agreement<\/h2>\n<p>On each copy or set of copies, users in CEGEPS and colleges must indicate the <strong>name <\/strong>of the author and publisher, <strong>title <\/strong>of the work, <strong>date <\/strong>of publication, <strong>ISBN or ISSN <\/strong>number as well as the <strong>page numbers <\/strong>copied.<\/p>\n<p>For example: Source with Two Authors or Editors<\/p>\n<p>Bernard Berelson and Gary A. Steiner, Human Behavior: An lnventory of Scientific Findings (New York: Harcourt Brace &amp; World, 1964), pp. 282-84. Total pages: 400. ISBN: 1-55016-653-X<\/p>\n<p>For example: Magazine Article<\/p>\n<p>Lise Bertrand. &#8220;Are your contests legal? An Important Case in Review,&#8221; Marketing, vol. 100, no. 27 July 17, 1995), p. 15. Total Pages: 19. ISSN: 0025-3642<\/p>\n<h3>Check List<\/h3>\n<p>The first page of every item must list the bibliographic citation. ln the case of a course pack with more than one item, each one of the items must list the bibliographic citation. No reproduction will be carried out if the citation(s) is\/are missing.<\/p>\n<ol>\n<li>ls the item on the exclusion list?<\/li>\n<\/ol>\n<p>If yes, the item may not be included in the course pack, unless permission is given directly by rights holder.<\/p>\n<ol start=\"2\">\n<li>ls the item copyright free?<\/li>\n<\/ol>\n<p>If yes, supply the page stating so, as part of the reproduction. This information may be found in any number of places in the publication: title page, verso of title page, back cover, etc.<\/p>\n<ol start=\"3\">\n<li>ls the item in the public domain?<\/li>\n<\/ol>\n<p>A work in the public demoin is the &#8220;straight text&#8221;. lt cannot contain an introduction, preface, forward, footnotes, explanatory notes, etc. which are attributable to an editor, publisher, etc. If using a public demoin web site, either cite the web site address or if possible supply the &#8220;public domain&#8221; statement as part of the reproduction.<\/p>\n<ol start=\"4\">\n<li>ls the bibliographic citation on the item to be reproduced?<\/li>\n<li>Has the teacher filled out the separate bibliographic citation form?<\/li>\n<li>The license does not authorize the reproduction of exercise books\/manuals except for short extracts required for final examinations<\/li>\n<\/ol>\n<h3><strong>Prohibited<\/strong><\/h3>\n<p>The photocopying of pages of a work when added up will exceed the limits.<\/p>\n<p>This regards an instructor who put in several requests over the semester for pages out of the same book (incremental photocopying).<\/p>\n<h3>Contact<\/h3>\n<p>If you have any questions regarding course packs and COPIBEC, you can contact Eastman at <a href=\"mailto:info@eastman.ca\">info@eastman.ca<\/a>.<\/p>\n","protected":false},"excerpt":{"rendered":"<p>Reproduction of copyrighted works by CEGEPs and colleges COPIBEC, acting on behalf of authors and publishers, has concluded an agreement with the F\u00e9d\u00e9ration des c\u00e9geps du Qu\u00e9bec and the Association qu\u00e9b\u00e9coise des coll\u00e8ges priv\u00e9s concerning the reproduction of literary works in Quebec CEGEPs and colleges between 2025 and 2028. Terms of the agreement: Users in&#8230;<\/p>\n","protected":false},"author":17,"featured_media":0,"parent":0,"menu_order":0,"comment_status":"closed","ping_status":"closed","template":"","meta":{"footnotes":""},"class_list":["post-20","page","type-page","status-publish","hentry"],"_links":{"self":[{"href":"https:\/\/www.dawsoncollege.qc.ca\/books-course-materials\/wp-json\/wp\/v2\/pages\/20","targetHints":{"allow":["GET"]}}],"collection":[{"href":"https:\/\/www.dawsoncollege.qc.ca\/books-course-materials\/wp-json\/wp\/v2\/pages"}],"about":[{"href":"https:\/\/www.dawsoncollege.qc.ca\/books-course-materials\/wp-json\/wp\/v2\/types\/page"}],"author":[{"embeddable":true,"href":"https:\/\/www.dawsoncollege.qc.ca\/books-course-materials\/wp-json\/wp\/v2\/users\/17"}],"replies":[{"embeddable":true,"href":"https:\/\/www.dawsoncollege.qc.ca\/books-course-materials\/wp-json\/wp\/v2\/comments?post=20"}],"version-history":[{"count":14,"href":"https:\/\/www.dawsoncollege.qc.ca\/books-course-materials\/wp-json\/wp\/v2\/pages\/20\/revisions"}],"predecessor-version":[{"id":1200,"href":"https:\/\/www.dawsoncollege.qc.ca\/books-course-materials\/wp-json\/wp\/v2\/pages\/20\/revisions\/1200"}],"wp:attachment":[{"href":"https:\/\/www.dawsoncollege.qc.ca\/books-course-materials\/wp-json\/wp\/v2\/media?parent=20"}],"curies":[{"name":"wp","href":"https:\/\/api.w.org\/{rel}","templated":true}]}}