{"id":435,"date":"2021-05-11T18:26:24","date_gmt":"2021-05-11T18:26:24","guid":{"rendered":"https:\/\/www-chris.dawsoncollege.qc.ca\/cleo\/home\/"},"modified":"2025-10-09T14:34:41","modified_gmt":"2025-10-09T18:34:41","slug":"home","status":"publish","type":"page","link":"https:\/\/www.dawsoncollege.qc.ca\/cleo\/","title":{"rendered":"Home"},"content":{"rendered":"<h2><img loading=\"lazy\" decoding=\"async\" class=\"\" src=\"https:\/\/www.dawsoncollege.qc.ca\/cleo\/wp-content\/uploads\/sites\/198\/Tutorat-banner.jpg\" width=\"1474\" height=\"379\" \/><\/h2>\n<p>&nbsp;<\/p>\n\n\t\t<style>\n\t\t\t.dc_btn_wrap.inline-block {\n\t\t\t\tmargin-right: 25px;\n\t\t\t}\n\n\t\t\t.buttons-group {\n\t\t\t\tdisplay: flex;\n\t\t\t\tflex-flow: column;\n\t\t\t}\n\n\t\t\t@media only screen and (min-width: 740px) {\n\n\t\t\t\t.buttons-group {\n\t\t\t\t\tdisplay: flex;\n\t\t\t\t\tflex-flow: row wrap;\n\t\t\t\t\tjustify-content: flex-start;\n\t\t\t\t}\n\t\t\t\t.buttons-group.justify-space-between {\n\t\t\t\t\tdisplay: flex;\n\t\t\t\t\tflex-flow: row wrap;\n\t\t\t\t\tjustify-content: space-between;\n\t\t\t\t}\n\n\t\t\t\t.buttons-group.columns-2>div {\n\n\t\t\t\t\twidth: 48%;\n\t\t\t\t}\n\n\t\t\t\t.buttons-group.columns-3>div {\n\n\t\t\t\t\twidth: 32%;\n\t\t\t\t}\n\n\t\t\t\t.buttons-group.columns-4>div {\n\n\t\t\t\t\twidth: 24%;\n\t\t\t\t}\n\t\t\t}\n\n\t\t\t.buttons-group>div {\n\t\t\t\t\/* width: 100%; *\/\n\t\t\t\talign-items: stretch;\n\t\t\t\tdisplay: flex;\n\t\t\t}\n\n\t\t\t.buttons-group.inline-block>div {\n\t\t\t\tdisplay: inline-block;\n\t\t\t\twidth: auto;\n\t\t\t}\n\n\t\t\t.buttons-group .dc_btn {\n\n\t\t\t\tjustify-content: center;\n\t\t\t\twidth: 100%;\n\t\t\t\tflex-direction: initial;\n\t\t\t\tpadding: 20% 10%;\n\n\t\t\t}\n\n\t\t\t.dc_btn {\n\t\t\t\tcursor: pointer;\n\t\t\t\tpadding: 20px;\n\t\t\t\tpadding: 1rem;\n\t\t\t\tcolor: #000;\n\t\t\t\ttext-decoration: none !important;\n\t\t\t\tdisplay: inline-block;\n\t\t\t\tmargin: 2px 2px 0px 0px;\n\t\t\t\tfont-weight: normal !important;\n\t\t\t\t\/*display: flex;\n\t\t\t\talign-items: center;*\/\n\t\t\t\t\/*flex-direction: row-reverse;*\/\n\t\t\t\tfont-family: \"Open Sans\", Arial, sans-serif;\n\t\t\t\t\/**  Oswald,  *\/\n\t\t\t\tletter-spacing: 0.6px;\n\t\t\t\t\/* text-transform: uppercase; *\/\n\t\t\t\tborder-radius: 30px;\n\t\t\t}\n\n\t\t\t.buttons-group .dc_btn {\n\t\t\t\tdisplay: flex;\n\t\t\t\talign-items: center;\n\t\t\t}\n\n\t\t\t.content a.dc_btn::before {\n\t\t\t\tcontent: \"\";\n\t\t\t\tmargin: 0;\n\t\t\t}\n\n\t\t\t.dc_btn i.fa {\n\t\t\t\tmargin-left: -5px;\n\t\t\t\tfont-size: 2rem;\n\t\t\t\tdisplay: inline-block;\n\t\t\t\t\/* vertical-align: middle; *\/\n\t\t\t}\n\n\t\t\t.dc_btn.dcmc_btn i.fa {\n\t\t\t\tmargin-right: -2px;\n\t\t\t\tmargin-left: 0;\n\t\t\t}\n\n\t\t\t.dc_btn.blue {\n\t\t\t\tbackground: #548ec4;\n\t\t\t\tbackground-color: #3D77AE;\n\t\t\t\tcolor: #fff;\n\t\t\t}\n\n\t\t\t.dc_btn.red {\n\t\t\t\tbackground: #bd5276;\n\t\t\t\tcolor: #fff;\n\t\t\t}\n\n\t\t\t.dc_btn.green {\n\t\t\t\tbackground: #41a849;\n\t\t\t\tcolor: #fff;\n\t\t\t}\n\n\t\t\t.dc_btn.orange {\n\t\t\t\tbackground: #e6882a;\n\t\t\t\tcolor: #fff;\n\t\t\t}\n\n\t\t\t.dc_btn.purple {\n\t\t\t\tbackground: #7248ae;\n\t\t\t\tcolor: #fff;\n\t\t\t}\n\n\t\t\t.dc_btn.black {\n\t\t\t\tbackground: #000000;\n\t\t\t\tcolor: #fff;\n\t\t\t\tborder: 1px solid #000;\n\t\t\t}\n\n\t\t\ta.dc_btn.black:hover {\n\t\t\t\tbackground: #fff;\n\t\t\t\tborder: 1px solid #000;\n\t\t\t\tcolor: #000 !important;\n\t\t\t}\n\n\t\t\t.clear-both {\n\t\t\t\tclear: both;\n\t\t\t}\n\n\t\t\ta.dc_btn:hover {\n\t\t\t\tbackground: #000;\n\t\t\t\tcolor: #fff !important;\n\t\t\t}\n\n\t\t\ta.dc_btn:visited {\n\t\t\t\tcolor: #fff !important;\n\t\t\t}\n\n\t\t\ta.dc_btn:active {\n\t\t\t\tcolor: #fff !important;\n\t\t\t}\n\n\t\t\t.dc_btn.big,\n\t\t\t.dc_btn.large {\n\t\t\t\twidth: 100%;\n\t\t\t\ttext-align: center;\n\t\t\t\tfont-size: 30px;\n\t\t\t\tpadding: 15px 20px;\n\t\t\t\tcolor: #fff;\n\t\t\t}\n\n\t\t\t.dc_btn.icon_only {\n\t\t\t\tbackground: transparent;\n\t\t\t\tpadding: 5px 10px;\n\t\t\t\tmargin: 0 auto;\n\t\t\t\tborder-radius: 10px;\n\t\t\t}\n\n\t\t\t.dc_btn.icon_only i.fa {\n\t\t\t\tmargin-left: 0;\n\t\t\t}\n\n\t\t\t.dc_btn i {}\n\n\t\t\t.icon_only i {\n\t\t\t\tpadding: 0;\n\t\t\t\tmargin: 0;\n\t\t\t\tcolor: inherit;\n\t\t\t\tfont-size: 32px;\n\t\t\t}\n\n\t\t\t.dcmc_btn {\n\t\t\t\tcursor: auto;\n\t\t\t\tline-height: 30px;\n\t\t\t\tdisplay: block;\n\t\t\t\tdisplay: flex;\n\t\t\t\tbackground: #222;\n\t\t\t\tbox-shadow: -10px 0 0 rgb(47, 146, 56), -20px 0 0 rgb(93, 40, 128), -30px 0 0 rgb(218, 129, 25), -40px 0 0 rgb(24, 131, 199);\n\t\t\t\tcolor: #fff;\n\t\t\t\tmargin-left: 40px;\n\t\t\t\tmargin-bottom: 20px;\n\t\t\t\ttext-decoration: none !important;\n\t\t\t\tcursor: pointer;\n\t\t\t}\n\n\t\t\t\/*a.dcmc_btn[href$=pdf]{ display: block; display: flex; }*\/\n\t\t\t\/*.dcmc_title{ font-size:30px; line-height: 35px; font-family:Oswald, \"Open Sans\", Arial, sans-serif; display:block; letter-spacing:1px; text-transform: uppercase;}*\/\n\t\t\t\/*.dcmc_desc{ font-size:16px; letter-spacing:0.7px; font-family:Oswald, \"Open Sans\", Arial, sans-serif; display:block; text-transform: uppercase; padding: 0 1rem;}*\/\n\t\t\t\/*.dcmc_btn i{ float: right; font-size: 3em; }*\/\n\t\t\t\/*a.dcmc_btn::before{ content: \"\"; display: none;}*\/\n\t\t\t\/*.dcmc_btn.small{ padding: 20px 20px 15px 20px; line-height: 22px; box-shadow: -10px 0 0 #2f9238,-20px 0 0 #5d2880,-30px 0 0 #da8119,-40px 0 0 #1883c7; margin-left:40px; margin-bottom: 10px;}*\/\n\t\t\t\/*.dcmc_btn.small .dcmc_title{ font-size: 20px; line-height: 22px; font-weight: 400;}*\/\n\t\t\t\/*.dcmc_btn.small .dcmc_desc{ font-size: 13px;}*\/\n\t\t\t\/*.dcmc_btn.small i{ font-size: 2em;}*\/\n\n\t\t\t\/*.dcmc_btn.light{ !* Permalink - use to edit and share this gradient: http:\/\/colorzilla.com\/gradient-editor\/#ffffff+0,dddddd+100 *!*\/\n\t\t\t\/*background: #ffffff; !* Old browsers *!*\/\n\t\t\t\/*background: -moz-linear-gradient(top,  #ffffff 0%, #dddddd 100%); !* FF3.6-15 *!*\/\n\t\t\t\/*background: -webkit-linear-gradient(top,  #ffffff 0%,#dddddd 100%); !* Chrome10-25,Safari5.1-6 *!*\/\n\t\t\t\/*background: linear-gradient(to bottom,  #ffffff 0%,#dddddd 100%); !* W3C, IE10+, FF16+, Chrome26+, Opera12+, Safari7+ *!*\/\n\t\t\t\/*filter: progid:DXImageTransform.Microsoft.gradient( startColorstr='#ffffff', endColorstr='#dddddd',GradientType=0 ); !* IE6-9 *!*\/\n\t\t\t\/*border: 1px solid #C7C7C7;*\/\n\t\t\t\/*border-left: none;*\/\n\t\t\t\/*color: #000;*\/\n\t\t\t\/*}*\/\n\t\t\t\/*.dcmc_btn i{ float: right; font-size: 3em; }*\/\n\t\t\t\/*.dcmc_btn.light i{ }*\/\n\n\t\t\t\/*.dcmc_btn.round20{ border-radius: 20px; }*\/\n\t\t\t\/*.dcmc_btn.round10{ border-radius: 10px; }*\/\n\t\t\t\/*.dcmc_btn.round5{ border-radius: 5px; }*\/\n\n\n\t\t\t.btn-dc-light {\n\t\t\t\tdisplay: inline-block;\n\t\t\t\tbackground-color: #fff;\n\t\t\t\tpadding: 12px 14px;\n\t\t\t\tborder-top-left-radius: 5px;\n\t\t\t\tborder-bottom-left-radius: 5px;\n\t\t\t\tposition: relative;\n\t\t\t\ttext-decoration: none !important;\n\t\t\t\tcolor: #3878c2 !important;\n\t\t\t\tbox-shadow: rgba(0, 0, 0, 0.05) 0px 6px 24px 0px, rgba(0, 0, 0, 0.08) 0px 0px 0px 1px;\n\t\t\t\tposition: relative;\n\t\t\t\tz-index: 1;\n\t\t\t\tfont-weight: 400 !important;\n\t\t\t\tfont-size: 14px !important;\n\t\t\t\tfont-size: 1.4rem !important;\n\t\t\t\tmargin-bottom: 10px;\n\t\t\t}\n\n\t\t\t.btn-dc-light:after {\n\t\t\t\tbackground-color: #4fc2c4;\n\t\t\t\tdisplay: inline-block;\n\t\t\t\tcontent: \"\";\n\t\t\t\tposition: absolute;\n\t\t\t\ttop: 0;\n\t\t\t\tleft: 100%;\n\t\t\t\theight: 100%;\n\t\t\t\twidth: 50px;\n\t\t\t\tbackground-image: url('\/wp-content\/themes\/dawson-college-2022\/images\/2022\/icons\/right-arrow-white.svg');\n\t\t\t\tbackground-repeat: no-repeat;\n\t\t\t\tbackground-position: center;\n\t\t\t\tbackground-size: 75%;\n\t\t\t\tborder-top-right-radius: 5px;\n\t\t\t\tborder-bottom-right-radius: 5px;\n\n\t\t\t}\n\n\t\t\t.btn-dc-dark span {\n\t\t\t\tbackground-color: #0b58b4;\n\t\t\t\tpadding: 12px 14px;\n\t\t\t\tborder-top-left-radius: 5px;\n\t\t\t\tborder-bottom-left-radius: 5px;\n\t\t\t}\n\n\t\t\t.btn-dc-dark {\n\t\t\t\tdisplay: inline-block;\n\t\t\t\tposition: relative;\n\t\t\t\ttext-decoration: none !important;\n\t\t\t\tcolor: #fff !important;\n\t\t\t\t\/* box-shadow: rgba(0, 0, 0, 0.05) 0px 6px 24px 0px, rgba(0, 0, 0, 0.08) 0px 0px 0px 1px; *\/\n\t\t\t\tposition: relative;\n\t\t\t\tz-index: 1;\n\t\t\t\tfont-weight: 400 !important;\n\t\t\t\tfont-size: 14px !important;\n\t\t\t\tfont-size: 1.4rem !important;\n\t\t\t\tmargin-bottom: 10px;\n\t\t\t\tpadding-right: 50px;\n\t\t\t}\n\n\t\t\ta.btn-dc-dark::before {\n\t\t\t\tcontent: \"\";\n\t\t\t}\n\n\t\t\t.btn-dc-dark span{\n\t\t\t\tposition: relative;\n\t\t\t\tdisplay: inline-block!important;\n\t\t\t}\n\t\t\t\n\t\t\t.btn-dc-dark span:after {\n\t\t\t\tbackground-color: #4fc2c4;\n\t\t\t\tdisplay: inline-block;\n\t\t\t\tcontent: \"\";\n\t\t\t\tposition: absolute;\n\t\t\t\ttop: 0;\n\t\t\t\tleft: 100%;\n\t\t\t\theight: 100%;\n\t\t\t\twidth: 50px;\n\t\t\t\tbackground-image: url('\/wp-content\/themes\/dawson-college-2022\/images\/2022\/icons\/right-arrow-white.svg');\n\t\t\t\tbackground-repeat: no-repeat;\n\t\t\t\tbackground-position: center;\n\t\t\t\tbackground-size: 75%;\n\t\t\t\tborder-top-right-radius: 5px;\n\t\t\t\tborder-bottom-right-radius: 5px;\n\t\t\t\ttransition: all 0.1s ease;\n\t\t\t}\n\n\t\t\t.btn-dc-dark:hover span {\n\t\t\t\tbox-shadow: -1px 0 0 #4fc2c4, inset 0 -1px 0 #4fc2c4, inset 0px 0 0 #4fc2c4, inset 0 1px 0 #4fc2c4;\n\t\t\t\tbackground-color: #fff!important;\n\t\t\t\tcolor: #0b58b4;\n\t\t\t}\n\n\t\t\t\/* .btn-dc-dark:hover{\n\t\t\tbackground-color: #fff;\n\t\t\tcolor: #0b58b4!important;\n\t\t} *\/\n\n\t\t\t@media only screen and (max-width: 740px) {\n\t\t\t\t.dcmc_btn {\n\t\t\t\t\tline-height: 22px;\n\t\t\t\t\tbox-shadow: -12px 0 0 rgb(47, 146, 56), -24px 0 0 rgb(93, 40, 128), -36px 0 0 rgb(218, 129, 25), -48px 0 0 rgb(24, 131, 199);\n\t\t\t\t\tpadding: 15px 15px 12px;\n\t\t\t\t\tmargin-left: 48px;\n\t\t\t\t}\n\n\t\t\t\t.dcmc_title {\n\t\t\t\t\tfont-size: 22px;\n\t\t\t\t}\n\n\t\t\t\t.dcmc_desc {\n\t\t\t\t\tfont-size: 12px;\n\t\t\t\t}\n\t\t\t}\n\n\t\t\t@media only screen and (max-width: 500px) {\n\t\t\t\t.dcmc_btn {\n\t\t\t\t\tbox-shadow: -8px 0 0 rgb(47, 146, 56), -16px 0 0 rgb(93, 40, 128), -24px 0 0 rgb(218, 129, 25), -32px 0 0 rgb(24, 131, 199);\n\t\t\t\t\tpadding: 10px 10px;\n\t\t\t\t\tmargin-left: 32px;\n\t\t\t\t\tline-height: 16px;\n\t\t\t\t}\n\n\t\t\t\t.dcmc_title {\n\t\t\t\t\tfont-size: 15px;\n\t\t\t\t}\n\n\t\t\t\t.dcmc_desc {\n\t\t\t\t\tfont-size: 10px;\n\t\t\t\t}\n\t\t\t}\n\t\t<\/style>\n\n\t\t<div class=\"dc_btn_wrap \" style=\"text-align:left; display:block;\"><a  style=\"  font-size:16px;  \" class=\"btn-dc-dark blue  \" href=\"https:\/\/www.dawsoncollege.qc.ca\/cleo\/prise-de-rendez-vous\/\"><span style=\"display:block; align-items:center; height:100%;\">Prendre un rendez-vous<\/span><\/a><\/div>\n<h2>Qui sommes-nous ?<\/h2>\n<h3>CENTRE DE LANGUE \u00c9CRITE ET ORALE (CL\u00c9O)<\/h3>\n<h3><strong>Bienvenue au CL\u00c9O!<\/strong><\/h3>\n<p><strong>Qui sommes-nous ?<\/strong><\/p>\n<p>Le CL\u00c9O est un service de tutorat de fran\u00e7ais pour les \u00e9l\u00e8ves du Coll\u00e8ge Dawson. Le CL\u00c9O travaille conjointement avec les enseignant.e.s du Coll\u00e8ge Dawson et les Services aux \u00e9tudiants afin d\u2019offrir un accompagnement p\u00e9dagogique dynamique et de qualit\u00e9. Les rencontres avec les techniciens et techniciennes sont enti\u00e8rement personnalis\u00e9es selon vos besoins et vos objectifs.<\/p>\n<p>&nbsp;<\/p>\n<p><strong><span data-olk-copy-source=\"MessageBody\">Nous utilisons maintenant <em>Nimbus Learning <\/em>comme plateforme de prise de rendez-vous (pour plus de d\u00e9tails, veuillez cliquer sur &#8220;prendre un rendez-vous&#8221;)<\/span><\/strong><strong><span data-olk-copy-source=\"MessageBody\">\u00a0<\/span><\/strong><\/p>\n<p><strong><span data-olk-copy-source=\"MessageBody\">https:\/\/nimbuslearning.com\/get-the-app\/<\/span><\/strong><\/p>\n<p>&nbsp;<\/p>\n<p class=\"x_elementToProof\"><b data-olk-copy-source=\"MessageBody\">Nous offrons toujours le \u201cdrop-in\u201d chaque jour entre 9 h et 12 h.\u00a0<\/b><b>Pour vous assurer d&#8217;avoir une place, il faut la r\u00e9server \u00e0 travers\u00a0<i>Nimbus. <\/i>Sinon, vous pouvez toujours vous pr\u00e9senter spontan\u00e9ment pour parler \u00e0 quelqu&#8217;un et obtenir de l&#8217;aide.\u00a0\u00a0<\/b><\/p>\n<p class=\"x_elementToProof\"><b>Veuillez noter que\u00a0<\/b><b>les rencontres \u00e0 distance\u00a0ne sont pas offertes pour le moment.<\/b><\/p>\n<div class=\"x_elementToProof\"><\/div>\n<hr \/>\n<h2>Nous contacter<\/h2>\n\n\t\t<style>\n\t\t\t.imgtxt {\n\t\t\t\tmargin: 0 !important;\n\t\t\t\tposition: relative;\n\t\t\t\tmargin-top: 40px!important;\n\t\t\t\tmargin-top: 4rem!important;\n\t\t\t\tmargin-bottom: 40px!important;\n\t\t\t\tmargin-bottom: 4rem!important;\n\t\t\t\t\/* min-height: 420px; *\/\n\t\t\t}\n\t\t\t\n\t\t\t.imgtxt .imgtxt-img {\n\t\t\t\t\t\n\t\t\t}\n\n\t\t\t.imgtxt-img.right .image{\n\t\t\t\tright:0;\n\t\t\t\tleft:auto;\n\t\t\t}\n\n\t\t\t.imgtxt .image {\n\t\t\t\tbackground-size:cover; \n\t\t\t\tbackground-position:center; \n\t\t\t\t\n\t\t\t}\n\n\t\t\t.imgtxt .image {\n\t\t\t\t\twidth:100%; \n\t\t\t\t\tpadding: 50%;\n\t\t\t\t\tleft: 0;\n\t\t\t\t\ttop: 0;\n\t\t\t\t\tz-index: 1;\n\t\t\t\t\toverflow: hidden;\n\t\t\t\t\tborder-radius: 6px;\n\t\t\t}\n\n\t\t\t@media screen and (max-width:980px) {\n\t\t\t\t.imgtxt {\n\t\t\t\t\tflex-flow: column !important;\n\t\t\t\t}\n\t\t\t\t.imgtxt-txt {\n\t\t\t\t\tpadding: 0px 40px 40px 40px!important;\n\t\t\t\t}\n\t\t\t}\n\n\t\t\t@media screen and (min-width: 979px) {\n\t\t\t\t.imgtxt .image {\n\t\t\t\t\tpadding: 0;\n\t\t\t\t\t\n\t\t\t\t\theight:100%;\n\t\t\t\t\tposition: absolute;\n\t\t\t\t\tleft: 0;\n\t\t\t\t\ttop: 0;\n\t\t\t\t\tz-index: 1;\n\t\t\t\t\toverflow: hidden;\n\t\t\t\t}\n\t\t\t\t\n\t\t\t\t.imgtxt-img {\n\t\t\t\t\tpadding: 0 30px 0 0;\n\t\t\t\t}\n\n\t\t\t\t.imgtxt-img.right {\n\t\t\t\t\tpadding: 0 0 0 30px;\n\t\t\t\t}\n\t\t\t}\n\n\t\t\t.imgtxt>div:first-child img {\n\t\t\t\twidth: 100%;\n\t\t\t}\n\n\t\t\t.imgtxt>div:last-child {\n\t\t\t\t\t\t\t}\n\n\n\n\n\n\n\t\t\t.tile-content .sub-title {\n\t\t\t\ttext-transform: uppercase;\n\t\t\t\tfont-size: 16px;\n\t\t\t\tcolor: #135cb2;\n\t\t\t}\n\n\t\t\t.tile-content h2 {\n\t\t\t\tmargin-top: 10px;\n\t\t\t\tfont-size: 38px;\n\t\t\t\tletter-spacing: 1.4px;\n\t\t\t\tfont-weight: 400;\n\t\t\t\tline-height: 1.2;\n\t\t\t\tcolor: #04316c;\n\t\t\t}\n\n\t\t\t\t\t<\/style>\n\n\t\t<div class=\"imgtxt\" style=\"clear:both; overflow:hidden; display:flex; flex-flow:row wrap; background-color:#fff; padding:30px;  align-items:center; justify-content:space-around; min-height:420px;\"><div class=\"imgtxt-img desktop-12 tablet-full mobile-full contained\"><img loading=\"lazy\" decoding=\"async\" width=\"800\" height=\"615\" src=\"https:\/\/www.dawsoncollege.qc.ca\/cleo\/wp-content\/uploads\/sites\/198\/cleobureau-800x615.jpeg\" class=\"attachment-medium size-medium\" alt=\"cleobureau\" srcset=\"https:\/\/www.dawsoncollege.qc.ca\/cleo\/wp-content\/uploads\/sites\/198\/cleobureau-800x615.jpeg 800w, https:\/\/www.dawsoncollege.qc.ca\/cleo\/wp-content\/uploads\/sites\/198\/cleobureau-1200x922.jpeg 1200w, https:\/\/www.dawsoncollege.qc.ca\/cleo\/wp-content\/uploads\/sites\/198\/cleobureau-768x590.jpeg 768w, https:\/\/www.dawsoncollege.qc.ca\/cleo\/wp-content\/uploads\/sites\/198\/cleobureau-1536x1180.jpeg 1536w, https:\/\/www.dawsoncollege.qc.ca\/cleo\/wp-content\/uploads\/sites\/198\/cleobureau.jpeg 1920w\" sizes=\"auto, (max-width: 800px) 100vw, 800px\" \/><div style=\"display:block; font-style:italic; font-size:13px; text-align:center; margin-top:10px; color:#555;\"><\/div><\/div><div class=\"imgtxt-txt desktop-10 tablet-full mobile-full contained tile-content\" style=\"\"><h3>Sur le campus<\/h3>\n<p>Le local du CL\u00c9O est le <strong>4E .10<\/strong>. Aux bureaux du CL\u00c9O, vous trouverez des ressources papier (dictionnaires, grammaires, revues francophones, journaux et ordinateurs) pour le travail individuel ou en petits groupes.<\/p>\n<h3>Courriel<\/h3>\n<p>Adresse g\u00e9n\u00e9rale du CL\u00c9O :\u00a0<strong><a href=\"mailto:cleo@dawsoncollege.qc.ca\">cleo@dawsoncollege.qc.ca<\/a><\/strong><\/p>\n<p>T\u00e9l\u00e9phone : <strong>514-931- 8731 poste 1496<\/strong><\/p>\n<p>&nbsp;<\/p>\n<p>&nbsp;<\/p>\n<\/div><\/div>\n<br style=\"clear:both;\"\/>\n","protected":false},"excerpt":{"rendered":"<p>&nbsp; Qui sommes-nous ? CENTRE DE LANGUE \u00c9CRITE ET ORALE (CL\u00c9O) Bienvenue au CL\u00c9O! Qui sommes-nous ? Le CL\u00c9O est un service de tutorat de fran\u00e7ais pour les \u00e9l\u00e8ves du Coll\u00e8ge Dawson. Le CL\u00c9O travaille conjointement avec les enseignant.e.s du Coll\u00e8ge Dawson et les Services aux \u00e9tudiants afin d\u2019offrir un accompagnement p\u00e9dagogique dynamique et de&#8230;<\/p>\n","protected":false},"author":1,"featured_media":0,"parent":0,"menu_order":2,"comment_status":"closed","ping_status":"closed","template":"","meta":{"footnotes":""},"class_list":["post-435","page","type-page","status-publish","hentry"],"_links":{"self":[{"href":"https:\/\/www.dawsoncollege.qc.ca\/cleo\/wp-json\/wp\/v2\/pages\/435","targetHints":{"allow":["GET"]}}],"collection":[{"href":"https:\/\/www.dawsoncollege.qc.ca\/cleo\/wp-json\/wp\/v2\/pages"}],"about":[{"href":"https:\/\/www.dawsoncollege.qc.ca\/cleo\/wp-json\/wp\/v2\/types\/page"}],"author":[{"embeddable":true,"href":"https:\/\/www.dawsoncollege.qc.ca\/cleo\/wp-json\/wp\/v2\/users\/1"}],"replies":[{"embeddable":true,"href":"https:\/\/www.dawsoncollege.qc.ca\/cleo\/wp-json\/wp\/v2\/comments?post=435"}],"version-history":[{"count":13,"href":"https:\/\/www.dawsoncollege.qc.ca\/cleo\/wp-json\/wp\/v2\/pages\/435\/revisions"}],"predecessor-version":[{"id":661,"href":"https:\/\/www.dawsoncollege.qc.ca\/cleo\/wp-json\/wp\/v2\/pages\/435\/revisions\/661"}],"wp:attachment":[{"href":"https:\/\/www.dawsoncollege.qc.ca\/cleo\/wp-json\/wp\/v2\/media?parent=435"}],"curies":[{"name":"wp","href":"https:\/\/api.w.org\/{rel}","templated":true}]}}