{"id":622,"date":"2024-03-25T12:42:13","date_gmt":"2024-03-25T16:42:13","guid":{"rendered":"https:\/\/www.dawsoncollege.qc.ca\/cleo\/?page_id=622"},"modified":"2026-02-26T12:28:52","modified_gmt":"2026-02-26T17:28:52","slug":"prise-de-rendez-vous","status":"publish","type":"page","link":"https:\/\/www.dawsoncollege.qc.ca\/cleo\/prise-de-rendez-vous\/","title":{"rendered":"Prise de rendez-vous"},"content":{"rendered":"<p><img loading=\"lazy\" decoding=\"async\" class=\"alignnone size-medium wp-image-657\" src=\"https:\/\/www.dawsoncollege.qc.ca\/cleo\/wp-content\/uploads\/sites\/198\/logo-Nimbus_Learning_h_color-800x334.png\" alt=\"\" width=\"800\" height=\"334\" srcset=\"https:\/\/www.dawsoncollege.qc.ca\/cleo\/wp-content\/uploads\/sites\/198\/logo-Nimbus_Learning_h_color-800x334.png 800w, https:\/\/www.dawsoncollege.qc.ca\/cleo\/wp-content\/uploads\/sites\/198\/logo-Nimbus_Learning_h_color-768x321.png 768w, https:\/\/www.dawsoncollege.qc.ca\/cleo\/wp-content\/uploads\/sites\/198\/logo-Nimbus_Learning_h_color.png 905w\" sizes=\"auto, (max-width: 800px) 100vw, 800px\" \/>\n        <style>\n            .highlight{ padding: 20px; padding-bottom: 12px; margin: 15px 0; overflow: hidden; width: 100%; border-radius: 10px;}\n            .highlight.white {\n                background-color: #fbfbfb;\n                border: 1px solid #c1c1c1;\n            }\n            .highlight.blue{ background: #ADD2FF; background:rgba(173, 210, 255, 0.33);  }\n            .highlight.red{ background: #ff7979; }\n            .highlight.orange{ background: #F7A95C; }\n            .highlight.green{ background: #D3F5D6; }\n            .highlight.purple{ background: #CF9BFA; }\n            .highlight.yellow{ background:#fff6c0; }\n            .highlight.dark{ background: #333; color: #fff; }\n            .highlight.dark p, .highlight.dark a{ color: #fff; }\n            .highlight.grey{ background: #dfdfdf; }\n\n            .highlight h2:first-of-type,\n            .highlight h3:first-of-type{\n                margin-top: 0;\n            }\n            .highlight{color:#000;}\n            .highlight p:last-child{margin: 0;}\n\n\n\n\n\n            \/*\n\t\t\tblue #ddeafa\n\t\t\tred #ECAAC1\n\t\t\torange #FFC286\n\t\t\tgreen #84F08D\n\t\t\tpurple #CF9BFA\n\t\t\twhite #fff\n\t\t\tblack #333 ~ font #fff\n\t\t\t*\/\n\n        <\/style>\n\n\t\t<div style=\"position:relative; padding:40px 30px 25px 30px;\" class=\"highlight green \"><span style=\"border-bottom-right-radius:10px; text-transform:uppercase; position:absolute; padding:5px 20px; padding-left:5px; background:#888; background-color:rgba(0,0,0,0.43); font-size:12px; color:#fff; left:0; top:0;\"><i class=\"fa fa-info-circle\"><\/i> Important<\/span>\n<p>&nbsp;<\/p>\n<p><strong><span data-olk-copy-source=\"MessageBody\">Nous utilisons maintenant <em>Nimbus Learning <\/em>comme plateforme de prise de rendez-vous : https:\/\/nimbuslearning.com\/get-the-app\/<\/span><\/strong><\/p>\n<p><strong>Nous offrons toujours le &#8220;drop-in&#8221; chaque jour entre 9 h et 12 h.\u00a0<\/strong><\/p>\n<h3><strong>Comment t\u00e9l\u00e9charger et utiliser Nimbus Learning ?<\/strong><\/h3>\n<ol>\n<li>Utiliser <em><strong>l\u2019App Store ou le Google Play<\/strong><\/em> pour t\u00e9l\u00e9charger l\u2019application<br \/>\nhttps:\/\/nimbuslearning.com\/get-the-app\/<\/li>\n<\/ol>\n<p><strong>*** OU<\/strong> prendre rendez-vous \u00e0 l&#8217;aide de la <strong>page web<\/strong> de <em>Nimbus Learning<\/em> :\u00a0 <a href=\"https:\/\/web.nimbuslearning.com\/login\">Sign in | Nimbus Learning<\/a> <strong>***<\/strong><\/p>\n<ol>\n<li>Une fois dans l&#8217;application, choisir le <em><strong>coll\u00e8ge Dawson<\/strong><\/em> parmi les institutions.<\/li>\n<li>Acc\u00e9der au compte avec <em><strong>l\u2019identifiant Dawson<\/strong><\/em> (pr\u00e9nom.nom@dawsoncollege.qc.ca)<\/li>\n<li>Une fois dans l\u2019application, choisir l\u2019un des deux services du<em><strong> CL\u00c9O :<\/strong><\/em><\/li>\n<\/ol>\n<ul>\n<li><strong>R-V 1-1<\/strong> : Rencontre avec un.e technicien.ne <em><strong>\u00e0 une date et \u00e0 une heure pr\u00e9cise.<\/strong><\/em><\/li>\n<li><strong>DROP-IN<\/strong> : <em><strong>Chaque jour entre 9 h et 12 h.<\/strong><\/em><br \/>\n<em><strong>L\u2019inscription au Drop-in ne garantit pas une place.<\/strong><\/em><\/li>\n<\/ul>\n<ol start=\"5\">\n<li>S\u00e9lectionner le <em><strong>cours de fran\u00e7ais actuellement suivi.<\/strong><\/em><br \/>\n(Cette \u00e9tape est facultative, mais elle nous aidera \u00e0 des fins statistiques.)<\/li>\n<li><em><strong>S\u00e9lectionner le ou la technicien.ne<\/strong><\/em> avec qui vous souhaitez prendre rendez-vous.<\/li>\n<li>La plage horaire contenant<em><strong> les disponibilit\u00e9s<\/strong><\/em> du \/ de la technicien.ne sera affich\u00e9e.<br \/>\n<em><strong>Choisir la date et l\u2019heure<\/strong><\/em> et confirmer les informations.\u00a0 \u00a0 \u00a0 \u00a0 \u00a0 \u00a0 \u00a0 \u00a0 \u00a0 \u00a0 \u00a0 \u00a0 \u00a0 \u00a0 \u00a0 \u00a0 \u00a0 \u00a0 \u00a0 \u00a0 \u00a0 \u00a0 \u00a0 \u00a0 \u00a0 \u00a0 \u00a0 \u00a0 \u00a0 \u00a0 \u00a0 \u00a0 \u00a0 \u00a0 \u00a0 \u00a0 \u00a0 \u00a0 \u00a0 \u00a0 \u00a0<em><strong> *Veuillez notez que nous n&#8217;offrons pas de rendez-vous de 30 minutes. Il faut r\u00e9server une heure au complet, m\u00eame si vous avez besoin de moins de temps (par exemple 45 minutes)*<\/strong><\/em><\/li>\n<li>Mentionner <em><strong>les raisons de votre demande de rendez-vous<\/strong><\/em> avec les options disponibles (petit menu, bo\u00eete de texte). La demande sera envoy\u00e9e et elle pourra \u00eatre approuv\u00e9e.<\/li>\n<\/ol>\n<p><em><strong>En raison des horaires des technicien\u00b7nes, le d\u00e9lai d\u2019acceptation du rendez-vous peut varier. Si votre rencontre est toujours indiqu\u00e9e comme \u00ab pending \u00bb, tenez pour acquis qu\u2019elle a \u00e9t\u00e9 confirm\u00e9e, sauf avis contraire de votre technicien\u00b7ne.<\/strong><\/em><\/p>\n<p><em><strong>Maximum 1 heure de rencontre 1-1 par semaine. Le calendrier pour la prise de rendez-vous est limit\u00e9 aux 21 jours suivants (ex: du 1er octobre au 22 octobre). Toute demande en dehors de cette p\u00e9riode sera refus\u00e9e.<\/strong><\/em><\/p>\n<p><span class=\"\" lang=\"FR-CA\"><strong>***************************************<\/strong><\/span><\/p>\n<h3>How to Download and Use Nimbus Learning<\/h3>\n<ol>\n<li><strong>Download the app<\/strong> from the App Store or Google Play:<br \/>\nhttps:\/\/nimbuslearning.com\/get-the-app\/<\/li>\n<\/ol>\n<p><strong>***<\/strong> <strong>OR<\/strong> make an appointment by using the <em>Nimbus Learning<\/em> <strong>web page :\u00a0 \u00a0 \u00a0 \u00a0 \u00a0 \u00a0 \u00a0 \u00a0 \u00a0 \u00a0 \u00a0 \u00a0 \u00a0 \u00a0 \u00a0 \u00a0 \u00a0 \u00a0 \u00a0 \u00a0 \u00a0 \u00a0 \u00a0 \u00a0 \u00a0 <a href=\"https:\/\/web.nimbuslearning.com\/login\">Sign in | Nimbus Learning<\/a> ***\u00a0<\/strong><\/p>\n<ol>\n<li><strong>Once in the app<\/strong>, select <strong>Dawson College<\/strong> from the list of institutions.<\/li>\n<li><strong>Log in<\/strong> using your Dawson ID (e.g., <em>firstname.lastname@dawsoncollege.qc.ca<\/em>).<\/li>\n<li><strong>Once inside the app<\/strong>, choose one of the two CL\u00c9O services:\n<ul>\n<li><strong>1-on-1 Appointment<\/strong>: Meet with a technician at a specific date and time.<\/li>\n<li><strong>Drop-In<\/strong>: Available daily between 9 a.m. and 12 p.m.<br \/>\n<em><strong>Registration for Drop-In does not guarantee a spot.<\/strong><\/em><\/li>\n<\/ul>\n<\/li>\n<li><strong>Select the French course<\/strong> you are currently taking.<br \/>\n<em>(This step is optional but helps us for statistical purposes.)<\/em><\/li>\n<li><strong>Choose the technician<\/strong> you would like to meet with.<\/li>\n<li>The technician\u2019s <strong>available time slots<\/strong> will be displayed.<br \/>\nSelect the <strong>date<\/strong> and <strong>time<\/strong>, and confirm the details.\u00a0 \u00a0 \u00a0 \u00a0 \u00a0 \u00a0 \u00a0 \u00a0 \u00a0 \u00a0 \u00a0 \u00a0 \u00a0 \u00a0 \u00a0 \u00a0 \u00a0 \u00a0 \u00a0 \u00a0 \u00a0 \u00a0 \u00a0 \u00a0 \u00a0 \u00a0 \u00a0 \u00a0 \u00a0 \u00a0 \u00a0 \u00a0 \u00a0 \u00a0 \u00a0 \u00a0 \u00a0 \u00a0 \u00a0 \u00a0 \u00a0 \u00a0 \u00a0 \u00a0 \u00a0 \u00a0 *<em><strong>Please be aware that we do not offer 30 minutes appointments. You need to book a full hour, even if you need less time (for example 45 minutes)*<\/strong><\/em><\/li>\n<li><strong>Indicate the reason<\/strong> for your appointment using the available options (menu or text box).<br \/>\nYour request will be sent and may be approved.\n<blockquote><p><em><strong>Due to technicians\u2019 schedules, the time it takes to approve an appointment may vary. If your meeting still shows as \u201cpending,\u201d assume it is confirmed unless your technician tells you otherwise.<\/strong><\/em><br \/>\n<em><strong>Maximum of 1 hour for 1-on-1 meetings per week. The booking calendar is limited to the next 21 days (e.g., from October 1 to October 22). Any request outside this period will be declined.<\/strong><\/em><\/p><\/blockquote>\n<\/li>\n<\/ol>\n<p>&nbsp;<\/p>\n<p><span class=\"\" lang=\"FR-CA\"><strong>***************************************<\/strong><\/span><\/p>\n<p><span class=\"\" lang=\"FR-CA\"><strong>IMPORTANT : ABSENCE \/ NO-SHOW<\/strong><\/span><\/p>\n<p><span class=\"\" lang=\"FR-CA\"><strong>***************************************<\/strong><\/span><\/p>\n<p><strong><span class=\"\" lang=\"FR-CA\">Les \u00e9tudiant.es qui manquent deux rendez-vous cons\u00e9cutifs sans pr\u00e9venir leur tuteur.ice seront temporairement suspendu.es de la prise de rendez-vous. Afin que leur compte soit r\u00e9activ\u00e9, les \u00e9l\u00e8ves devront se pr\u00e9senter en personne au CL\u00c9O pour discuter de la r\u00e9activation de leur compte avec un.e technicien.ne.<\/span><\/strong><\/p>\n<p><span class=\"\">*********<\/span><\/p>\n<p><span class=\"\">Students who miss two consecutive appointments without notifying their tutor will be temporarily suspended from making further appointments. For their account to be reactivated, students will have to come in person to the CL\u00c9O and discuss the modalities of the reactivation of their account with a technician.\u00a0<\/span><\/p>\n<p>&nbsp;<\/p>\n<p><strong>HEURES D&#8217;OUVERTURE<\/strong><\/p>\n<p><strong>Du lundi au vendredi: de 9h \u00e0 17h<\/strong><\/p>\n<p>&nbsp;<\/p>\n<p>WE ARE OPEN WEEKDAYS :<\/p>\n<p>Monday to Friday : 9 am to 5 pm<\/p>\n<p>&nbsp;<\/p>\n<\/div>\n","protected":false},"excerpt":{"rendered":"","protected":false},"author":355,"featured_media":0,"parent":0,"menu_order":0,"comment_status":"closed","ping_status":"closed","template":"","meta":{"footnotes":""},"class_list":["post-622","page","type-page","status-publish","hentry"],"_links":{"self":[{"href":"https:\/\/www.dawsoncollege.qc.ca\/cleo\/wp-json\/wp\/v2\/pages\/622","targetHints":{"allow":["GET"]}}],"collection":[{"href":"https:\/\/www.dawsoncollege.qc.ca\/cleo\/wp-json\/wp\/v2\/pages"}],"about":[{"href":"https:\/\/www.dawsoncollege.qc.ca\/cleo\/wp-json\/wp\/v2\/types\/page"}],"author":[{"embeddable":true,"href":"https:\/\/www.dawsoncollege.qc.ca\/cleo\/wp-json\/wp\/v2\/users\/355"}],"replies":[{"embeddable":true,"href":"https:\/\/www.dawsoncollege.qc.ca\/cleo\/wp-json\/wp\/v2\/comments?post=622"}],"version-history":[{"count":11,"href":"https:\/\/www.dawsoncollege.qc.ca\/cleo\/wp-json\/wp\/v2\/pages\/622\/revisions"}],"predecessor-version":[{"id":665,"href":"https:\/\/www.dawsoncollege.qc.ca\/cleo\/wp-json\/wp\/v2\/pages\/622\/revisions\/665"}],"wp:attachment":[{"href":"https:\/\/www.dawsoncollege.qc.ca\/cleo\/wp-json\/wp\/v2\/media?parent=622"}],"curies":[{"name":"wp","href":"https:\/\/api.w.org\/{rel}","templated":true}]}}