{"id":10130,"date":"2018-04-11T12:46:36","date_gmt":"2018-04-11T16:46:36","guid":{"rendered":"https:\/\/www.dawsoncollege.qc.ca\/ctd\/?page_id=10130"},"modified":"2019-08-23T14:44:16","modified_gmt":"2019-08-23T18:44:16","slug":"test-de-classement-reussir-en-francais-au-bureau","status":"publish","type":"page","link":"https:\/\/www.dawsoncollege.qc.ca\/ctd\/test-de-classement-reussir-en-francais-au-bureau\/","title":{"rendered":"Test de classement \u2013 r\u00e9ussir en fran\u00e7ais au bureau"},"content":{"rendered":"<script type=\"text\/javascript\">\n\/* <![CDATA[ *\/\nvar gform;gform||(document.addEventListener(\"gform_main_scripts_loaded\",function(){gform.scriptsLoaded=!0}),document.addEventListener(\"gform\/theme\/scripts_loaded\",function(){gform.themeScriptsLoaded=!0}),window.addEventListener(\"DOMContentLoaded\",function(){gform.domLoaded=!0}),gform={domLoaded:!1,scriptsLoaded:!1,themeScriptsLoaded:!1,isFormEditor:()=>\"function\"==typeof InitializeEditor,callIfLoaded:function(o){return!(!gform.domLoaded||!gform.scriptsLoaded||!gform.themeScriptsLoaded&&!gform.isFormEditor()||(gform.isFormEditor()&&console.warn(\"The use of gform.initializeOnLoaded() is deprecated in the form editor context and will be removed in Gravity Forms 3.1.\"),o(),0))},initializeOnLoaded:function(o){gform.callIfLoaded(o)||(document.addEventListener(\"gform_main_scripts_loaded\",()=>{gform.scriptsLoaded=!0,gform.callIfLoaded(o)}),document.addEventListener(\"gform\/theme\/scripts_loaded\",()=>{gform.themeScriptsLoaded=!0,gform.callIfLoaded(o)}),window.addEventListener(\"DOMContentLoaded\",()=>{gform.domLoaded=!0,gform.callIfLoaded(o)}))},hooks:{action:{},filter:{}},addAction:function(o,r,e,t){gform.addHook(\"action\",o,r,e,t)},addFilter:function(o,r,e,t){gform.addHook(\"filter\",o,r,e,t)},doAction:function(o){gform.doHook(\"action\",o,arguments)},applyFilters:function(o){return gform.doHook(\"filter\",o,arguments)},removeAction:function(o,r){gform.removeHook(\"action\",o,r)},removeFilter:function(o,r,e){gform.removeHook(\"filter\",o,r,e)},addHook:function(o,r,e,t,n){null==gform.hooks[o][r]&&(gform.hooks[o][r]=[]);var d=gform.hooks[o][r];null==n&&(n=r+\"_\"+d.length),gform.hooks[o][r].push({tag:n,callable:e,priority:t=null==t?10:t})},doHook:function(r,o,e){var t;if(e=Array.prototype.slice.call(e,1),null!=gform.hooks[r][o]&&((o=gform.hooks[r][o]).sort(function(o,r){return o.priority-r.priority}),o.forEach(function(o){\"function\"!=typeof(t=o.callable)&&(t=window[t]),\"action\"==r?t.apply(null,e):e[0]=t.apply(null,e)})),\"filter\"==r)return e[0]},removeHook:function(o,r,t,n){var e;null!=gform.hooks[o][r]&&(e=(e=gform.hooks[o][r]).filter(function(o,r,e){return!!(null!=n&&n!=o.tag||null!=t&&t!=o.priority)}),gform.hooks[o][r]=e)}});\n\/* ]]> *\/\n<\/script>\n\n                <div class='gf_browser_gecko gform_wrapper gform_legacy_markup_wrapper gform-theme--no-framework' data-form-theme='legacy' data-form-index='0' id='gform_wrapper_10' ><div id='gf_10' class='gform_anchor' tabindex='-1'><\/div>\n                        <div class='gform_heading'>\n                            <p class='gform_description'><\/p>\n                        <\/div><form method='post' enctype='multipart\/form-data'  id='gform_10'  action='\/ctd\/wp-json\/wp\/v2\/pages\/10130#gf_10' data-formid='10' novalidate>\n        <div id='gf_progressbar_wrapper_10' class='gf_progressbar_wrapper' data-start-at-zero=''>\n        \t<h3 class=\"gf_progressbar_title\">Step <span class='gf_step_current_page'>1<\/span> of <span class='gf_step_page_count'>3<\/span><span class='gf_step_page_name'> - Test diagnostique<\/span>\n        \t<\/h3>\n            <div class='gf_progressbar gf_progressbar_blue' aria-hidden='true'>\n                <div class='gf_progressbar_percentage percentbar_blue percentbar_33' style='width:33%;'><span>33%<\/span><\/div>\n            <\/div><\/div>\n                        <div class='gform-body gform_body'><div id='gform_page_10_1' class='gform_page ' data-js='page-field-id-0' >\n\t\t\t\t\t<div class='gform_page_fields'><ul id='gform_fields_10' class='gform_fields top_label form_sublabel_below description_below validation_below'><li id=\"field_10_25\" class=\"gfield gfield--type-name gfield_contains_required field_sublabel_below gfield--no-description field_description_below field_validation_below gfield_visibility_visible\"  ><label class='gfield_label gform-field-label gfield_label_before_complex' >Nom<span class=\"gfield_required\"><span class=\"gfield_required gfield_required_asterisk\">*<\/span><\/span><\/label><div class='ginput_complex ginput_container ginput_container--name no_prefix has_first_name no_middle_name has_last_name no_suffix gf_name_has_2 ginput_container_name gform-grid-row' id='input_10_25'>\n                            \n                            <span id='input_10_25_3_container' class='name_first gform-grid-col gform-grid-col--size-auto' >\n                                                    <input type='text' name='input_25.3' id='input_10_25_3' value=''   aria-required='true'     \/>\n                                                    <label for='input_10_25_3' class='gform-field-label gform-field-label--type-sub '>Pr\u00e9nom<\/label>\n                                                <\/span>\n                            \n                            <span id='input_10_25_6_container' class='name_last gform-grid-col gform-grid-col--size-auto' >\n                                                    <input type='text' name='input_25.6' id='input_10_25_6' value=''   aria-required='true'     \/>\n                                                    <label for='input_10_25_6' class='gform-field-label gform-field-label--type-sub '>Nom de famille<\/label>\n                                                <\/span>\n                            \n                        <\/div><\/li><li id=\"field_10_26\" class=\"gfield gfield--type-email gfield_contains_required field_sublabel_below gfield--no-description field_description_below field_validation_below gfield_visibility_visible\"  ><label class='gfield_label gform-field-label' for='input_10_26'>Adresse courriel<span class=\"gfield_required\"><span class=\"gfield_required gfield_required_asterisk\">*<\/span><\/span><\/label><div class='ginput_container ginput_container_email'>\n                            <input name='input_26' id='input_10_26' type='email' value='' class='medium'    aria-required=\"true\" aria-invalid=\"false\"  \/>\n                        <\/div><\/li><li id=\"field_10_27\" class=\"gfield gfield--type-phone field_sublabel_below gfield--no-description field_description_below field_validation_below gfield_visibility_visible\"  ><label class='gfield_label gform-field-label' for='input_10_27'>Num\u00e9ro de t\u00e9l\u00e9phone<\/label><div class='ginput_container ginput_container_phone'><input name='input_27' id='input_10_27' type='tel' value='' class='medium'    aria-invalid=\"false\"   \/><\/div><\/li><li id=\"field_10_6\" class=\"gfield gfield--type-text field_sublabel_below gfield--no-description field_description_below field_validation_below gfield_visibility_visible\"  ><label class='gfield_label gform-field-label' for='input_10_6'>Quelle est votre langue la plus forte?<\/label><div class='ginput_container ginput_container_text'><input name='input_6' id='input_10_6' type='text' value='' class='medium'      aria-invalid=\"false\"   \/><\/div><\/li><li id=\"field_10_8\" class=\"gfield gfield--type-text field_sublabel_below gfield--no-description field_description_below field_validation_below gfield_visibility_visible\"  ><label class='gfield_label gform-field-label' for='input_10_8'>Quelle est votre langue maternelle?<\/label><div class='ginput_container ginput_container_text'><input name='input_8' id='input_10_8' type='text' value='' class='medium'      aria-invalid=\"false\"   \/><\/div><\/li><li id=\"field_10_7\" class=\"gfield gfield--type-text field_sublabel_below gfield--no-description field_description_below field_validation_below gfield_visibility_visible\"  ><label class='gfield_label gform-field-label' for='input_10_7'>Quelle langue parlez-vous le plus au quotidien?<\/label><div class='ginput_container ginput_container_text'><input name='input_7' id='input_10_7' type='text' value='' class='medium'      aria-invalid=\"false\"   \/><\/div><\/li><li id=\"field_10_28\" class=\"gfield gfield--type-text field_sublabel_below gfield--no-description field_description_below field_validation_below gfield_visibility_visible\"  ><label class='gfield_label gform-field-label' for='input_10_28'>Dans quelle langue avez-vous fait vos \u00e9tudes?<\/label><div class='ginput_container ginput_container_text'><input name='input_28' id='input_10_28' type='text' value='' class='medium'      aria-invalid=\"false\"   \/><\/div><\/li><li id=\"field_10_9\" class=\"gfield gfield--type-textarea field_sublabel_below gfield--has-description field_description_below field_validation_below gfield_visibility_visible\"  ><label class='gfield_label gform-field-label' for='input_10_9'>Avez-vous des difficult\u00e9s d\u2019apprentissage, si oui, lesquelles?<\/label><div class='ginput_container ginput_container_textarea'><textarea name='input_9' id='input_10_9' class='textarea medium'  aria-describedby=\"gfield_description_10_9\"    aria-invalid=\"false\"   rows='10' cols='50'><\/textarea><\/div><div class='gfield_description' id='gfield_description_10_9'>(exemple : dyslexie, trouble de l\u2019attention, etc.)<\/div><\/li><li id=\"field_10_24\" class=\"gfield gfield--type-text field_sublabel_below gfield--no-description field_description_below field_validation_below gfield_visibility_visible\"  ><label class='gfield_label gform-field-label' for='input_10_24'>O\u00f9 \u00eates-vous n\u00e9(e)?<\/label><div class='ginput_container ginput_container_text'><input name='input_24' id='input_10_24' type='text' value='' class='medium'      aria-invalid=\"false\"   \/><\/div><\/li><li id=\"field_10_29\" class=\"gfield gfield--type-text field_sublabel_below gfield--no-description field_description_below field_validation_below gfield_visibility_visible\"  ><label class='gfield_label gform-field-label' for='input_10_29'>Si Vous \u00eates-vous n\u00e9(e) hors Qu\u00e9bec, depuis combien d\u2019ann\u00e9es habitez-vous ici?<\/label><div class='ginput_container ginput_container_text'><input name='input_29' id='input_10_29' type='text' value='' class='medium'      aria-invalid=\"false\"   \/><\/div><\/li><li id=\"field_10_13\" class=\"gfield gfield--type-textarea field_sublabel_below gfield--no-description field_description_below field_validation_below gfield_visibility_visible\"  ><label class='gfield_label gform-field-label' for='input_10_13'>Dans quel domaine travaillez-vous?<\/label><div class='ginput_container ginput_container_textarea'><textarea name='input_13' id='input_10_13' class='textarea medium'      aria-invalid=\"false\"   rows='10' cols='50'><\/textarea><\/div><\/li><li id=\"field_10_30\" class=\"gfield gfield--type-text field_sublabel_below gfield--no-description field_description_below field_validation_below gfield_visibility_visible\"  ><label class='gfield_label gform-field-label' for='input_10_30'>Dans quelle(s) langue(s) travaillez-vous le plus?<\/label><div class='ginput_container ginput_container_text'><input name='input_30' id='input_10_30' type='text' value='' class='medium'      aria-invalid=\"false\"   \/><\/div><\/li><\/ul>\n                    <\/div>\n                    <div class='gform-page-footer gform_page_footer top_label'>\n                         <input type='button' id='gform_next_button_10_1' class='gform_next_button gform-theme-button button' onclick='gform.submission.handleButtonClick(this);' data-submission-type='next' value='Next'  \/> \n                    <\/div>\n                <\/div>\n                <div id='gform_page_10_2' class='gform_page' data-js='page-field-id-1' style='display:none;'>\n                    <div class='gform_page_fields'>\n                        <ul id='gform_fields_10_2' class='gform_fields top_label form_sublabel_below description_below validation_below'><li id=\"field_10_14\" class=\"gfield gfield--type-textarea field_sublabel_below gfield--no-description field_description_below field_validation_below gfield_visibility_visible\"  ><label class='gfield_label gform-field-label' for='input_10_14'>Selon vous, quelles sont vos forces en fran\u00e7ais?<\/label><div class='ginput_container ginput_container_textarea'><textarea name='input_14' id='input_10_14' class='textarea medium'      aria-invalid=\"false\"   rows='10' cols='50'><\/textarea><\/div><\/li><li id=\"field_10_15\" class=\"gfield gfield--type-textarea field_sublabel_below gfield--no-description field_description_below field_validation_below gfield_visibility_visible\"  ><label class='gfield_label gform-field-label' for='input_10_15'>Selon vous, quelles sont vos difficult\u00e9s en fran\u00e7ais?<\/label><div class='ginput_container ginput_container_textarea'><textarea name='input_15' id='input_10_15' class='textarea medium'      aria-invalid=\"false\"   rows='10' cols='50'><\/textarea><\/div><\/li><li id=\"field_10_20\" class=\"gfield gfield--type-html gfield_html gfield_html_formatted gfield_no_follows_desc field_sublabel_below gfield--no-description field_description_below field_validation_below gfield_visibility_visible\"  ><h3>Pour chacune des quatre habilet\u00e9s suivantes, \u00e9valuez votre niveau de 1 (d\u00e9butant) \u00e0 10 (tr\u00e8s avanc\u00e9) :<\/h3><\/li><li id=\"field_10_19\" class=\"gfield gfield--type-number field_sublabel_below gfield--no-description field_description_below field_validation_below gfield_visibility_visible\"  ><label class='gfield_label gform-field-label' for='input_10_19'>Compr\u00e9hension orale<\/label><div class='ginput_container ginput_container_number'><input name='input_19' id='input_10_19' type='text' step='any'   value='' class='medium'      aria-invalid=\"false\"  \/><\/div><\/li><li id=\"field_10_23\" class=\"gfield gfield--type-number field_sublabel_below gfield--no-description field_description_below field_validation_below gfield_visibility_visible\"  ><label class='gfield_label gform-field-label' for='input_10_23'>Expression orale<\/label><div class='ginput_container ginput_container_number'><input name='input_23' id='input_10_23' type='text' step='any'   value='' class='medium'      aria-invalid=\"false\"  \/><\/div><\/li><li id=\"field_10_22\" class=\"gfield gfield--type-number field_sublabel_below gfield--no-description field_description_below field_validation_below gfield_visibility_visible\"  ><label class='gfield_label gform-field-label' for='input_10_22'>Compr\u00e9hension \u00e9crite<\/label><div class='ginput_container ginput_container_number'><input name='input_22' id='input_10_22' type='text' step='any'   value='' class='medium'      aria-invalid=\"false\"  \/><\/div><\/li><li id=\"field_10_21\" class=\"gfield gfield--type-number field_sublabel_below gfield--no-description field_description_below field_validation_below gfield_visibility_visible\"  ><label class='gfield_label gform-field-label' for='input_10_21'>Expression \u00e9crite<\/label><div class='ginput_container ginput_container_number'><input name='input_21' id='input_10_21' type='text' step='any'   value='' class='medium'      aria-invalid=\"false\"  \/><\/div><\/li><\/ul>\n                    <\/div>\n                    <div class='gform-page-footer gform_page_footer top_label'>\n                        <input type='button' id='gform_previous_button_10_17' class='gform_previous_button gform-theme-button gform-theme-button--secondary button' onclick='gform.submission.handleButtonClick(this);' data-submission-type='previous' value='Previous'  \/> <input type='button' id='gform_next_button_10_17' class='gform_next_button gform-theme-button button' onclick='gform.submission.handleButtonClick(this);' data-submission-type='next' value='Next'  \/> \n                    <\/div>\n                <\/div>\n                <div id='gform_page_10_3' class='gform_page' data-js='page-field-id-17' style='display:none;'>\n                    <div class='gform_page_fields'>\n                        <ul id='gform_fields_10_3' class='gform_fields top_label form_sublabel_below description_below validation_below'><li id=\"field_10_16\" class=\"gfield gfield--type-textarea field_sublabel_below gfield--no-description field_description_below field_validation_below gfield_visibility_visible\"  ><label class='gfield_label gform-field-label' for='input_10_16'>R\u00e9digez un paragraphe de 100 mots dans lequel vous raconterez comment vous avez appris le fran\u00e7ais.<\/label><div class='ginput_container ginput_container_textarea'><textarea name='input_16' id='input_10_16' class='textarea medium'      aria-invalid=\"false\"   rows='10' cols='50'><\/textarea><\/div><\/li><li id=\"field_10_31\" class=\"gfield gfield--type-captcha field_sublabel_below gfield--no-description field_description_below field_validation_below gfield_visibility_visible\"  ><label class='gfield_label gform-field-label' for='input_10_31'>CAPTCHA<\/label><div id='input_10_31' class='ginput_container ginput_recaptcha' data-sitekey='6LdcyZ4aAAAAAGTjZNbfp7RrJpBpzAh17X8gUNxI'  data-theme='light' data-tabindex='0'  data-badge=''><\/div><\/li><\/ul><\/div>\n        <div class='gform-page-footer gform_page_footer top_label'><input type='submit' id='gform_previous_button_10' class='gform_previous_button gform-theme-button gform-theme-button--secondary button' onclick='gform.submission.handleButtonClick(this);' data-submission-type='previous' value='Previous'  \/> <input type='submit' id='gform_submit_button_10' class='gform_button button' onclick='gform.submission.handleButtonClick(this);' data-submission-type='submit' value='Submit'  \/> \n            <input type='hidden' class='gform_hidden' name='gform_submission_method' data-js='gform_submission_method_10' value='postback' \/>\n            <input type='hidden' class='gform_hidden' name='gform_theme' data-js='gform_theme_10' id='gform_theme_10' value='legacy' \/>\n            <input type='hidden' class='gform_hidden' name='gform_style_settings' data-js='gform_style_settings_10' id='gform_style_settings_10' value='[]' \/>\n            <input type='hidden' class='gform_hidden' name='is_submit_10' value='1' \/>\n            <input type='hidden' class='gform_hidden' name='gform_submit' value='10' \/>\n            \n            <input type='hidden' class='gform_hidden' name='gform_unique_id' value='' \/>\n            <input type='hidden' class='gform_hidden' name='state_10' value='WyJbXSIsIjc5ZTNmODFjZmM4ZTEyZjNlNjQ0NTllOWQ1MjJkZDUwIl0=' \/>\n            <input type='hidden' autocomplete='off' class='gform_hidden' name='gform_target_page_number_10' id='gform_target_page_number_10' value='2' \/>\n            <input type='hidden' autocomplete='off' class='gform_hidden' name='gform_source_page_number_10' id='gform_source_page_number_10' value='1' \/>\n            <input type='hidden' name='gform_field_values' value='' \/>\n            \n        <\/div>\n             <\/div><\/div>\n                        <\/form>\n                        <\/div><script type=\"text\/javascript\">\n\/* <![CDATA[ *\/\n gform.initializeOnLoaded( function() {gformInitSpinner( 10, 'https:\/\/www.dawsoncollege.qc.ca\/ctd\/wp-content\/plugins\/gravityforms\/images\/spinner.svg', true );jQuery('#gform_ajax_frame_10').on('load',function(){var contents = jQuery(this).contents().find('*').html();var is_postback = contents.indexOf('GF_AJAX_POSTBACK') >= 0;if(!is_postback){return;}var form_content = jQuery(this).contents().find('#gform_wrapper_10');var is_confirmation = jQuery(this).contents().find('#gform_confirmation_wrapper_10').length > 0;var is_redirect = contents.indexOf('gformRedirect(){') >= 0;var is_form = form_content.length > 0 && ! is_redirect && ! is_confirmation;var mt = parseInt(jQuery('html').css('margin-top'), 10) + parseInt(jQuery('body').css('margin-top'), 10) + 100;if(is_form){jQuery('#gform_wrapper_10').html(form_content.html());if(form_content.hasClass('gform_validation_error')){jQuery('#gform_wrapper_10').addClass('gform_validation_error');} else {jQuery('#gform_wrapper_10').removeClass('gform_validation_error');}setTimeout( function() { \/* delay the scroll by 50 milliseconds to fix a bug in chrome *\/ jQuery(document).scrollTop(jQuery('#gform_wrapper_10').offset().top - mt); }, 50 );if(window['gformInitDatepicker']) {gformInitDatepicker();}if(window['gformInitPriceFields']) {gformInitPriceFields();}var current_page = jQuery('#gform_source_page_number_10').val();gformInitSpinner( 10, 'https:\/\/www.dawsoncollege.qc.ca\/ctd\/wp-content\/plugins\/gravityforms\/images\/spinner.svg', true );jQuery(document).trigger('gform_page_loaded', [10, current_page]);window['gf_submitting_10'] = false;}else if(!is_redirect){var confirmation_content = jQuery(this).contents().find('.GF_AJAX_POSTBACK').html();if(!confirmation_content){confirmation_content = contents;}jQuery('#gform_wrapper_10').replaceWith(confirmation_content);jQuery(document).scrollTop(jQuery('#gf_10').offset().top - mt);jQuery(document).trigger('gform_confirmation_loaded', [10]);window['gf_submitting_10'] = false;wp.a11y.speak(jQuery('#gform_confirmation_message_10').text());}else{jQuery('#gform_10').append(contents);if(window['gformRedirect']) {gformRedirect();}}jQuery(document).trigger(\"gform_pre_post_render\", [{ formId: \"10\", currentPage: \"current_page\", abort: function() { this.preventDefault(); } }]);        if (event && event.defaultPrevented) {                return;        }        const gformWrapperDiv = document.getElementById( \"gform_wrapper_10\" );        if ( gformWrapperDiv ) {            const visibilitySpan = document.createElement( \"span\" );            visibilitySpan.id = \"gform_visibility_test_10\";            gformWrapperDiv.insertAdjacentElement( \"afterend\", visibilitySpan );        }        const visibilityTestDiv = document.getElementById( \"gform_visibility_test_10\" );        let postRenderFired = false;        function triggerPostRender() {            if ( postRenderFired ) {                return;            }            postRenderFired = true;            gform.core.triggerPostRenderEvents( 10, current_page );            if ( visibilityTestDiv ) {                visibilityTestDiv.parentNode.removeChild( visibilityTestDiv );            }        }        function debounce( func, wait, immediate ) {            var timeout;            return function() {                var context = this, args = arguments;                var later = function() {                    timeout = null;                    if ( !immediate ) func.apply( context, args );                };                var callNow = immediate && !timeout;                clearTimeout( timeout );                timeout = setTimeout( later, wait );                if ( callNow ) func.apply( context, args );            };        }        const debouncedTriggerPostRender = debounce( function() {            triggerPostRender();        }, 200 );        if ( visibilityTestDiv && visibilityTestDiv.offsetParent === null ) {            const observer = new MutationObserver( ( mutations ) => {                mutations.forEach( ( mutation ) => {                    if ( mutation.type === 'attributes' && visibilityTestDiv.offsetParent !== null ) {                        debouncedTriggerPostRender();                        observer.disconnect();                    }                });            });            observer.observe( document.body, {                attributes: true,                childList: false,                subtree: true,                attributeFilter: [ 'style', 'class' ],            });        } else {            triggerPostRender();        }    } );} ); \n\/* ]]> *\/\n<\/script>\n\n","protected":false},"excerpt":{"rendered":"","protected":false},"author":1,"featured_media":0,"parent":0,"menu_order":0,"comment_status":"closed","ping_status":"closed","template":"","meta":{"footnotes":""},"class_list":["post-10130","page","type-page","status-publish","hentry"],"_links":{"self":[{"href":"https:\/\/www.dawsoncollege.qc.ca\/ctd\/wp-json\/wp\/v2\/pages\/10130","targetHints":{"allow":["GET"]}}],"collection":[{"href":"https:\/\/www.dawsoncollege.qc.ca\/ctd\/wp-json\/wp\/v2\/pages"}],"about":[{"href":"https:\/\/www.dawsoncollege.qc.ca\/ctd\/wp-json\/wp\/v2\/types\/page"}],"author":[{"embeddable":true,"href":"https:\/\/www.dawsoncollege.qc.ca\/ctd\/wp-json\/wp\/v2\/users\/1"}],"replies":[{"embeddable":true,"href":"https:\/\/www.dawsoncollege.qc.ca\/ctd\/wp-json\/wp\/v2\/comments?post=10130"}],"version-history":[{"count":2,"href":"https:\/\/www.dawsoncollege.qc.ca\/ctd\/wp-json\/wp\/v2\/pages\/10130\/revisions"}],"predecessor-version":[{"id":10133,"href":"https:\/\/www.dawsoncollege.qc.ca\/ctd\/wp-json\/wp\/v2\/pages\/10130\/revisions\/10133"}],"wp:attachment":[{"href":"https:\/\/www.dawsoncollege.qc.ca\/ctd\/wp-json\/wp\/v2\/media?parent=10130"}],"curies":[{"name":"wp","href":"https:\/\/api.w.org\/{rel}","templated":true}]}}