{"id":10141,"date":"2018-04-11T17:48:35","date_gmt":"2018-04-11T21:48:35","guid":{"rendered":"https:\/\/www.dawsoncollege.qc.ca\/ctd\/?page_id=10141"},"modified":"2020-04-17T15:35:25","modified_gmt":"2020-04-17T19:35:25","slug":"reussir-en-francais-au-bureau","status":"publish","type":"page","link":"https:\/\/www.dawsoncollege.qc.ca\/ctd\/online-french-courses\/reussir-en-francais-au-bureau\/","title":{"rendered":"R\u00e9ussir en fran\u00e7ais au bureau &#8211; Cours \u00e0 distance"},"content":{"rendered":"<div data-service=\"youtube\" data-category=\"functional\" data-id=\"2okZVdx4FHQ\" data-title=\"\" data-autoscale><\/div>\n<h3><strong>R\u00e9ussir en fran\u00e7ais au bureau &#8211; Cours \u00e0 distance non cr\u00e9dit\u00e9 (interm\u00e9diaire)<\/strong><\/h3>\n<p><strong>Description de cours<\/strong><\/p>\n<p>Ce cours s\u2019adresse aux professionnels et travailleurs de bureau qui communiquent d\u00e9j\u00e0 en fran\u00e7ais de niveau interm\u00e9diaire, tant \u00e0 l\u2019oral qu\u2019\u00e0 l\u2019\u00e9crit, mais qui d\u00e9sirent perfectionner leurs comp\u00e9tences communicatives pour r\u00e9ussir en fran\u00e7ais au bureau. Un certificat de participation sera octroy\u00e9 \u00e0 tout participant ayant assist\u00e9 \u00e0 au moins 80\u00a0% du cours.<\/p>\n<p><strong>Objectifs du cours<\/strong><\/p>\n<p>\u00c0 la fin de ce cours, les participants seront capables de\u00a0:<\/p>\n<ul>\n<li>R\u00e9diger des courriels professionnels li\u00e9s \u00e0 leur domaine d\u2019activit\u00e9s<\/li>\n<li>Se pr\u00e9senter \u00e0 l\u2019oral en contexte professionnel<\/li>\n<li>Effectuer une courte pr\u00e9sentation dans son contexte professionnel<\/li>\n<li>Laisser un message t\u00e9l\u00e9phonique complet<\/li>\n<li>Rendre compte des t\u00e2ches effectu\u00e9es au travail<\/li>\n<li>D\u00e9velopper des strat\u00e9gies d\u2019autocorrection<\/li>\n<li>Faire usage d\u2019un vocabulaire adapt\u00e9 au contexte professionnel<\/li>\n<li>Utiliser un niveau de langue appropri\u00e9<\/li>\n<li>Cr\u00e9er et diffuser leur profil professionnel en ligne<\/li>\n<li>Pr\u00e9parer \u00e0 la recherche d&#8217;emploi<\/li>\n<\/ul>\n<p><strong>\u00c9quipements\u00a0requis<\/strong><\/p>\n<ul>\n<li>Acc\u00e8s \u00e0 un ordinateur personnel, \u00e0 une connexion Internet haute vitesse de qualit\u00e9 et aux principaux logiciels de Microsoft (Word, PowerPoint) et Adobe Flash<\/li>\n<li>Un casque d\u2019\u00e9coute avec microphone int\u00e9gr\u00e9<\/li>\n<li>Une Webcam (ex.\u00a0: Logitech)<\/li>\n<\/ul>\n<p><strong>Format du cours<\/strong><\/p>\n<ul>\n<li>12 heures de cours en ligne en direct avec l\u2019instructeur<\/li>\n<li>12 heures de soutien personnalis\u00e9 (au besoin) pendant les heures de bureau pr\u00e9vues par l\u2019instructeur<\/li>\n<li>Autoformation en ligne sans instructeur (optionnel) : 21 heures d\u2019activit\u00e9s compl\u00e9mentaires comprenant des vid\u00e9os et des exercices autocorrig\u00e9s<\/li>\n<\/ul>\n<p><strong>Horaire du cours<\/strong><\/p>\n<ul>\n<li>Du 14 mai au 2 juillet 2020 (8 semaines)<\/li>\n<li>Cours avec l\u2019instructeur\u00a0: Chaque jeudi soir de 19\u00a0h \u00e0 20\u00a0h\u00a030<\/li>\n<li>Soutien personnalis\u00e9 avec l\u2019instructeur : Chaque jeudi soir de 18\u00a0h \u00e0 19\u00a0h et de 20 h 30 \u00e0 21 h<\/li>\n<\/ul>\n<p><strong>Dur\u00e9e :<\/strong>\u00a0Cours de 24 heures (8 semaines)<\/p>\n<p><strong>Tarif : <\/strong>220\u00a0$<\/p>\n<p><strong>Pr\u00e9requis :<\/strong> Fran\u00e7ais langue seconde &#8211; niveau interm\u00e9diaire<\/p>\n<p><em>Avant de vous inscrire, veuillez compl\u00e9ter un test afin d\u2019\u00e9valuer votre niveau d\u2019apprentissage de la langue fran\u00e7aise.<\/em><\/p>\n\n\t\t<style>\n\t\t\t.dc_btn_wrap.inline-block {\n\t\t\t\tmargin-right: 25px;\n\t\t\t}\n\n\t\t\t.buttons-group {\n\t\t\t\tdisplay: flex;\n\t\t\t\tflex-flow: column;\n\t\t\t}\n\n\t\t\t@media only screen and (min-width: 740px) {\n\n\t\t\t\t.buttons-group {\n\t\t\t\t\tdisplay: flex;\n\t\t\t\t\tflex-flow: row wrap;\n\t\t\t\t\tjustify-content: flex-start;\n\t\t\t\t}\n\t\t\t\t.buttons-group.justify-space-between {\n\t\t\t\t\tdisplay: flex;\n\t\t\t\t\tflex-flow: row wrap;\n\t\t\t\t\tjustify-content: space-between;\n\t\t\t\t}\n\n\t\t\t\t.buttons-group.columns-2>div {\n\n\t\t\t\t\twidth: 48%;\n\t\t\t\t}\n\n\t\t\t\t.buttons-group.columns-3>div {\n\n\t\t\t\t\twidth: 32%;\n\t\t\t\t}\n\n\t\t\t\t.buttons-group.columns-4>div {\n\n\t\t\t\t\twidth: 24%;\n\t\t\t\t}\n\t\t\t}\n\n\t\t\t.buttons-group>div {\n\t\t\t\t\/* width: 100%; *\/\n\t\t\t\talign-items: stretch;\n\t\t\t\tdisplay: flex;\n\t\t\t}\n\n\t\t\t.buttons-group.inline-block>div {\n\t\t\t\tdisplay: inline-block;\n\t\t\t\twidth: auto;\n\t\t\t}\n\n\t\t\t.buttons-group .dc_btn {\n\n\t\t\t\tjustify-content: center;\n\t\t\t\twidth: 100%;\n\t\t\t\tflex-direction: initial;\n\t\t\t\tpadding: 20% 10%;\n\n\t\t\t}\n\n\t\t\t.dc_btn {\n\t\t\t\tcursor: pointer;\n\t\t\t\tpadding: 20px;\n\t\t\t\tpadding: 1rem;\n\t\t\t\tcolor: #000;\n\t\t\t\ttext-decoration: none !important;\n\t\t\t\tdisplay: inline-block;\n\t\t\t\tmargin: 2px 2px 0px 0px;\n\t\t\t\tfont-weight: normal !important;\n\t\t\t\t\/*display: flex;\n\t\t\t\talign-items: center;*\/\n\t\t\t\t\/*flex-direction: row-reverse;*\/\n\t\t\t\tfont-family: \"Open Sans\", Arial, sans-serif;\n\t\t\t\t\/**  Oswald,  *\/\n\t\t\t\tletter-spacing: 0.6px;\n\t\t\t\t\/* text-transform: uppercase; *\/\n\t\t\t\tborder-radius: 30px;\n\t\t\t}\n\n\t\t\t.buttons-group .dc_btn {\n\t\t\t\tdisplay: flex;\n\t\t\t\talign-items: center;\n\t\t\t}\n\n\t\t\t.content a.dc_btn::before {\n\t\t\t\tcontent: \"\";\n\t\t\t\tmargin: 0;\n\t\t\t}\n\n\t\t\t.dc_btn i.fa {\n\t\t\t\tmargin-left: -5px;\n\t\t\t\tfont-size: 2rem;\n\t\t\t\tdisplay: inline-block;\n\t\t\t\t\/* vertical-align: middle; *\/\n\t\t\t}\n\n\t\t\t.dc_btn.dcmc_btn i.fa {\n\t\t\t\tmargin-right: -2px;\n\t\t\t\tmargin-left: 0;\n\t\t\t}\n\n\t\t\t.dc_btn.blue {\n\t\t\t\tbackground: #548ec4;\n\t\t\t\tbackground-color: #3D77AE;\n\t\t\t\tcolor: #fff;\n\t\t\t}\n\n\t\t\t.dc_btn.red {\n\t\t\t\tbackground: #bd5276;\n\t\t\t\tcolor: #fff;\n\t\t\t}\n\n\t\t\t.dc_btn.green {\n\t\t\t\tbackground: #41a849;\n\t\t\t\tcolor: #fff;\n\t\t\t}\n\n\t\t\t.dc_btn.orange {\n\t\t\t\tbackground: #e6882a;\n\t\t\t\tcolor: #fff;\n\t\t\t}\n\n\t\t\t.dc_btn.purple {\n\t\t\t\tbackground: #7248ae;\n\t\t\t\tcolor: #fff;\n\t\t\t}\n\n\t\t\t.dc_btn.black {\n\t\t\t\tbackground: #000000;\n\t\t\t\tcolor: #fff;\n\t\t\t\tborder: 1px solid #000;\n\t\t\t}\n\n\t\t\ta.dc_btn.black:hover {\n\t\t\t\tbackground: #fff;\n\t\t\t\tborder: 1px solid #000;\n\t\t\t\tcolor: #000 !important;\n\t\t\t}\n\n\t\t\t.clear-both {\n\t\t\t\tclear: both;\n\t\t\t}\n\n\t\t\ta.dc_btn:hover {\n\t\t\t\tbackground: #000;\n\t\t\t\tcolor: #fff !important;\n\t\t\t}\n\n\t\t\ta.dc_btn:visited {\n\t\t\t\tcolor: #fff !important;\n\t\t\t}\n\n\t\t\ta.dc_btn:active {\n\t\t\t\tcolor: #fff !important;\n\t\t\t}\n\n\t\t\t.dc_btn.big,\n\t\t\t.dc_btn.large {\n\t\t\t\twidth: 100%;\n\t\t\t\ttext-align: center;\n\t\t\t\tfont-size: 30px;\n\t\t\t\tpadding: 15px 20px;\n\t\t\t\tcolor: #fff;\n\t\t\t}\n\n\t\t\t.dc_btn.icon_only {\n\t\t\t\tbackground: transparent;\n\t\t\t\tpadding: 5px 10px;\n\t\t\t\tmargin: 0 auto;\n\t\t\t\tborder-radius: 10px;\n\t\t\t}\n\n\t\t\t.dc_btn.icon_only i.fa {\n\t\t\t\tmargin-left: 0;\n\t\t\t}\n\n\t\t\t.dc_btn i {}\n\n\t\t\t.icon_only i {\n\t\t\t\tpadding: 0;\n\t\t\t\tmargin: 0;\n\t\t\t\tcolor: inherit;\n\t\t\t\tfont-size: 32px;\n\t\t\t}\n\n\t\t\t.dcmc_btn {\n\t\t\t\tcursor: auto;\n\t\t\t\tline-height: 30px;\n\t\t\t\tdisplay: block;\n\t\t\t\tdisplay: flex;\n\t\t\t\tbackground: #222;\n\t\t\t\tbox-shadow: -10px 0 0 rgb(47, 146, 56), -20px 0 0 rgb(93, 40, 128), -30px 0 0 rgb(218, 129, 25), -40px 0 0 rgb(24, 131, 199);\n\t\t\t\tcolor: #fff;\n\t\t\t\tmargin-left: 40px;\n\t\t\t\tmargin-bottom: 20px;\n\t\t\t\ttext-decoration: none !important;\n\t\t\t\tcursor: pointer;\n\t\t\t}\n\n\t\t\t\/*a.dcmc_btn[href$=pdf]{ display: block; display: flex; }*\/\n\t\t\t\/*.dcmc_title{ font-size:30px; line-height: 35px; font-family:Oswald, \"Open Sans\", Arial, sans-serif; display:block; letter-spacing:1px; text-transform: uppercase;}*\/\n\t\t\t\/*.dcmc_desc{ font-size:16px; letter-spacing:0.7px; font-family:Oswald, \"Open Sans\", Arial, sans-serif; display:block; text-transform: uppercase; padding: 0 1rem;}*\/\n\t\t\t\/*.dcmc_btn i{ float: right; font-size: 3em; }*\/\n\t\t\t\/*a.dcmc_btn::before{ content: \"\"; display: none;}*\/\n\t\t\t\/*.dcmc_btn.small{ padding: 20px 20px 15px 20px; line-height: 22px; box-shadow: -10px 0 0 #2f9238,-20px 0 0 #5d2880,-30px 0 0 #da8119,-40px 0 0 #1883c7; margin-left:40px; margin-bottom: 10px;}*\/\n\t\t\t\/*.dcmc_btn.small .dcmc_title{ font-size: 20px; line-height: 22px; font-weight: 400;}*\/\n\t\t\t\/*.dcmc_btn.small .dcmc_desc{ font-size: 13px;}*\/\n\t\t\t\/*.dcmc_btn.small i{ font-size: 2em;}*\/\n\n\t\t\t\/*.dcmc_btn.light{ !* Permalink - use to edit and share this gradient: http:\/\/colorzilla.com\/gradient-editor\/#ffffff+0,dddddd+100 *!*\/\n\t\t\t\/*background: #ffffff; !* Old browsers *!*\/\n\t\t\t\/*background: -moz-linear-gradient(top,  #ffffff 0%, #dddddd 100%); !* FF3.6-15 *!*\/\n\t\t\t\/*background: -webkit-linear-gradient(top,  #ffffff 0%,#dddddd 100%); !* Chrome10-25,Safari5.1-6 *!*\/\n\t\t\t\/*background: linear-gradient(to bottom,  #ffffff 0%,#dddddd 100%); !* W3C, IE10+, FF16+, Chrome26+, Opera12+, Safari7+ *!*\/\n\t\t\t\/*filter: progid:DXImageTransform.Microsoft.gradient( startColorstr='#ffffff', endColorstr='#dddddd',GradientType=0 ); !* IE6-9 *!*\/\n\t\t\t\/*border: 1px solid #C7C7C7;*\/\n\t\t\t\/*border-left: none;*\/\n\t\t\t\/*color: #000;*\/\n\t\t\t\/*}*\/\n\t\t\t\/*.dcmc_btn i{ float: right; font-size: 3em; }*\/\n\t\t\t\/*.dcmc_btn.light i{ }*\/\n\n\t\t\t\/*.dcmc_btn.round20{ border-radius: 20px; }*\/\n\t\t\t\/*.dcmc_btn.round10{ border-radius: 10px; }*\/\n\t\t\t\/*.dcmc_btn.round5{ border-radius: 5px; }*\/\n\n\n\t\t\t.btn-dc-light {\n\t\t\t\tdisplay: inline-block;\n\t\t\t\tbackground-color: #fff;\n\t\t\t\tpadding: 12px 14px;\n\t\t\t\tborder-top-left-radius: 5px;\n\t\t\t\tborder-bottom-left-radius: 5px;\n\t\t\t\tposition: relative;\n\t\t\t\ttext-decoration: none !important;\n\t\t\t\tcolor: #3878c2 !important;\n\t\t\t\tbox-shadow: rgba(0, 0, 0, 0.05) 0px 6px 24px 0px, rgba(0, 0, 0, 0.08) 0px 0px 0px 1px;\n\t\t\t\tposition: relative;\n\t\t\t\tz-index: 1;\n\t\t\t\tfont-weight: 400 !important;\n\t\t\t\tfont-size: 14px !important;\n\t\t\t\tfont-size: 1.4rem !important;\n\t\t\t\tmargin-bottom: 10px;\n\t\t\t}\n\n\t\t\t.btn-dc-light:after {\n\t\t\t\tbackground-color: #4fc2c4;\n\t\t\t\tdisplay: inline-block;\n\t\t\t\tcontent: \"\";\n\t\t\t\tposition: absolute;\n\t\t\t\ttop: 0;\n\t\t\t\tleft: 100%;\n\t\t\t\theight: 100%;\n\t\t\t\twidth: 50px;\n\t\t\t\tbackground-image: url('\/wp-content\/themes\/dawson-college-2022\/images\/2022\/icons\/right-arrow-white.svg');\n\t\t\t\tbackground-repeat: no-repeat;\n\t\t\t\tbackground-position: center;\n\t\t\t\tbackground-size: 75%;\n\t\t\t\tborder-top-right-radius: 5px;\n\t\t\t\tborder-bottom-right-radius: 5px;\n\n\t\t\t}\n\n\t\t\t.btn-dc-dark span {\n\t\t\t\tbackground-color: #0b58b4;\n\t\t\t\tpadding: 12px 14px;\n\t\t\t\tborder-top-left-radius: 5px;\n\t\t\t\tborder-bottom-left-radius: 5px;\n\t\t\t}\n\n\t\t\t.btn-dc-dark {\n\t\t\t\tdisplay: inline-block;\n\t\t\t\tposition: relative;\n\t\t\t\ttext-decoration: none !important;\n\t\t\t\tcolor: #fff !important;\n\t\t\t\t\/* box-shadow: rgba(0, 0, 0, 0.05) 0px 6px 24px 0px, rgba(0, 0, 0, 0.08) 0px 0px 0px 1px; *\/\n\t\t\t\tposition: relative;\n\t\t\t\tz-index: 1;\n\t\t\t\tfont-weight: 400 !important;\n\t\t\t\tfont-size: 14px !important;\n\t\t\t\tfont-size: 1.4rem !important;\n\t\t\t\tmargin-bottom: 10px;\n\t\t\t\tpadding-right: 50px;\n\t\t\t}\n\n\t\t\ta.btn-dc-dark::before {\n\t\t\t\tcontent: \"\";\n\t\t\t}\n\n\t\t\t.btn-dc-dark span{\n\t\t\t\tposition: relative;\n\t\t\t\tdisplay: inline-block!important;\n\t\t\t}\n\t\t\t\n\t\t\t.btn-dc-dark span:after {\n\t\t\t\tbackground-color: #4fc2c4;\n\t\t\t\tdisplay: inline-block;\n\t\t\t\tcontent: \"\";\n\t\t\t\tposition: absolute;\n\t\t\t\ttop: 0;\n\t\t\t\tleft: 100%;\n\t\t\t\theight: 100%;\n\t\t\t\twidth: 50px;\n\t\t\t\tbackground-image: url('\/wp-content\/themes\/dawson-college-2022\/images\/2022\/icons\/right-arrow-white.svg');\n\t\t\t\tbackground-repeat: no-repeat;\n\t\t\t\tbackground-position: center;\n\t\t\t\tbackground-size: 75%;\n\t\t\t\tborder-top-right-radius: 5px;\n\t\t\t\tborder-bottom-right-radius: 5px;\n\t\t\t\ttransition: all 0.1s ease;\n\t\t\t}\n\n\t\t\t.btn-dc-dark:hover span {\n\t\t\t\tbox-shadow: -1px 0 0 #4fc2c4, inset 0 -1px 0 #4fc2c4, inset 0px 0 0 #4fc2c4, inset 0 1px 0 #4fc2c4;\n\t\t\t\tbackground-color: #fff!important;\n\t\t\t\tcolor: #0b58b4;\n\t\t\t}\n\n\t\t\t\/* .btn-dc-dark:hover{\n\t\t\tbackground-color: #fff;\n\t\t\tcolor: #0b58b4!important;\n\t\t} *\/\n\n\t\t\t@media only screen and (max-width: 740px) {\n\t\t\t\t.dcmc_btn {\n\t\t\t\t\tline-height: 22px;\n\t\t\t\t\tbox-shadow: -12px 0 0 rgb(47, 146, 56), -24px 0 0 rgb(93, 40, 128), -36px 0 0 rgb(218, 129, 25), -48px 0 0 rgb(24, 131, 199);\n\t\t\t\t\tpadding: 15px 15px 12px;\n\t\t\t\t\tmargin-left: 48px;\n\t\t\t\t}\n\n\t\t\t\t.dcmc_title {\n\t\t\t\t\tfont-size: 22px;\n\t\t\t\t}\n\n\t\t\t\t.dcmc_desc {\n\t\t\t\t\tfont-size: 12px;\n\t\t\t\t}\n\t\t\t}\n\n\t\t\t@media only screen and (max-width: 500px) {\n\t\t\t\t.dcmc_btn {\n\t\t\t\t\tbox-shadow: -8px 0 0 rgb(47, 146, 56), -16px 0 0 rgb(93, 40, 128), -24px 0 0 rgb(218, 129, 25), -32px 0 0 rgb(24, 131, 199);\n\t\t\t\t\tpadding: 10px 10px;\n\t\t\t\t\tmargin-left: 32px;\n\t\t\t\t\tline-height: 16px;\n\t\t\t\t}\n\n\t\t\t\t.dcmc_title {\n\t\t\t\t\tfont-size: 15px;\n\t\t\t\t}\n\n\t\t\t\t.dcmc_desc {\n\t\t\t\t\tfont-size: 10px;\n\t\t\t\t}\n\t\t\t}\n\t\t<\/style>\n\n\t\t<div class=\"dc_btn_wrap \" style=\"text-align:left; display:block;\"><a target=\"_blank\" style=\"  font-size:16px;  \" class=\"btn-dc-dark blue  \" href=\"https:\/\/www.dawsoncollege.qc.ca\/ctd\/test-de-classement-reussir-en-francais-au-bureau\/\"><span style=\"display:block; align-items:center; height:100%;\">Test de classement<\/span><\/a><\/div>\n<p>*<em>Nous vous contacterons seulement si des informations suppl\u00e9mentaires sont requises.<\/em><\/p>\n<p><em>Veuillez prendre note que tous les d\u00e9tails du cours seront envoy\u00e9s aux participants 5 jours ouvrables avant le d\u00e9but de la formation.<\/em><\/p>\n<div class=\"dc_btn_wrap \" style=\"text-align:left; display:block;\"><a  style=\"  font-size:16px;  \" class=\"btn-dc-dark green  \" href=\"https:\/\/dawson-ctd.omnivox.ca\/Cncr\/insc\/InfoActivite.ovx?NoActivite=S20_S20-520026&amp;L=ANG\"><span style=\"display:block; align-items:center; height:100%;\">Register Now<\/span><\/a><\/div>\n<p>&nbsp;<\/p>\n<div class=\"program-meta-box\"><\/div>\n","protected":false},"excerpt":{"rendered":"<p>R\u00e9ussir en fran\u00e7ais au bureau &#8211; Cours \u00e0 distance non cr\u00e9dit\u00e9 (interm\u00e9diaire) Description de cours Ce cours s\u2019adresse aux professionnels et travailleurs de bureau qui communiquent d\u00e9j\u00e0 en fran\u00e7ais de niveau interm\u00e9diaire, tant \u00e0 l\u2019oral qu\u2019\u00e0 l\u2019\u00e9crit, mais qui d\u00e9sirent perfectionner leurs comp\u00e9tences communicatives pour r\u00e9ussir en fran\u00e7ais au bureau. Un certificat de participation sera&#8230;<\/p>\n","protected":false},"author":34,"featured_media":0,"parent":10113,"menu_order":0,"comment_status":"closed","ping_status":"closed","template":"","meta":{"footnotes":""},"class_list":["post-10141","page","type-page","status-publish","hentry"],"_links":{"self":[{"href":"https:\/\/www.dawsoncollege.qc.ca\/ctd\/wp-json\/wp\/v2\/pages\/10141","targetHints":{"allow":["GET"]}}],"collection":[{"href":"https:\/\/www.dawsoncollege.qc.ca\/ctd\/wp-json\/wp\/v2\/pages"}],"about":[{"href":"https:\/\/www.dawsoncollege.qc.ca\/ctd\/wp-json\/wp\/v2\/types\/page"}],"author":[{"embeddable":true,"href":"https:\/\/www.dawsoncollege.qc.ca\/ctd\/wp-json\/wp\/v2\/users\/34"}],"replies":[{"embeddable":true,"href":"https:\/\/www.dawsoncollege.qc.ca\/ctd\/wp-json\/wp\/v2\/comments?post=10141"}],"version-history":[{"count":11,"href":"https:\/\/www.dawsoncollege.qc.ca\/ctd\/wp-json\/wp\/v2\/pages\/10141\/revisions"}],"predecessor-version":[{"id":21467,"href":"https:\/\/www.dawsoncollege.qc.ca\/ctd\/wp-json\/wp\/v2\/pages\/10141\/revisions\/21467"}],"up":[{"embeddable":true,"href":"https:\/\/www.dawsoncollege.qc.ca\/ctd\/wp-json\/wp\/v2\/pages\/10113"}],"wp:attachment":[{"href":"https:\/\/www.dawsoncollege.qc.ca\/ctd\/wp-json\/wp\/v2\/media?parent=10141"}],"curies":[{"name":"wp","href":"https:\/\/api.w.org\/{rel}","templated":true}]}}