{"id":19514,"date":"2019-11-26T15:30:12","date_gmt":"2019-11-26T20:30:12","guid":{"rendered":"https:\/\/www.dawsoncollege.qc.ca\/ctd\/?page_id=19514"},"modified":"2024-01-18T13:18:52","modified_gmt":"2024-01-18T18:18:52","slug":"test-de-classement-6","status":"publish","type":"page","link":"https:\/\/www.dawsoncollege.qc.ca\/ctd\/language-self-evaluation-tests\/test-de-classement-6\/","title":{"rendered":"Test de classement #6"},"content":{"rendered":"<div data-wg-notranslate><p><script type=\"text\/javascript\">\n\/* <![CDATA[ *\/\nvar gform;gform||(document.addEventListener(\"gform_main_scripts_loaded\",function(){gform.scriptsLoaded=!0}),document.addEventListener(\"gform\/theme\/scripts_loaded\",function(){gform.themeScriptsLoaded=!0}),window.addEventListener(\"DOMContentLoaded\",function(){gform.domLoaded=!0}),gform={domLoaded:!1,scriptsLoaded:!1,themeScriptsLoaded:!1,isFormEditor:()=>\"function\"==typeof InitializeEditor,callIfLoaded:function(o){return!(!gform.domLoaded||!gform.scriptsLoaded||!gform.themeScriptsLoaded&&!gform.isFormEditor()||(gform.isFormEditor()&&console.warn(\"The use of gform.initializeOnLoaded() is deprecated in the form editor context and will be removed in Gravity Forms 3.1.\"),o(),0))},initializeOnLoaded:function(o){gform.callIfLoaded(o)||(document.addEventListener(\"gform_main_scripts_loaded\",()=>{gform.scriptsLoaded=!0,gform.callIfLoaded(o)}),document.addEventListener(\"gform\/theme\/scripts_loaded\",()=>{gform.themeScriptsLoaded=!0,gform.callIfLoaded(o)}),window.addEventListener(\"DOMContentLoaded\",()=>{gform.domLoaded=!0,gform.callIfLoaded(o)}))},hooks:{action:{},filter:{}},addAction:function(o,r,e,t){gform.addHook(\"action\",o,r,e,t)},addFilter:function(o,r,e,t){gform.addHook(\"filter\",o,r,e,t)},doAction:function(o){gform.doHook(\"action\",o,arguments)},applyFilters:function(o){return gform.doHook(\"filter\",o,arguments)},removeAction:function(o,r){gform.removeHook(\"action\",o,r)},removeFilter:function(o,r,e){gform.removeHook(\"filter\",o,r,e)},addHook:function(o,r,e,t,n){null==gform.hooks[o][r]&&(gform.hooks[o][r]=[]);var d=gform.hooks[o][r];null==n&&(n=r+\"_\"+d.length),gform.hooks[o][r].push({tag:n,callable:e,priority:t=null==t?10:t})},doHook:function(r,o,e){var t;if(e=Array.prototype.slice.call(e,1),null!=gform.hooks[r][o]&&((o=gform.hooks[r][o]).sort(function(o,r){return o.priority-r.priority}),o.forEach(function(o){\"function\"!=typeof(t=o.callable)&&(t=window[t]),\"action\"==r?t.apply(null,e):e[0]=t.apply(null,e)})),\"filter\"==r)return e[0]},removeHook:function(o,r,t,n){var e;null!=gform.hooks[o][r]&&(e=(e=gform.hooks[o][r]).filter(function(o,r,e){return!!(null!=n&&n!=o.tag||null!=t&&t!=o.priority)}),gform.hooks[o][r]=e)}});\n\/* ]]> *\/\n<\/script>\n\n                <div class='gf_browser_gecko gform_wrapper gform_legacy_markup_wrapper gform-theme--no-framework' data-form-theme='legacy' data-form-index='0' id='gform_wrapper_23' ><form method='post' enctype='multipart\/form-data'  id='gform_23'  action='\/ctd\/wp-json\/wp\/v2\/pages\/19514' data-formid='23' novalidate>\n                        <div class='gform-body gform_body'><ul id='gform_fields_23' class='gform_fields top_label form_sublabel_below description_below validation_below'><li id=\"field_23_2\" class=\"gfield gfield--type-html gfield_html gfield_html_formatted gfield_no_follows_desc field_sublabel_below gfield--no-description field_description_below field_validation_below gfield_visibility_visible\"  >Questionnaire # 6 \u2013 Si vous avez de la difficult\u00e9 \u00e0 r\u00e9pondre \u00e0 ces questions, inscrivez-vous au Niveau 6. Si vous avez r\u00e9pondu \u00e0 75 % de ces questions, sans difficult\u00e9, songez alors \u00e0 vous inscrire \u00e0 un cours de r\u00e9daction ou \u00e0 un cours de fran\u00e7ais des affaires.<\/li><li id=\"field_23_1\" class=\"gfield gfield--type-quiz gfield--type-choice gfield--input-type-radio field_sublabel_below gfield--no-description field_description_below field_validation_below gfield_visibility_visible gquiz-field \"  data-field-class=\"gquiz-field\" ><label class='gfield_label gform-field-label' >Tes enfants suivent des cours tous les jours ? ___________ ont juste un cours deux fois par semaine.<\/label><div class='ginput_container ginput_container_radio'><ul class='gfield_radio' id='input_23_1'>\n\t\t\t<li class='gchoice gchoice_23_1_0'>\n\t\t\t\t<input name='input_1' type='radio' value='gquiz1aab157ac'  id='choice_23_1_0'    \/>\n\t\t\t\t<label for='choice_23_1_0' id='label_23_1_0' class='gform-field-label gform-field-label--type-inline'>Les tiennes<\/label>\n\t\t\t<\/li>\n\t\t\t<li class='gchoice gchoice_23_1_1'>\n\t\t\t\t<input name='input_1' type='radio' value='gquiz1f48ad8f3'  id='choice_23_1_1'    \/>\n\t\t\t\t<label for='choice_23_1_1' id='label_23_1_1' class='gform-field-label gform-field-label--type-inline'>Les miennes<\/label>\n\t\t\t<\/li>\n\t\t\t<li class='gchoice gchoice_23_1_2'>\n\t\t\t\t<input name='input_1' type='radio' value='gquiz1ddaa58ca'  id='choice_23_1_2'    \/>\n\t\t\t\t<label for='choice_23_1_2' id='label_23_1_2' class='gform-field-label gform-field-label--type-inline'>Les miens<\/label>\n\t\t\t<\/li><\/ul><\/div><\/li><li id=\"field_23_3\" class=\"gfield gfield--type-quiz gfield--type-choice gfield--input-type-radio field_sublabel_below gfield--no-description field_description_below field_validation_below gfield_visibility_visible gquiz-field \"  data-field-class=\"gquiz-field\" ><label class='gfield_label gform-field-label' >___________ me renseigner s\u2019il vous plait ?<\/label><div class='ginput_container ginput_container_radio'><ul class='gfield_radio' id='input_23_3'>\n\t\t\t<li class='gchoice gchoice_23_3_0'>\n\t\t\t\t<input name='input_3' type='radio' value='gquiz3a6d3dfa8'  id='choice_23_3_0'    \/>\n\t\t\t\t<label for='choice_23_3_0' id='label_23_3_0' class='gform-field-label gform-field-label--type-inline'>Pouriez-vous<\/label>\n\t\t\t<\/li>\n\t\t\t<li class='gchoice gchoice_23_3_1'>\n\t\t\t\t<input name='input_3' type='radio' value='gquiz3be846c20'  id='choice_23_3_1'    \/>\n\t\t\t\t<label for='choice_23_3_1' id='label_23_3_1' class='gform-field-label gform-field-label--type-inline'>Pourriez-vous<\/label>\n\t\t\t<\/li>\n\t\t\t<li class='gchoice gchoice_23_3_2'>\n\t\t\t\t<input name='input_3' type='radio' value='gquiz36aa20292'  id='choice_23_3_2'    \/>\n\t\t\t\t<label for='choice_23_3_2' id='label_23_3_2' class='gform-field-label gform-field-label--type-inline'>Pourez-vous<\/label>\n\t\t\t<\/li><\/ul><\/div><\/li><li id=\"field_23_4\" class=\"gfield gfield--type-quiz gfield--type-choice gfield--input-type-radio field_sublabel_below gfield--no-description field_description_below field_validation_below gfield_visibility_visible gquiz-field \"  data-field-class=\"gquiz-field\" ><label class='gfield_label gform-field-label' >Au Qu\u00e9bec, qu\u2019est-ce qu\u2019\u00ab un chandail \u00bb ?<\/label><div class='ginput_container ginput_container_radio'><ul class='gfield_radio' id='input_23_4'>\n\t\t\t<li class='gchoice gchoice_23_4_0'>\n\t\t\t\t<input name='input_4' type='radio' value='gquiz47042f6a8'  id='choice_23_4_0'    \/>\n\t\t\t\t<label for='choice_23_4_0' id='label_23_4_0' class='gform-field-label gform-field-label--type-inline'>un instrument<\/label>\n\t\t\t<\/li>\n\t\t\t<li class='gchoice gchoice_23_4_1'>\n\t\t\t\t<input name='input_4' type='radio' value='gquiz41c5322bb'  id='choice_23_4_1'    \/>\n\t\t\t\t<label for='choice_23_4_1' id='label_23_4_1' class='gform-field-label gform-field-label--type-inline'>un v\u00eatement<\/label>\n\t\t\t<\/li>\n\t\t\t<li class='gchoice gchoice_23_4_2'>\n\t\t\t\t<input name='input_4' type='radio' value='gquiz43b6aa044'  id='choice_23_4_2'    \/>\n\t\t\t\t<label for='choice_23_4_2' id='label_23_4_2' class='gform-field-label gform-field-label--type-inline'>un aliment<\/label>\n\t\t\t<\/li><\/ul><\/div><\/li><li id=\"field_23_5\" class=\"gfield gfield--type-quiz gfield--type-choice gfield--input-type-radio field_sublabel_below gfield--no-description field_description_below field_validation_below gfield_visibility_visible gquiz-field \"  data-field-class=\"gquiz-field\" ><label class='gfield_label gform-field-label' >Ils __________ ont parl\u00e9 de _____ coll\u00e8gues toute la journ\u00e9e.<\/label><div class='ginput_container ginput_container_radio'><ul class='gfield_radio' id='input_23_5'>\n\t\t\t<li class='gchoice gchoice_23_5_0'>\n\t\t\t\t<input name='input_5' type='radio' value='gquiz55bd10140'  id='choice_23_5_0'    \/>\n\t\t\t\t<label for='choice_23_5_0' id='label_23_5_0' class='gform-field-label gform-field-label--type-inline'>leur \/ leurs<\/label>\n\t\t\t<\/li>\n\t\t\t<li class='gchoice gchoice_23_5_1'>\n\t\t\t\t<input name='input_5' type='radio' value='gquiz56013723d'  id='choice_23_5_1'    \/>\n\t\t\t\t<label for='choice_23_5_1' id='label_23_5_1' class='gform-field-label gform-field-label--type-inline'>leurs \/ leurs<\/label>\n\t\t\t<\/li>\n\t\t\t<li class='gchoice gchoice_23_5_2'>\n\t\t\t\t<input name='input_5' type='radio' value='gquiz51964ee64'  id='choice_23_5_2'    \/>\n\t\t\t\t<label for='choice_23_5_2' id='label_23_5_2' class='gform-field-label gform-field-label--type-inline'>leur \/ ses<\/label>\n\t\t\t<\/li><\/ul><\/div><\/li><li id=\"field_23_6\" class=\"gfield gfield--type-quiz gfield--type-choice gfield--input-type-radio field_sublabel_below gfield--no-description field_description_below field_validation_below gfield_visibility_visible gquiz-field \"  data-field-class=\"gquiz-field\" ><label class='gfield_label gform-field-label' >Est-ce que vous avez d\u00e9jeun\u00e9 ce matin ? En fait, je veux savoir ________ vous avez faim.<\/label><div class='ginput_container ginput_container_radio'><ul class='gfield_radio' id='input_23_6'>\n\t\t\t<li class='gchoice gchoice_23_6_0'>\n\t\t\t\t<input name='input_6' type='radio' value='gquiz6a7fbd371'  id='choice_23_6_0'    \/>\n\t\t\t\t<label for='choice_23_6_0' id='label_23_6_0' class='gform-field-label gform-field-label--type-inline'>si<\/label>\n\t\t\t<\/li>\n\t\t\t<li class='gchoice gchoice_23_6_1'>\n\t\t\t\t<input name='input_6' type='radio' value='gquiz68e498ca2'  id='choice_23_6_1'    \/>\n\t\t\t\t<label for='choice_23_6_1' id='label_23_6_1' class='gform-field-label gform-field-label--type-inline'>ce que<\/label>\n\t\t\t<\/li>\n\t\t\t<li class='gchoice gchoice_23_6_2'>\n\t\t\t\t<input name='input_6' type='radio' value='gquiz63d95480b'  id='choice_23_6_2'    \/>\n\t\t\t\t<label for='choice_23_6_2' id='label_23_6_2' class='gform-field-label gform-field-label--type-inline'>qu\u2019est-ce que<\/label>\n\t\t\t<\/li><\/ul><\/div><\/li><li id=\"field_23_7\" class=\"gfield gfield--type-quiz gfield--type-choice gfield--input-type-radio field_sublabel_below gfield--no-description field_description_below field_validation_below gfield_visibility_visible gquiz-field \"  data-field-class=\"gquiz-field\" ><label class='gfield_label gform-field-label' >Ce matin, il _______ tr\u00e8s tard quand _________________.<\/label><div class='ginput_container ginput_container_radio'><ul class='gfield_radio' id='input_23_7'>\n\t\t\t<li class='gchoice gchoice_23_7_0'>\n\t\t\t\t<input name='input_7' type='radio' value='gquiz77453b494'  id='choice_23_7_0'    \/>\n\t\t\t\t<label for='choice_23_7_0' id='label_23_7_0' class='gform-field-label gform-field-label--type-inline'>a \u00e9t\u00e9 \/ je me r\u00e9veillais<\/label>\n\t\t\t<\/li>\n\t\t\t<li class='gchoice gchoice_23_7_1'>\n\t\t\t\t<input name='input_7' type='radio' value='gquiz7a3e9fc05'  id='choice_23_7_1'    \/>\n\t\t\t\t<label for='choice_23_7_1' id='label_23_7_1' class='gform-field-label gform-field-label--type-inline'>\u00e9tait \/ je m\u2019ai r\u00e9veill\u00e9<\/label>\n\t\t\t<\/li>\n\t\t\t<li class='gchoice gchoice_23_7_2'>\n\t\t\t\t<input name='input_7' type='radio' value='gquiz7f19181b0'  id='choice_23_7_2'    \/>\n\t\t\t\t<label for='choice_23_7_2' id='label_23_7_2' class='gform-field-label gform-field-label--type-inline'>\u00e9tait \/ je me suis r\u00e9veill\u00e9e<\/label>\n\t\t\t<\/li><\/ul><\/div><\/li><li id=\"field_23_8\" class=\"gfield gfield--type-quiz gfield--type-choice gfield--input-type-radio field_sublabel_below gfield--no-description field_description_below field_validation_below gfield_visibility_visible gquiz-field \"  data-field-class=\"gquiz-field\" ><label class='gfield_label gform-field-label' >Je regrette de ne jamais m\u2019______________________ .<\/label><div class='ginput_container ginput_container_radio'><ul class='gfield_radio' id='input_23_8'>\n\t\t\t<li class='gchoice gchoice_23_8_0'>\n\t\t\t\t<input name='input_8' type='radio' value='gquiz8809c3c25'  id='choice_23_8_0'    \/>\n\t\t\t\t<label for='choice_23_8_0' id='label_23_8_0' class='gform-field-label gform-field-label--type-inline'>\u00eatre inscrit au cours de fran\u00e7ais.<\/label>\n\t\t\t<\/li>\n\t\t\t<li class='gchoice gchoice_23_8_1'>\n\t\t\t\t<input name='input_8' type='radio' value='gquiz84cd8b2d8'  id='choice_23_8_1'    \/>\n\t\t\t\t<label for='choice_23_8_1' id='label_23_8_1' class='gform-field-label gform-field-label--type-inline'>avoir inscrit au cours de fran\u00e7ais.<\/label>\n\t\t\t<\/li>\n\t\t\t<li class='gchoice gchoice_23_8_2'>\n\t\t\t\t<input name='input_8' type='radio' value='gquiz83b0a3f82'  id='choice_23_8_2'    \/>\n\t\t\t\t<label for='choice_23_8_2' id='label_23_8_2' class='gform-field-label gform-field-label--type-inline'>inscrire au cours de fran\u00e7ais.<\/label>\n\t\t\t<\/li><\/ul><\/div><\/li><li id=\"field_23_9\" class=\"gfield gfield--type-quiz gfield--type-choice gfield--input-type-radio field_sublabel_below gfield--no-description field_description_below field_validation_below gfield_visibility_visible gquiz-field \"  data-field-class=\"gquiz-field\" ><label class='gfield_label gform-field-label' >Tourner ________ gauche. Tourner _________ rond. Tourner _________ pot.<\/label><div class='ginput_container ginput_container_radio'><ul class='gfield_radio' id='input_23_9'>\n\t\t\t<li class='gchoice gchoice_23_9_0'>\n\t\t\t\t<input name='input_9' type='radio' value='gquiz9053de48a'  id='choice_23_9_0'    \/>\n\t\t\t\t<label for='choice_23_9_0' id='label_23_9_0' class='gform-field-label gform-field-label--type-inline'>\u00e0 \u2013 autour du \u2013 en<\/label>\n\t\t\t<\/li>\n\t\t\t<li class='gchoice gchoice_23_9_1'>\n\t\t\t\t<input name='input_9' type='radio' value='gquiz9d61775f8'  id='choice_23_9_1'    \/>\n\t\t\t\t<label for='choice_23_9_1' id='label_23_9_1' class='gform-field-label gform-field-label--type-inline'>\u00e0 \u2013 en \u2013 autour du<\/label>\n\t\t\t<\/li>\n\t\t\t<li class='gchoice gchoice_23_9_2'>\n\t\t\t\t<input name='input_9' type='radio' value='gquiz99d70ec83'  id='choice_23_9_2'    \/>\n\t\t\t\t<label for='choice_23_9_2' id='label_23_9_2' class='gform-field-label gform-field-label--type-inline'>en \u2013 \u00e0 \u2013 autour du<\/label>\n\t\t\t<\/li><\/ul><\/div><\/li><li id=\"field_23_10\" class=\"gfield gfield--type-quiz gfield--type-choice gfield--input-type-radio field_sublabel_below gfield--no-description field_description_below field_validation_below gfield_visibility_visible gquiz-field \"  data-field-class=\"gquiz-field\" ><label class='gfield_label gform-field-label' >Que veut dire l\u2019expression \u00ab faire d\u2019une pierre deux coups \u00bb ?<\/label><div class='ginput_container ginput_container_radio'><ul class='gfield_radio' id='input_23_10'>\n\t\t\t<li class='gchoice gchoice_23_10_0'>\n\t\t\t\t<input name='input_10' type='radio' value='gquiz1056c6b5d0'  id='choice_23_10_0'    \/>\n\t\t\t\t<label for='choice_23_10_0' id='label_23_10_0' class='gform-field-label gform-field-label--type-inline'>accomplir deux t\u00e2ches avec une seule action<\/label>\n\t\t\t<\/li>\n\t\t\t<li class='gchoice gchoice_23_10_1'>\n\t\t\t\t<input name='input_10' type='radio' value='gquiz10878659f1'  id='choice_23_10_1'    \/>\n\t\t\t\t<label for='choice_23_10_1' id='label_23_10_1' class='gform-field-label gform-field-label--type-inline'>accomplir la m\u00eame t\u00e2che deux fois de suite<\/label>\n\t\t\t<\/li>\n\t\t\t<li class='gchoice gchoice_23_10_2'>\n\t\t\t\t<input name='input_10' type='radio' value='gquiz1097d7b7f6'  id='choice_23_10_2'    \/>\n\t\t\t\t<label for='choice_23_10_2' id='label_23_10_2' class='gform-field-label gform-field-label--type-inline'>essayer deux fois avant d\u2019accomplir la t\u00e2che<\/label>\n\t\t\t<\/li><\/ul><\/div><\/li><li id=\"field_23_11\" class=\"gfield gfield--type-textarea gfield_contains_required field_sublabel_below gfield--no-description field_description_below field_validation_below gfield_visibility_visible\"  ><label class='gfield_label gform-field-label' for='input_23_11'>Selon vous, quels sont les avantages et les inconv\u00e9nients de vivre \u00e0 Montr\u00e9al ; soyez concis.<span class=\"gfield_required\"><span class=\"gfield_required gfield_required_asterisk\">*<\/span><\/span><\/label><div class='ginput_container ginput_container_textarea'><textarea name='input_11' id='input_23_11' class='textarea medium'     aria-required=\"true\" aria-invalid=\"false\"   rows='10' cols='50'><\/textarea><\/div><\/li><li id=\"field_23_12\" class=\"gfield gfield--type-captcha field_sublabel_below gfield--no-description field_description_below field_validation_below gfield_visibility_visible\"  ><label class='gfield_label gform-field-label' for='input_23_12'>CAPTCHA<\/label><div id='input_23_12' class='ginput_container ginput_recaptcha' data-sitekey='6LdcyZ4aAAAAAGTjZNbfp7RrJpBpzAh17X8gUNxI'  data-theme='light' data-tabindex='0'  data-badge=''><\/div><\/li><\/ul><\/div>\n        <div class='gform-footer gform_footer top_label'> <input type='submit' id='gform_submit_button_23' class='gform_button button' onclick='gform.submission.handleButtonClick(this);' data-submission-type='submit' value='Submit'  \/> \n            <input type='hidden' class='gform_hidden' name='gform_submission_method' data-js='gform_submission_method_23' value='postback' \/>\n            <input type='hidden' class='gform_hidden' name='gform_theme' data-js='gform_theme_23' id='gform_theme_23' value='legacy' \/>\n            <input type='hidden' class='gform_hidden' name='gform_style_settings' data-js='gform_style_settings_23' id='gform_style_settings_23' value='[]' \/>\n            <input type='hidden' class='gform_hidden' name='is_submit_23' value='1' \/>\n            <input type='hidden' class='gform_hidden' name='gform_submit' value='23' \/>\n            \n            <input type='hidden' class='gform_hidden' name='gform_unique_id' value='' \/>\n            <input type='hidden' class='gform_hidden' name='state_23' value='WyJbXSIsIjc5ZTNmODFjZmM4ZTEyZjNlNjQ0NTllOWQ1MjJkZDUwIl0=' \/>\n            <input type='hidden' autocomplete='off' class='gform_hidden' name='gform_target_page_number_23' id='gform_target_page_number_23' value='0' \/>\n            <input type='hidden' autocomplete='off' class='gform_hidden' name='gform_source_page_number_23' id='gform_source_page_number_23' value='1' \/>\n            <input type='hidden' name='gform_field_values' value='' \/>\n            \n        <\/div>\n                        <\/form>\n                        <\/div><script type=\"text\/javascript\">\n\/* <![CDATA[ *\/\n gform.initializeOnLoaded( function() {gformInitSpinner( 23, 'https:\/\/www.dawsoncollege.qc.ca\/ctd\/wp-content\/plugins\/gravityforms\/images\/spinner.svg', true );jQuery('#gform_ajax_frame_23').on('load',function(){var contents = jQuery(this).contents().find('*').html();var is_postback = contents.indexOf('GF_AJAX_POSTBACK') >= 0;if(!is_postback){return;}var form_content = jQuery(this).contents().find('#gform_wrapper_23');var is_confirmation = jQuery(this).contents().find('#gform_confirmation_wrapper_23').length > 0;var is_redirect = contents.indexOf('gformRedirect(){') >= 0;var is_form = form_content.length > 0 && ! is_redirect && ! is_confirmation;var mt = parseInt(jQuery('html').css('margin-top'), 10) + parseInt(jQuery('body').css('margin-top'), 10) + 100;if(is_form){jQuery('#gform_wrapper_23').html(form_content.html());if(form_content.hasClass('gform_validation_error')){jQuery('#gform_wrapper_23').addClass('gform_validation_error');} else {jQuery('#gform_wrapper_23').removeClass('gform_validation_error');}setTimeout( function() { \/* delay the scroll by 50 milliseconds to fix a bug in chrome *\/  }, 50 );if(window['gformInitDatepicker']) {gformInitDatepicker();}if(window['gformInitPriceFields']) {gformInitPriceFields();}var current_page = jQuery('#gform_source_page_number_23').val();gformInitSpinner( 23, 'https:\/\/www.dawsoncollege.qc.ca\/ctd\/wp-content\/plugins\/gravityforms\/images\/spinner.svg', true );jQuery(document).trigger('gform_page_loaded', [23, current_page]);window['gf_submitting_23'] = false;}else if(!is_redirect){var confirmation_content = jQuery(this).contents().find('.GF_AJAX_POSTBACK').html();if(!confirmation_content){confirmation_content = contents;}jQuery('#gform_wrapper_23').replaceWith(confirmation_content);jQuery(document).trigger('gform_confirmation_loaded', [23]);window['gf_submitting_23'] = false;wp.a11y.speak(jQuery('#gform_confirmation_message_23').text());}else{jQuery('#gform_23').append(contents);if(window['gformRedirect']) {gformRedirect();}}jQuery(document).trigger(\"gform_pre_post_render\", [{ formId: \"23\", currentPage: \"current_page\", abort: function() { this.preventDefault(); } }]);        if (event && event.defaultPrevented) {                return;        }        const gformWrapperDiv = document.getElementById( \"gform_wrapper_23\" );        if ( gformWrapperDiv ) {            const visibilitySpan = document.createElement( \"span\" );            visibilitySpan.id = \"gform_visibility_test_23\";            gformWrapperDiv.insertAdjacentElement( \"afterend\", visibilitySpan );        }        const visibilityTestDiv = document.getElementById( \"gform_visibility_test_23\" );        let postRenderFired = false;        function triggerPostRender() {            if ( postRenderFired ) {                return;            }            postRenderFired = true;            gform.core.triggerPostRenderEvents( 23, current_page );            if ( visibilityTestDiv ) {                visibilityTestDiv.parentNode.removeChild( visibilityTestDiv );            }        }        function debounce( func, wait, immediate ) {            var timeout;            return function() {                var context = this, args = arguments;                var later = function() {                    timeout = null;                    if ( !immediate ) func.apply( context, args );                };                var callNow = immediate && !timeout;                clearTimeout( timeout );                timeout = setTimeout( later, wait );                if ( callNow ) func.apply( context, args );            };        }        const debouncedTriggerPostRender = debounce( function() {            triggerPostRender();        }, 200 );        if ( visibilityTestDiv && visibilityTestDiv.offsetParent === null ) {            const observer = new MutationObserver( ( mutations ) => {                mutations.forEach( ( mutation ) => {                    if ( mutation.type === 'attributes' && visibilityTestDiv.offsetParent !== null ) {                        debouncedTriggerPostRender();                        observer.disconnect();                    }                });            });            observer.observe( document.body, {                attributes: true,                childList: false,                subtree: true,                attributeFilter: [ 'style', 'class' ],            });        } else {            triggerPostRender();        }    } );} ); \n\/* ]]> *\/\n<\/script>\n<\/p>\n<\/div>\n","protected":false},"excerpt":{"rendered":"","protected":false},"author":4,"featured_media":0,"parent":116,"menu_order":0,"comment_status":"closed","ping_status":"closed","template":"","meta":{"footnotes":""},"class_list":["post-19514","page","type-page","status-publish","hentry"],"_links":{"self":[{"href":"https:\/\/www.dawsoncollege.qc.ca\/ctd\/wp-json\/wp\/v2\/pages\/19514","targetHints":{"allow":["GET"]}}],"collection":[{"href":"https:\/\/www.dawsoncollege.qc.ca\/ctd\/wp-json\/wp\/v2\/pages"}],"about":[{"href":"https:\/\/www.dawsoncollege.qc.ca\/ctd\/wp-json\/wp\/v2\/types\/page"}],"author":[{"embeddable":true,"href":"https:\/\/www.dawsoncollege.qc.ca\/ctd\/wp-json\/wp\/v2\/users\/4"}],"replies":[{"embeddable":true,"href":"https:\/\/www.dawsoncollege.qc.ca\/ctd\/wp-json\/wp\/v2\/comments?post=19514"}],"version-history":[{"count":5,"href":"https:\/\/www.dawsoncollege.qc.ca\/ctd\/wp-json\/wp\/v2\/pages\/19514\/revisions"}],"predecessor-version":[{"id":34571,"href":"https:\/\/www.dawsoncollege.qc.ca\/ctd\/wp-json\/wp\/v2\/pages\/19514\/revisions\/34571"}],"up":[{"embeddable":true,"href":"https:\/\/www.dawsoncollege.qc.ca\/ctd\/wp-json\/wp\/v2\/pages\/116"}],"wp:attachment":[{"href":"https:\/\/www.dawsoncollege.qc.ca\/ctd\/wp-json\/wp\/v2\/media?parent=19514"}],"curies":[{"name":"wp","href":"https:\/\/api.w.org\/{rel}","templated":true}]}}