{"id":43927,"date":"2025-02-21T11:06:43","date_gmt":"2025-02-21T16:06:43","guid":{"rendered":"https:\/\/www.dawsoncollege.qc.ca\/ctd\/?page_id=43927"},"modified":"2025-07-17T10:44:05","modified_gmt":"2025-07-17T14:44:05","slug":"french-language-centre","status":"publish","type":"page","link":"https:\/\/www.dawsoncollege.qc.ca\/ctd\/french-language-centre\/","title":{"rendered":"French Language Centre"},"content":{"rendered":"<a class=\"link-to-img\" href=\"https:\/\/www.dawsoncollege.qc.ca\/ctd\/wp-content\/uploads\/sites\/88\/Female-student-hand-raised-in-classroom-cropped-1.jpg\"><img loading=\"lazy\" decoding=\"async\" class=\"size-medium wp-image-43972\" src=\"https:\/\/www.dawsoncollege.qc.ca\/ctd\/wp-content\/uploads\/sites\/88\/Female-student-hand-raised-in-classroom-cropped-1-800x377.jpg\" alt=\"\" width=\"800\" height=\"377\" srcset=\"https:\/\/www.dawsoncollege.qc.ca\/ctd\/wp-content\/uploads\/sites\/88\/Female-student-hand-raised-in-classroom-cropped-1-800x377.jpg 800w, https:\/\/www.dawsoncollege.qc.ca\/ctd\/wp-content\/uploads\/sites\/88\/Female-student-hand-raised-in-classroom-cropped-1-768x362.jpg 768w, https:\/\/www.dawsoncollege.qc.ca\/ctd\/wp-content\/uploads\/sites\/88\/Female-student-hand-raised-in-classroom-cropped-1.jpg 1193w\" sizes=\"auto, (max-width: 800px) 100vw, 800px\" \/><\/a>\n<h6>The French Language Centre at Dawson&#8217;s CTD offers a wide range of courses to suit your needs.<\/h6>\n<h2>What&#8217;s your goal?<\/h2>\n\n\t\t<style>\n\n\n\t\t\t\n\t\t\t.dc_accordion .dc_accordion-body:before{\n\t\t\t\tdisplay: block;\n\t\t\t\theight: 10px;height: 1rem;\n\t\t\t\tcontent: \"\";\n\t\t\t}\n\n\t\t\t\n\n\n\t\t<\/style>\n\n\n\t\t<div id=\"french-instruction-aligned-with-quebec-standards\" class=\"new dc_accordion  multiple\"  ><h3 class=\"dc_accordion-title highlighta\" ><a class=\"\" style=\"\" href=\"#french-instruction-aligned-with-quebec-standards\">French instruction aligned with Quebec standards<\/a><\/h3><div class=\"dc_accordion-body \" style=\"\" ><h4><strong><span class=\"OYPEnA font-feature-liga-off font-feature-clig-off font-feature-calt-off text-decoration-none text-strikethrough-none\">Fran\u00e7ais \u00c9chelle Qu\u00e9b\u00e9coise (FEQ)<\/span><\/strong><\/h4>\n<p class=\"cvGsUA direction-ltr align-start para-style-body\"><span class=\"OYPEnA font-feature-liga-off font-feature-clig-off font-feature-calt-off text-decoration-none text-strikethrough-none\">Our FEQ courses are aligned with the <\/span><span class=\"OYPEnA font-feature-liga-off font-feature-clig-off font-feature-calt-off text-decoration-none text-strikethrough-none\">Fran\u00e7ais \u00c9chelle Qu\u00e9b\u00e9coise &#8211; the government&#8217;s official scale for French as a second language competencies.<\/span><\/p>\n<p>These courses provide the best instruction if you are:<\/p>\n<ul>\n<li>a CEGEP student needing to satisfy the new <a href=\"https:\/\/www.dawsoncollege.qc.ca\/admissions\/bill-96-law-14-what-does-it-mean-for-you\/\" target=\"_blank\" rel=\"noopener\">language requirements under law 14;<\/a><\/li>\n<li>preparing to pass a French test (for immigration, for example);<\/li>\n<li>looking for a serious, assessment-based course to level up your French skills.<\/li>\n<\/ul>\n<p class=\"cvGsUA direction-ltr align-start para-style-body\"><span class=\"OYPEnA font-feature-liga-off font-feature-clig-off font-feature-calt-off text-decoration-none text-strikethrough-none\">Levels currently currently offered:\u00a0<\/span><\/p>\n<p>1 &#8211; 40 hours<\/p>\n<p>2, 3 &#8211; 80 hours<\/p>\n<p>4, 5, 6, 7 &#8211; 100 hours<\/p>\n\n\t\t<style>\n\t\t\t.dc_btn_wrap.inline-block {\n\t\t\t\tmargin-right: 25px;\n\t\t\t}\n\n\t\t\t.buttons-group {\n\t\t\t\tdisplay: flex;\n\t\t\t\tflex-flow: column;\n\t\t\t}\n\n\t\t\t@media only screen and (min-width: 740px) {\n\n\t\t\t\t.buttons-group {\n\t\t\t\t\tdisplay: flex;\n\t\t\t\t\tflex-flow: row wrap;\n\t\t\t\t\tjustify-content: flex-start;\n\t\t\t\t}\n\t\t\t\t.buttons-group.justify-space-between {\n\t\t\t\t\tdisplay: flex;\n\t\t\t\t\tflex-flow: row wrap;\n\t\t\t\t\tjustify-content: space-between;\n\t\t\t\t}\n\n\t\t\t\t.buttons-group.columns-2>div {\n\n\t\t\t\t\twidth: 48%;\n\t\t\t\t}\n\n\t\t\t\t.buttons-group.columns-3>div {\n\n\t\t\t\t\twidth: 32%;\n\t\t\t\t}\n\n\t\t\t\t.buttons-group.columns-4>div {\n\n\t\t\t\t\twidth: 24%;\n\t\t\t\t}\n\t\t\t}\n\n\t\t\t.buttons-group>div {\n\t\t\t\t\/* width: 100%; *\/\n\t\t\t\talign-items: stretch;\n\t\t\t\tdisplay: flex;\n\t\t\t}\n\n\t\t\t.buttons-group.inline-block>div {\n\t\t\t\tdisplay: inline-block;\n\t\t\t\twidth: auto;\n\t\t\t}\n\n\t\t\t.buttons-group .dc_btn {\n\n\t\t\t\tjustify-content: center;\n\t\t\t\twidth: 100%;\n\t\t\t\tflex-direction: initial;\n\t\t\t\tpadding: 20% 10%;\n\n\t\t\t}\n\n\t\t\t.dc_btn {\n\t\t\t\tcursor: pointer;\n\t\t\t\tpadding: 20px;\n\t\t\t\tpadding: 1rem;\n\t\t\t\tcolor: #000;\n\t\t\t\ttext-decoration: none !important;\n\t\t\t\tdisplay: inline-block;\n\t\t\t\tmargin: 2px 2px 0px 0px;\n\t\t\t\tfont-weight: normal !important;\n\t\t\t\t\/*display: flex;\n\t\t\t\talign-items: center;*\/\n\t\t\t\t\/*flex-direction: row-reverse;*\/\n\t\t\t\tfont-family: \"Open Sans\", Arial, sans-serif;\n\t\t\t\t\/**  Oswald,  *\/\n\t\t\t\tletter-spacing: 0.6px;\n\t\t\t\t\/* text-transform: uppercase; *\/\n\t\t\t\tborder-radius: 30px;\n\t\t\t}\n\n\t\t\t.buttons-group .dc_btn {\n\t\t\t\tdisplay: flex;\n\t\t\t\talign-items: center;\n\t\t\t}\n\n\t\t\t.content a.dc_btn::before {\n\t\t\t\tcontent: \"\";\n\t\t\t\tmargin: 0;\n\t\t\t}\n\n\t\t\t.dc_btn i.fa {\n\t\t\t\tmargin-left: -5px;\n\t\t\t\tfont-size: 2rem;\n\t\t\t\tdisplay: inline-block;\n\t\t\t\t\/* vertical-align: middle; *\/\n\t\t\t}\n\n\t\t\t.dc_btn.dcmc_btn i.fa {\n\t\t\t\tmargin-right: -2px;\n\t\t\t\tmargin-left: 0;\n\t\t\t}\n\n\t\t\t.dc_btn.blue {\n\t\t\t\tbackground: #548ec4;\n\t\t\t\tbackground-color: #3D77AE;\n\t\t\t\tcolor: #fff;\n\t\t\t}\n\n\t\t\t.dc_btn.red {\n\t\t\t\tbackground: #bd5276;\n\t\t\t\tcolor: #fff;\n\t\t\t}\n\n\t\t\t.dc_btn.green {\n\t\t\t\tbackground: #41a849;\n\t\t\t\tcolor: #fff;\n\t\t\t}\n\n\t\t\t.dc_btn.orange {\n\t\t\t\tbackground: #e6882a;\n\t\t\t\tcolor: #fff;\n\t\t\t}\n\n\t\t\t.dc_btn.purple {\n\t\t\t\tbackground: #7248ae;\n\t\t\t\tcolor: #fff;\n\t\t\t}\n\n\t\t\t.dc_btn.black {\n\t\t\t\tbackground: #000000;\n\t\t\t\tcolor: #fff;\n\t\t\t\tborder: 1px solid #000;\n\t\t\t}\n\n\t\t\ta.dc_btn.black:hover {\n\t\t\t\tbackground: #fff;\n\t\t\t\tborder: 1px solid #000;\n\t\t\t\tcolor: #000 !important;\n\t\t\t}\n\n\t\t\t.clear-both {\n\t\t\t\tclear: both;\n\t\t\t}\n\n\t\t\ta.dc_btn:hover {\n\t\t\t\tbackground: #000;\n\t\t\t\tcolor: #fff !important;\n\t\t\t}\n\n\t\t\ta.dc_btn:visited {\n\t\t\t\tcolor: #fff !important;\n\t\t\t}\n\n\t\t\ta.dc_btn:active {\n\t\t\t\tcolor: #fff !important;\n\t\t\t}\n\n\t\t\t.dc_btn.big,\n\t\t\t.dc_btn.large {\n\t\t\t\twidth: 100%;\n\t\t\t\ttext-align: center;\n\t\t\t\tfont-size: 30px;\n\t\t\t\tpadding: 15px 20px;\n\t\t\t\tcolor: #fff;\n\t\t\t}\n\n\t\t\t.dc_btn.icon_only {\n\t\t\t\tbackground: transparent;\n\t\t\t\tpadding: 5px 10px;\n\t\t\t\tmargin: 0 auto;\n\t\t\t\tborder-radius: 10px;\n\t\t\t}\n\n\t\t\t.dc_btn.icon_only i.fa {\n\t\t\t\tmargin-left: 0;\n\t\t\t}\n\n\t\t\t.dc_btn i {}\n\n\t\t\t.icon_only i {\n\t\t\t\tpadding: 0;\n\t\t\t\tmargin: 0;\n\t\t\t\tcolor: inherit;\n\t\t\t\tfont-size: 32px;\n\t\t\t}\n\n\t\t\t.dcmc_btn {\n\t\t\t\tcursor: auto;\n\t\t\t\tline-height: 30px;\n\t\t\t\tdisplay: block;\n\t\t\t\tdisplay: flex;\n\t\t\t\tbackground: #222;\n\t\t\t\tbox-shadow: -10px 0 0 rgb(47, 146, 56), -20px 0 0 rgb(93, 40, 128), -30px 0 0 rgb(218, 129, 25), -40px 0 0 rgb(24, 131, 199);\n\t\t\t\tcolor: #fff;\n\t\t\t\tmargin-left: 40px;\n\t\t\t\tmargin-bottom: 20px;\n\t\t\t\ttext-decoration: none !important;\n\t\t\t\tcursor: pointer;\n\t\t\t}\n\n\t\t\t\/*a.dcmc_btn[href$=pdf]{ display: block; display: flex; }*\/\n\t\t\t\/*.dcmc_title{ font-size:30px; line-height: 35px; font-family:Oswald, \"Open Sans\", Arial, sans-serif; display:block; letter-spacing:1px; text-transform: uppercase;}*\/\n\t\t\t\/*.dcmc_desc{ font-size:16px; letter-spacing:0.7px; font-family:Oswald, \"Open Sans\", Arial, sans-serif; display:block; text-transform: uppercase; padding: 0 1rem;}*\/\n\t\t\t\/*.dcmc_btn i{ float: right; font-size: 3em; }*\/\n\t\t\t\/*a.dcmc_btn::before{ content: \"\"; display: none;}*\/\n\t\t\t\/*.dcmc_btn.small{ padding: 20px 20px 15px 20px; line-height: 22px; box-shadow: -10px 0 0 #2f9238,-20px 0 0 #5d2880,-30px 0 0 #da8119,-40px 0 0 #1883c7; margin-left:40px; margin-bottom: 10px;}*\/\n\t\t\t\/*.dcmc_btn.small .dcmc_title{ font-size: 20px; line-height: 22px; font-weight: 400;}*\/\n\t\t\t\/*.dcmc_btn.small .dcmc_desc{ font-size: 13px;}*\/\n\t\t\t\/*.dcmc_btn.small i{ font-size: 2em;}*\/\n\n\t\t\t\/*.dcmc_btn.light{ !* Permalink - use to edit and share this gradient: http:\/\/colorzilla.com\/gradient-editor\/#ffffff+0,dddddd+100 *!*\/\n\t\t\t\/*background: #ffffff; !* Old browsers *!*\/\n\t\t\t\/*background: -moz-linear-gradient(top,  #ffffff 0%, #dddddd 100%); !* FF3.6-15 *!*\/\n\t\t\t\/*background: -webkit-linear-gradient(top,  #ffffff 0%,#dddddd 100%); !* Chrome10-25,Safari5.1-6 *!*\/\n\t\t\t\/*background: linear-gradient(to bottom,  #ffffff 0%,#dddddd 100%); !* W3C, IE10+, FF16+, Chrome26+, Opera12+, Safari7+ *!*\/\n\t\t\t\/*filter: progid:DXImageTransform.Microsoft.gradient( startColorstr='#ffffff', endColorstr='#dddddd',GradientType=0 ); !* IE6-9 *!*\/\n\t\t\t\/*border: 1px solid #C7C7C7;*\/\n\t\t\t\/*border-left: none;*\/\n\t\t\t\/*color: #000;*\/\n\t\t\t\/*}*\/\n\t\t\t\/*.dcmc_btn i{ float: right; font-size: 3em; }*\/\n\t\t\t\/*.dcmc_btn.light i{ }*\/\n\n\t\t\t\/*.dcmc_btn.round20{ border-radius: 20px; }*\/\n\t\t\t\/*.dcmc_btn.round10{ border-radius: 10px; }*\/\n\t\t\t\/*.dcmc_btn.round5{ border-radius: 5px; }*\/\n\n\n\t\t\t.btn-dc-light {\n\t\t\t\tdisplay: inline-block;\n\t\t\t\tbackground-color: #fff;\n\t\t\t\tpadding: 12px 14px;\n\t\t\t\tborder-top-left-radius: 5px;\n\t\t\t\tborder-bottom-left-radius: 5px;\n\t\t\t\tposition: relative;\n\t\t\t\ttext-decoration: none !important;\n\t\t\t\tcolor: #3878c2 !important;\n\t\t\t\tbox-shadow: rgba(0, 0, 0, 0.05) 0px 6px 24px 0px, rgba(0, 0, 0, 0.08) 0px 0px 0px 1px;\n\t\t\t\tposition: relative;\n\t\t\t\tz-index: 1;\n\t\t\t\tfont-weight: 400 !important;\n\t\t\t\tfont-size: 14px !important;\n\t\t\t\tfont-size: 1.4rem !important;\n\t\t\t\tmargin-bottom: 10px;\n\t\t\t}\n\n\t\t\t.btn-dc-light:after {\n\t\t\t\tbackground-color: #4fc2c4;\n\t\t\t\tdisplay: inline-block;\n\t\t\t\tcontent: \"\";\n\t\t\t\tposition: absolute;\n\t\t\t\ttop: 0;\n\t\t\t\tleft: 100%;\n\t\t\t\theight: 100%;\n\t\t\t\twidth: 50px;\n\t\t\t\tbackground-image: url('\/wp-content\/themes\/dawson-college-2022\/images\/2022\/icons\/right-arrow-white.svg');\n\t\t\t\tbackground-repeat: no-repeat;\n\t\t\t\tbackground-position: center;\n\t\t\t\tbackground-size: 75%;\n\t\t\t\tborder-top-right-radius: 5px;\n\t\t\t\tborder-bottom-right-radius: 5px;\n\n\t\t\t}\n\n\t\t\t.btn-dc-dark span {\n\t\t\t\tbackground-color: #0b58b4;\n\t\t\t\tpadding: 12px 14px;\n\t\t\t\tborder-top-left-radius: 5px;\n\t\t\t\tborder-bottom-left-radius: 5px;\n\t\t\t}\n\n\t\t\t.btn-dc-dark {\n\t\t\t\tdisplay: inline-block;\n\t\t\t\tposition: relative;\n\t\t\t\ttext-decoration: none !important;\n\t\t\t\tcolor: #fff !important;\n\t\t\t\t\/* box-shadow: rgba(0, 0, 0, 0.05) 0px 6px 24px 0px, rgba(0, 0, 0, 0.08) 0px 0px 0px 1px; *\/\n\t\t\t\tposition: relative;\n\t\t\t\tz-index: 1;\n\t\t\t\tfont-weight: 400 !important;\n\t\t\t\tfont-size: 14px !important;\n\t\t\t\tfont-size: 1.4rem !important;\n\t\t\t\tmargin-bottom: 10px;\n\t\t\t\tpadding-right: 50px;\n\t\t\t}\n\n\t\t\ta.btn-dc-dark::before {\n\t\t\t\tcontent: \"\";\n\t\t\t}\n\n\t\t\t.btn-dc-dark span{\n\t\t\t\tposition: relative;\n\t\t\t\tdisplay: inline-block!important;\n\t\t\t}\n\t\t\t\n\t\t\t.btn-dc-dark span:after {\n\t\t\t\tbackground-color: #4fc2c4;\n\t\t\t\tdisplay: inline-block;\n\t\t\t\tcontent: \"\";\n\t\t\t\tposition: absolute;\n\t\t\t\ttop: 0;\n\t\t\t\tleft: 100%;\n\t\t\t\theight: 100%;\n\t\t\t\twidth: 50px;\n\t\t\t\tbackground-image: url('\/wp-content\/themes\/dawson-college-2022\/images\/2022\/icons\/right-arrow-white.svg');\n\t\t\t\tbackground-repeat: no-repeat;\n\t\t\t\tbackground-position: center;\n\t\t\t\tbackground-size: 75%;\n\t\t\t\tborder-top-right-radius: 5px;\n\t\t\t\tborder-bottom-right-radius: 5px;\n\t\t\t\ttransition: all 0.1s ease;\n\t\t\t}\n\n\t\t\t.btn-dc-dark:hover span {\n\t\t\t\tbox-shadow: -1px 0 0 #4fc2c4, inset 0 -1px 0 #4fc2c4, inset 0px 0 0 #4fc2c4, inset 0 1px 0 #4fc2c4;\n\t\t\t\tbackground-color: #fff!important;\n\t\t\t\tcolor: #0b58b4;\n\t\t\t}\n\n\t\t\t\/* .btn-dc-dark:hover{\n\t\t\tbackground-color: #fff;\n\t\t\tcolor: #0b58b4!important;\n\t\t} *\/\n\n\t\t\t@media only screen and (max-width: 740px) {\n\t\t\t\t.dcmc_btn {\n\t\t\t\t\tline-height: 22px;\n\t\t\t\t\tbox-shadow: -12px 0 0 rgb(47, 146, 56), -24px 0 0 rgb(93, 40, 128), -36px 0 0 rgb(218, 129, 25), -48px 0 0 rgb(24, 131, 199);\n\t\t\t\t\tpadding: 15px 15px 12px;\n\t\t\t\t\tmargin-left: 48px;\n\t\t\t\t}\n\n\t\t\t\t.dcmc_title {\n\t\t\t\t\tfont-size: 22px;\n\t\t\t\t}\n\n\t\t\t\t.dcmc_desc {\n\t\t\t\t\tfont-size: 12px;\n\t\t\t\t}\n\t\t\t}\n\n\t\t\t@media only screen and (max-width: 500px) {\n\t\t\t\t.dcmc_btn {\n\t\t\t\t\tbox-shadow: -8px 0 0 rgb(47, 146, 56), -16px 0 0 rgb(93, 40, 128), -24px 0 0 rgb(218, 129, 25), -32px 0 0 rgb(24, 131, 199);\n\t\t\t\t\tpadding: 10px 10px;\n\t\t\t\t\tmargin-left: 32px;\n\t\t\t\t\tline-height: 16px;\n\t\t\t\t}\n\n\t\t\t\t.dcmc_title {\n\t\t\t\t\tfont-size: 15px;\n\t\t\t\t}\n\n\t\t\t\t.dcmc_desc {\n\t\t\t\t\tfont-size: 10px;\n\t\t\t\t}\n\t\t\t}\n\t\t<\/style>\n\n\t\t<div class=\"dc_btn_wrap \" style=\"text-align:left; display:block;\"><a target=\"_blank\" style=\"  font-size:16px;  \" class=\"btn-dc-dark blue  \" href=\"https:\/\/www.dawsoncollege.qc.ca\/ctd\/feq\/\"><span style=\"display:block; align-items:center; height:100%;\">Full details on FEQ courses and to sign up<\/span><\/a><\/div><\/div><\/div>\n<div id=\"a-relaxed-setting-to-work-on-your-french\" class=\"new dc_accordion  multiple\"  ><h3 class=\"dc_accordion-title highlighta\" ><a class=\"\" style=\"\" href=\"#a-relaxed-setting-to-work-on-your-french\">A relaxed setting to work on your French<\/a><\/h3><div class=\"dc_accordion-body \" style=\"\" ><h4><strong>Workshop courses<\/strong><\/h4>\n<p>We offer both online and in-person courses, to suit your schedule and preference.<\/p>\n<p>Courses are 40 hours.<\/p>\n<p>Levels beginner + 1 through 6.<\/p>\n<div class=\"dc_btn_wrap \" style=\"text-align:left; display:block;\"><a target=\"_blank\" style=\"  font-size:16px;  \" class=\"btn-dc-dark blue  \" href=\"https:\/\/www.dawsoncollege.qc.ca\/ctd\/course-categories\/french\/\"><span style=\"display:block; align-items:center; height:100%;\">Register for a workshop course<\/span><\/a><\/div><\/div><\/div>\n<div id=\"more-confidence-using-workplace-french\" class=\"new dc_accordion  multiple\"  ><h3 class=\"dc_accordion-title highlighta\" ><a class=\"\" style=\"\" href=\"#more-confidence-using-workplace-french\">More confidence using workplace French<\/a><\/h3><div class=\"dc_accordion-body \" style=\"\" ><h4><strong>Professional French<\/strong><\/h4>\n<p class=\"cvGsUA direction-ltr align-start para-style-body\">Our professional French courses target specific skills.<\/p>\n<p>Courses are up to 40 hours and cover a variety of topics, as available.<\/p>\n<div class=\"dc_btn_wrap \" style=\"text-align:left; display:block;\"><a target=\"_blank\" style=\"  font-size:16px;  \" class=\"btn-dc-dark blue  \" href=\"https:\/\/www.dawsoncollege.qc.ca\/ctd\/course-categories\/french\/\"><span style=\"display:block; align-items:center; height:100%;\">Register for a professional French course<\/span><\/a><\/div><\/div><\/div>\n<div id=\"tef-test-preparation\" class=\"new dc_accordion  multiple\"  ><h3 class=\"dc_accordion-title highlighta\" ><a class=\"\" style=\"\" href=\"#tef-test-preparation\">TEF test preparation<\/a><\/h3><div class=\"dc_accordion-body \" style=\"\" ><h4><strong>TEF test preparation<\/strong><\/h4>\n<p class=\"cvGsUA direction-ltr align-start para-style-body\">Our testing centre offers both a TEF prep course and opportunities to take the official test.<\/p>\n<div class=\"dc_btn_wrap \" style=\"text-align:left; display:block;\"><a target=\"_blank\" style=\"  font-size:16px;  \" class=\"btn-dc-dark blue  \" href=\"https:\/\/www.dawsoncollege.qc.ca\/ctd\/course-categories\/french\/\"><span style=\"display:block; align-items:center; height:100%;\">Register for a TEF prep course<\/span><\/a><\/div><\/div><\/div>\n<div id=\"personalized-tutoring\" class=\"new dc_accordion  multiple\"  ><h3 class=\"dc_accordion-title highlighta\" ><a class=\"\" style=\"\" href=\"#personalized-tutoring\">Personalized tutoring<\/a><\/h3><div class=\"dc_accordion-body \" style=\"\" ><h4><strong>Private Tutoring (Online)<\/strong><\/h4>\n<p>Work on a specific goal with a private tutor. If you require multiple sessions, contact CTD directly and we will arrange a schedule that meets your needs.<\/p>\n<div class=\"dc_btn_wrap \" style=\"text-align:left; display:block;\"><a target=\"_blank\" style=\"  font-size:16px;  \" class=\"btn-dc-dark blue  \" href=\"https:\/\/dawson-ctd.omnivox.ca\/cncr\/insc\/ListeActivites.ovx?Cat=11&amp;GrandeCat=4&amp;Ref=120903111757&amp;C=DAC&amp;L=ANG&amp;E=P\"><span style=\"display:block; align-items:center; height:100%;\">Register for tutoring session<\/span><\/a><\/div><\/div><\/div>\n<hr \/>\n<p>&nbsp;<\/p>\n<div class=\"dc_btn_wrap \" style=\"text-align:left; display:block;\"><a  style=\"  font-size:16px;  \" class=\"btn-dc-dark blue  \" href=\"https:\/\/www.dawsoncollege.qc.ca\/ctd\/language-self-evaluation-tests\/\"><span style=\"display:block; align-items:center; height:100%;\">Online Placement Test<\/span><\/a><\/div>\n<div class=\"dc_btn_wrap \" style=\"text-align:left; display:block;\"><a  style=\"  font-size:16px;  \" class=\"btn-dc-dark blue  \" href=\"https:\/\/www.dawsoncollege.qc.ca\/ctd\/course-categories\/french\/\"><span style=\"display:block; align-items:center; height:100%;\">See all French course options<\/span><\/a><\/div>\n","protected":false},"excerpt":{"rendered":"<p>The French Language Centre at Dawson&#8217;s CTD offers a wide range of courses to suit your needs. What&#8217;s your goal? &nbsp;<\/p>\n","protected":false},"author":103,"featured_media":0,"parent":0,"menu_order":0,"comment_status":"closed","ping_status":"closed","template":"","meta":{"footnotes":""},"class_list":["post-43927","page","type-page","status-publish","hentry"],"_links":{"self":[{"href":"https:\/\/www.dawsoncollege.qc.ca\/ctd\/wp-json\/wp\/v2\/pages\/43927","targetHints":{"allow":["GET"]}}],"collection":[{"href":"https:\/\/www.dawsoncollege.qc.ca\/ctd\/wp-json\/wp\/v2\/pages"}],"about":[{"href":"https:\/\/www.dawsoncollege.qc.ca\/ctd\/wp-json\/wp\/v2\/types\/page"}],"author":[{"embeddable":true,"href":"https:\/\/www.dawsoncollege.qc.ca\/ctd\/wp-json\/wp\/v2\/users\/103"}],"replies":[{"embeddable":true,"href":"https:\/\/www.dawsoncollege.qc.ca\/ctd\/wp-json\/wp\/v2\/comments?post=43927"}],"version-history":[{"count":10,"href":"https:\/\/www.dawsoncollege.qc.ca\/ctd\/wp-json\/wp\/v2\/pages\/43927\/revisions"}],"predecessor-version":[{"id":44450,"href":"https:\/\/www.dawsoncollege.qc.ca\/ctd\/wp-json\/wp\/v2\/pages\/43927\/revisions\/44450"}],"wp:attachment":[{"href":"https:\/\/www.dawsoncollege.qc.ca\/ctd\/wp-json\/wp\/v2\/media?parent=43927"}],"curies":[{"name":"wp","href":"https:\/\/api.w.org\/{rel}","templated":true}]}}