{"id":43937,"date":"2025-02-25T10:41:43","date_gmt":"2025-02-25T15:41:43","guid":{"rendered":"https:\/\/www.dawsoncollege.qc.ca\/ctd\/?page_id=43937"},"modified":"2025-12-08T13:10:04","modified_gmt":"2025-12-08T18:10:04","slug":"feq","status":"publish","type":"page","link":"https:\/\/www.dawsoncollege.qc.ca\/ctd\/feq\/","title":{"rendered":"FEQ"},"content":{"rendered":"\n\t\t<style>\n\t\t\t.imgtxt {\n\t\t\t\tmargin: 0 !important;\n\t\t\t\tposition: relative;\n\t\t\t\tmargin-top: 40px!important;\n\t\t\t\tmargin-top: 4rem!important;\n\t\t\t\tmargin-bottom: 40px!important;\n\t\t\t\tmargin-bottom: 4rem!important;\n\t\t\t\t\/* min-height: 420px; *\/\n\t\t\t}\n\t\t\t\n\t\t\t.imgtxt .imgtxt-img {\n\t\t\t\t\t\n\t\t\t}\n\n\t\t\t.imgtxt-img.right .image{\n\t\t\t\tright:0;\n\t\t\t\tleft:auto;\n\t\t\t}\n\n\t\t\t.imgtxt .image {\n\t\t\t\tbackground-size:cover; \n\t\t\t\tbackground-position:center; \n\t\t\t\t\n\t\t\t}\n\n\t\t\t.imgtxt .image {\n\t\t\t\t\twidth:100%; \n\t\t\t\t\tpadding: 50%;\n\t\t\t\t\tleft: 0;\n\t\t\t\t\ttop: 0;\n\t\t\t\t\tz-index: 1;\n\t\t\t\t\toverflow: hidden;\n\t\t\t\t\tborder-radius: 6px;\n\t\t\t}\n\n\t\t\t@media screen and (max-width:980px) {\n\t\t\t\t.imgtxt {\n\t\t\t\t\tflex-flow: column !important;\n\t\t\t\t}\n\t\t\t\t.imgtxt-txt {\n\t\t\t\t\tpadding: 0px 40px 40px 40px!important;\n\t\t\t\t}\n\t\t\t}\n\n\t\t\t@media screen and (min-width: 979px) {\n\t\t\t\t.imgtxt .image {\n\t\t\t\t\tpadding: 0;\n\t\t\t\t\t\n\t\t\t\t\theight:100%;\n\t\t\t\t\tposition: absolute;\n\t\t\t\t\tleft: 0;\n\t\t\t\t\ttop: 0;\n\t\t\t\t\tz-index: 1;\n\t\t\t\t\toverflow: hidden;\n\t\t\t\t}\n\t\t\t\t\n\t\t\t\t.imgtxt-img {\n\t\t\t\t\tpadding: 0 30px 0 0;\n\t\t\t\t}\n\n\t\t\t\t.imgtxt-img.right {\n\t\t\t\t\tpadding: 0 0 0 30px;\n\t\t\t\t}\n\t\t\t}\n\n\t\t\t.imgtxt>div:first-child img {\n\t\t\t\twidth: 100%;\n\t\t\t}\n\n\t\t\t.imgtxt>div:last-child {\n\t\t\t\t\t\t\t}\n\n\n\n\n\n\n\t\t\t.tile-content .sub-title {\n\t\t\t\ttext-transform: uppercase;\n\t\t\t\tfont-size: 16px;\n\t\t\t\tcolor: #135cb2;\n\t\t\t}\n\n\t\t\t.tile-content h2 {\n\t\t\t\tmargin-top: 10px;\n\t\t\t\tfont-size: 38px;\n\t\t\t\tletter-spacing: 1.4px;\n\t\t\t\tfont-weight: 400;\n\t\t\t\tline-height: 1.2;\n\t\t\t\tcolor: #04316c;\n\t\t\t}\n\n\t\t\t\t\t<\/style>\n\n\t\t<div class=\"imgtxt\" style=\"clear:both; overflow:hidden; display:flex; flex-flow:row wrap; background-color:#eee;   align-items:center; justify-content:space-around; min-height:420px;\"><div class=\"imgtxt-img desktop-12 tablet-full mobile-full contained\"><img loading=\"lazy\" decoding=\"async\" width=\"800\" height=\"631\" src=\"https:\/\/www.dawsoncollege.qc.ca\/ctd\/wp-content\/uploads\/sites\/88\/woman-classroom-smiling-800x631.jpg\" class=\"attachment-medium size-medium\" alt=\"Portrait of a smiling girl sitting in university classroom\" srcset=\"https:\/\/www.dawsoncollege.qc.ca\/ctd\/wp-content\/uploads\/sites\/88\/woman-classroom-smiling-800x631.jpg 800w, https:\/\/www.dawsoncollege.qc.ca\/ctd\/wp-content\/uploads\/sites\/88\/woman-classroom-smiling-1200x946.jpg 1200w, https:\/\/www.dawsoncollege.qc.ca\/ctd\/wp-content\/uploads\/sites\/88\/woman-classroom-smiling-768x606.jpg 768w, https:\/\/www.dawsoncollege.qc.ca\/ctd\/wp-content\/uploads\/sites\/88\/woman-classroom-smiling-1536x1211.jpg 1536w, https:\/\/www.dawsoncollege.qc.ca\/ctd\/wp-content\/uploads\/sites\/88\/woman-classroom-smiling-2048x1615.jpg 2048w, https:\/\/www.dawsoncollege.qc.ca\/ctd\/wp-content\/uploads\/sites\/88\/woman-classroom-smiling-scaled.jpg 1920w\" sizes=\"auto, (max-width: 800px) 100vw, 800px\" \/><div style=\"display:block; font-style:italic; font-size:13px; text-align:center; margin-top:10px; color:#555;\"><\/div><\/div><div class=\"imgtxt-txt desktop-10 tablet-full mobile-full contained tile-content\" style=\"\"><div class=\"title\"><h2 style=\"font-size:30px;\">Fran\u00e7ais \u00c9chelle Qu\u00e9b\u00e9coise (FEQ) courses<\/h2><\/div><p>Our in-person FEQ courses are aligned with the <b>\u00c9chelle qu\u00e9b\u00e9coise des niveaux de comp\u00e9tence en fran\u00e7ais<\/b> &#8211; the government&#8217;s official scale for French as a second language competencies.<\/p>\n<\/div><\/div>\n<ul>\n<li>\n<h6>Do you need to pass a test for immigration purposes?<\/h6>\n<\/li>\n<\/ul>\n<p>If you need to prove your French proficiency for immigration to Quebec, it is crucial that your language training align with the standards used in official evaluations. The <strong>\u00c9chelle qu\u00e9b\u00e9coise des niveaux de comp\u00e9tence en fran\u00e7ais<\/strong> is the framework that underpins the <strong>TEF (Test d&#8217;\u00c9valuation de Fran\u00e7ais)<\/strong>, one of the official exams recognized for immigration and citizenship applications. By progressing through our program you are directly preparing for, and being evaluated on, the same competencies that are measured in official tests.<\/p>\n<ul>\n<li>\n<h6>Are you a CEGEP student needing to satisfy the <a href=\"https:\/\/www.dawsoncollege.qc.ca\/admissions\/bill-96-law-14-what-does-it-mean-for-you\/\" target=\"_blank\" rel=\"noopener\">language requirements under law 14<\/a>?<\/h6>\n<\/li>\n<\/ul>\n<p>Throughout our FEQ courses, you will be evaluated on all four skills (listening, speaking, reading, writing) with a focus on helping you attain the required benchmarks for both oral and written French. Results in our courses provide valuable feedback on your progress and readiness to take an official test.<\/p>\n<ul>\n<li>\n<h6>Are you serious about improving your French skills and want to know how you measure up?<\/h6>\n<\/li>\n<\/ul>\n<p>FEQ courses will help you build your abilities in speaking, listening, reading, and writing. You will work through real-life scenarios and practical themes relevant to daily life, work, and studies, with content specifically tailored to the realities of Quebec.<\/p>\n<h4>Our FEQ courses were designed with you in mind!<\/h4>\n<hr \/>\n<h4>First, check your level<\/h4>\n<p>Dawson currently offers FEQ levels 1 &#8211; 7.<\/p>\n<p>It is important that you complete the online assessment below to determine your level before registration.<\/p>\n\n\t\t<style>\n\t\t\t.dc_btn_wrap.inline-block {\n\t\t\t\tmargin-right: 25px;\n\t\t\t}\n\n\t\t\t.buttons-group {\n\t\t\t\tdisplay: flex;\n\t\t\t\tflex-flow: column;\n\t\t\t}\n\n\t\t\t@media only screen and (min-width: 740px) {\n\n\t\t\t\t.buttons-group {\n\t\t\t\t\tdisplay: flex;\n\t\t\t\t\tflex-flow: row wrap;\n\t\t\t\t\tjustify-content: flex-start;\n\t\t\t\t}\n\t\t\t\t.buttons-group.justify-space-between {\n\t\t\t\t\tdisplay: flex;\n\t\t\t\t\tflex-flow: row wrap;\n\t\t\t\t\tjustify-content: space-between;\n\t\t\t\t}\n\n\t\t\t\t.buttons-group.columns-2>div {\n\n\t\t\t\t\twidth: 48%;\n\t\t\t\t}\n\n\t\t\t\t.buttons-group.columns-3>div {\n\n\t\t\t\t\twidth: 32%;\n\t\t\t\t}\n\n\t\t\t\t.buttons-group.columns-4>div {\n\n\t\t\t\t\twidth: 24%;\n\t\t\t\t}\n\t\t\t}\n\n\t\t\t.buttons-group>div {\n\t\t\t\t\/* width: 100%; *\/\n\t\t\t\talign-items: stretch;\n\t\t\t\tdisplay: flex;\n\t\t\t}\n\n\t\t\t.buttons-group.inline-block>div {\n\t\t\t\tdisplay: inline-block;\n\t\t\t\twidth: auto;\n\t\t\t}\n\n\t\t\t.buttons-group .dc_btn {\n\n\t\t\t\tjustify-content: center;\n\t\t\t\twidth: 100%;\n\t\t\t\tflex-direction: initial;\n\t\t\t\tpadding: 20% 10%;\n\n\t\t\t}\n\n\t\t\t.dc_btn {\n\t\t\t\tcursor: pointer;\n\t\t\t\tpadding: 20px;\n\t\t\t\tpadding: 1rem;\n\t\t\t\tcolor: #000;\n\t\t\t\ttext-decoration: none !important;\n\t\t\t\tdisplay: inline-block;\n\t\t\t\tmargin: 2px 2px 0px 0px;\n\t\t\t\tfont-weight: normal !important;\n\t\t\t\t\/*display: flex;\n\t\t\t\talign-items: center;*\/\n\t\t\t\t\/*flex-direction: row-reverse;*\/\n\t\t\t\tfont-family: \"Open Sans\", Arial, sans-serif;\n\t\t\t\t\/**  Oswald,  *\/\n\t\t\t\tletter-spacing: 0.6px;\n\t\t\t\t\/* text-transform: uppercase; *\/\n\t\t\t\tborder-radius: 30px;\n\t\t\t}\n\n\t\t\t.buttons-group .dc_btn {\n\t\t\t\tdisplay: flex;\n\t\t\t\talign-items: center;\n\t\t\t}\n\n\t\t\t.content a.dc_btn::before {\n\t\t\t\tcontent: \"\";\n\t\t\t\tmargin: 0;\n\t\t\t}\n\n\t\t\t.dc_btn i.fa {\n\t\t\t\tmargin-left: -5px;\n\t\t\t\tfont-size: 2rem;\n\t\t\t\tdisplay: inline-block;\n\t\t\t\t\/* vertical-align: middle; *\/\n\t\t\t}\n\n\t\t\t.dc_btn.dcmc_btn i.fa {\n\t\t\t\tmargin-right: -2px;\n\t\t\t\tmargin-left: 0;\n\t\t\t}\n\n\t\t\t.dc_btn.blue {\n\t\t\t\tbackground: #548ec4;\n\t\t\t\tbackground-color: #3D77AE;\n\t\t\t\tcolor: #fff;\n\t\t\t}\n\n\t\t\t.dc_btn.red {\n\t\t\t\tbackground: #bd5276;\n\t\t\t\tcolor: #fff;\n\t\t\t}\n\n\t\t\t.dc_btn.green {\n\t\t\t\tbackground: #41a849;\n\t\t\t\tcolor: #fff;\n\t\t\t}\n\n\t\t\t.dc_btn.orange {\n\t\t\t\tbackground: #e6882a;\n\t\t\t\tcolor: #fff;\n\t\t\t}\n\n\t\t\t.dc_btn.purple {\n\t\t\t\tbackground: #7248ae;\n\t\t\t\tcolor: #fff;\n\t\t\t}\n\n\t\t\t.dc_btn.black {\n\t\t\t\tbackground: #000000;\n\t\t\t\tcolor: #fff;\n\t\t\t\tborder: 1px solid #000;\n\t\t\t}\n\n\t\t\ta.dc_btn.black:hover {\n\t\t\t\tbackground: #fff;\n\t\t\t\tborder: 1px solid #000;\n\t\t\t\tcolor: #000 !important;\n\t\t\t}\n\n\t\t\t.clear-both {\n\t\t\t\tclear: both;\n\t\t\t}\n\n\t\t\ta.dc_btn:hover {\n\t\t\t\tbackground: #000;\n\t\t\t\tcolor: #fff !important;\n\t\t\t}\n\n\t\t\ta.dc_btn:visited {\n\t\t\t\tcolor: #fff !important;\n\t\t\t}\n\n\t\t\ta.dc_btn:active {\n\t\t\t\tcolor: #fff !important;\n\t\t\t}\n\n\t\t\t.dc_btn.big,\n\t\t\t.dc_btn.large {\n\t\t\t\twidth: 100%;\n\t\t\t\ttext-align: center;\n\t\t\t\tfont-size: 30px;\n\t\t\t\tpadding: 15px 20px;\n\t\t\t\tcolor: #fff;\n\t\t\t}\n\n\t\t\t.dc_btn.icon_only {\n\t\t\t\tbackground: transparent;\n\t\t\t\tpadding: 5px 10px;\n\t\t\t\tmargin: 0 auto;\n\t\t\t\tborder-radius: 10px;\n\t\t\t}\n\n\t\t\t.dc_btn.icon_only i.fa {\n\t\t\t\tmargin-left: 0;\n\t\t\t}\n\n\t\t\t.dc_btn i {}\n\n\t\t\t.icon_only i {\n\t\t\t\tpadding: 0;\n\t\t\t\tmargin: 0;\n\t\t\t\tcolor: inherit;\n\t\t\t\tfont-size: 32px;\n\t\t\t}\n\n\t\t\t.dcmc_btn {\n\t\t\t\tcursor: auto;\n\t\t\t\tline-height: 30px;\n\t\t\t\tdisplay: block;\n\t\t\t\tdisplay: flex;\n\t\t\t\tbackground: #222;\n\t\t\t\tbox-shadow: -10px 0 0 rgb(47, 146, 56), -20px 0 0 rgb(93, 40, 128), -30px 0 0 rgb(218, 129, 25), -40px 0 0 rgb(24, 131, 199);\n\t\t\t\tcolor: #fff;\n\t\t\t\tmargin-left: 40px;\n\t\t\t\tmargin-bottom: 20px;\n\t\t\t\ttext-decoration: none !important;\n\t\t\t\tcursor: pointer;\n\t\t\t}\n\n\t\t\t\/*a.dcmc_btn[href$=pdf]{ display: block; display: flex; }*\/\n\t\t\t\/*.dcmc_title{ font-size:30px; line-height: 35px; font-family:Oswald, \"Open Sans\", Arial, sans-serif; display:block; letter-spacing:1px; text-transform: uppercase;}*\/\n\t\t\t\/*.dcmc_desc{ font-size:16px; letter-spacing:0.7px; font-family:Oswald, \"Open Sans\", Arial, sans-serif; display:block; text-transform: uppercase; padding: 0 1rem;}*\/\n\t\t\t\/*.dcmc_btn i{ float: right; font-size: 3em; }*\/\n\t\t\t\/*a.dcmc_btn::before{ content: \"\"; display: none;}*\/\n\t\t\t\/*.dcmc_btn.small{ padding: 20px 20px 15px 20px; line-height: 22px; box-shadow: -10px 0 0 #2f9238,-20px 0 0 #5d2880,-30px 0 0 #da8119,-40px 0 0 #1883c7; margin-left:40px; margin-bottom: 10px;}*\/\n\t\t\t\/*.dcmc_btn.small .dcmc_title{ font-size: 20px; line-height: 22px; font-weight: 400;}*\/\n\t\t\t\/*.dcmc_btn.small .dcmc_desc{ font-size: 13px;}*\/\n\t\t\t\/*.dcmc_btn.small i{ font-size: 2em;}*\/\n\n\t\t\t\/*.dcmc_btn.light{ !* Permalink - use to edit and share this gradient: http:\/\/colorzilla.com\/gradient-editor\/#ffffff+0,dddddd+100 *!*\/\n\t\t\t\/*background: #ffffff; !* Old browsers *!*\/\n\t\t\t\/*background: -moz-linear-gradient(top,  #ffffff 0%, #dddddd 100%); !* FF3.6-15 *!*\/\n\t\t\t\/*background: -webkit-linear-gradient(top,  #ffffff 0%,#dddddd 100%); !* Chrome10-25,Safari5.1-6 *!*\/\n\t\t\t\/*background: linear-gradient(to bottom,  #ffffff 0%,#dddddd 100%); !* W3C, IE10+, FF16+, Chrome26+, Opera12+, Safari7+ *!*\/\n\t\t\t\/*filter: progid:DXImageTransform.Microsoft.gradient( startColorstr='#ffffff', endColorstr='#dddddd',GradientType=0 ); !* IE6-9 *!*\/\n\t\t\t\/*border: 1px solid #C7C7C7;*\/\n\t\t\t\/*border-left: none;*\/\n\t\t\t\/*color: #000;*\/\n\t\t\t\/*}*\/\n\t\t\t\/*.dcmc_btn i{ float: right; font-size: 3em; }*\/\n\t\t\t\/*.dcmc_btn.light i{ }*\/\n\n\t\t\t\/*.dcmc_btn.round20{ border-radius: 20px; }*\/\n\t\t\t\/*.dcmc_btn.round10{ border-radius: 10px; }*\/\n\t\t\t\/*.dcmc_btn.round5{ border-radius: 5px; }*\/\n\n\n\t\t\t.btn-dc-light {\n\t\t\t\tdisplay: inline-block;\n\t\t\t\tbackground-color: #fff;\n\t\t\t\tpadding: 12px 14px;\n\t\t\t\tborder-top-left-radius: 5px;\n\t\t\t\tborder-bottom-left-radius: 5px;\n\t\t\t\tposition: relative;\n\t\t\t\ttext-decoration: none !important;\n\t\t\t\tcolor: #3878c2 !important;\n\t\t\t\tbox-shadow: rgba(0, 0, 0, 0.05) 0px 6px 24px 0px, rgba(0, 0, 0, 0.08) 0px 0px 0px 1px;\n\t\t\t\tposition: relative;\n\t\t\t\tz-index: 1;\n\t\t\t\tfont-weight: 400 !important;\n\t\t\t\tfont-size: 14px !important;\n\t\t\t\tfont-size: 1.4rem !important;\n\t\t\t\tmargin-bottom: 10px;\n\t\t\t}\n\n\t\t\t.btn-dc-light:after {\n\t\t\t\tbackground-color: #4fc2c4;\n\t\t\t\tdisplay: inline-block;\n\t\t\t\tcontent: \"\";\n\t\t\t\tposition: absolute;\n\t\t\t\ttop: 0;\n\t\t\t\tleft: 100%;\n\t\t\t\theight: 100%;\n\t\t\t\twidth: 50px;\n\t\t\t\tbackground-image: url('\/wp-content\/themes\/dawson-college-2022\/images\/2022\/icons\/right-arrow-white.svg');\n\t\t\t\tbackground-repeat: no-repeat;\n\t\t\t\tbackground-position: center;\n\t\t\t\tbackground-size: 75%;\n\t\t\t\tborder-top-right-radius: 5px;\n\t\t\t\tborder-bottom-right-radius: 5px;\n\n\t\t\t}\n\n\t\t\t.btn-dc-dark span {\n\t\t\t\tbackground-color: #0b58b4;\n\t\t\t\tpadding: 12px 14px;\n\t\t\t\tborder-top-left-radius: 5px;\n\t\t\t\tborder-bottom-left-radius: 5px;\n\t\t\t}\n\n\t\t\t.btn-dc-dark {\n\t\t\t\tdisplay: inline-block;\n\t\t\t\tposition: relative;\n\t\t\t\ttext-decoration: none !important;\n\t\t\t\tcolor: #fff !important;\n\t\t\t\t\/* box-shadow: rgba(0, 0, 0, 0.05) 0px 6px 24px 0px, rgba(0, 0, 0, 0.08) 0px 0px 0px 1px; *\/\n\t\t\t\tposition: relative;\n\t\t\t\tz-index: 1;\n\t\t\t\tfont-weight: 400 !important;\n\t\t\t\tfont-size: 14px !important;\n\t\t\t\tfont-size: 1.4rem !important;\n\t\t\t\tmargin-bottom: 10px;\n\t\t\t\tpadding-right: 50px;\n\t\t\t}\n\n\t\t\ta.btn-dc-dark::before {\n\t\t\t\tcontent: \"\";\n\t\t\t}\n\n\t\t\t.btn-dc-dark span{\n\t\t\t\tposition: relative;\n\t\t\t\tdisplay: inline-block!important;\n\t\t\t}\n\t\t\t\n\t\t\t.btn-dc-dark span:after {\n\t\t\t\tbackground-color: #4fc2c4;\n\t\t\t\tdisplay: inline-block;\n\t\t\t\tcontent: \"\";\n\t\t\t\tposition: absolute;\n\t\t\t\ttop: 0;\n\t\t\t\tleft: 100%;\n\t\t\t\theight: 100%;\n\t\t\t\twidth: 50px;\n\t\t\t\tbackground-image: url('\/wp-content\/themes\/dawson-college-2022\/images\/2022\/icons\/right-arrow-white.svg');\n\t\t\t\tbackground-repeat: no-repeat;\n\t\t\t\tbackground-position: center;\n\t\t\t\tbackground-size: 75%;\n\t\t\t\tborder-top-right-radius: 5px;\n\t\t\t\tborder-bottom-right-radius: 5px;\n\t\t\t\ttransition: all 0.1s ease;\n\t\t\t}\n\n\t\t\t.btn-dc-dark:hover span {\n\t\t\t\tbox-shadow: -1px 0 0 #4fc2c4, inset 0 -1px 0 #4fc2c4, inset 0px 0 0 #4fc2c4, inset 0 1px 0 #4fc2c4;\n\t\t\t\tbackground-color: #fff!important;\n\t\t\t\tcolor: #0b58b4;\n\t\t\t}\n\n\t\t\t\/* .btn-dc-dark:hover{\n\t\t\tbackground-color: #fff;\n\t\t\tcolor: #0b58b4!important;\n\t\t} *\/\n\n\t\t\t@media only screen and (max-width: 740px) {\n\t\t\t\t.dcmc_btn {\n\t\t\t\t\tline-height: 22px;\n\t\t\t\t\tbox-shadow: -12px 0 0 rgb(47, 146, 56), -24px 0 0 rgb(93, 40, 128), -36px 0 0 rgb(218, 129, 25), -48px 0 0 rgb(24, 131, 199);\n\t\t\t\t\tpadding: 15px 15px 12px;\n\t\t\t\t\tmargin-left: 48px;\n\t\t\t\t}\n\n\t\t\t\t.dcmc_title {\n\t\t\t\t\tfont-size: 22px;\n\t\t\t\t}\n\n\t\t\t\t.dcmc_desc {\n\t\t\t\t\tfont-size: 12px;\n\t\t\t\t}\n\t\t\t}\n\n\t\t\t@media only screen and (max-width: 500px) {\n\t\t\t\t.dcmc_btn {\n\t\t\t\t\tbox-shadow: -8px 0 0 rgb(47, 146, 56), -16px 0 0 rgb(93, 40, 128), -24px 0 0 rgb(218, 129, 25), -32px 0 0 rgb(24, 131, 199);\n\t\t\t\t\tpadding: 10px 10px;\n\t\t\t\t\tmargin-left: 32px;\n\t\t\t\t\tline-height: 16px;\n\t\t\t\t}\n\n\t\t\t\t.dcmc_title {\n\t\t\t\t\tfont-size: 15px;\n\t\t\t\t}\n\n\t\t\t\t.dcmc_desc {\n\t\t\t\t\tfont-size: 10px;\n\t\t\t\t}\n\t\t\t}\n\t\t<\/style>\n\n\t\t<div class=\"dc_btn_wrap \" style=\"text-align:left; display:block;\"><a target=\"_blank\" style=\"  font-size:16px;  \" class=\"btn-dc-dark green  \" href=\"https:\/\/360.articulate.com\/review\/content\/eafe9c4e-f185-4500-9c2c-b2bb9498690f\/review\"><span style=\"display:block; align-items:center; height:100%;\">FEQ level check<\/span><\/a><\/div>\n<p>If you are familiar with the Common European Framework of Reference for Languages (CEFRL), consult the table below for equivalencies between our courses and their framework.<\/p>\n<table style=\"border-collapse: collapse;width: 31.4508%;height: 397px\" border=\"1\">\n<tbody>\n<tr style=\"height: 43px\">\n<td style=\"text-align: center;width: 38.5306%;height: 43px\" colspan=\"2\"><strong>Equivalencies between FEQ courses and the Cadre Europ\u00e9en (CECRL)<\/strong><\/td>\n<\/tr>\n<tr style=\"height: 41px\">\n<td style=\"width: 20.8578%;text-align: center;height: 41px\"><strong>FEQ level<\/strong><\/td>\n<td style=\"text-align: center;width: 17.6728%;height: 41px\"><strong>CECRL<\/strong><\/td>\n<\/tr>\n<tr style=\"height: 41px\">\n<td style=\"width: 20.8578%;height: 41px;text-align: center;background-color: #f7dada\">1<\/td>\n<td style=\"width: 17.6728%;height: 41px;text-align: center;background-color: #f7dada\">A1<\/td>\n<\/tr>\n<tr style=\"height: 41px\">\n<td style=\"width: 20.8578%;height: 41px;text-align: center;background-color: #f7dada\">2<\/td>\n<td style=\"width: 17.6728%;height: 41px;text-align: center;background-color: #f7dada\"><\/td>\n<\/tr>\n<tr style=\"height: 41px\">\n<td style=\"width: 20.8578%;height: 41px;text-align: center;background-color: #f0bbbb\">3<\/td>\n<td style=\"width: 17.6728%;height: 41px;text-align: center;background-color: #f0bbbb\">A2<\/td>\n<\/tr>\n<tr style=\"height: 41px\">\n<td style=\"width: 20.8578%;height: 41px;text-align: center;background-color: #f0bbbb\">4<\/td>\n<td style=\"width: 17.6728%;height: 41px;text-align: center;background-color: #f0bbbb\"><\/td>\n<\/tr>\n<tr style=\"height: 41px\">\n<td style=\"width: 20.8578%;height: 41px;text-align: center;background-color: #f7dada\">5<\/td>\n<td style=\"width: 17.6728%;height: 41px;text-align: center;background-color: #f7dada\">B1<\/td>\n<\/tr>\n<tr style=\"height: 41px\">\n<td style=\"width: 20.8578%;height: 41px;text-align: center;background-color: #f7dada\">6<\/td>\n<td style=\"width: 17.6728%;height: 41px;text-align: center;background-color: #f7dada\"><\/td>\n<\/tr>\n<tr style=\"height: 41px\">\n<td style=\"width: 20.8578%;height: 41px;text-align: center;background-color: #f0bbbb\">7<\/td>\n<td style=\"width: 17.6728%;height: 41px;text-align: center;background-color: #f0bbbb\">B2<\/td>\n<\/tr>\n<\/tbody>\n<\/table>\n<hr \/>\n<h4>FEQ course details<\/h4>\n<p>Level 1 &#8211; 40 hours<\/p>\n<p>Levels 2, 3 &#8211; 80 hours<\/p>\n<p>Levels 4, 5, 6, 7 &#8211; 100 hours<\/p>\n<p><strong>Book<\/strong>: <em>Connexion<\/em> or <em>Par ici, M\u00e9thode de fran\u00e7ais <\/em>(depending on level)<\/p>\n<p>*** Only purchase the book after the first class, to ensure that you have been placed in the correct level.<\/p>\n<hr \/>\n<p>&nbsp;<\/p>\n<div class=\"dc_btn_wrap \" style=\"text-align:left; display:block;\"><a target=\"_blank\" style=\"  font-size:16px;  \" class=\"btn-dc-dark blue  \" href=\"https:\/\/www.dawsoncollege.qc.ca\/ctd\/course-categories\/french\/\"><span style=\"display:block; align-items:center; height:100%;\">Register for a FEQ course<\/span><\/a><\/div>\n<p>&nbsp;<\/p>\n","protected":false},"excerpt":{"rendered":"<p>Do you need to pass a test for immigration purposes? If you need to prove your French proficiency for immigration to Quebec, it is crucial that your language training align with the standards used in official evaluations. The \u00c9chelle qu\u00e9b\u00e9coise des niveaux de comp\u00e9tence en fran\u00e7ais is the framework that underpins the TEF (Test d&#8217;\u00c9valuation&#8230;<\/p>\n","protected":false},"author":103,"featured_media":0,"parent":0,"menu_order":0,"comment_status":"closed","ping_status":"closed","template":"","meta":{"footnotes":""},"class_list":["post-43937","page","type-page","status-publish","hentry"],"_links":{"self":[{"href":"https:\/\/www.dawsoncollege.qc.ca\/ctd\/wp-json\/wp\/v2\/pages\/43937","targetHints":{"allow":["GET"]}}],"collection":[{"href":"https:\/\/www.dawsoncollege.qc.ca\/ctd\/wp-json\/wp\/v2\/pages"}],"about":[{"href":"https:\/\/www.dawsoncollege.qc.ca\/ctd\/wp-json\/wp\/v2\/types\/page"}],"author":[{"embeddable":true,"href":"https:\/\/www.dawsoncollege.qc.ca\/ctd\/wp-json\/wp\/v2\/users\/103"}],"replies":[{"embeddable":true,"href":"https:\/\/www.dawsoncollege.qc.ca\/ctd\/wp-json\/wp\/v2\/comments?post=43937"}],"version-history":[{"count":10,"href":"https:\/\/www.dawsoncollege.qc.ca\/ctd\/wp-json\/wp\/v2\/pages\/43937\/revisions"}],"predecessor-version":[{"id":44946,"href":"https:\/\/www.dawsoncollege.qc.ca\/ctd\/wp-json\/wp\/v2\/pages\/43937\/revisions\/44946"}],"wp:attachment":[{"href":"https:\/\/www.dawsoncollege.qc.ca\/ctd\/wp-json\/wp\/v2\/media?parent=43937"}],"curies":[{"name":"wp","href":"https:\/\/api.w.org\/{rel}","templated":true}]}}