{"id":5193,"date":"2017-03-20T14:41:55","date_gmt":"2017-03-20T18:41:55","guid":{"rendered":"https:\/\/www.dawsoncollege.qc.ca\/ctd\/?page_id=5193"},"modified":"2024-01-18T13:17:26","modified_gmt":"2024-01-18T18:17:26","slug":"test-de-classement-4","status":"publish","type":"page","link":"https:\/\/www.dawsoncollege.qc.ca\/ctd\/language-self-evaluation-tests\/test-de-classement-4\/","title":{"rendered":"Test de classement #4"},"content":{"rendered":"<div data-wg-notranslate><p><script type=\"text\/javascript\">\n\/* <![CDATA[ *\/\nvar gform;gform||(document.addEventListener(\"gform_main_scripts_loaded\",function(){gform.scriptsLoaded=!0}),document.addEventListener(\"gform\/theme\/scripts_loaded\",function(){gform.themeScriptsLoaded=!0}),window.addEventListener(\"DOMContentLoaded\",function(){gform.domLoaded=!0}),gform={domLoaded:!1,scriptsLoaded:!1,themeScriptsLoaded:!1,isFormEditor:()=>\"function\"==typeof InitializeEditor,callIfLoaded:function(o){return!(!gform.domLoaded||!gform.scriptsLoaded||!gform.themeScriptsLoaded&&!gform.isFormEditor()||(gform.isFormEditor()&&console.warn(\"The use of gform.initializeOnLoaded() is deprecated in the form editor context and will be removed in Gravity Forms 3.1.\"),o(),0))},initializeOnLoaded:function(o){gform.callIfLoaded(o)||(document.addEventListener(\"gform_main_scripts_loaded\",()=>{gform.scriptsLoaded=!0,gform.callIfLoaded(o)}),document.addEventListener(\"gform\/theme\/scripts_loaded\",()=>{gform.themeScriptsLoaded=!0,gform.callIfLoaded(o)}),window.addEventListener(\"DOMContentLoaded\",()=>{gform.domLoaded=!0,gform.callIfLoaded(o)}))},hooks:{action:{},filter:{}},addAction:function(o,r,e,t){gform.addHook(\"action\",o,r,e,t)},addFilter:function(o,r,e,t){gform.addHook(\"filter\",o,r,e,t)},doAction:function(o){gform.doHook(\"action\",o,arguments)},applyFilters:function(o){return gform.doHook(\"filter\",o,arguments)},removeAction:function(o,r){gform.removeHook(\"action\",o,r)},removeFilter:function(o,r,e){gform.removeHook(\"filter\",o,r,e)},addHook:function(o,r,e,t,n){null==gform.hooks[o][r]&&(gform.hooks[o][r]=[]);var d=gform.hooks[o][r];null==n&&(n=r+\"_\"+d.length),gform.hooks[o][r].push({tag:n,callable:e,priority:t=null==t?10:t})},doHook:function(r,o,e){var t;if(e=Array.prototype.slice.call(e,1),null!=gform.hooks[r][o]&&((o=gform.hooks[r][o]).sort(function(o,r){return o.priority-r.priority}),o.forEach(function(o){\"function\"!=typeof(t=o.callable)&&(t=window[t]),\"action\"==r?t.apply(null,e):e[0]=t.apply(null,e)})),\"filter\"==r)return e[0]},removeHook:function(o,r,t,n){var e;null!=gform.hooks[o][r]&&(e=(e=gform.hooks[o][r]).filter(function(o,r,e){return!!(null!=n&&n!=o.tag||null!=t&&t!=o.priority)}),gform.hooks[o][r]=e)}});\n\/* ]]> *\/\n<\/script>\n\n                <div class='gf_browser_gecko gform_wrapper gform_legacy_markup_wrapper gform-theme--no-framework' data-form-theme='legacy' data-form-index='0' id='gform_wrapper_21' ><form method='post' enctype='multipart\/form-data'  id='gform_21'  action='\/ctd\/wp-json\/wp\/v2\/pages\/5193' data-formid='21' novalidate>\n                        <div class='gform-body gform_body'><ul id='gform_fields_21' class='gform_fields top_label form_sublabel_below description_below validation_below'><li id=\"field_21_1\" class=\"gfield gfield--type-html gfield_html gfield_html_formatted gfield_no_follows_desc field_sublabel_below gfield--no-description field_description_below field_validation_below gfield_visibility_visible\"  >Si vous avez de la difficult\u00e9 \u00e0 r\u00e9pondre \u00e0 ces questions, inscrivez-vous au Niveau 4. Si vous avez r\u00e9pondu \u00e0 75 % de ces questions, sans difficult\u00e9, commencez le <a href=\"https:\/\/www.dawsoncollege.qc.ca\/ctd\/language-self-evaluation-tests\/test-de-classement-5\/\">Questionnaire # 5<\/a>.<\/li><li id=\"field_21_2\" class=\"gfield gfield--type-quiz gfield--type-choice gfield--input-type-radio field_sublabel_below gfield--no-description field_description_below field_validation_below gfield_visibility_visible gquiz-field \"  data-field-class=\"gquiz-field\" ><label class='gfield_label gform-field-label' >Quelle belle veste __________ cuir !<\/label><div class='ginput_container ginput_container_radio'><ul class='gfield_radio' id='input_21_2'>\n\t\t\t<li class='gchoice gchoice_21_2_0'>\n\t\t\t\t<input name='input_2' type='radio' value='gquiz2c1640446'  id='choice_21_2_0'    \/>\n\t\t\t\t<label for='choice_21_2_0' id='label_21_2_0' class='gform-field-label gform-field-label--type-inline'>de<\/label>\n\t\t\t<\/li>\n\t\t\t<li class='gchoice gchoice_21_2_1'>\n\t\t\t\t<input name='input_2' type='radio' value='gquiz221e91ff0'  id='choice_21_2_1'    \/>\n\t\t\t\t<label for='choice_21_2_1' id='label_21_2_1' class='gform-field-label gform-field-label--type-inline'>au<\/label>\n\t\t\t<\/li>\n\t\t\t<li class='gchoice gchoice_21_2_2'>\n\t\t\t\t<input name='input_2' type='radio' value='gquiz248eeb594'  id='choice_21_2_2'    \/>\n\t\t\t\t<label for='choice_21_2_2' id='label_21_2_2' class='gform-field-label gform-field-label--type-inline'>en<\/label>\n\t\t\t<\/li><\/ul><\/div><\/li><li id=\"field_21_3\" class=\"gfield gfield--type-quiz gfield--type-choice gfield--input-type-radio field_sublabel_below gfield--no-description field_description_below field_validation_below gfield_visibility_visible gquiz-field \"  data-field-class=\"gquiz-field\" ><label class='gfield_label gform-field-label' >Cette entrevue, pourrais-tu __________ ?<\/label><div class='ginput_container ginput_container_radio'><ul class='gfield_radio' id='input_21_3'>\n\t\t\t<li class='gchoice gchoice_21_3_0'>\n\t\t\t\t<input name='input_3' type='radio' value='gquiz3db5abd88'  id='choice_21_3_0'    \/>\n\t\t\t\t<label for='choice_21_3_0' id='label_21_3_0' class='gform-field-label gform-field-label--type-inline'>l\u2019organiser<\/label>\n\t\t\t<\/li>\n\t\t\t<li class='gchoice gchoice_21_3_1'>\n\t\t\t\t<input name='input_3' type='radio' value='gquiz36f4f8a8e'  id='choice_21_3_1'    \/>\n\t\t\t\t<label for='choice_21_3_1' id='label_21_3_1' class='gform-field-label gform-field-label--type-inline'>organiser-la<\/label>\n\t\t\t<\/li>\n\t\t\t<li class='gchoice gchoice_21_3_2'>\n\t\t\t\t<input name='input_3' type='radio' value='gquiz320be8ab0'  id='choice_21_3_2'    \/>\n\t\t\t\t<label for='choice_21_3_2' id='label_21_3_2' class='gform-field-label gform-field-label--type-inline'>la organiser<\/label>\n\t\t\t<\/li><\/ul><\/div><\/li><li id=\"field_21_4\" class=\"gfield gfield--type-quiz gfield--type-choice gfield--input-type-radio field_sublabel_below gfield--no-description field_description_below field_validation_below gfield_visibility_visible gquiz-field \"  data-field-class=\"gquiz-field\" ><label class='gfield_label gform-field-label' >Voici la lettre, ________________ par courrier express imm\u00e9diatement.<\/label><div class='ginput_container ginput_container_radio'><ul class='gfield_radio' id='input_21_4'>\n\t\t\t<li class='gchoice gchoice_21_4_0'>\n\t\t\t\t<input name='input_4' type='radio' value='gquiz4eaaafa0e'  id='choice_21_4_0'    \/>\n\t\t\t\t<label for='choice_21_4_0' id='label_21_4_0' class='gform-field-label gform-field-label--type-inline'>exp\u00e9die-la<\/label>\n\t\t\t<\/li>\n\t\t\t<li class='gchoice gchoice_21_4_1'>\n\t\t\t\t<input name='input_4' type='radio' value='gquiz425c1d2e6'  id='choice_21_4_1'    \/>\n\t\t\t\t<label for='choice_21_4_1' id='label_21_4_1' class='gform-field-label gform-field-label--type-inline'>exp\u00e9die la<\/label>\n\t\t\t<\/li>\n\t\t\t<li class='gchoice gchoice_21_4_2'>\n\t\t\t\t<input name='input_4' type='radio' value='gquiz463c39356'  id='choice_21_4_2'    \/>\n\t\t\t\t<label for='choice_21_4_2' id='label_21_4_2' class='gform-field-label gform-field-label--type-inline'>exp\u00e9dies la<\/label>\n\t\t\t<\/li><\/ul><\/div><\/li><li id=\"field_21_5\" class=\"gfield gfield--type-quiz gfield--type-choice gfield--input-type-radio field_sublabel_below gfield--no-description field_description_below field_validation_below gfield_visibility_visible gquiz-field \"  data-field-class=\"gquiz-field\" ><label class='gfield_label gform-field-label' >Penses-tu qu\u2019elle peut nous aider? __________ si elle a le temps.<\/label><div class='ginput_container ginput_container_radio'><ul class='gfield_radio' id='input_21_5'>\n\t\t\t<li class='gchoice gchoice_21_5_0'>\n\t\t\t\t<input name='input_5' type='radio' value='gquiz502c9df46'  id='choice_21_5_0'    \/>\n\t\t\t\t<label for='choice_21_5_0' id='label_21_5_0' class='gform-field-label gform-field-label--type-inline'>Demande-la<\/label>\n\t\t\t<\/li>\n\t\t\t<li class='gchoice gchoice_21_5_1'>\n\t\t\t\t<input name='input_5' type='radio' value='gquiz59c4597de'  id='choice_21_5_1'    \/>\n\t\t\t\t<label for='choice_21_5_1' id='label_21_5_1' class='gform-field-label gform-field-label--type-inline'>Demande-lui<\/label>\n\t\t\t<\/li>\n\t\t\t<li class='gchoice gchoice_21_5_2'>\n\t\t\t\t<input name='input_5' type='radio' value='gquiz5562dbb9f'  id='choice_21_5_2'    \/>\n\t\t\t\t<label for='choice_21_5_2' id='label_21_5_2' class='gform-field-label gform-field-label--type-inline'>Demande-leur<\/label>\n\t\t\t<\/li><\/ul><\/div><\/li><li id=\"field_21_6\" class=\"gfield gfield--type-quiz gfield--type-choice gfield--input-type-radio field_sublabel_below gfield--no-description field_description_below field_validation_below gfield_visibility_visible gquiz-field \"  data-field-class=\"gquiz-field\" ><label class='gfield_label gform-field-label' >J\u2019ai envie de relaxer. La musique, _______________ trop fort, s\u2019il vous plait.<\/label><div class='ginput_container ginput_container_radio'><ul class='gfield_radio' id='input_21_6'>\n\t\t\t<li class='gchoice gchoice_21_6_0'>\n\t\t\t\t<input name='input_6' type='radio' value='gquiz69136e8d5'  id='choice_21_6_0'    \/>\n\t\t\t\t<label for='choice_21_6_0' id='label_21_6_0' class='gform-field-label gform-field-label--type-inline'>ne mettez-la pas<\/label>\n\t\t\t<\/li>\n\t\t\t<li class='gchoice gchoice_21_6_1'>\n\t\t\t\t<input name='input_6' type='radio' value='gquiz6e05d8339'  id='choice_21_6_1'    \/>\n\t\t\t\t<label for='choice_21_6_1' id='label_21_6_1' class='gform-field-label gform-field-label--type-inline'>ne mettez pas la<\/label>\n\t\t\t<\/li>\n\t\t\t<li class='gchoice gchoice_21_6_2'>\n\t\t\t\t<input name='input_6' type='radio' value='gquiz6b8834715'  id='choice_21_6_2'    \/>\n\t\t\t\t<label for='choice_21_6_2' id='label_21_6_2' class='gform-field-label gform-field-label--type-inline'>ne la mettez<\/label>\n\t\t\t<\/li><\/ul><\/div><\/li><li id=\"field_21_7\" class=\"gfield gfield--type-quiz gfield--type-choice gfield--input-type-radio field_sublabel_below gfield--no-description field_description_below field_validation_below gfield_visibility_visible gquiz-field \"  data-field-class=\"gquiz-field\" ><label class='gfield_label gform-field-label' >C\u2019est une __________ dans un _______________.<\/label><div class='ginput_container ginput_container_radio'><ul class='gfield_radio' id='input_21_7'>\n\t\t\t<li class='gchoice gchoice_21_7_0'>\n\t\t\t\t<input name='input_7' type='radio' value='gquiz7b887576a'  id='choice_21_7_0'    \/>\n\t\t\t\t<label for='choice_21_7_0' id='label_21_7_0' class='gform-field-label gform-field-label--type-inline'>maison vieille \/ quartier beau<\/label>\n\t\t\t<\/li>\n\t\t\t<li class='gchoice gchoice_21_7_1'>\n\t\t\t\t<input name='input_7' type='radio' value='gquiz737334e72'  id='choice_21_7_1'    \/>\n\t\t\t\t<label for='choice_21_7_1' id='label_21_7_1' class='gform-field-label gform-field-label--type-inline'>vieille maison \/ quartier beau<\/label>\n\t\t\t<\/li>\n\t\t\t<li class='gchoice gchoice_21_7_2'>\n\t\t\t\t<input name='input_7' type='radio' value='gquiz790055ed8'  id='choice_21_7_2'    \/>\n\t\t\t\t<label for='choice_21_7_2' id='label_21_7_2' class='gform-field-label gform-field-label--type-inline'>vieille maison \/ beau quartier<\/label>\n\t\t\t<\/li><\/ul><\/div><\/li><li id=\"field_21_8\" class=\"gfield gfield--type-quiz gfield--type-choice gfield--input-type-radio field_sublabel_below gfield--no-description field_description_below field_validation_below gfield_visibility_visible gquiz-field \"  data-field-class=\"gquiz-field\" ><label class='gfield_label gform-field-label' >La semaine derni\u00e8re, __________ au mus\u00e9e avec ma soeur !<\/label><div class='ginput_container ginput_container_radio'><ul class='gfield_radio' id='input_21_8'>\n\t\t\t<li class='gchoice gchoice_21_8_0'>\n\t\t\t\t<input name='input_8' type='radio' value='gquiz8aa1e13f6'  id='choice_21_8_0'    \/>\n\t\t\t\t<label for='choice_21_8_0' id='label_21_8_0' class='gform-field-label gform-field-label--type-inline'>je suis all\u00e9<\/label>\n\t\t\t<\/li>\n\t\t\t<li class='gchoice gchoice_21_8_1'>\n\t\t\t\t<input name='input_8' type='radio' value='gquiz8c2ab4ea2'  id='choice_21_8_1'    \/>\n\t\t\t\t<label for='choice_21_8_1' id='label_21_8_1' class='gform-field-label gform-field-label--type-inline'>j\u2019ai all\u00e9<\/label>\n\t\t\t<\/li>\n\t\t\t<li class='gchoice gchoice_21_8_2'>\n\t\t\t\t<input name='input_8' type='radio' value='gquiz854e539ed'  id='choice_21_8_2'    \/>\n\t\t\t\t<label for='choice_21_8_2' id='label_21_8_2' class='gform-field-label gform-field-label--type-inline'>je suis aller<\/label>\n\t\t\t<\/li><\/ul><\/div><\/li><li id=\"field_21_9\" class=\"gfield gfield--type-quiz gfield--type-choice gfield--input-type-radio field_sublabel_below gfield--no-description field_description_below field_validation_below gfield_visibility_visible gquiz-field \"  data-field-class=\"gquiz-field\" ><label class='gfield_label gform-field-label' >Je ___________ le dernier film de Tarantino.<\/label><div class='ginput_container ginput_container_radio'><ul class='gfield_radio' id='input_21_9'>\n\t\t\t<li class='gchoice gchoice_21_9_0'>\n\t\t\t\t<input name='input_9' type='radio' value='gquiz97185c1bc'  id='choice_21_9_0'    \/>\n\t\t\t\t<label for='choice_21_9_0' id='label_21_9_0' class='gform-field-label gform-field-label--type-inline'>n\u2019ai pas vu<\/label>\n\t\t\t<\/li>\n\t\t\t<li class='gchoice gchoice_21_9_1'>\n\t\t\t\t<input name='input_9' type='radio' value='gquiz9c7eeebdc'  id='choice_21_9_1'    \/>\n\t\t\t\t<label for='choice_21_9_1' id='label_21_9_1' class='gform-field-label gform-field-label--type-inline'>n\u2019ai vu pas<\/label>\n\t\t\t<\/li>\n\t\t\t<li class='gchoice gchoice_21_9_2'>\n\t\t\t\t<input name='input_9' type='radio' value='gquiz9e190c076'  id='choice_21_9_2'    \/>\n\t\t\t\t<label for='choice_21_9_2' id='label_21_9_2' class='gform-field-label gform-field-label--type-inline'>ne pas vu<\/label>\n\t\t\t<\/li><\/ul><\/div><\/li><li id=\"field_21_10\" class=\"gfield gfield--type-quiz gfield--type-choice gfield--input-type-radio field_sublabel_below gfield--no-description field_description_below field_validation_below gfield_visibility_visible gquiz-field \"  data-field-class=\"gquiz-field\" ><label class='gfield_label gform-field-label' >As-tu achet\u00e9 du sucre pour la recette ? Non, __________ achet\u00e9.<\/label><div class='ginput_container ginput_container_radio'><ul class='gfield_radio' id='input_21_10'>\n\t\t\t<li class='gchoice gchoice_21_10_0'>\n\t\t\t\t<input name='input_10' type='radio' value='gquiz1015ef5c2d'  id='choice_21_10_0'    \/>\n\t\t\t\t<label for='choice_21_10_0' id='label_21_10_0' class='gform-field-label gform-field-label--type-inline'>je n\u2019ai pas<\/label>\n\t\t\t<\/li>\n\t\t\t<li class='gchoice gchoice_21_10_1'>\n\t\t\t\t<input name='input_10' type='radio' value='gquiz10adb2c547'  id='choice_21_10_1'    \/>\n\t\t\t\t<label for='choice_21_10_1' id='label_21_10_1' class='gform-field-label gform-field-label--type-inline'>je n\u2019en ai pas<\/label>\n\t\t\t<\/li>\n\t\t\t<li class='gchoice gchoice_21_10_2'>\n\t\t\t\t<input name='input_10' type='radio' value='gquiz1094427c83'  id='choice_21_10_2'    \/>\n\t\t\t\t<label for='choice_21_10_2' id='label_21_10_2' class='gform-field-label gform-field-label--type-inline'>je n\u2019ai pas en<\/label>\n\t\t\t<\/li><\/ul><\/div><\/li><li id=\"field_21_11\" class=\"gfield gfield--type-quiz gfield--type-choice gfield--input-type-radio field_sublabel_below gfield--no-description field_description_below field_validation_below gfield_visibility_visible gquiz-field \"  data-field-class=\"gquiz-field\" ><label class='gfield_label gform-field-label' >Avant __________ de la salle, __________ \u00e9teindre la lumi\u00e8re !<\/label><div class='ginput_container ginput_container_radio'><ul class='gfield_radio' id='input_21_11'>\n\t\t\t<li class='gchoice gchoice_21_11_0'>\n\t\t\t\t<input name='input_11' type='radio' value='gquiz11170236b5'  id='choice_21_11_0'    \/>\n\t\t\t\t<label for='choice_21_11_0' id='label_21_11_0' class='gform-field-label gform-field-label--type-inline'>de sortir \/ il faut<\/label>\n\t\t\t<\/li>\n\t\t\t<li class='gchoice gchoice_21_11_1'>\n\t\t\t\t<input name='input_11' type='radio' value='gquiz11f62fa2d6'  id='choice_21_11_1'    \/>\n\t\t\t\t<label for='choice_21_11_1' id='label_21_11_1' class='gform-field-label gform-field-label--type-inline'>que sors \/ il faut<\/label>\n\t\t\t<\/li>\n\t\t\t<li class='gchoice gchoice_21_11_2'>\n\t\t\t\t<input name='input_11' type='radio' value='gquiz11b482cf89'  id='choice_21_11_2'    \/>\n\t\t\t\t<label for='choice_21_11_2' id='label_21_11_2' class='gform-field-label gform-field-label--type-inline'>je sors \/ on doit<\/label>\n\t\t\t<\/li><\/ul><\/div><\/li><li id=\"field_21_12\" class=\"gfield gfield--type-captcha field_sublabel_below gfield--no-description field_description_below field_validation_below gfield_visibility_visible\"  ><label class='gfield_label gform-field-label' for='input_21_12'>CAPTCHA<\/label><div id='input_21_12' class='ginput_container ginput_recaptcha' data-sitekey='6LdcyZ4aAAAAAGTjZNbfp7RrJpBpzAh17X8gUNxI'  data-theme='light' data-tabindex='0'  data-badge=''><\/div><\/li><\/ul><\/div>\n        <div class='gform-footer gform_footer top_label'> <input type='submit' id='gform_submit_button_21' class='gform_button button' onclick='gform.submission.handleButtonClick(this);' data-submission-type='submit' value='Submit'  \/> \n            <input type='hidden' class='gform_hidden' name='gform_submission_method' data-js='gform_submission_method_21' value='postback' \/>\n            <input type='hidden' class='gform_hidden' name='gform_theme' data-js='gform_theme_21' id='gform_theme_21' value='legacy' \/>\n            <input type='hidden' class='gform_hidden' name='gform_style_settings' data-js='gform_style_settings_21' id='gform_style_settings_21' value='[]' \/>\n            <input type='hidden' class='gform_hidden' name='is_submit_21' value='1' \/>\n            <input type='hidden' class='gform_hidden' name='gform_submit' value='21' \/>\n            \n            <input type='hidden' class='gform_hidden' name='gform_unique_id' value='' \/>\n            <input type='hidden' class='gform_hidden' name='state_21' value='WyJbXSIsIjc5ZTNmODFjZmM4ZTEyZjNlNjQ0NTllOWQ1MjJkZDUwIl0=' \/>\n            <input type='hidden' autocomplete='off' class='gform_hidden' name='gform_target_page_number_21' id='gform_target_page_number_21' value='0' \/>\n            <input type='hidden' autocomplete='off' class='gform_hidden' name='gform_source_page_number_21' id='gform_source_page_number_21' value='1' \/>\n            <input type='hidden' name='gform_field_values' value='' \/>\n            \n        <\/div>\n                        <\/form>\n                        <\/div><script type=\"text\/javascript\">\n\/* <![CDATA[ *\/\n gform.initializeOnLoaded( function() {gformInitSpinner( 21, 'https:\/\/www.dawsoncollege.qc.ca\/ctd\/wp-content\/plugins\/gravityforms\/images\/spinner.svg', true );jQuery('#gform_ajax_frame_21').on('load',function(){var contents = jQuery(this).contents().find('*').html();var is_postback = contents.indexOf('GF_AJAX_POSTBACK') >= 0;if(!is_postback){return;}var form_content = jQuery(this).contents().find('#gform_wrapper_21');var is_confirmation = jQuery(this).contents().find('#gform_confirmation_wrapper_21').length > 0;var is_redirect = contents.indexOf('gformRedirect(){') >= 0;var is_form = form_content.length > 0 && ! is_redirect && ! is_confirmation;var mt = parseInt(jQuery('html').css('margin-top'), 10) + parseInt(jQuery('body').css('margin-top'), 10) + 100;if(is_form){jQuery('#gform_wrapper_21').html(form_content.html());if(form_content.hasClass('gform_validation_error')){jQuery('#gform_wrapper_21').addClass('gform_validation_error');} else {jQuery('#gform_wrapper_21').removeClass('gform_validation_error');}setTimeout( function() { \/* delay the scroll by 50 milliseconds to fix a bug in chrome *\/  }, 50 );if(window['gformInitDatepicker']) {gformInitDatepicker();}if(window['gformInitPriceFields']) {gformInitPriceFields();}var current_page = jQuery('#gform_source_page_number_21').val();gformInitSpinner( 21, 'https:\/\/www.dawsoncollege.qc.ca\/ctd\/wp-content\/plugins\/gravityforms\/images\/spinner.svg', true );jQuery(document).trigger('gform_page_loaded', [21, current_page]);window['gf_submitting_21'] = false;}else if(!is_redirect){var confirmation_content = jQuery(this).contents().find('.GF_AJAX_POSTBACK').html();if(!confirmation_content){confirmation_content = contents;}jQuery('#gform_wrapper_21').replaceWith(confirmation_content);jQuery(document).trigger('gform_confirmation_loaded', [21]);window['gf_submitting_21'] = false;wp.a11y.speak(jQuery('#gform_confirmation_message_21').text());}else{jQuery('#gform_21').append(contents);if(window['gformRedirect']) {gformRedirect();}}jQuery(document).trigger(\"gform_pre_post_render\", [{ formId: \"21\", currentPage: \"current_page\", abort: function() { this.preventDefault(); } }]);        if (event && event.defaultPrevented) {                return;        }        const gformWrapperDiv = document.getElementById( \"gform_wrapper_21\" );        if ( gformWrapperDiv ) {            const visibilitySpan = document.createElement( \"span\" );            visibilitySpan.id = \"gform_visibility_test_21\";            gformWrapperDiv.insertAdjacentElement( \"afterend\", visibilitySpan );        }        const visibilityTestDiv = document.getElementById( \"gform_visibility_test_21\" );        let postRenderFired = false;        function triggerPostRender() {            if ( postRenderFired ) {                return;            }            postRenderFired = true;            gform.core.triggerPostRenderEvents( 21, current_page );            if ( visibilityTestDiv ) {                visibilityTestDiv.parentNode.removeChild( visibilityTestDiv );            }        }        function debounce( func, wait, immediate ) {            var timeout;            return function() {                var context = this, args = arguments;                var later = function() {                    timeout = null;                    if ( !immediate ) func.apply( context, args );                };                var callNow = immediate && !timeout;                clearTimeout( timeout );                timeout = setTimeout( later, wait );                if ( callNow ) func.apply( context, args );            };        }        const debouncedTriggerPostRender = debounce( function() {            triggerPostRender();        }, 200 );        if ( visibilityTestDiv && visibilityTestDiv.offsetParent === null ) {            const observer = new MutationObserver( ( mutations ) => {                mutations.forEach( ( mutation ) => {                    if ( mutation.type === 'attributes' && visibilityTestDiv.offsetParent !== null ) {                        debouncedTriggerPostRender();                        observer.disconnect();                    }                });            });            observer.observe( document.body, {                attributes: true,                childList: false,                subtree: true,                attributeFilter: [ 'style', 'class' ],            });        } else {            triggerPostRender();        }    } );} ); \n\/* ]]> *\/\n<\/script>\n<\/p>\n<\/div>\n","protected":false},"excerpt":{"rendered":"","protected":false},"author":16,"featured_media":0,"parent":116,"menu_order":0,"comment_status":"closed","ping_status":"closed","template":"","meta":{"footnotes":""},"class_list":["post-5193","page","type-page","status-publish","hentry"],"_links":{"self":[{"href":"https:\/\/www.dawsoncollege.qc.ca\/ctd\/wp-json\/wp\/v2\/pages\/5193","targetHints":{"allow":["GET"]}}],"collection":[{"href":"https:\/\/www.dawsoncollege.qc.ca\/ctd\/wp-json\/wp\/v2\/pages"}],"about":[{"href":"https:\/\/www.dawsoncollege.qc.ca\/ctd\/wp-json\/wp\/v2\/types\/page"}],"author":[{"embeddable":true,"href":"https:\/\/www.dawsoncollege.qc.ca\/ctd\/wp-json\/wp\/v2\/users\/16"}],"replies":[{"embeddable":true,"href":"https:\/\/www.dawsoncollege.qc.ca\/ctd\/wp-json\/wp\/v2\/comments?post=5193"}],"version-history":[{"count":4,"href":"https:\/\/www.dawsoncollege.qc.ca\/ctd\/wp-json\/wp\/v2\/pages\/5193\/revisions"}],"predecessor-version":[{"id":34569,"href":"https:\/\/www.dawsoncollege.qc.ca\/ctd\/wp-json\/wp\/v2\/pages\/5193\/revisions\/34569"}],"up":[{"embeddable":true,"href":"https:\/\/www.dawsoncollege.qc.ca\/ctd\/wp-json\/wp\/v2\/pages\/116"}],"wp:attachment":[{"href":"https:\/\/www.dawsoncollege.qc.ca\/ctd\/wp-json\/wp\/v2\/media?parent=5193"}],"curies":[{"name":"wp","href":"https:\/\/api.w.org\/{rel}","templated":true}]}}