{"id":201,"date":"2019-10-25T09:48:28","date_gmt":"2019-10-25T13:48:28","guid":{"rendered":"https:\/\/www.dawsoncollege.qc.ca\/dawscon\/?page_id=201"},"modified":"2021-11-17T11:56:51","modified_gmt":"2021-11-17T16:56:51","slug":"dawscon-code-of-conduct-code-de-conduite-pour-la-conference","status":"publish","type":"page","link":"https:\/\/www.dawsoncollege.qc.ca\/dawscon\/dawscon-code-of-conduct-code-de-conduite-pour-la-conference\/","title":{"rendered":"DawsCon Code of Conduct \/ Code de conduite pour la conference"},"content":{"rendered":"<p><a name=\"english\"><\/a><\/p>\n<h2>DawsCon Conference Code of Conduct<\/h2>\n<p>All attendees, speakers, sponsors and volunteers at our conference are required to agree with the following code of conduct. Organisers will enforce this code throughout the event. We expect cooperation from all participants to help ensure a safe environment for everybody.<\/p>\n<h3>The Quick Version<\/h3>\n<p>Our conference is dedicated to providing a harassment-free conference experience for everyone, regardless of gender, gender identity and expression, age, sexual orientation, disability, physical appearance, body size, race, ethnicity, religion (or lack thereof), or technology choices. We do not tolerate harassment of conference participants in any form. Sexual language and imagery is not appropriate for any conference venue, including talks, workshops, parties, Twitter and other online media. Conference participants violating these rules may be sanctioned or expelled from the conference at the discretion of the conference organizers.<\/p>\n<h3>The Less Quick Version<\/h3>\n<p>Harassment includes offensive verbal comments related to gender, gender identity and expression, age, sexual orientation, disability, physical appearance, body size, race, ethnicity, religion, technology choices, sexual images in public spaces, deliberate intimidation, stalking, following, harassing photography or recording, sustained disruption of talks or other events, inappropriate physical contact, and unwelcome sexual attention.<\/p>\n<p>Participants asked to stop any harassing behavior are expected to comply immediately.<\/p>\n<p>Sponsors are also subject to the anti-harassment policy. In particular, sponsors should not use sexualized images, activities, or other material. Booth staff (including volunteers) should not use sexualized clothing\/uniforms\/costumes, or otherwise create a sexualized environment.<\/p>\n<p>If a participant engages in harassing behavior, the conference organizers may take any action they deem appropriate, including warning the offender or expulsion from the conference with no refund.<\/p>\n<p>If you are being harassed, notice that someone else is being harassed, or have any other concerns, please contact a member of conference staff immediately. Conference staff can be identified as they&#8217;ll be wearing branded clothing and\/or badges. A list of conference organizers can be found <a href=\"https:\/\/www.dawsoncollege.qc.ca\/dawscon\/conference-organizers\/\" target=\"_blank\" rel=\"noopener noreferrer\">here<\/a>.<\/p>\n<p>Conference staff will be happy to help participants contact Dawson College security or local law enforcement, provide escorts, or otherwise assist those experiencing harassment to feel safe for the duration of the conference. We value your attendance.<\/p>\n<p>We expect participants to follow these rules at conference and workshop venues and conference-related social events.<\/p>\n\n        <style>\n            .highlight{ padding: 20px; padding-bottom: 12px; margin: 15px 0; overflow: hidden; width: 100%; border-radius: 10px;}\n            .highlight.white {\n                background-color: #fbfbfb;\n                border: 1px solid #c1c1c1;\n            }\n            .highlight.blue{ background: #ADD2FF; background:rgba(173, 210, 255, 0.33);  }\n            .highlight.red{ background: #ff7979; }\n            .highlight.orange{ background: #F7A95C; }\n            .highlight.green{ background: #D3F5D6; }\n            .highlight.purple{ background: #CF9BFA; }\n            .highlight.yellow{ background:#fff6c0; }\n            .highlight.dark{ background: #333; color: #fff; }\n            .highlight.dark p, .highlight.dark a{ color: #fff; }\n            .highlight.grey{ background: #dfdfdf; }\n\n            .highlight h2:first-of-type,\n            .highlight h3:first-of-type{\n                margin-top: 0;\n            }\n            .highlight{color:#000;}\n            .highlight p:last-child{margin: 0;}\n\n\n\n\n\n            \/*\n\t\t\tblue #ddeafa\n\t\t\tred #ECAAC1\n\t\t\torange #FFC286\n\t\t\tgreen #84F08D\n\t\t\tpurple #CF9BFA\n\t\t\twhite #fff\n\t\t\tblack #333 ~ font #fff\n\t\t\t*\/\n\n        <\/style>\n\n\t\t<div style=\"position:relative; padding:40px 30px 25px 30px;\" class=\"highlight blue \"><span style=\"border-bottom-right-radius:10px; text-transform:uppercase; position:absolute; padding:5px 20px; padding-left:5px; background:#888; background-color:rgba(0,0,0,0.43); font-size:12px; color:#fff; left:0; top:0;\"><i class=\"fa fa-tag\"><\/i> Note<\/span>\n<h3>Original source and credit<\/h3>\n<p><a href=\"http:\/\/2012.jsconf.us\/#\/about\" target=\"_blank\" rel=\"noopener noreferrer\">http:\/\/2012.jsconf.us\/#\/about<\/a> &amp; The Ada Initiative<\/p>\n<\/div>\n<p><a name=\"francais\"><\/a><\/p>\n<h2>Code de conduite pour la conf\u00e9rence<\/h2>\n<p>Toutes les personnes participant \u00e0 la conf\u00e9rence, y compris les commanditaires et b\u00e9n\u00e9voles s&#8217;engagent \u00e0 accepter le code d&#8217;\u00e9thique et de d\u00e9ontologie, ou \u00ab code de conduite \u00bb suivant. L&#8217;organisation s&#8217;attachera \u00e0 faire respecter ce code durant l&#8217;\u00e9v\u00e9nement. Nous attendons la coop\u00e9ration de chacun\u2027e pour assurer un environnement sain pour tous.<\/p>\n<h3>La version rapide<\/h3>\n<p>Notre conf\u00e9rence se veut une exp\u00e9rience sans harc\u00e8lement, quel que soit votre genre, votre identit\u00e9 sexuelle, votre \u00e2ge, votre orientation sexuelle, votre handicap, votre apparence physique, votre poids, votre race ou votre religion. Nous ne tol\u00e9rons aucun harc\u00e8lement des participant\u2027e\u2027s \u00e0 la conf\u00e9rence, sous quelque forme que ce soit. Les expressions et les images \u00e0 connotation sexuelle ne sont pas appropri\u00e9es lors de l&#8217;\u00e9v\u00e9nement. Ceci inclut les conf\u00e9rences, les ateliers, les soir\u00e9es, Twitter et les autres m\u00e9dias en ligne. L&#8217;organisation s&#8217;engage \u00e0 appliquer des sanctions appropri\u00e9es pour les personnes qui violent ces r\u00e8gles, jusqu&#8217;\u00e0 l&#8217;exclusion et le recours l\u00e9gal.<\/p>\n<h3>La version moins rapide<\/h3>\n<p>Le harc\u00e8lement inclut des commentaires \u00e0 l&#8217;oral ou \u00e0 l&#8217;\u00e9crit sur le genre, l&#8217;identit\u00e9 sexuelle, l&#8217;\u00e2ge, l&#8217;orientation sexuelle, le handicap, l&#8217;apparence physique, le poids, la race, la religion, les images \u00e0 connotation sexuelle dans des lieux publics, les intimidations d\u00e9lib\u00e9r\u00e9es, la traque, la poursuite, un harc\u00e8lement photographique ou vid\u00e9o, une suite d&#8217;interruptions des conf\u00e9rences et des autres \u00e9v\u00e9nements, un contact physique inappropri\u00e9 et des avances sexuelles non d\u00e9sir\u00e9es.<\/p>\n<p>Les participant\u2027e\u2027s \u00e0 qui il sera demand\u00e9 d&#8217;arr\u00eater tout comportement de harc\u00e8lement doivent arr\u00eater imm\u00e9diatement.<\/p>\n<p>Les sponsors sont aussi sujet \u00e0 la politique anti-harc\u00e8lement. En particulier, les sponsors ne doivent pas utiliser d&#8217;images ou de supports \u00e0 connotation sexuelle. Ils ne doivent pas non plus se livrer \u00e0 des activit\u00e9s \u00e0 connotation sexuelle. L&#8217;\u00e9quipe du stand (y compris les b\u00e9n\u00e9voles) ne doit pas utiliser de v\u00eatements, uniformes ou costumes \u00e0 connotation sexuelle. Ils ne doivent pas non plus cr\u00e9er un environnement sexualis\u00e9.<\/p>\n<p>Face \u00e0 un comportement de harc\u00e8lement, l&#8217;\u00e9quipe d&#8217;organisation de la conf\u00e9rence peut prendre toute action qui lui semble ad\u00e9quate. Cela va d&#8217;un simple avertissement \u00e0 l&#8217;exclusion sans remboursement de la conf\u00e9rence. Une liste des organisateurs de la conf\u00e9rence est disponible <a href=\"https:\/\/www.dawsoncollege.qc.ca\/dawscon\/conference-organizers\/\" target=\"_blank\" rel=\"noopener noreferrer\">ici<\/a>.<\/p>\n<p>Si vous vous sentez harcel\u00e9\u2027e, si vous pensez que quelqu&#8217;un se fait harceler, et plus g\u00e9n\u00e9ralement en cas de probl\u00e8me, merci de contacter imm\u00e9diatement l\u2019\u00e9quipe d\u2019organisation de l&#8217;\u00e9v\u00e9nement. L&#8217;organisation s&#8217;assure que ses membres sont facilement identifiables (badge, brassard, tour de cou, t-shirt\u2026) pr\u00e9sent\u00e9s au d\u00e9but de la conf\u00e9rence.<\/p>\n<p>Les membres de l&#8217;organisation seront ravi\u2027e\u2027s d&#8217;aider les participants \u00e0 contacter la s\u00e9curit\u00e9 de Coll\u00e8ge Dawson ou les forces de l&#8217;ordre ; \u00e0 fournir une escorte ainsi qu&#8217;\u00e0 aider de toute autre fa\u00e7on les personnes victimes de harc\u00e8lement, pour garantir leur s\u00e9curit\u00e9 pendant la dur\u00e9e de l&#8217;\u00e9v\u00e9nement. Nous appr\u00e9cions votre participation \u00e0 l&#8217;\u00e9v\u00e9nement.<\/p>\n<p>Nous attendons de chacun\u2027e le respect de ces r\u00e8gles dans le b\u00e2timent des conf\u00e9rences et des ateliers, ainsi que pendant les \u00e9v\u00e9nements sociaux relatifs \u00e0 la conf\u00e9rence.<\/p>\n<div style=\"position:relative; padding:40px 30px 25px 30px;\" class=\"highlight blue \"><span style=\"border-bottom-right-radius:10px; text-transform:uppercase; position:absolute; padding:5px 20px; padding-left:5px; background:#888; background-color:rgba(0,0,0,0.43); font-size:12px; color:#fff; left:0; top:0;\"><i class=\"fa fa-tag\"><\/i> Note<\/span>\n<h3>Version originale et cr\u00e9dit<\/h3>\n<p><a href=\"http:\/\/2012.jsconf.us\/#\/about\" target=\"_blank\" rel=\"noopener noreferrer\">http:\/\/2012.jsconf.us\/#\/about<\/a> &amp; The Ada Initiative<\/p>\n<\/div>\n","protected":false},"excerpt":{"rendered":"<p>DawsCon Conference Code of Conduct All attendees, speakers, sponsors and volunteers at our conference are required to agree with the following code of conduct. Organisers will enforce this code throughout the event. We expect cooperation from all participants to help ensure a safe environment for everybody. The Quick Version Our conference is dedicated to providing&#8230;<\/p>\n","protected":false},"author":4,"featured_media":0,"parent":0,"menu_order":0,"comment_status":"closed","ping_status":"closed","template":"","meta":{"footnotes":""},"class_list":["post-201","page","type-page","status-publish","hentry"],"_links":{"self":[{"href":"https:\/\/www.dawsoncollege.qc.ca\/dawscon\/wp-json\/wp\/v2\/pages\/201","targetHints":{"allow":["GET"]}}],"collection":[{"href":"https:\/\/www.dawsoncollege.qc.ca\/dawscon\/wp-json\/wp\/v2\/pages"}],"about":[{"href":"https:\/\/www.dawsoncollege.qc.ca\/dawscon\/wp-json\/wp\/v2\/types\/page"}],"author":[{"embeddable":true,"href":"https:\/\/www.dawsoncollege.qc.ca\/dawscon\/wp-json\/wp\/v2\/users\/4"}],"replies":[{"embeddable":true,"href":"https:\/\/www.dawsoncollege.qc.ca\/dawscon\/wp-json\/wp\/v2\/comments?post=201"}],"version-history":[{"count":8,"href":"https:\/\/www.dawsoncollege.qc.ca\/dawscon\/wp-json\/wp\/v2\/pages\/201\/revisions"}],"predecessor-version":[{"id":470,"href":"https:\/\/www.dawsoncollege.qc.ca\/dawscon\/wp-json\/wp\/v2\/pages\/201\/revisions\/470"}],"wp:attachment":[{"href":"https:\/\/www.dawsoncollege.qc.ca\/dawscon\/wp-json\/wp\/v2\/media?parent=201"}],"curies":[{"name":"wp","href":"https:\/\/api.w.org\/{rel}","templated":true}]}}