{"id":58,"date":"2017-10-26T16:47:31","date_gmt":"2017-10-26T20:47:31","guid":{"rendered":"https:\/\/www.dawsoncollege.qc.ca\/netbeansday\/?page_id=58"},"modified":"2023-03-06T17:09:19","modified_gmt":"2023-03-06T22:09:19","slug":"2017-edition","status":"publish","type":"page","link":"https:\/\/www.dawsoncollege.qc.ca\/dawscon\/previous-editions\/2017-edition\/","title":{"rendered":"2017 Edition"},"content":{"rendered":"<h1>NetBeans Day Montreal January 12, 2017<\/h1>\n<p>\n        <style>\n            .highlight{ padding: 20px; padding-bottom: 12px; margin: 15px 0; overflow: hidden; width: 100%; border-radius: 10px;}\n            .highlight.white {\n                background-color: #fbfbfb;\n                border: 1px solid #c1c1c1;\n            }\n            .highlight.blue{ background: #ADD2FF; background:rgba(173, 210, 255, 0.33);  }\n            .highlight.red{ background: #ff7979; }\n            .highlight.orange{ background: #F7A95C; }\n            .highlight.green{ background: #D3F5D6; }\n            .highlight.purple{ background: #CF9BFA; }\n            .highlight.yellow{ background:#fff6c0; }\n            .highlight.dark{ background: #333; color: #fff; }\n            .highlight.dark p, .highlight.dark a{ color: #fff; }\n            .highlight.grey{ background: #dfdfdf; }\n\n            .highlight h2:first-of-type,\n            .highlight h3:first-of-type{\n                margin-top: 0;\n            }\n            .highlight{color:#000;}\n            .highlight p:last-child{margin: 0;}\n\n\n\n\n\n            \/*\n\t\t\tblue #ddeafa\n\t\t\tred #ECAAC1\n\t\t\torange #FFC286\n\t\t\tgreen #84F08D\n\t\t\tpurple #CF9BFA\n\t\t\twhite #fff\n\t\t\tblack #333 ~ font #fff\n\t\t\t*\/\n\n        <\/style>\n\n\t\t<div style=\"position:relative; padding:40px 30px 25px 30px;\" class=\"highlight blue \"><span style=\"border-bottom-right-radius:10px; text-transform:uppercase; position:absolute; padding:5px 20px; padding-left:5px; background:#888; background-color:rgba(0,0,0,0.43); font-size:12px; color:#fff; left:0; top:0;\"><i class=\"fa fa-tag\"><\/i> Note<\/span><br \/>\nClick here to see other editions of the event.\n<ul>\n<li><a href=\"https:\/\/www.dawsoncollege.qc.ca\/dawscon\/previous-editions\/2023-edition\/\">2023 Edition<\/a><\/li>\n<li><a href=\"https:\/\/www.dawsoncollege.qc.ca\/dawscon\/previous-editions\/2022-edition\/\">2022 Edition<\/a><\/li>\n<li><a href=\"https:\/\/www.dawsoncollege.qc.ca\/dawscon\/previous-editions\/2021-edition\/\">2021 Edition<\/a><\/li>\n<li><a href=\"https:\/\/www.dawsoncollege.qc.ca\/dawscon\/previous-editions\/2020-edition\/\">2020 Edition<\/a><\/li>\n<li><a href=\"https:\/\/www.dawsoncollege.qc.ca\/dawscon\/previous-editions\/2019-edition\/\">2019 Edition<\/a><\/li>\n<li><a href=\"https:\/\/www.dawsoncollege.qc.ca\/dawscon\/previous-editions\/2018-edition\/\">2018 Edition<\/a><\/li>\n<li><a href=\"https:\/\/www.dawsoncollege.qc.ca\/dawscon\/previous-editions\/2017-edition\/\">2017 Edition<\/a><\/li>\n<\/ul>\n<p><\/p><\/div><\/p>\n\n<h4>NetBeans Day 2017 was a success! Thank you to all the presenters and participants. Check back for details on next year\u2019s NetBeans Day.<\/h4>\n<img loading=\"lazy\" decoding=\"async\" class=\"alignleft size-full wp-image-9\" src=\"https:\/\/www.dawsoncollege.qc.ca\/netbeansday\/wp-content\/uploads\/sites\/156\/netbeans-logo-day.jpg.png\" alt=\"netbeans-logo-day.jpg\" width=\"1000\" height=\"350\" srcset=\"https:\/\/www.dawsoncollege.qc.ca\/dawscon\/wp-content\/uploads\/sites\/156\/netbeans-logo-day.jpg.png 1000w, https:\/\/www.dawsoncollege.qc.ca\/dawscon\/wp-content\/uploads\/sites\/156\/netbeans-logo-day.jpg-800x280.png 800w, https:\/\/www.dawsoncollege.qc.ca\/dawscon\/wp-content\/uploads\/sites\/156\/netbeans-logo-day.jpg-768x269.png 768w\" sizes=\"auto, (max-width: 1000px) 100vw, 1000px\" \/>\n<p>Dawson College will be hosting Montreal\u2019s first NetBeans Day. Unlike large commercial conferences NetBeans Day is a community organized event. It is loosely based around a central theme of NetBeans that supports a very wide range of languages, frameworks and techniques. The event is free to attend (with refreshments) and targeted at professional software developers, students and anyone with a general curiosity.<\/p>\n<p>You can look forward to:<\/p>\n<ul>\n<li>Demo-oriented sessions, with as few slides as possible. Lots of code!<\/li>\n<li>Many useful takeaways and practical Tips and tricks.<\/li>\n<li>Sessions for Desktop, server and beyond using Java and non-Java languages.<\/li>\n<li>Tips and tricks for using NetBeans in the classroom.<\/li>\n<li>Lots of opportunities to speak to fellow developers and users.<\/li>\n<\/ul>\n<h2>Schedule<\/h2>\n<p>More sessions are planned and will be added to the list. If you would like to be a presenter, then contact me at <a  href=\"mailto:N&#101;&#116;B&#101;ansD&#97;&#121;M&#84;&#76;&#64;d&#97;&#119;so&#110;&#99;&#111;&#108;l&#101;ge.&#113;c&#46;ca\">&#78;et&#66;&#101;a&#110;sDa&#121;&#77;&#84;L&#64;d&#97;&#119;&#115;on&#99;&#111;&#108;&#108;eg&#101;.qc.&#99;a<\/a>. Our schedule for the day is not complete but here are some of the speakers we expect:<\/p>\n<h4>Geertjan Wielenga<\/h4>\n<img loading=\"lazy\" decoding=\"async\" class=\"alignleft size-full wp-image-38\" src=\"https:\/\/www.dawsoncollege.qc.ca\/netbeansday\/wp-content\/uploads\/sites\/156\/GeertjanWielenga.jpg\" alt=\"Geertjan Wielenga\" width=\"180\" height=\"180\" \/>\n<p><strong><em>Apache NetBeans and Oracle Jet<\/em><\/strong><\/p>\n<p>Product manager and developer advocate for open source projects in Oracle, such as <a href=\"http:\/\/oraclejet.org\" target=\"blank\" rel=\"noopener\">Oracle JET<\/a> and <a href=\"http:\/\/netbeans.org\" target=\"blank\" rel=\"noopener\">NetBeans<\/a>. Geertjan will be speaking from Amsterdam.<br \/>\n<br style=\"clear:both;\"\/>\n<br style=\"clear:both;\"\/>\n<h4>J\u00e9r\u00e9mie Lagarde<\/h4>\n<p><em><strong>JBossForge pour NetBeans, cr\u00e9er un prototype d\u2019application Java EE en quelques minutes<\/strong><\/em><\/p>\n<p>JBoss Forge est un outil tr\u00e8s pratique pour \u00e9tendre les fonctionnalit\u00e9s de votre IDE Java. Comportant beaucoup d&#8217;add-ons, il permet d\u2019int\u00e9grer simplement diff\u00e9rentes technologies.<\/p>\n<p>Dans cette pr\u00e9sentation, nous verrons comment cr\u00e9er facilement une application Java EE en quelques minutes et comment cr\u00e9er notre propre extension pour NetBeans. Relevez le d\u00e9fi!<br \/>\n<br style=\"clear:both;\"\/>\n<h4>Jonathan Perlman<\/h4>\n<p><img decoding=\"async\" class=\"alignleft size-full wp-image-39\" src=\"https:\/\/www.dawsoncollege.qc.ca\/netbeansday\/wp-content\/uploads\/sites\/156\/JonathanPerlman.jpg\" alt=\"Jonathan Perlman\" width=\"180\" \/> <em><strong>The Dawson Way of Doing Things: A Study of Our Path Using WordPress<\/strong><\/em><\/p>\n<p>Dawson College with 10,000+ students and 1,000+ faculty and staff has adopted WordPress as our primary web publishing platform. We\u2019ve mostly had success, but we\u2019ve also had our share of failures and growing pains. In this case study, I\u2019m going to talk about how we started out with WordPress in 2010, migrated our main website a few years later to a multi-site install. This case study will showcase our development of WordPress sites using NetBeans, how we choose plugins and tools, and which themes we\u2019ve come to rely on.<br \/>\n<br style=\"clear:both;\"\/>\n<h4>Kenneth Fogel<\/h4>\n<p><img decoding=\"async\" class=\"alignleft size-full wp-image-40\" src=\"https:\/\/www.dawsoncollege.qc.ca\/netbeansday\/wp-content\/uploads\/sites\/156\/Ken-Fogel.jpg\" alt=\"Ken Fogel\" width=\"180\" \/><em><strong>IoT without the Breadboard<\/strong><\/em><\/p>\n<p>This session will look at an alternative to developing IoT systems on a breadboard. The Grove system replaces the breadboard with a Grove Pi+ circuit board that can connect to a Raspberry Pi, Arduino, Edison and others. Sensors, actuators and devices are pre-mounted on small circuit boards and connect to the Grove Pi+ with cables that have plugs. Java and NetBeans are the best environment for working with the Grove.<br \/>\n<br style=\"clear:both;\"\/>\n<h4>Ioannis (John) Kostaras<\/h4>\n<img decoding=\"async\" class=\"alignleft size-full wp-image-45\" src=\"https:\/\/www.dawsoncollege.qc.ca\/netbeansday\/wp-content\/uploads\/sites\/156\/ioannis_kostaras.png\" alt=\"Ioannis Kostaras\" width=\"180\" \/>\n<p><em><strong>Java 9 and NetBeans 9<\/strong><\/em><\/p>\n<p>In this session John will present some of the exciting new features that will be part of Java 9 focusing on its new modular architecture. The upcoming release of NetBeans 9 and how it will take advantage of Java 9 will be part of the presentation. John has been a frequent presenter at NetBeans Days held in Europe and we are excited to have him present from Brussels.<br \/>\n<br style=\"clear:both;\"\/><br style=\"clear:both;\"\/>\n<h4>F\u00e9lix Roberge<\/h4>\n<img decoding=\"async\" class=\"alignleft size-full wp-image-50\" src=\"https:\/\/www.dawsoncollege.qc.ca\/netbeansday\/wp-content\/uploads\/sites\/156\/felix-roberge.jpeg\" alt=\"F\u00e9lix Roberge\" width=\"180\" \/>\n<p><em><strong>Encouraging Kids to Program with Java and Greenfoot<\/strong><\/em><\/p>\n<p>There are many tools on the market all with pros and cons to help make software programming more interesting, but there aren\u2019t many methods on how to get users motivated and passionate about writing software. In this talk I will illustrate my journey on how I was able to interest kids to Java programming.<\/p>\n<p>Through examples I will demonstrate how I got them excited about learning to code using Greenfoot and show how simple it is to engage them in programming by creating a fun game while learning basic concepts of software engineering.<\/p>\n<p>This session is for Java programmers, who would like to share their passion with a younger generation.<br \/>\n<br style=\"clear:both;\"\/>\n<h4>Constantin Drabo<\/h4>\n<p><img decoding=\"async\" src=\"https:\/\/www.dawsoncollege.qc.ca\/netbeansday\/wp-content\/uploads\/sites\/156\/constantin-674x640.png\" alt=\"constantin\" width=\"180\" class=\"alignleft size-medium wp-image-53\" srcset=\"https:\/\/www.dawsoncollege.qc.ca\/dawscon\/wp-content\/uploads\/sites\/156\/constantin-674x640.png 674w, https:\/\/www.dawsoncollege.qc.ca\/dawscon\/wp-content\/uploads\/sites\/156\/constantin.png 759w\" sizes=\"(max-width: 674px) 100vw, 674px\" \/> <em><strong>Java 9 JShell<\/strong><\/em><\/p>\n<p>In this session we will learn what JShell is and how it can be useful to quickly adopt Java and how to use it as a test tool. It will be also an opportunity to mix JShell and NetBeans. Constantin will be speaking from Burkina Faso.<\/p>\n<p>Constantin Drabo is a software engineer and teacher in Burkina Faso. He&#8217;s the founder of one of the youngest JUGs in Africa (FasoJUG) and a regular contributor to NetBeans Quality and Assurance.<\/p>\n","protected":false},"excerpt":{"rendered":"<p>NetBeans Day Montreal January 12, 2017 NetBeans Day 2017 was a success! Thank you to all the presenters and participants. Check back for details on next year\u2019s NetBeans Day. Dawson College will be hosting Montreal\u2019s first NetBeans Day. Unlike large commercial conferences NetBeans Day is a community organized event. It is loosely based around a&#8230;<\/p>\n","protected":false},"author":4,"featured_media":0,"parent":262,"menu_order":0,"comment_status":"closed","ping_status":"closed","template":"","meta":{"footnotes":""},"class_list":["post-58","page","type-page","status-publish","hentry"],"_links":{"self":[{"href":"https:\/\/www.dawsoncollege.qc.ca\/dawscon\/wp-json\/wp\/v2\/pages\/58","targetHints":{"allow":["GET"]}}],"collection":[{"href":"https:\/\/www.dawsoncollege.qc.ca\/dawscon\/wp-json\/wp\/v2\/pages"}],"about":[{"href":"https:\/\/www.dawsoncollege.qc.ca\/dawscon\/wp-json\/wp\/v2\/types\/page"}],"author":[{"embeddable":true,"href":"https:\/\/www.dawsoncollege.qc.ca\/dawscon\/wp-json\/wp\/v2\/users\/4"}],"replies":[{"embeddable":true,"href":"https:\/\/www.dawsoncollege.qc.ca\/dawscon\/wp-json\/wp\/v2\/comments?post=58"}],"version-history":[{"count":8,"href":"https:\/\/www.dawsoncollege.qc.ca\/dawscon\/wp-json\/wp\/v2\/pages\/58\/revisions"}],"predecessor-version":[{"id":721,"href":"https:\/\/www.dawsoncollege.qc.ca\/dawscon\/wp-json\/wp\/v2\/pages\/58\/revisions\/721"}],"up":[{"embeddable":true,"href":"https:\/\/www.dawsoncollege.qc.ca\/dawscon\/wp-json\/wp\/v2\/pages\/262"}],"wp:attachment":[{"href":"https:\/\/www.dawsoncollege.qc.ca\/dawscon\/wp-json\/wp\/v2\/media?parent=58"}],"curies":[{"name":"wp","href":"https:\/\/api.w.org\/{rel}","templated":true}]}}