{"id":91,"date":"2018-09-13T10:22:19","date_gmt":"2018-09-13T14:22:19","guid":{"rendered":"https:\/\/www.dawsoncollege.qc.ca\/netbeansday\/?page_id=91"},"modified":"2023-03-06T17:09:25","modified_gmt":"2023-03-06T22:09:25","slug":"2018-edition","status":"publish","type":"page","link":"https:\/\/www.dawsoncollege.qc.ca\/dawscon\/previous-editions\/2018-edition\/","title":{"rendered":"2018 Edition"},"content":{"rendered":"<p>\n        <style>\n            .highlight{ padding: 20px; padding-bottom: 12px; margin: 15px 0; overflow: hidden; width: 100%; border-radius: 10px;}\n            .highlight.white {\n                background-color: #fbfbfb;\n                border: 1px solid #c1c1c1;\n            }\n            .highlight.blue{ background: #ADD2FF; background:rgba(173, 210, 255, 0.33);  }\n            .highlight.red{ background: #ff7979; }\n            .highlight.orange{ background: #F7A95C; }\n            .highlight.green{ background: #D3F5D6; }\n            .highlight.purple{ background: #CF9BFA; }\n            .highlight.yellow{ background:#fff6c0; }\n            .highlight.dark{ background: #333; color: #fff; }\n            .highlight.dark p, .highlight.dark a{ color: #fff; }\n            .highlight.grey{ background: #dfdfdf; }\n\n            .highlight h2:first-of-type,\n            .highlight h3:first-of-type{\n                margin-top: 0;\n            }\n            .highlight{color:#000;}\n            .highlight p:last-child{margin: 0;}\n\n\n\n\n\n            \/*\n\t\t\tblue #ddeafa\n\t\t\tred #ECAAC1\n\t\t\torange #FFC286\n\t\t\tgreen #84F08D\n\t\t\tpurple #CF9BFA\n\t\t\twhite #fff\n\t\t\tblack #333 ~ font #fff\n\t\t\t*\/\n\n        <\/style>\n\n\t\t<div style=\"position:relative; padding:40px 30px 25px 30px;\" class=\"highlight blue \"><span style=\"border-bottom-right-radius:10px; text-transform:uppercase; position:absolute; padding:5px 20px; padding-left:5px; background:#888; background-color:rgba(0,0,0,0.43); font-size:12px; color:#fff; left:0; top:0;\"><i class=\"fa fa-tag\"><\/i> Note<\/span><br \/>\nClick here to see other editions of the event.\n<ul>\n<li><a href=\"https:\/\/www.dawsoncollege.qc.ca\/dawscon\/previous-editions\/2023-edition\/\">2023 Edition<\/a><\/li>\n<li><a href=\"https:\/\/www.dawsoncollege.qc.ca\/dawscon\/previous-editions\/2022-edition\/\">2022 Edition<\/a><\/li>\n<li><a href=\"https:\/\/www.dawsoncollege.qc.ca\/dawscon\/previous-editions\/2021-edition\/\">2021 Edition<\/a><\/li>\n<li><a href=\"https:\/\/www.dawsoncollege.qc.ca\/dawscon\/previous-editions\/2020-edition\/\">2020 Edition<\/a><\/li>\n<li><a href=\"https:\/\/www.dawsoncollege.qc.ca\/dawscon\/previous-editions\/2019-edition\/\">2019 Edition<\/a><\/li>\n<li><a href=\"https:\/\/www.dawsoncollege.qc.ca\/dawscon\/previous-editions\/2018-edition\/\">2018 Edition<\/a><\/li>\n<li><a href=\"https:\/\/www.dawsoncollege.qc.ca\/dawscon\/previous-editions\/2017-edition\/\">2017 Edition<\/a><\/li>\n<\/ul>\n<p><\/p><\/div><\/p>\n\n<img loading=\"lazy\" decoding=\"async\" class=\"alignnone size-medium wp-image-81\" src=\"https:\/\/www.dawsoncollege.qc.ca\/netbeansday\/wp-content\/uploads\/sites\/156\/nbdm_logo_2018_v2-800x229.jpg\" alt=\"\" width=\"800\" height=\"229\" srcset=\"https:\/\/www.dawsoncollege.qc.ca\/dawscon\/wp-content\/uploads\/sites\/156\/nbdm_logo_2018_v2-800x229.jpg 800w, https:\/\/www.dawsoncollege.qc.ca\/dawscon\/wp-content\/uploads\/sites\/156\/nbdm_logo_2018_v2-768x220.jpg 768w, https:\/\/www.dawsoncollege.qc.ca\/dawscon\/wp-content\/uploads\/sites\/156\/nbdm_logo_2018_v2.jpg 900w\" sizes=\"auto, (max-width: 800px) 100vw, 800px\" \/>\n<h2>NetBeans Day Montreal at Dawson College on January 12, 2018 from 9:00 AM till 5:00 PM<\/h2>\n<p>Dawson College will again be hosting Montreal\u2019s NetBeans Day. Unlike large commercial conferences NetBeans Day is a community organized event. With NetBeans now part of the Apache Foundation the day is about more than just the NetBeans IDE. It is also a celebration of all things open source. The event is free to attend (with refreshments) and targeted at students, professional software developers and anyone with a general curiosity.<\/p>\n<p>You can look forward to:<\/p>\n<ul>\n<li>Demo-oriented sessions, with as few slides as possible. Lots of code!<\/li>\n<li>Many useful takeaways and practical tips and tricks.<\/li>\n<li>Sessions for desktop, server and beyond using Java and non-Java languages.<\/li>\n<li>Lots of opportunities to speak to fellow developers and users.<\/li>\n<\/ul>\n<h2>Journ\u00e9e NetBeans, au College Dawson, le 12 janvier 2018, de 9h00 a 17h00.<\/h2>\n<p>Le coll\u00e8ge sera l&#8217;h\u00f4te de la journ\u00e9e NetBeans. A l\u2019oppos\u00e9 des grandes conf\u00e9rences commerciales, cette journ\u00e9e est un \u00e9v\u00e9nement de la communaut\u00e9. Comme NetBeans fait partie de la Fondation Apache, la journ\u00e9e ira au del\u00e0 de l\u2019interface de NetBeans. Nous c\u00e9l\u00e9brerons aussi le logiciel libre\/ open source. Cet \u00e9v\u00e9nement est gratuit (des rafraichissement seront servis), nous invitons les \u00e9tudiants, les d\u00e9veloppeurs de logiciel, et tous ceux qui sont curieux.<\/p>\n<p>Attendez-vous a :<\/p>\n<ul>\n<li>Des sessions d\u2019exemples : pas, ou presque de \u2018diapos\u2019<\/li>\n<li>Des tonnes de recettes , de solutions pratiques<\/li>\n<li>Java 9 et Java EE 8, EE4 pour les nuls<\/li>\n<li>Des rencontres avec des d\u00e9veloppeurs , des \u00e9tudiants<\/li>\n<\/ul>\n<h2>Schedule<\/h2>\n<p>Our schedule for the day will be ready soon but for now here are this year\u2019s speakers:<\/p>\n<p>L\u2019agenda du jour sera bient\u00f4t pr\u00eat, et voil\u00e0 d\u00e9j\u00e0 les la liste des pr\u00e9sentations de cette ann\u00e9e.<\/p>\n<h2>Speakers \/ Conf\u00e9renciers<\/h2>\n<p>&nbsp;<\/p>\n<h3>Venkat Subramaniam<\/h3>\n<p><strong>President, Agile Developer, Inc., Java Champion, JavaOne Rockstar<\/strong><\/p>\n<p><img loading=\"lazy\" decoding=\"async\" class=\"size-full wp-image-65 alignleft\" src=\"https:\/\/www.dawsoncollege.qc.ca\/netbeansday\/wp-content\/uploads\/sites\/156\/Venkat_Subramaniam.jpg\" alt=\"\" width=\"139\" height=\"202\" \/>Dr. Venkat Subramaniam is an award-winning author, founder of Agile Developer, Inc., creator of <a href=\"http:\/\/www.agilelearner.com\/\" target=\"_blank\" rel=\"noopener\">agilelearner.com<\/a>, and an instructional professor at the University of Houston. He has trained and mentored thousands of software developers in the US, Canada, Europe, and Asia, and is a regularly-invited speaker at several international conferences. Venkat helps his clients effectively apply and succeed with sustainable agile practices on their software projects. Venkat is a (co)author of multiple technical books, including the 2007 Jolt Productivity award winning book Practices of an Agile Developer. You can find a list of his books at <a href=\"http:\/\/www.agiledeveloper.com\/\" target=\"_blank\" rel=\"noopener\">agiledeveloper.com<\/a>.<br \/>\n<br style=\"clear:both;\"\/>\n<p>Venkat will be presenting:<\/p>\n<p><strong>Twelve Ways to Make Code Suck Less\u00a0<\/strong><\/p>\n<p>We all have seen our share of bad code and some really good code as well. What are some of the common anti patterns that seem to be recurring over and over in code that sucks? By learning about these code smells and avoiding them, we can greatly help make our code better. Come to this talk to learn about some common code smell and how to improve the quality of code.<\/p>\n<p><strong>Exploring Java 9<\/strong><\/p>\n<p>Java 8 brought along a significant paradigm shift. Java 9 improves upon a number of things from Java 8 while bringing significant additions. In this session we will explore a number of language and JDK changes that programmers will greatly benefit from. We will also discuss the big elephant, Modularization, what that means, how to use it, and also how to transition existing code.<\/p>\n<p>&nbsp;<\/p>\n<h3>Henri Tremblay<\/h3>\n<p><strong>Java Champion<\/strong><\/p>\n<img loading=\"lazy\" decoding=\"async\" class=\" wp-image-66 alignleft\" src=\"https:\/\/www.dawsoncollege.qc.ca\/netbeansday\/wp-content\/uploads\/sites\/156\/HenriTremblay.jpg\" alt=\"\" width=\"144\" height=\"209\" \/>\n<p>Henri Tremblay est le seul Java Champion au Qu\u00e9bec. Il dirige les projets \u00e0 sources ouvertes EasyMock et Objenesis. Il est aussi l&#8217;un des contributeurs d&#8217;Ehcache. Quand il \u00e9tait jeune, il a d\u00e9velopp\u00e9 le mocking des classes et invent\u00e9 le concept de mocking partiel. Il codait avec pragmatisme.<\/p>\n<p>Il a \u00e9t\u00e9 depuis d\u00e9veloppeurs, directeur technique, architecte d&#8217;entreprise, cr\u00e9ateur d&#8217;entreprise, conf\u00e9rencier et expert en performance. Avec pragmatisme.<\/p>\n<p>Il aime l&#8217;optimisation et la productivit\u00e9. En Java et en g\u00e9n\u00e9ral. Il essaie d&#8217;\u00eatre utile. Il est pragmatique.<br \/>\n<br style=\"clear:both;\"\/>\n<p>Henri Tremblay is Java Champion. He leads EasyMock and Objenesis and contributes to Ehcache open source projects. When he was young, he made popular class mocking, invented partial mocking and was coding with pragmatism.<\/p>\n<p>He has been developer, CTO, software architect, enterprise architect, startup founder, teacher and performance expert. With pragmatism.<\/p>\n<p>He loves optimization and productivity. In Java and in general. He tries to be useful. He is pragmatic.<\/p>\n<p>Henri pr\u00e9sentera<\/p>\n<p><strong>\u00catre pragmatique<\/strong><\/p>\n<p>\u00catre pragmatique en d\u00e9veloppement logiciel est plus rare que ce \u00e0 quoi on s&#8217;attendrait. Ou esp\u00e9rerait. J&#8217;ai vu tout au long de ma carri\u00e8re de nombreuses extravagances. Des architectes, analyses et d\u00e9veloppeurs faisant ou croyant des choses qui ne font simplement aucun sens dans aucun monde connu.<\/p>\n<p>\u00c0 l&#8217;aide d&#8217;exemples tir\u00e9s de mon exp\u00e9rience, je vais vous donner quelques trucs pour \u00eatre plus pragmatique. Ce qui vous permettra des d\u00e9velopper des logiciels que les gens voudront vraiment utiliser. Le tout avec humour. Que vous soyez gestionnaire, d\u00e9veloppeurs ou \u00e9tudiant, vous devriez trouver \u00e7a int\u00e9ressant.<\/p>\n<p>Henri will be presenting:<\/p>\n<p><strong>Be pragmatic<\/strong><\/p>\n<p>Be pragmatic in software development is rarer than one would expect or hope. I&#8217;ve seen all sorts of craziness throughout the years. Architects, analysts and developers doing and believing things that simply made no sense in any worlds.<\/p>\n<p>Using examples from my experience, I will teach you tricks to really be pragmatic. This will allow you to quickly develop software that people really want to use. Whether you are a manager or a developer, you should find it useful.<\/p>\n<p>&nbsp;<\/p>\n<h3>David Heffelfinger<\/h3>\n<p><strong>Java Champion<\/strong><\/p>\n<p><img loading=\"lazy\" decoding=\"async\" class=\"wp-image-67 alignleft\" src=\"https:\/\/www.dawsoncollege.qc.ca\/netbeansday\/wp-content\/uploads\/sites\/156\/DavidHeffelfinger.png\" alt=\"\" width=\"147\" height=\"147\" \/>David Heffelfinger is an independent consultant based in the Washington, DC area. He is a Java Champion, a member of the NetBeans Dream Team and is part of the JavaOne content committee.<\/p>\n<p>David has written several books on Java EE, NetBeans, and JasperReports. His titles include Java EE 7 Development with NetBeans 8, Java EE 7 with GlassFish 4 Application Server, and JasperReports 3.5 For Java Developers.<\/p>\n<p>David has been speaking at JavaOne every year since 2012. He is a frequent speaker at NetBeans Day in San Francisco, showcasing NetBeans features that greatly enhance the development of Java EE applications. Follow him on Twitter <a href=\"http:\/\/twitter.com\/ensode\" target=\"_blank\" rel=\"noopener\">@ensode<\/a><\/p>\n<p>David will be presenting:<\/p>\n<p><strong>Java EE 8 Overview<\/strong><\/p>\n<p>This session provides a high-level overview of new features of Java Platform, Enterprise Edition, introduced in Java EE 8. New features include JSF 2.3, JPA 2.2, CDI 2.0, JSON-P 1.1, JAX-RS 2.1, and Servlet 4.0. Additionally, you\u2019ll hear about new Java EE 8 APIs such as the new Security API and the new Java API for JSON Binding (JSON-B).<br \/>\n<br style=\"clear:both;\"\/>\n<p>&nbsp;<\/p>\n<h3>Pratik Patel<\/h3>\n<p><strong>CTO TripLingo &amp; Code Hacker, Java Champion<\/strong><\/p>\n<p><img loading=\"lazy\" decoding=\"async\" class=\"size-full wp-image-76 alignleft\" src=\"https:\/\/www.dawsoncollege.qc.ca\/netbeansday\/wp-content\/uploads\/sites\/156\/PratikPatel.jpg\" alt=\"\" width=\"130\" height=\"130\" \/>Pratik Patel is the CTO of Atlanta based <a href=\"http:\/\/www.triplingo.com\/\" target=\"_blank\" rel=\"noopener\">TripLingo<\/a>. He wrote the first book on &#8216;enterprise Java&#8217; in 1996, \u201cJava Database Programming with JDBC.\u201d He has also spoken at various conferences and participates in several local tech groups and startup groups. He&#8217;s in the startup world now and hacks iOS, Android, HTML5, CSS3, JavaScript, Rails, and \u2026.. well everything except Perl.<\/p>\n<p>Pratik&#8217;s specialty is in large-scale applications for mission-critical and mobile applications use. He has designed and built applications in the retail, health care, financial services, and telecoms sectors. Pratik holds a master&#8217;s in Biomedical Engineering from UNC, has worked in places such as New York, London, and Hong Kong, and currently lives in Atlanta, GA.<\/p>\n<p>Pratik will be presenting:<\/p>\n<p><strong>A Gentle Introduction to Functional JavaScript<\/strong><\/p>\n<p>Functional Programming is available in many programming languages today. You probably know that FP is possible in JavaScript &#8211; but did you know that writing FP style JavaScript will lead to cleaner, more maintainable code? In this session, we&#8217;ll explore writing FP style JavaScript and cover the basics, and intermediate techniques. We&#8217;ll do a functional refactor and explain the reasoning along the way.<\/p>\n<p>We&#8217;ll use mostly basic JavaScript and the underscore library for code examples to demonstrate Functional Programming in a simple to understand, and more practical, way.<\/p>\n<p>&nbsp;<\/p>\n<h3>J\u00e9r\u00e9mie Lagarde<\/h3>\n<p><img loading=\"lazy\" decoding=\"async\" class=\"wp-image-77 alignleft\" src=\"https:\/\/www.dawsoncollege.qc.ca\/netbeansday\/wp-content\/uploads\/sites\/156\/Jeremie-512x640.jpg\" alt=\"\" width=\"149\" height=\"186\" srcset=\"https:\/\/www.dawsoncollege.qc.ca\/dawscon\/wp-content\/uploads\/sites\/156\/Jeremie-512x640.jpg 512w, https:\/\/www.dawsoncollege.qc.ca\/dawscon\/wp-content\/uploads\/sites\/156\/Jeremie-768x960.jpg 768w, https:\/\/www.dawsoncollege.qc.ca\/dawscon\/wp-content\/uploads\/sites\/156\/Jeremie.jpg 1235w\" sizes=\"auto, (max-width: 149px) 100vw, 149px\" \/>J\u00e9r\u00e9mie est d\u00e9veloppeur Java depuis de nombreuses ann\u00e9es et a \u00e9t\u00e9 responsable technique pour une entreprise 100 % Internet dans le domaine de l\u2019assurance. Il participe \u00e0 plusieurs projets OpenSource autour du middleware JBoss et des outils de d\u00e9veloppement logiciel. Pour lui, partager ses connaissances est toujours une exp\u00e9rience tr\u00e8s enrichissante. Il anime des ateliers pour les enfants avec l\u2019\u00e9quipe Devoxx4Kids et propose des pr\u00e9sentations techniques comme celle-ci.<br \/>\n<br style=\"clear:both;\"\/>\n<p>J\u00e9r\u00e9mie is a senior software developer and was a technical team leader for a pure Internet player company in insurance domain. He participated in several open source projects around the JBoss middleware and development tools. For him, sharing his knowledge is always a very rewarding experience. He runs workshops for kids with the Devoxx4Kids team and offers technical presentations like this one.<\/p>\n<p>J\u00e9r\u00e9mie pr\u00e9sentera<\/p>\n<p><strong>MicroProfile: La voie rapide pour vos MicroServices Java.<\/strong><\/p>\n<p>Qu&#8217;est-ce que MicroProfile? Attachez vos ceintures et bienvenue \u00e0 bord de cette technologie pour faciliter vos microservices Java en production! Du concept \u00e0 la pratique, nous verrons comment MicroProfile peut nous aider au quotidien dans nos projets. &#8230; 1.2, 1.3, MicroProfile.io a d\u00e9coll\u00e9!<\/p>\n<p>J\u00e9r\u00e9mie will be presenting<\/p>\n<p><strong>MicroProfile: The speed highway for your Java MicroServices<\/strong><\/p>\n<p>What is MicroProfile? Fasten your seat belts and welcome aboard on this technology to facilitate your Java microservices in production! From concept to practice, we will see how the MicroProfile can daily help us in our projects. &#8230; 1.2, 1.3, MicroProfile.io is launched!<\/p>\n<p>&nbsp;<\/p>\n<h3>F\u00e9lix Roberge<\/h3>\n<p><img loading=\"lazy\" decoding=\"async\" class=\"size-full wp-image-78 alignleft\" src=\"https:\/\/www.dawsoncollege.qc.ca\/netbeansday\/wp-content\/uploads\/sites\/156\/felix-roberge-1.jpeg\" alt=\"\" width=\"150\" height=\"220\" \/>Felix is a Software Engineering Manager for Intact Financial Corporation in Montreal, Canada. He is leading one of the finest development team, currently responsible for Web &amp; Mobile applications. He began his career as a java developer more than 15 years ago. Before becoming a manager, he held various roles in different organizations such as developer and application architect.<\/p>\n<p>Being an Innovation Evangelist, Felix is also leading a R&amp;D team, which focuses on improving development life cycle in different areas such as: Continuous Integration &amp; Delivery, Container Base Deployment as well as initiating a change towards a DevOps culture. Believing in the added value of the community, Felix is very involved in many user groups in the Montreal area such as: the Montreal JUG, the Montreal Docker User Group and RedHat User Group.<\/p>\n<p>Furthermore, Felix is also an organizing member of the GitHub User Group. Felix has been a speaker at different user groups and conferences such as JavaOne 2016 and GitHub Enterprise Summit Toronto 2017.<\/p>\n<p>Felix will be presenting:<\/p>\n<p><strong>Introduction to the World of Containers<\/strong><\/p>\n<p>With the rise of micro services came a change in the way we are deploying our application. We are moving away from a traditional infrastructure and moving toward containers. In this talk I will introduce people to the world of containers using the Openshift Container Platform from Red Hat. With hand on example I will demonstrate how we can get and app running in matters of minutes using cool feature such as Source to Images.<\/p>\n<p>&nbsp;<\/p>\n<h3>Francis Toth<\/h3>\n<p><img loading=\"lazy\" decoding=\"async\" class=\"size-full wp-image-78 alignleft\" src=\"https:\/\/www.dawsoncollege.qc.ca\/netbeansday\/wp-content\/uploads\/sites\/156\/avatar_highres.jpeg\" alt=\"\" width=\"150\" height=\"220\" \/>Francis is a software developer, convinced agilist with over 12 years experience developing highly scalable web\/mobile\/backend applications, optimizing work processes and managing dev teams. He is currently interested by Functional Programming in general (Scala, Haskell, React&#8230;) and distributed computing. Aside from that, he works as a developer \/ trainer at Yoppworks, a Canadian Scala-dedicated consulting company.<\/p>\n<p>Francis will be presenting:<\/p>\n<p><strong>Introduction to Functional Programming<\/strong><br \/>\nIn this presentation, you will learn the fundamental principles of Functional Programming. We will tackle this paradigm in a very practical way and avoid going into obscure Mathematical theory. We will first cover the very basics (expressions, referential transparency, purity, onion architecture,&#8230;) and then move to other concepts such as Algebras and composition. This talk mostly targets beginners but requires a good knowledge of basic programming concepts. All the examples will be in Scala, but knowing the language is not an absolute requirement.<\/p>\n<p>&nbsp;<\/p>\n<h3>Hrishikesh Kanabar &amp; Kevin Huang<\/h3>\n<h4>Hrishikesh Kanabar<\/h4>\n<p><a href=\"https:\/\/www.dawsoncollege.qc.ca\/dawscon\/wp-content\/uploads\/sites\/156\/KANABAR_Hrishikesh_skype.jpg\"><img loading=\"lazy\" decoding=\"async\" class=\"alignleft wp-image-129 \" src=\"https:\/\/www.dawsoncollege.qc.ca\/dawscon\/wp-content\/uploads\/sites\/156\/KANABAR_Hrishikesh_skype-400x400.jpg\" alt=\"\" width=\"150\" height=\"150\" srcset=\"https:\/\/www.dawsoncollege.qc.ca\/dawscon\/wp-content\/uploads\/sites\/156\/KANABAR_Hrishikesh_skype-400x400.jpg 400w, https:\/\/www.dawsoncollege.qc.ca\/dawscon\/wp-content\/uploads\/sites\/156\/KANABAR_Hrishikesh_skype-640x640.jpg 640w, https:\/\/www.dawsoncollege.qc.ca\/dawscon\/wp-content\/uploads\/sites\/156\/KANABAR_Hrishikesh_skype.jpg 648w\" sizes=\"auto, (max-width: 150px) 100vw, 150px\" \/><\/a>Hrishikesh is passionate about Java, cloud technologies and artificial intelligence. He is currently working as solution designer at \u201cDeloitte Inc.\u201d in Montreal. He has great contributed to and worked with I.O.T, cloud, and Artificial intellegege. He is proficient with projects related to cloud hosting applications, deployment in the cloud, automation and management practices.<br \/>\n<br style=\"clear:both;\"\/>\n<h4>Kevin Huang<\/h4>\n<p><a href=\"https:\/\/www.dawsoncollege.qc.ca\/dawscon\/wp-content\/uploads\/sites\/156\/Kevinhuang-headshot.jpg\"><img loading=\"lazy\" decoding=\"async\" class=\"wp-image-130  alignleft\" src=\"https:\/\/www.dawsoncollege.qc.ca\/dawscon\/wp-content\/uploads\/sites\/156\/Kevinhuang-headshot-400x400.jpg\" alt=\"\" width=\"150\" height=\"150\" srcset=\"https:\/\/www.dawsoncollege.qc.ca\/dawscon\/wp-content\/uploads\/sites\/156\/Kevinhuang-headshot-400x400.jpg 400w, https:\/\/www.dawsoncollege.qc.ca\/dawscon\/wp-content\/uploads\/sites\/156\/Kevinhuang-headshot-640x640.jpg 640w, https:\/\/www.dawsoncollege.qc.ca\/dawscon\/wp-content\/uploads\/sites\/156\/Kevinhuang-headshot-768x768.jpg 768w, https:\/\/www.dawsoncollege.qc.ca\/dawscon\/wp-content\/uploads\/sites\/156\/Kevinhuang-headshot.jpg 917w\" sizes=\"auto, (max-width: 150px) 100vw, 150px\" \/><\/a>Kevin is a Solution Developer at Deloitte&#8217;s Canadian Development Center. He loves to combine his technical background with his business knowledge to come up with solutions to real life problems.<br \/>\n<br style=\"clear:both;\"\/>\n<p><strong>Presentation:<\/strong> Cloud Technologies: Introduction to the cloud and the application of cloud servers and web technologies<\/p>\n<p>&nbsp;<\/p>\n<hr \/>\n<p>For more information, contact us at <a  href=\"mailto:N&#101;&#116;B&#101;&#97;n&#115;DayMTL&#64;&#100;&#97;w&#115;o&#110;&#99;&#111;ll&#101;&#103;e&#46;qc.&#99;&#97;\">&#78;&#101;&#116;Be&#97;&#110;&#115;D&#97;&#121;&#77;&#84;&#76;&#64;da&#119;&#115;&#111;&#110;&#99;o&#108;&#108;eg&#101;.&#113;&#99;&#46;c&#97;<\/a>.<\/p>\n<p>Pour plus d\u2019information, veuillez nous contacter au <a  href=\"mailto:Ne&#116;&#66;ea&#110;sDa&#121;MTL&#64;&#100;&#97;&#119;son&#99;&#111;lleg&#101;&#46;&#113;c.ca\">Ne&#116;Bean&#115;&#68;&#97;yM&#84;&#76;&#64;d&#97;&#119;son&#99;o&#108;le&#103;e.qc.c&#97;<\/a>.<\/p>\n<p>Registration \/ Enregistrement: <a href=\"https:\/\/netbeansdaymtl.eventbrite.com\" target=\"_blank\" rel=\"noopener\">https:\/\/netbeansdaymtl.eventbrite.com<\/a><\/p>\n<p>Dawson College is across the street from the Alexis Nihon Plaza where you will find a food court that caters to most tastes. Dawson is easy to get to as there is an entrance from the Atwater Metro station.<\/p>\n<p>Le College Dawson se situe en face da la\u00a0place Alexis Nihon, ou se trouvent des\u00a0services de restaurations rapides de toute sortes.\u00a0Il existe un\u00a0entr\u00e9e directe au\u00a0coll\u00e8ge\u00a0depuis la station de\u00a0m\u00e9tro Atwater.<\/p>\n","protected":false},"excerpt":{"rendered":"<p>NetBeans Day Montreal at Dawson College on January 12, 2018 from 9:00 AM till 5:00 PM Dawson College will again be hosting Montreal\u2019s NetBeans Day. Unlike large commercial conferences NetBeans Day is a community organized event. With NetBeans now part of the Apache Foundation the day is about more than just the NetBeans IDE. It&#8230;<\/p>\n","protected":false},"author":4,"featured_media":0,"parent":262,"menu_order":0,"comment_status":"closed","ping_status":"closed","template":"","meta":{"footnotes":""},"class_list":["post-91","page","type-page","status-publish","hentry"],"_links":{"self":[{"href":"https:\/\/www.dawsoncollege.qc.ca\/dawscon\/wp-json\/wp\/v2\/pages\/91","targetHints":{"allow":["GET"]}}],"collection":[{"href":"https:\/\/www.dawsoncollege.qc.ca\/dawscon\/wp-json\/wp\/v2\/pages"}],"about":[{"href":"https:\/\/www.dawsoncollege.qc.ca\/dawscon\/wp-json\/wp\/v2\/types\/page"}],"author":[{"embeddable":true,"href":"https:\/\/www.dawsoncollege.qc.ca\/dawscon\/wp-json\/wp\/v2\/users\/4"}],"replies":[{"embeddable":true,"href":"https:\/\/www.dawsoncollege.qc.ca\/dawscon\/wp-json\/wp\/v2\/comments?post=91"}],"version-history":[{"count":6,"href":"https:\/\/www.dawsoncollege.qc.ca\/dawscon\/wp-json\/wp\/v2\/pages\/91\/revisions"}],"predecessor-version":[{"id":265,"href":"https:\/\/www.dawsoncollege.qc.ca\/dawscon\/wp-json\/wp\/v2\/pages\/91\/revisions\/265"}],"up":[{"embeddable":true,"href":"https:\/\/www.dawsoncollege.qc.ca\/dawscon\/wp-json\/wp\/v2\/pages\/262"}],"wp:attachment":[{"href":"https:\/\/www.dawsoncollege.qc.ca\/dawscon\/wp-json\/wp\/v2\/media?parent=91"}],"curies":[{"name":"wp","href":"https:\/\/api.w.org\/{rel}","templated":true}]}}