{"id":271,"date":"2026-03-02T13:40:47","date_gmt":"2026-03-02T18:40:47","guid":{"rendered":"https:\/\/www.dawsoncollege.qc.ca\/finance\/?page_id=271"},"modified":"2026-03-02T13:38:52","modified_gmt":"2026-03-02T18:38:52","slug":"international-student-fees","status":"publish","type":"page","link":"https:\/\/www.dawsoncollege.qc.ca\/finance\/student-fees\/international-student-fees\/","title":{"rendered":"International Student Fees"},"content":{"rendered":"<h2>(Effective Summer 2026 Session)<\/h2>\n<p><strong>Full-time<\/strong> international students in a program pay an amount of <strong>$7,575 to $11,740<\/strong> per semester depending on their program. This amount is in addition to other applicable fees.<\/p>\n<p><strong>Part-time<\/strong> international students\u00a0 pay an additional amount of <strong>$34.83 to $55.11<\/strong> per course hour depending on their program\/course. The International Student fee is in addition to all other applicable fees including hourly course fees and other fees listed.<\/p>\n<p>International students in Continuing Education must have a visa valid for the institution they are attending.<\/p>\n<h2>International student fees<\/h2>\n<p>In addition to hourly course fee and other fees. These fees are subject to change without prior notice.<\/p>\n<table class=\"l r b t top-label-table\" style=\"height: 450px\" border=\"0\" width=\"552\" cellspacing=\"0\" cellpadding=\"5\">\n<tbody>\n<tr>\n<th>Program type<\/th>\n<th>CODE<\/th>\n<th>CODE<\/th>\n<th>CODE<\/th>\n<th>FULL-TIME PER SEMESTER<\/th>\n<th>PART-TIME PER COURSE HOUR<\/th>\n<\/tr>\n<tr>\n<td><strong>PRE-UNIVERSITY<\/strong><\/td>\n<td>200.XX<\/td>\n<td>091.64<\/td>\n<td>081.64<\/td>\n<td>$7,575<\/td>\n<td>$34.83<\/td>\n<\/tr>\n<tr>\n<td><strong>PRE-UNIVERSITY<\/strong><\/td>\n<td>200.XX<\/td>\n<td>213.XX<\/td>\n<td><\/td>\n<td>$7,575<\/td>\n<td>$34.83<\/td>\n<\/tr>\n<tr>\n<td><strong>PRE-UNIVERSITY<\/strong><\/td>\n<td>300.XX<\/td>\n<td>091.65<\/td>\n<td>081.65<\/td>\n<td>$7,575<\/td>\n<td>$34.83<\/td>\n<\/tr>\n<tr>\n<td><strong>PRE-UNIVERSITY<\/strong><\/td>\n<td>300.XX<\/td>\n<td>313.XX<\/td>\n<td><\/td>\n<td>$7,575<\/td>\n<td>$34.83<\/td>\n<\/tr>\n<tr>\n<td><strong>PRE-UNIVERSITY<\/strong><\/td>\n<td>400.XX<\/td>\n<td>413.XX<\/td>\n<td><\/td>\n<td>$7,575<\/td>\n<td>$34.83<\/td>\n<\/tr>\n<tr>\n<td><strong>PRE-UNIVERSITY<\/strong><\/td>\n<td>500.XX<\/td>\n<td>513.XX<\/td>\n<td>510.XX<\/td>\n<td>$7,575<\/td>\n<td>$34.83<\/td>\n<\/tr>\n<tr>\n<td><strong>PRE-UNIVERSITY<\/strong><\/td>\n<td>600.XX<\/td>\n<td>613.XX<\/td>\n<td><\/td>\n<td>$7,575<\/td>\n<td>$34.83<\/td>\n<\/tr>\n<tr>\n<td><strong>PRE-UNIVERSITY<\/strong><\/td>\n<td>700.XX<\/td>\n<td>713.XX<\/td>\n<td><\/td>\n<td>$7,575<\/td>\n<td>$34.83<\/td>\n<\/tr>\n<tr>\n<td><strong>MEDICAL<\/strong><\/td>\n<td>1XX.XX<\/td>\n<td><\/td>\n<td><\/td>\n<td>$11,740<\/td>\n<td>$55.11<\/td>\n<\/tr>\n<tr>\n<td><strong>ENGINEERING<\/strong><\/td>\n<td>2XX.XX<\/td>\n<td><\/td>\n<td><\/td>\n<td>$9,805<\/td>\n<td>$45.77<\/td>\n<\/tr>\n<tr>\n<td><strong>SOCIAL<\/strong><\/td>\n<td>3XX.XX<\/td>\n<td><\/td>\n<td><\/td>\n<td>$7,575<\/td>\n<td>$33.76<\/td>\n<\/tr>\n<tr>\n<td><strong>ADMINISTRATION<\/strong><\/td>\n<td>4XX.XX<\/td>\n<td><\/td>\n<td><\/td>\n<td>$7,575<\/td>\n<td>$34.83<\/td>\n<\/tr>\n<tr>\n<td><strong>ARTISTIC<\/strong><\/td>\n<td>5XX.XX<\/td>\n<td><\/td>\n<td><\/td>\n<td>$9,805<\/td>\n<td>$45.77<\/td>\n<\/tr>\n<\/tbody>\n<\/table>\n\n        <style>\n            .highlight{ padding: 20px; padding-bottom: 12px; margin: 15px 0; overflow: hidden; width: 100%; border-radius: 10px;}\n            .highlight.white {\n                background-color: #fbfbfb;\n                border: 1px solid #c1c1c1;\n            }\n            .highlight.blue{ background: #ADD2FF; background:rgba(173, 210, 255, 0.33);  }\n            .highlight.red{ background: #ff7979; }\n            .highlight.orange{ background: #F7A95C; }\n            .highlight.green{ background: #D3F5D6; }\n            .highlight.purple{ background: #CF9BFA; }\n            .highlight.yellow{ background:#fff6c0; }\n            .highlight.dark{ background: #333; color: #fff; }\n            .highlight.dark p, .highlight.dark a{ color: #fff; }\n            .highlight.grey{ background: #dfdfdf; }\n\n            .highlight h2:first-of-type,\n            .highlight h3:first-of-type{\n                margin-top: 0;\n            }\n            .highlight{color:#000;}\n            .highlight p:last-child{margin: 0;}\n\n\n\n\n\n            \/*\n\t\t\tblue #ddeafa\n\t\t\tred #ECAAC1\n\t\t\torange #FFC286\n\t\t\tgreen #84F08D\n\t\t\tpurple #CF9BFA\n\t\t\twhite #fff\n\t\t\tblack #333 ~ font #fff\n\t\t\t*\/\n\n        <\/style>\n\n\t\t<div style=\"position:relative; padding:40px 30px 25px 30px;\" class=\"highlight blue \"><span style=\"border-bottom-right-radius:10px; text-transform:uppercase; position:absolute; padding:5px 20px; padding-left:5px; background:#888; background-color:rgba(0,0,0,0.43); font-size:12px; color:#fff; left:0; top:0;\"><i class=\"fa fa-tag\"><\/i> Note<\/span>\n<ul>\n<li>080.03 &amp; 080.30 commandite students are assessed foreign fees by their originating college.<\/li>\n<li>These fees are effective as of the Summer 2026 semester. These rates are set by the Minist\u00e8re de l\u2019\u00c9ducation et Enseignement sup\u00e9rieur du Qu\u00e9bec and are subject to change without prior notice.<\/li>\n<\/ul>\n<\/div>\n","protected":false},"excerpt":{"rendered":"<p>(Effective Summer 2026 Session) Full-time international students in a program pay an amount of $7,575 to $11,740 per semester depending on their program. This amount is in addition to other applicable fees. Part-time international students\u00a0 pay an additional amount of $34.83 to $55.11 per course hour depending on their program\/course. The International Student fee is&#8230;<\/p>\n","protected":false},"author":16,"featured_media":0,"parent":24,"menu_order":0,"comment_status":"closed","ping_status":"closed","template":"","meta":{"footnotes":""},"class_list":["post-271","page","type-page","status-publish","hentry"],"_links":{"self":[{"href":"https:\/\/www.dawsoncollege.qc.ca\/finance\/wp-json\/wp\/v2\/pages\/271","targetHints":{"allow":["GET"]}}],"collection":[{"href":"https:\/\/www.dawsoncollege.qc.ca\/finance\/wp-json\/wp\/v2\/pages"}],"about":[{"href":"https:\/\/www.dawsoncollege.qc.ca\/finance\/wp-json\/wp\/v2\/types\/page"}],"author":[{"embeddable":true,"href":"https:\/\/www.dawsoncollege.qc.ca\/finance\/wp-json\/wp\/v2\/users\/16"}],"replies":[{"embeddable":true,"href":"https:\/\/www.dawsoncollege.qc.ca\/finance\/wp-json\/wp\/v2\/comments?post=271"}],"version-history":[{"count":12,"href":"https:\/\/www.dawsoncollege.qc.ca\/finance\/wp-json\/wp\/v2\/pages\/271\/revisions"}],"predecessor-version":[{"id":1144,"href":"https:\/\/www.dawsoncollege.qc.ca\/finance\/wp-json\/wp\/v2\/pages\/271\/revisions\/1144"}],"up":[{"embeddable":true,"href":"https:\/\/www.dawsoncollege.qc.ca\/finance\/wp-json\/wp\/v2\/pages\/24"}],"wp:attachment":[{"href":"https:\/\/www.dawsoncollege.qc.ca\/finance\/wp-json\/wp\/v2\/media?parent=271"}],"curies":[{"name":"wp","href":"https:\/\/api.w.org\/{rel}","templated":true}]}}