{"id":38,"date":"2026-03-02T14:00:01","date_gmt":"2026-03-02T19:00:01","guid":{"rendered":"https:\/\/www.dawsoncollege.qc.ca\/finance\/?page_id=38"},"modified":"2026-03-02T13:54:06","modified_gmt":"2026-03-02T18:54:06","slug":"summer-registration-fees-continuing-education","status":"publish","type":"page","link":"https:\/\/www.dawsoncollege.qc.ca\/finance\/student-fees\/summer-registration-fees-continuing-education\/","title":{"rendered":"Summer 2026 Registration Fees &#8211; Continuing Education"},"content":{"rendered":"<h2>Registration Payment<\/h2>\n<p dir=\"LTR\" align=\"LEFT\"><b>All fees must be paid IN FULL at<\/b> <b>the time of<\/b> <b>Registration.<\/b> Students must pay their fees by Visa or MasterCard or by bank transfer indicating Dawson College as the recipient and your student ID as the payor.<\/p>\n<p dir=\"LTR\" align=\"LEFT\">A $25 late payment fee will be charged to your account.<\/p>\n<p dir=\"LTR\" align=\"LEFT\">The college reserves the right to withdraw a student for outstanding fees for the summer session<\/p>\n<p><strong>IMPORTANT: Any student with outstanding fees from prior terms will not be allowed\u00a0 to register until\u00a0 their FULL debt has been cleared.<\/strong><\/p>\n<h2>Hourly Course Fee<\/h2>\n<p>In summer, most students will enroll part-time in their program, and hence will be subject to hourly fees<strong>. <\/strong>However<strong>, <\/strong>you will pay no hourly course fees if you have <em>Fin de D.E.C. <\/em>status for the first time, i.e. you require one, two or three courses to graduate <strong>and<\/strong> were a full-time student in your program of graduation in one of your last two semesters or you are an <em>A.E.C student.<\/em><\/p>\n<h2>Semester Fee<\/h2>\n<p>&nbsp;<\/p>\n<table class=\"pop-table\" style=\"height: 815px\" border=\"0\" width=\"721\" cellspacing=\"0\" cellpadding=\"5\" data-title=\"View Fees\">\n<tbody>\n<tr>\n<td class=\"boxHeader\" style=\"height: 5px\" colspan=\"6\"><\/td>\n<\/tr>\n<tr valign=\"top\">\n<td class=\"groupingHeader textColorWhite r\" width=\"25%\"><b>FULL-TIME STUDENT IN A PROGRAM <sup>(1)<\/sup><br \/>\n(MIN. 4 COURSES OR 180 HOURS IN PROGRAM) <\/b><\/td>\n<td class=\"groupingHeader textColorWhite r\" colspan=\"2\" width=\"25%\"><b>R=Refundable<br \/>\nNR=Non-Refundable<\/b><\/td>\n<td class=\"groupingHeader textColorWhite r\" width=\"25%\"><b>PART-TIME STUDENT\u00a0 <sup>(1)<\/sup><\/b><\/td>\n<td class=\"groupingHeader textColorWhite r\" colspan=\"2\" width=\"25%\"><b>R=Refundable<br \/>\nNR=Non-Refundable<br \/>\n(one course)<\/b><\/td>\n<\/tr>\n<tr>\n<td class=\"t r\">Registration Fee<\/td>\n<td class=\"t\" width=\"5%\">NR<\/td>\n<td class=\"t r\" width=\"20%\">$20.00<\/td>\n<td class=\"t r\">Registration Fee<\/td>\n<td class=\"t\" width=\"5%\">NR<\/td>\n<td class=\"t\" width=\"20%\">$5.00\/course<br \/>\nMax. $20.00<\/td>\n<\/tr>\n<tr>\n<td class=\"t r\">Mandatory Instructional Services Fees<\/td>\n<td class=\"t\" width=\"5%\">R<br \/>\n<sup>(2)<\/sup><\/td>\n<td class=\"t r\" width=\"20%\">$25.00<\/td>\n<td class=\"t r\">Mandatory Instructional Services Fees<\/td>\n<td class=\"t\" width=\"5%\">R<br \/>\n<sup>(2)<\/sup><\/td>\n<td class=\"t\" width=\"20%\">$6.00\/course<br \/>\nMax. $25.00<\/td>\n<\/tr>\n<tr>\n<td class=\"t r\">Student Services Fees<\/td>\n<td class=\"t\" width=\"5%\">R<br \/>\n<sup>(2)<\/sup><\/td>\n<td class=\"t r\" width=\"20%\">$118.00<\/td>\n<td class=\"t r\">Student Services Fees<\/td>\n<td class=\"t\" width=\"5%\">R<br \/>\n<sup>(2)<\/sup><\/td>\n<td class=\"t\" width=\"20%\">$29.50\/course<br \/>\nMax. $118.00<\/td>\n<\/tr>\n<tr>\n<td class=\"t r\">Course In Program<br \/>\nHourly Fee<\/td>\n<td class=\"t\" width=\"5%\">R<\/td>\n<td class=\"t r\" width=\"20%\">No charge<\/td>\n<td class=\"t r\">Course In Program<br \/>\nHourly Fee<\/td>\n<td class=\"t\" width=\"5%\">R<br \/>\n<sup>(3)<\/sup><\/td>\n<td class=\"t\" width=\"20%\">$2.00\/hr<\/td>\n<\/tr>\n<tr>\n<td class=\"t r\">Course Outside of Program<br \/>\nHourly Fee<\/td>\n<td class=\"t\" width=\"5%\">R<br \/>\n<sup>(2)<\/sup><\/td>\n<td class=\"t r\" width=\"20%\">$2.00\/hr<\/td>\n<td class=\"t r\">Course Outside of Program<br \/>\nHourly Fee<\/td>\n<td class=\"t\" width=\"5%\">R<br \/>\n<sup>(2)<\/sup><\/td>\n<td class=\"t\" width=\"20%\">$2.00\/hr<\/td>\n<\/tr>\n<tr>\n<td class=\"t r\">Dawson Student Union Fee<\/td>\n<td class=\"t\" width=\"5%\">NR<\/td>\n<td class=\"t r\" width=\"20%\">$26.30<\/td>\n<td class=\"t r\">Dawson Student Union Fee<\/td>\n<td class=\"t\" width=\"5%\">NR<\/td>\n<td class=\"t\" width=\"20%\">$13.15<\/td>\n<\/tr>\n<tr>\n<td class=\"t r\">Convocation Fee<br \/>\n(when applicable)<\/td>\n<td class=\"t\" width=\"5%\">R<\/td>\n<td class=\"t r\" width=\"20%\">$20.00<br \/>\n(See next page)<\/td>\n<td class=\"t r\">Convocation Fee<br \/>\n(when applicable)<\/td>\n<td class=\"t\" width=\"5%\">R<\/td>\n<td class=\"t\" width=\"20%\">$20.00<br \/>\n(See next page)<\/td>\n<\/tr>\n<tr>\n<td class=\"t r\">Canadian Non-Quebec Resident Student Fees<\/td>\n<td class=\"t\" width=\"5%\">R<br \/>\n<sup>(3)<\/sup><\/td>\n<td class=\"t r\" width=\"20%\">$1,926<br \/>\n(See next page)<\/td>\n<td class=\"t r\">Canadian Non-Quebec Resident Student Fees<\/td>\n<td class=\"t\" width=\"5%\">R<br \/>\n<sup>(3)<\/sup><\/td>\n<td class=\"t\" width=\"20%\">$7.40\/hr<br \/>\n(See next page)<\/td>\n<\/tr>\n<tr>\n<td class=\"t r\">International Student Fees<\/td>\n<td class=\"t\" width=\"5%\">R<br \/>\n<sup>(3)<\/sup><\/td>\n<td class=\"t r\" width=\"20%\">(See next page)<\/td>\n<td class=\"t r\">International Student Fees<\/td>\n<td class=\"t\" width=\"5%\">R<br \/>\n<sup>(3)<\/sup><\/td>\n<td class=\"t\" width=\"20%\">(See next page)<\/p>\n<p>&nbsp;<\/td>\n<\/tr>\n<tr>\n<td class=\"t r\">Voluntary donation to the Foundation<\/td>\n<td class=\"t\" width=\"5%\">R<br \/>\n<sup>(3)<\/sup><\/td>\n<td class=\"t r\" width=\"20%\">$10.00<\/td>\n<td class=\"t r\">Voluntary donation to the Foundation<\/td>\n<td class=\"t\" width=\"5%\">R<br \/>\n<sup>(3)<\/sup><\/td>\n<td class=\"t\" width=\"20%\">$10.00<\/p>\n<p>&nbsp;<\/td>\n<\/tr>\n<\/tbody>\n<\/table>\n<p><sup>(1) <\/sup>Exemption for hourly course fees applies only to: (a) students registered full-time in a program taking courses in their program; (b) students qualified for the status of Fin de D.E.C. (c) A.E.C students; (d) students with major functional disabilities. Note that all students registering for <strong>out-of-program courses<\/strong> <strong>are charged hourly course fees<\/strong>, regardless of the number of courses they are following.<\/p>\n<p><sup>(2) <\/sup>Only if a student officially <strong>withdraws on-line<\/strong> from <strong>summer courses by Sunday, June 8, 2025, or Rattrapage<\/strong> <strong>courses<\/strong> by <strong>Monday, June 23, 2025<\/strong>. No request for refunds will be approved afterwards. <em><strong>NEW DATES TO COME<\/strong><\/em><\/p>\n<p><sup>(3) <\/sup>Only if a student officially <strong>withdraws on-line<\/strong> from <strong>summer courses by Friday, June 13, 2025<\/strong>, or <strong>Rattrapage courses by Thursday, July 3, 2025<\/strong>.\u00a0 No request for refunds will be approved afterwards. <em><strong>NEW DATES TO COME<\/strong><\/em><\/p>\n<h2>Examples of Prices Per Course:<\/h2>\n<ul>\n<li>30 hour course:\u00a0 $113.65 per course<\/li>\n<li>45 hour course:\u00a0 $143.65 per course<\/li>\n<li>60 hour course:\u00a0 $173.65 per course<\/li>\n<li>75 hour course:\u00a0 $203.65 per course<\/li>\n<li>90 hour course:\u00a0 $233.65 per course<\/li>\n<\/ul>\n<p>Note:\u00a0 <strong>Because students are restricted to a maximum of two courses in the summer, they pay the part-time fees shown above.<\/strong>\u00a0 These examples do not include the Non-Quebec Resident fee, International Student fee nor the $30 Application fee.\u00a0 See the table above if these fees apply to you.<\/p>\n<p>&nbsp;<\/p>\n<hr \/>\n<h2 align=\"LEFT\">Fees for students residing outside Quebec<\/h2>\n<p>IMPORTANT:\u00a0 These rates are set by the Minist\u00e8re de l&#8217;\u00c9ducation et Enseignement sup\u00e9rieur du Qu\u00e9bec and are to come into effective as of the summer of 2026.<\/p>\n<h2>Canadian Students<\/h2>\n<p>Canadian citizens and landed immigrants who register in out-of-program courses or part-time in a program, and who are not Quebec residents, pay an additional amount of <strong>$7.40*<\/strong> per course hour for part-time studies. The fee is <strong>in addition<\/strong> to all other applicable fees including other hourly course fees.<\/p>\n<p>Full-time students in a program pay an amount of <strong>$1,926<\/strong>* per semester. This amount is in <strong>addition<\/strong> to other applicable fees (excluding hourly course fee).<\/p>\n<h2>International Students<\/h2>\n<p>International students who register in Independent Studies or <strong>part-time<\/strong> in a program pay an additional amount of<strong> $34.83* to $55.11 per course hour<\/strong> depending on their program\/course. The International Student fee is in <strong>addition<\/strong> to all other applicable fees including hourly course fees and other fees listed.<\/p>\n<p><strong>Full-time students<\/strong> in a program pay an <strong>amount of $7,575* to $11,740* per semester<\/strong> depending on their program. This amount is in <strong>addition<\/strong> to other applicable fees (excluding hourly course fee). For detailed information, see the International Students Fees page.<\/p>\n<p>International students in Continuing Education must have a visa valid until the end of July 2026 for the institution they are attending.<\/p>\n<p>*Refundable if a student officially withdraws from Summer or Rattrapage courses by the drop deadlines indicated above see point (3).<\/p>\n<hr \/>\n<h2>Commandite Students<\/h2>\n<p>Please see the <a href=\"https:\/\/www.dawsoncollege.qc.ca\/finance\/student-fees\/commandite-student-fees\/\">Commandite Students Fees<\/a> page<\/p>\n<h2>Convocation Fee<\/h2>\n<p>All potential graduates will be assessed a $ 20 convocation fee once per diploma or attestation.<\/p>\n<h2>Course Change Fee (non-refundable)<\/h2>\n<p>An additional fee of $20.00 is payable for course change. This fee does not apply to course changes required under academic regulations.<\/p>\n<h2>Assessment of Fees<\/h2>\n<p>The fees are determined by Government Laws and Regulations and College Bylaws and are subject to change without prior notice. Up-to-date information on fees is available from the Administrative Services Department (Room 4B.5) during regular business hours or from the College Student Fees Web page.<\/p>\n<h2>Refunds<\/h2>\n<p>Refunds are not automatically issued.\u00a0 Students may claim the refunds on their account. Refunds $500 and above will be issued by cheque.\u00a0 There are no cash refunds.\u00a0 Requests for refunds are \u00a0made by e-mailing the Student Fees Department @ <a><span lang=\"EN\">studentfees@dawsoncollege.qc.ca<\/span><\/a><span style=\"font-family: Arial;font-size: xx-small\"><span lang=\"EN\">. <\/span><\/span><\/p>\n<h2>Tax Receipts 2026<\/h2>\n<p>Tax receipts for all courses taken in 2026 will be available by February 28, 2027 via our Student Web-portal at: <a href=\"http:\/\/dawsoncollege.omnivox.ca\/\">http:\/\/dawsoncollege.omnivox.ca<\/a><\/p>\n","protected":false},"excerpt":{"rendered":"<p>Registration Payment All fees must be paid IN FULL at the time of Registration. Students must pay their fees by Visa or MasterCard or by bank transfer indicating Dawson College as the recipient and your student ID as the payor. A $25 late payment fee will be charged to your account. The college reserves the&#8230;<\/p>\n","protected":false},"author":17,"featured_media":0,"parent":24,"menu_order":0,"comment_status":"closed","ping_status":"closed","template":"","meta":{"footnotes":""},"class_list":["post-38","page","type-page","status-publish","hentry"],"_links":{"self":[{"href":"https:\/\/www.dawsoncollege.qc.ca\/finance\/wp-json\/wp\/v2\/pages\/38","targetHints":{"allow":["GET"]}}],"collection":[{"href":"https:\/\/www.dawsoncollege.qc.ca\/finance\/wp-json\/wp\/v2\/pages"}],"about":[{"href":"https:\/\/www.dawsoncollege.qc.ca\/finance\/wp-json\/wp\/v2\/types\/page"}],"author":[{"embeddable":true,"href":"https:\/\/www.dawsoncollege.qc.ca\/finance\/wp-json\/wp\/v2\/users\/17"}],"replies":[{"embeddable":true,"href":"https:\/\/www.dawsoncollege.qc.ca\/finance\/wp-json\/wp\/v2\/comments?post=38"}],"version-history":[{"count":12,"href":"https:\/\/www.dawsoncollege.qc.ca\/finance\/wp-json\/wp\/v2\/pages\/38\/revisions"}],"predecessor-version":[{"id":1151,"href":"https:\/\/www.dawsoncollege.qc.ca\/finance\/wp-json\/wp\/v2\/pages\/38\/revisions\/1151"}],"up":[{"embeddable":true,"href":"https:\/\/www.dawsoncollege.qc.ca\/finance\/wp-json\/wp\/v2\/pages\/24"}],"wp:attachment":[{"href":"https:\/\/www.dawsoncollege.qc.ca\/finance\/wp-json\/wp\/v2\/media?parent=38"}],"curies":[{"name":"wp","href":"https:\/\/api.w.org\/{rel}","templated":true}]}}