{"id":1395,"date":"2015-11-20T13:09:58","date_gmt":"2015-11-20T18:09:58","guid":{"rendered":"https:\/\/www.dawsoncollege.qc.ca\/oad\/?page_id=1395"},"modified":"2024-08-16T15:13:27","modified_gmt":"2024-08-16T19:13:27","slug":"project-support","status":"publish","type":"page","link":"https:\/\/www.dawsoncollege.qc.ca\/oad\/project-support\/","title":{"rendered":"Project Support"},"content":{"rendered":"<figure id=\"attachment_890\" aria-describedby=\"caption-attachment-890\" style=\"width: 1299px\" class=\"wp-caption alignnone\"><img loading=\"lazy\" decoding=\"async\" class=\"wp-image-890\" src=\"https:\/\/www.dawsoncollege.qc.ca\/oad\/wp-content\/uploads\/sites\/146\/History-and-Cultural-trip-to-Spain-2015-800x392.jpg\" alt=\"This trip brought students to Spain to explore the socio-cultural and historical significance of the country. SSAP-Projets help to fund this incredible learning opportunity\" width=\"1299\" height=\"636\" srcset=\"https:\/\/www.dawsoncollege.qc.ca\/oad\/wp-content\/uploads\/sites\/146\/History-and-Cultural-trip-to-Spain-2015-800x392.jpg 800w, https:\/\/www.dawsoncollege.qc.ca\/oad\/wp-content\/uploads\/sites\/146\/History-and-Cultural-trip-to-Spain-2015-1200x588.jpg 1200w, https:\/\/www.dawsoncollege.qc.ca\/oad\/wp-content\/uploads\/sites\/146\/History-and-Cultural-trip-to-Spain-2015-1920x941.jpg 1920w\" sizes=\"auto, (max-width: 1299px) 100vw, 1299px\" \/><figcaption id=\"caption-attachment-890\" class=\"wp-caption-text\">Dawson History -Travel Course 2015<\/figcaption><\/figure>\n<p style=\"text-align: justify\">Do you have a project that could include student, faculty and\/or staff participation that will benefit the College community, particularly the education of students? <strong>Let us help you achieve that goal!<\/strong><\/p>\n<p style=\"text-align: justify\">The Office of Academic Development has a variety of experts who can guide you through the funding process, whether it be to College based funding like the <a href=\"https:\/\/www.dawsoncollege.qc.ca\/ssap\/\"><strong>Student Success Action Plan Projects<\/strong><\/a>, or the variety of different granting agencies that offer funding awards for projects like the <a href=\"https:\/\/www.dawsoncollege.qc.ca\/oad\/entente-canada-quebec\/\"><strong>Entente Canada-Quebec<\/strong><\/a>.<\/p>\n<h2 style=\"text-align: left\">Congratulations!<\/h2>\n<h3>Dawson ECQ Funded Projects for 2023-24<\/h3>\n<ul>\n<li>Adaptation de ShotGrid comme outil p\u00e9dagogique pour l\u2019animation 3D, les jeux et les effets visuels<\/li>\n<li>R\u00e9ussir son int\u00e9gration aux \u00e9tudes coll\u00e9giales<\/li>\n<li>Arduino pour tous : une initiative MakerSPACE<\/li>\n<li>Relever les d\u00e9fis li\u00e9s \u00e0 l\u2019utilisation de l\u2019IA et des nouvelles technologies parmi les \u00e9tudiants en situation de handicap<\/li>\n<\/ul>\n","protected":false},"excerpt":{"rendered":"<p>Do you have a project that could include student, faculty and\/or staff participation that will benefit the College community, particularly the education of students? Let us help you achieve that goal! The Office of Academic Development has a variety of experts who can guide you through the funding process, whether it be to College based&#8230;<\/p>\n","protected":false},"author":24,"featured_media":0,"parent":0,"menu_order":0,"comment_status":"closed","ping_status":"closed","template":"","meta":{"footnotes":""},"class_list":["post-1395","page","type-page","status-publish","hentry"],"_links":{"self":[{"href":"https:\/\/www.dawsoncollege.qc.ca\/oad\/wp-json\/wp\/v2\/pages\/1395","targetHints":{"allow":["GET"]}}],"collection":[{"href":"https:\/\/www.dawsoncollege.qc.ca\/oad\/wp-json\/wp\/v2\/pages"}],"about":[{"href":"https:\/\/www.dawsoncollege.qc.ca\/oad\/wp-json\/wp\/v2\/types\/page"}],"author":[{"embeddable":true,"href":"https:\/\/www.dawsoncollege.qc.ca\/oad\/wp-json\/wp\/v2\/users\/24"}],"replies":[{"embeddable":true,"href":"https:\/\/www.dawsoncollege.qc.ca\/oad\/wp-json\/wp\/v2\/comments?post=1395"}],"version-history":[{"count":11,"href":"https:\/\/www.dawsoncollege.qc.ca\/oad\/wp-json\/wp\/v2\/pages\/1395\/revisions"}],"predecessor-version":[{"id":3986,"href":"https:\/\/www.dawsoncollege.qc.ca\/oad\/wp-json\/wp\/v2\/pages\/1395\/revisions\/3986"}],"wp:attachment":[{"href":"https:\/\/www.dawsoncollege.qc.ca\/oad\/wp-json\/wp\/v2\/media?parent=1395"}],"curies":[{"name":"wp","href":"https:\/\/api.w.org\/{rel}","templated":true}]}}