{"id":389,"date":"2020-08-27T02:38:06","date_gmt":"2020-08-27T06:38:06","guid":{"rendered":"https:\/\/www.dawsoncollege.qc.ca\/current-semester\/?page_id=389"},"modified":"2024-09-20T14:57:15","modified_gmt":"2024-09-20T18:57:15","slug":"tutorials-on-technology","status":"publish","type":"page","link":"https:\/\/www.dawsoncollege.qc.ca\/online-learning-resources\/remote-learning-resources\/tutorials-on-technology\/","title":{"rendered":"Tutorials on technology"},"content":{"rendered":"<h2>Omnivox<\/h2>\n<p><a href=\"https:\/\/www.youtube.com\/watch?v=m8AKe-KacYg&amp;feature=youtu.be\">Omnivox<\/a> (video tutorial from Vanier college)<\/p>\n<h2>Lea<\/h2>\n<p><a href=\"https:\/\/www.youtube.com\/watch?v=0TM9EDAKFGY&amp;feature=youtu.be\">LEA<\/a> (video tutorial from Vanier college<\/p>\n<h2>Mio<\/h2>\n<p><a href=\"https:\/\/www.youtube.com\/watch?v=6VLOJ6PipNI&amp;feature=youtu.be\">MIO<\/a> (video tutorial from Vanier college)<\/p>\n<h2>Moodle<\/h2>\n<p><a href=\"https:\/\/docs.moodle.org\/38\/en\/Student_FAQ\">Moodle for students<\/a> (official Moodle help)<\/p>\n<h2>Zoom<\/h2>\n<p><a href=\"http:\/\/zoom.us\/test\">Testing Zoom<\/a><\/p>\n<p>How to <a href=\"https:\/\/youtu.be\/hIkCmbvAHQQ\">join a Zoom meeting <\/a><\/p>\n<p><a href=\"https:\/\/youtu.be\/wbnyQwsVbiY\"><strong>Zoom for students<\/strong><\/a> <em>Courtesy of Zoom Video Communications<\/em><\/p>\n<p><a href=\"https:\/\/www.youtube.com\/watch?time_continue=2&amp;v=IyTKqJfgQqE&amp;feature=emb_logo\">Joindre une R\u00e9union<\/a> (en fran\u00e7ais) <em>Thanks to Formation \u00e0 distance interordres<\/em><\/p>\n<h2>Teams<\/h2>\n<p><a href=\"https:\/\/www.youtube.com\/watch?v=PasT3Q1ZR_I\">Teams tutorial<\/a> for students<\/p>\n<p>&nbsp;<\/p>\n<h2>Problem Solving with Technology<\/h2>\n<ul>\n<li>Ask someone who already knows it to show you how to use it efficiently.<\/li>\n<li>Watch online tutorials provided by the producer.<\/li>\n<li>Don\u2019t be afraid to just play with it.<\/li>\n<li>Practice using it before you need to use it for an official purpose: explore the menu, look for settings, help, log in and out, try to create new documents, edit and delete them, join and leave conversations.<\/li>\n<li>Start small, accept that you will be frustrated, and move on slowly to more advanced features. Remember, you don\u2019t have to know exactly how to do something as long as you know where this feature is located.<\/li>\n<li>Ask a friend or a classmate to practice it together if the software or platform is used for collaboration.<\/li>\n<li>Use keywords used by the producer (in help, in features) when looking for answers on the internet.<\/li>\n<li>Consult the built-in help, tutorials, books, and videos from reputable sources if you need to learn it on a more advanced level.<\/li>\n<\/ul>\n<p>&nbsp;<\/p>\n<p><strong>Help is always available!<\/strong> Support is available through a live chat Monday to Friday, 8:00 a.m. to 8:00 p.m., accessed through MyDawson: IT Support, or at <a href=\"mailto:itsupport@dawsoncollege.qc.ca\">itsupport@dawsoncollege.qc.ca<\/a>.<\/p>\n<p>&nbsp;<\/p>\n<p><em>Content on this page based on the\u00a0<a href=\"https:\/\/www.dawsoncollege.qc.ca\/learning-centre\/wp-content\/uploads\/sites\/98\/Survival-Guide-to-Online-Learning-Intro.pdf\">English Colleges\u2019 Survival Guide to Online Learning<\/a>, prepared by professionals from Champlain Lennoxville, Champlain St. Lambert, Champlain St. Lawrence,\u00a0<\/em><em>Dawson College, Heritage College, John Abbott College, Marianopolis, Vanier College.<\/em><\/p>\n","protected":false},"excerpt":{"rendered":"<p>Omnivox Omnivox (video tutorial from Vanier college) Lea LEA (video tutorial from Vanier college Mio MIO (video tutorial from Vanier college) Moodle Moodle for students (official Moodle help) Zoom Testing Zoom How to join a Zoom meeting Zoom for students Courtesy of Zoom Video Communications Joindre une R\u00e9union (en fran\u00e7ais) Thanks to Formation \u00e0 distance&#8230;<\/p>\n","protected":false},"author":1,"featured_media":0,"parent":194,"menu_order":0,"comment_status":"closed","ping_status":"closed","template":"","meta":{"footnotes":""},"class_list":["post-389","page","type-page","status-publish","hentry"],"_links":{"self":[{"href":"https:\/\/www.dawsoncollege.qc.ca\/online-learning-resources\/wp-json\/wp\/v2\/pages\/389","targetHints":{"allow":["GET"]}}],"collection":[{"href":"https:\/\/www.dawsoncollege.qc.ca\/online-learning-resources\/wp-json\/wp\/v2\/pages"}],"about":[{"href":"https:\/\/www.dawsoncollege.qc.ca\/online-learning-resources\/wp-json\/wp\/v2\/types\/page"}],"author":[{"embeddable":true,"href":"https:\/\/www.dawsoncollege.qc.ca\/online-learning-resources\/wp-json\/wp\/v2\/users\/1"}],"replies":[{"embeddable":true,"href":"https:\/\/www.dawsoncollege.qc.ca\/online-learning-resources\/wp-json\/wp\/v2\/comments?post=389"}],"version-history":[{"count":5,"href":"https:\/\/www.dawsoncollege.qc.ca\/online-learning-resources\/wp-json\/wp\/v2\/pages\/389\/revisions"}],"predecessor-version":[{"id":1143,"href":"https:\/\/www.dawsoncollege.qc.ca\/online-learning-resources\/wp-json\/wp\/v2\/pages\/389\/revisions\/1143"}],"up":[{"embeddable":true,"href":"https:\/\/www.dawsoncollege.qc.ca\/online-learning-resources\/wp-json\/wp\/v2\/pages\/194"}],"wp:attachment":[{"href":"https:\/\/www.dawsoncollege.qc.ca\/online-learning-resources\/wp-json\/wp\/v2\/media?parent=389"}],"curies":[{"name":"wp","href":"https:\/\/api.w.org\/{rel}","templated":true}]}}