{"id":107,"date":"2017-02-28T14:44:56","date_gmt":"2017-02-28T19:44:56","guid":{"rendered":"https:\/\/www.dawsoncollege.qc.ca\/udl\/?page_id=107"},"modified":"2024-10-01T15:33:43","modified_gmt":"2024-10-01T19:33:43","slug":"faculty-portfolios","status":"publish","type":"page","link":"https:\/\/www.dawsoncollege.qc.ca\/udl\/faculty-portfolios\/","title":{"rendered":"Faculty Portfolios"},"content":{"rendered":"<h3>Chemistry<\/h3>\n<ul>\n<li><a href=\"https:\/\/www.dawsoncollege.qc.ca\/udl\/faculty-portfolios\/yoon-seo-uhs-portoflio\/\" target=\"_blank\" rel=\"noopener\">Yoon-Seo Uh<\/a><\/li>\n<\/ul>\n<p>&nbsp;<\/p>\n<h3>Economics<\/h3>\n<ul>\n<li><a href=\"https:\/\/www.dawsoncollege.qc.ca\/udl\/faculty-portfolios\/ahmad-bankis-portfolio\/\" target=\"_blank\" rel=\"noopener noreferrer\">Ahmad Banki<\/a><\/li>\n<\/ul>\n<p>&nbsp;<\/p>\n<h3>E-Learning<\/h3>\n<ul>\n<li><a href=\"https:\/\/www.dawsoncollege.qc.ca\/udl\/faculty-portfolios\/1496-2\/\" target=\"_blank\" rel=\"noopener\">Chantale Gigu\u00e8re<\/a><\/li>\n<\/ul>\n<p>&nbsp;<\/p>\n<h3>English<\/h3>\n<ul>\n<li><a href=\"https:\/\/www.dawsoncollege.qc.ca\/udl\/faculty-portfolios\/r-million\/\" target=\"_blank\" rel=\"noopener\">Rebecca Million<\/a><\/li>\n<li><a href=\"https:\/\/www.dawsoncollege.qc.ca\/udl\/faculty-portfolios\/jeff-gandells-portfolio-2\/\" target=\"_blank\" rel=\"noopener\">Jeff Gandell<\/a><\/li>\n<li><a href=\"https:\/\/www.dawsoncollege.qc.ca\/udl\/faculty-portfolios\/kathryn-halls-portfolio\/\" target=\"_blank\" rel=\"noopener\">Kathryn Hall<\/a><\/li>\n<\/ul>\n<p>&nbsp;<\/p>\n<h3>Fran\u00e7ais<\/h3>\n<ul>\n<li><a href=\"https:\/\/www.dawsoncollege.qc.ca\/udl\/faculty-portfolios\/portfolio-de-laetitia-desanti\/\" target=\"_blank\" rel=\"noopener\">La\u00ebtitia Desanti<\/a><\/li>\n<li><a href=\"https:\/\/www.dawsoncollege.qc.ca\/udl\/faculty-portfolios\/n-el-solh\/\" target=\"_blank\" rel=\"noopener\">Nejla El Solh<\/a><\/li>\n<li><a href=\"https:\/\/www.dawsoncollege.qc.ca\/udl\/faculty-portfolios\/1496-2\/\" target=\"_blank\" rel=\"noopener\">Chantale Gigu\u00e8re<\/a><\/li>\n<li><a href=\"https:\/\/www.dawsoncollege.qc.ca\/udl\/faculty-portfolios\/portfolio-de-laura-niculae\/\" target=\"_blank\" rel=\"noopener\">Laura Niculae<\/a><\/li>\n<\/ul>\n<p>&nbsp;<\/p>\n<h3>History<\/h3>\n<ul>\n<li><a href=\"https:\/\/www.dawsoncollege.qc.ca\/udl\/faculty-portfolios\/diane-sheas-portfolio\/\" target=\"_blank\" rel=\"noopener\">Diane Shea<\/a><\/li>\n<\/ul>\n<p>&nbsp;<\/p>\n<p>&nbsp;<\/p>\n<h3>Humanities<\/h3>\n<ul>\n<li><a href=\"https:\/\/www.dawsoncollege.qc.ca\/udl\/faculty-portfolios\/me-ring\/\" target=\"_blank\" rel=\"noopener\">Marian-Ellen Ring \u2020<\/a><\/li>\n<li><a href=\"https:\/\/www.dawsoncollege.qc.ca\/udl\/faculty-portfolios\/ian-cuthbertsons-portfolio\/\" target=\"_blank\" rel=\"noopener noreferrer\">Ian Alexander Cuthbertson<\/a><\/li>\n<li><a href=\"https:\/\/www.dawsoncollege.qc.ca\/udl\/faculty-portfolios\/mari-heywoods-portfolio\/\" target=\"_blank\" rel=\"noopener\">Mari Heywood<\/a><\/li>\n<li><a href=\"https:\/\/www.dawsoncollege.qc.ca\/udl\/faculty-portfolios\/alexandra-laws-portfolio\/\" target=\"_blank\" rel=\"noopener\">Alexandra Law<\/a><\/li>\n<li><a href=\"https:\/\/www.dawsoncollege.qc.ca\/udl\/faculty-portfolios\/mariam-sambes-portfolio\/\" target=\"_blank\" rel=\"noopener\">Mariam Sambe<\/a><\/li>\n<\/ul>\n<p>&nbsp;<\/p>\n<p>&nbsp;<\/p>\n<h3>New School<\/h3>\n<ul>\n<li><a href=\"https:\/\/www.dawsoncollege.qc.ca\/udl\/faculty-portfolios\/mari-heywoods-portfolio\/\" target=\"_blank\" rel=\"noopener\">Mari Heywood<\/a><\/li>\n<\/ul>\n<p>&nbsp;<\/p>\n<p>&nbsp;<\/p>\n<h3>Physical Education<\/h3>\n<ul>\n<li><a href=\"https:\/\/www.dawsoncollege.qc.ca\/udl\/faculty-portfolios\/caroline-haddads-portfolio\/\" target=\"_blank\" rel=\"noopener\">Caroline Haddad<\/a><\/li>\n<li><a href=\"https:\/\/www.dawsoncollege.qc.ca\/udl\/faculty-portfolios\/c-nickson\/\" target=\"_blank\" rel=\"noopener\">Cathy Nickson<\/a><\/li>\n<li><a href=\"https:\/\/www.dawsoncollege.qc.ca\/udl\/faculty-portfolios\/jeffrey-zeidels-portfolio\/\" target=\"_blank\" rel=\"noopener noreferrer\">Jeffrey Zeidel<\/a><\/li>\n<\/ul>\n<p>&nbsp;<\/p>\n<p>&nbsp;<\/p>\n<h3>Philosophy<\/h3>\n<ul>\n<li><a href=\"https:\/\/www.dawsoncollege.qc.ca\/udl\/faculty-portfolios\/jessica-lims-portfolio\/\" target=\"_blank\" rel=\"noopener noreferrer\">Jessica Lim<\/a><\/li>\n<\/ul>\n<p>&nbsp;<\/p>\n<p>&nbsp;<\/p>\n<h3>Physics<\/h3>\n<ul>\n<li><a href=\"https:\/\/www.dawsoncollege.qc.ca\/udl\/faculty-portfolios\/maria-dikeakos-portfolio\/\" target=\"_blank\" rel=\"noopener\">Maria Dikeakos<\/a><\/li>\n<\/ul>\n<p>&nbsp;<\/p>\n<p>&nbsp;<\/p>\n<h3>Physiotherapy<\/h3>\n<ul>\n<li><a href=\"https:\/\/www.dawsoncollege.qc.ca\/udl\/faculty-portfolios\/cathy-roys-portfolio\/\" target=\"_blank\" rel=\"noopener\">Cathy Roy<\/a><\/li>\n<\/ul>\n<p>&nbsp;<\/p>\n<p>&nbsp;<\/p>\n<h3>Religion<\/h3>\n<ul>\n<li><a href=\"https:\/\/www.dawsoncollege.qc.ca\/udl\/faculty-portfolios\/johanne-rabbats-portfolio\/\" target=\"_blank\" rel=\"noopener\">Johanne Rabbat<\/a><\/li>\n<\/ul>\n<p>&nbsp;<\/p>\n<p>&nbsp;<\/p>\n<h3>Sociology<\/h3>\n<ul>\n<li><a href=\"https:\/\/www.dawsoncollege.qc.ca\/udl\/faculty-portfolios\/l-shea\/\" target=\"_blank\" rel=\"noopener\">Laura Shea<\/a><\/li>\n<\/ul>\n<p>&nbsp;<\/p>\n<div id=\"ext_searchPromptBtn\"><\/div>\n","protected":false},"excerpt":{"rendered":"<p>Chemistry Yoon-Seo Uh &nbsp; Economics Ahmad Banki &nbsp; E-Learning Chantale Gigu\u00e8re &nbsp; English Rebecca Million Jeff Gandell Kathryn Hall &nbsp; Fran\u00e7ais La\u00ebtitia Desanti Nejla El Solh Chantale Gigu\u00e8re Laura Niculae &nbsp; History Diane Shea &nbsp; &nbsp; Humanities Marian-Ellen Ring \u2020 Ian Alexander Cuthbertson Mari Heywood Alexandra Law Mariam Sambe &nbsp; &nbsp; New School Mari Heywood&#8230;<\/p>\n","protected":false},"author":135,"featured_media":0,"parent":0,"menu_order":0,"comment_status":"closed","ping_status":"closed","template":"","meta":{"footnotes":""},"class_list":["post-107","page","type-page","status-publish","hentry"],"_links":{"self":[{"href":"https:\/\/www.dawsoncollege.qc.ca\/udl\/wp-json\/wp\/v2\/pages\/107","targetHints":{"allow":["GET"]}}],"collection":[{"href":"https:\/\/www.dawsoncollege.qc.ca\/udl\/wp-json\/wp\/v2\/pages"}],"about":[{"href":"https:\/\/www.dawsoncollege.qc.ca\/udl\/wp-json\/wp\/v2\/types\/page"}],"author":[{"embeddable":true,"href":"https:\/\/www.dawsoncollege.qc.ca\/udl\/wp-json\/wp\/v2\/users\/135"}],"replies":[{"embeddable":true,"href":"https:\/\/www.dawsoncollege.qc.ca\/udl\/wp-json\/wp\/v2\/comments?post=107"}],"version-history":[{"count":12,"href":"https:\/\/www.dawsoncollege.qc.ca\/udl\/wp-json\/wp\/v2\/pages\/107\/revisions"}],"predecessor-version":[{"id":2060,"href":"https:\/\/www.dawsoncollege.qc.ca\/udl\/wp-json\/wp\/v2\/pages\/107\/revisions\/2060"}],"wp:attachment":[{"href":"https:\/\/www.dawsoncollege.qc.ca\/udl\/wp-json\/wp\/v2\/media?parent=107"}],"curies":[{"name":"wp","href":"https:\/\/api.w.org\/{rel}","templated":true}]}}