{"id":72,"date":"2020-06-02T23:20:01","date_gmt":"2020-06-03T03:20:01","guid":{"rendered":"https:\/\/www.dawsoncollege.qc.ca\/vernissage\/?page_id=72"},"modified":"2021-04-30T13:28:27","modified_gmt":"2021-04-30T17:28:27","slug":"illustration-fr","status":"publish","type":"page","link":"https:\/\/www.dawsoncollege.qc.ca\/vernissage\/2019-2020\/illustration-fr\/","title":{"rendered":"Illustration Fr"},"content":{"rendered":"<h2 style=\"text-align: center;\">Directives d&#8217;Installation<\/h2>\n<p style=\"text-align: center;\">L&#8217;exposition virtuelle est une application multijoueur gratuite qui peut \u00eatre install\u00e9e sur des ordinateurs Mac et PC.<\/p>\n<p style=\"text-align: center; font-size: 12px; margin-top: 0;\">Veuillez noter que la galerie virtuelle ne fonctionne pas sur les appareils mobiles tels que les t\u00e9l\u00e9phones intelligents ou les tablettes. De plus, l&#8217;application requiert un syst\u00e8me d&#8217;exploitation de 64 bits pour fonctionner.<\/p>\n<p>&nbsp;<\/p>\n<h2 class=\"p1\">Instructions pour PC<\/h2>\n<p class=\"p1\"><a href=\"https:\/\/www.youtube.com\/watch?v=3kIxIa-1qPc\" target=\"_blank\" rel=\"noopener noreferrer\">Cliquez ici<\/a> <span style=\"color: #94a3b1;\">si vous voulez suivre les \u00e9tapes \u00e0 travers notre vid\u00e9o explicative.<\/span><\/p>\n<ul>\n<li class=\"p1\">Cliquez sur le bouton de \u00abt\u00e9l\u00e9chargement\u00bb ci-dessus, pour installer l&#8217;application. Le t\u00e9l\u00e9chargement peut prendre de 5 \u00e0 10 minutes.<\/li>\n<li class=\"p1\">Le fichier t\u00e9l\u00e9charg\u00e9 devrait se trouver dans le dossier de t\u00e9l\u00e9chargement de votre ordinateur.<\/li>\n<li class=\"p1\">Double-cliquez sur le fichier d&#8217;installation \u00abIllustrationInstaller.exe\u00bb.<\/li>\n<li>Si la fen\u00eatre \u00abWindows a prot\u00e9g\u00e9 votre ordinateur\u00bb appara\u00eet, cliquez sur le bouton \u00ab Informations compl\u00e9mentaires\u00bb, puis sur le bouton \u00abEx\u00e9cuter quand m\u00eame\u00bb.<\/li>\n<li class=\"p1\">Suivez les \u00e9tapes qui s&#8217;afficheront dans le programme d&#8217;installation. Ce dernier vous demandera de d\u00e9marrer l&#8217;application.<\/li>\n<li class=\"p1\">Prenez note que les programmes antivirus et les pare-feux (firewalls) peuvent parfois venir en conflit avec ce type d&#8217;installation. Si vous \u00e9prouvez ces difficult\u00e9s, vous pourriez consid\u00e9rer d\u00e9sactiver temporairement ces programmes de protection et r\u00e9-installer l&#8217;application.<\/li>\n<\/ul>\n<h2 class=\"p1\">Instructions pour Mac<\/h2>\n<p class=\"p3\"><a href=\"https:\/\/www.youtube.com\/watch?v=sDiqXv6IMVM\" target=\"_blank\" rel=\"noopener noreferrer\">Cliquez ici<\/a> <span style=\"color: #94a3b1;\">si vous voulez suivre les \u00e9tapes \u00e0 travers notre vid\u00e9o explicative.<\/span><\/p>\n<ul>\n<li class=\"p1\">Cliquez sur le bouton de t\u00e9l\u00e9chargement ci-dessus, pour installer l&#8217;application. Le t\u00e9l\u00e9chargement peut prendre de 5 \u00e0 10 minutes. Vous pouvez suivre l&#8217;\u00e9volution du t\u00e9l\u00e9chargement gr\u00e2ce \u00e0 la barre bleue dans le coin sup\u00e9rieur droit de votre page Safari.<\/li>\n<li class=\"p1\">Le fichier t\u00e9l\u00e9charg\u00e9 devrait se trouver dans le dossier de t\u00e9l\u00e9chargement de votre ordinateur.<\/li>\n<li class=\"p3\">Cliquez sur l&#8217;application &#8220;IllustrationGallery.app&#8221;.<\/li>\n<li class=\"p1\">Une fen\u00eatre va ouvrir vous avisant que l&#8217;application a \u00e9t\u00e9 t\u00e9l\u00e9charg\u00e9e d&#8217;internet.<\/li>\n<li class=\"p1\">Cliquez \u00abouvrir\u00bb et l&#8217;application d\u00e9butera.<\/li>\n<\/ul>\n<p>&nbsp;<\/p>\n<p class=\"p1\" style=\"text-align: center;\">Si vous \u00e9prouvez des difficult\u00e9s lors du t\u00e9l\u00e9chargement ou lors de l&#8217;utilisation de l&#8217;application, contactez notre \u00e9quipe d&#8217;\u00e9tudiants b\u00e9n\u00e9voles.<\/p>\n<div class=\"dc_btn_wrap\" style=\"text-align:center; margin-top:30px;\"><a style=\" padding:10px 20px; background: #ff5c01; color: #fff; border-radius: 20px; font-size:16px; \" class=\"dc_btn orange  \" href=\"https:\/\/hangouts.google.com\/call\/S9xDGY1UGiNTdL67eIpFACEE\"><span style=\"font-size:16px;; padding: 0 10px;\">Support en direct<\/span><\/a><\/div>\n","protected":false},"excerpt":{"rendered":"<p>Directives d&#8217;Installation L&#8217;exposition virtuelle est une application multijoueur gratuite qui peut \u00eatre install\u00e9e sur des ordinateurs Mac et PC. Veuillez noter que la galerie virtuelle ne fonctionne pas sur les appareils mobiles tels que les t\u00e9l\u00e9phones intelligents ou les tablettes. De plus, l&#8217;application requiert un syst\u00e8me d&#8217;exploitation de 64 bits pour fonctionner. &nbsp; Instructions pour&#8230;<\/p>\n","protected":false},"author":0,"featured_media":0,"parent":198,"menu_order":0,"comment_status":"closed","ping_status":"closed","template":"page-templates\/illustration-game-fr.php","meta":{"footnotes":""},"class_list":["post-72","page","type-page","status-publish","hentry"],"_links":{"self":[{"href":"https:\/\/www.dawsoncollege.qc.ca\/vernissage\/wp-json\/wp\/v2\/pages\/72","targetHints":{"allow":["GET"]}}],"collection":[{"href":"https:\/\/www.dawsoncollege.qc.ca\/vernissage\/wp-json\/wp\/v2\/pages"}],"about":[{"href":"https:\/\/www.dawsoncollege.qc.ca\/vernissage\/wp-json\/wp\/v2\/types\/page"}],"replies":[{"embeddable":true,"href":"https:\/\/www.dawsoncollege.qc.ca\/vernissage\/wp-json\/wp\/v2\/comments?post=72"}],"version-history":[{"count":10,"href":"https:\/\/www.dawsoncollege.qc.ca\/vernissage\/wp-json\/wp\/v2\/pages\/72\/revisions"}],"predecessor-version":[{"id":206,"href":"https:\/\/www.dawsoncollege.qc.ca\/vernissage\/wp-json\/wp\/v2\/pages\/72\/revisions\/206"}],"up":[{"embeddable":true,"href":"https:\/\/www.dawsoncollege.qc.ca\/vernissage\/wp-json\/wp\/v2\/pages\/198"}],"wp:attachment":[{"href":"https:\/\/www.dawsoncollege.qc.ca\/vernissage\/wp-json\/wp\/v2\/media?parent=72"}],"curies":[{"name":"wp","href":"https:\/\/api.w.org\/{rel}","templated":true}]}}